{"id":46961,"date":"2020-01-30T18:13:16","date_gmt":"2020-01-30T17:13:16","guid":{"rendered":"https:\/\/temp.kavaeurope.eu\/unsere-qualitaet\/"},"modified":"2026-04-17T06:19:52","modified_gmt":"2026-04-17T04:19:52","slug":"unsere-qualitaet","status":"publish","type":"page","link":"https:\/\/kavaeurope.eu\/de\/unsere-qualitaet\/","title":{"rendered":"Unsere Qualit\u00e4t"},"content":{"rendered":"<style>.kb-row-layout-wrap.wp-block-kadence-rowlayout.kb-row-layout-id3335_fdf6c8-7e{margin-top:var(--global-kb-spacing-sm, 1.5rem);margin-bottom:var(--global-kb-spacing-sm, 1.5rem);}.kb-row-layout-id3335_fdf6c8-7e > .kt-row-column-wrap{align-content:start;}:where(.kb-row-layout-id3335_fdf6c8-7e > .kt-row-column-wrap) > .wp-block-kadence-column{justify-content:start;}.kb-row-layout-id3335_fdf6c8-7e > .kt-row-column-wrap{column-gap:var(--global-kb-gap-md, 2rem);row-gap:var(--global-kb-gap-md, 2rem);padding-right:0px;padding-bottom:var(--global-kb-spacing-sm, 1.5rem);grid-template-columns:repeat(2, minmax(0, 1fr));}.kb-row-layout-id3335_fdf6c8-7e{border-top-left-radius:20px;border-top-right-radius:20px;border-bottom-right-radius:20px;border-bottom-left-radius:20px;overflow:clip;isolation:isolate;}.kb-row-layout-id3335_fdf6c8-7e > .kt-row-layout-overlay{border-top-left-radius:20px;border-top-right-radius:20px;border-bottom-right-radius:20px;border-bottom-left-radius:20px;}.kb-row-layout-id3335_fdf6c8-7e{background-color:#eeeae9;}.kb-row-layout-id3335_fdf6c8-7e > .kt-row-layout-overlay{opacity:0.30;}@media all and (max-width: 1024px){.kb-row-layout-id3335_fdf6c8-7e > .kt-row-column-wrap{padding-right:var(--global-kb-spacing-xs, 1rem);grid-template-columns:minmax(0, 1fr);}}@media all and (max-width: 767px){.kb-row-layout-id3335_fdf6c8-7e > .kt-row-column-wrap{grid-template-columns:minmax(0, 1fr);}}.kb-row-layout-id3335_fdf6c8-7e {  max-width: 1900px;  margin-left: auto!important;  margin-right: auto!important;}<\/style><div class=\"kb-row-layout-wrap kb-row-layout-id3335_fdf6c8-7e alignnone kt-row-has-bg wp-block-kadence-rowlayout\"><div class=\"kt-row-column-wrap kt-has-2-columns kt-row-layout-equal kt-tab-layout-row kt-mobile-layout-row kt-row-valign-top\">\n<style>.kadence-column3335_ddcb24-bc > .kt-inside-inner-col{padding-top:var(--global-kb-spacing-xs, 1rem);}.kadence-column3335_ddcb24-bc > .kt-inside-inner-col,.kadence-column3335_ddcb24-bc > .kt-inside-inner-col:before{border-top-left-radius:0px;border-top-right-radius:0px;border-bottom-right-radius:0px;border-bottom-left-radius:0px;}.kadence-column3335_ddcb24-bc > .kt-inside-inner-col{column-gap:var(--global-kb-gap-sm, 1rem);}.kadence-column3335_ddcb24-bc > .kt-inside-inner-col{flex-direction:column;}.kadence-column3335_ddcb24-bc > .kt-inside-inner-col > .aligncenter{width:100%;}.kadence-column3335_ddcb24-bc > .kt-inside-inner-col:before{opacity:0.3;}.kadence-column3335_ddcb24-bc{position:relative;}@media all and (max-width: 1024px){.kadence-column3335_ddcb24-bc > .kt-inside-inner-col{flex-direction:column;justify-content:center;}}@media all and (max-width: 767px){.kadence-column3335_ddcb24-bc > .kt-inside-inner-col{flex-direction:column;justify-content:center;}}<\/style>\n<div class=\"wp-block-kadence-column kadence-column3335_ddcb24-bc\"><div class=\"kt-inside-inner-col\">\n<h1 class=\"wp-block-heading\">Wir sind der offizielle europ\u00e4ische Vertriebspartner des preisgekr\u00f6nten Kava von The Kava Society (Neuseeland).<\/h1>\n\n\n\n<p>Bei Kava Europe halten wir es einfach. Wenn es um Kava geht, wollen wir nur das Beste. <\/p>\n\n\n\n<p>Kava Europe entstand aus einer einfachen Vision: <strong>das beste Kava der Welt f\u00fcr europ\u00e4ische Kunden leicht zug\u00e4nglich zu machen, ohne l\u00e4stige Transporte \u00fcber weite Entfernungen, Zollverz\u00f6gerungen oder Bedenken hinsichtlich der Produktqualit\u00e4t.<\/strong> Durch unsere exklusive Partnerschaft mit der Kava Society (Neuseeland) und ihren Mitarbeitern in Vanuatu, Root and Pestle, bieten wir edles Kava an, das den weltweiten Standard f\u00fcr hervorragende Qualit\u00e4t setzt.<\/p>\n\n\n\n<p>Unser Kava wird ausschlie\u00dflich aus biologisch angebauten, zertifizierten Edelkultivaren in Vanuatu hergestellt, direkt aus frischen Wurzeln mit modernsten Methoden in HACCP-zertifizierten Einrichtungen verarbeitet und strengen Labortests unterzogen, um die Reinheit und Authentizit\u00e4t zu \u00fcberpr\u00fcfen. Jede Charge l\u00e4sst sich vollst\u00e4ndig zu den einzelnen Edelkultivaren und ihren Anbaugebieten zur\u00fcckverfolgen und enth\u00e4lt nur eine einzige Zutat: reines Edelkavawurzelpulver, das getrocknet und gemahlen wird, um die nat\u00fcrlichen aromatischen und pigmenthaltigen Verbindungen zu erhalten, die jeden Kultivar unverwechselbar machen. Wenn Sie sich f\u00fcr Kava Europe entscheiden, erhalten Sie dasselbe erstklassige Material, das im Pazifik und in Neuseeland gesch\u00e4tzt wird - jetzt auch in der EU f\u00fcr die Aromatherapie und das nat\u00fcrliche F\u00e4rben von Textilien erh\u00e4ltlich, mit schnellem Versand und ohne Probleme.  <\/p>\n<\/div><\/div>\n\n\n<style>.kadence-column3335_647257-72 > .kt-inside-inner-col{display:flex;}.kadence-column3335_647257-72 > .kt-inside-inner-col,.kadence-column3335_647257-72 > .kt-inside-inner-col:before{border-top-left-radius:0px;border-top-right-radius:0px;border-bottom-right-radius:0px;border-bottom-left-radius:0px;}.kadence-column3335_647257-72 > .kt-inside-inner-col{column-gap:var(--global-kb-gap-sm, 1rem);}.kadence-column3335_647257-72 > .kt-inside-inner-col{flex-direction:column;align-items:flex-end;}.kadence-column3335_647257-72 > .kt-inside-inner-col > .kb-image-is-ratio-size{align-self:stretch;}.kadence-column3335_647257-72 > .kt-inside-inner-col > .wp-block-kadence-advancedgallery{align-self:stretch;}.kadence-column3335_647257-72 > .kt-inside-inner-col > .aligncenter{width:100%;}.kadence-column3335_647257-72 > .kt-inside-inner-col:before{opacity:0.3;}.kadence-column3335_647257-72{position:relative;}@media all and (max-width: 1024px){.kadence-column3335_647257-72 > .kt-inside-inner-col{flex-direction:column;justify-content:center;align-items:flex-end;}}@media all and (max-width: 767px){.kadence-column3335_647257-72 > .kt-inside-inner-col{flex-direction:column;justify-content:center;align-items:flex-end;}}.kadence-column3335_647257-72 img {  width: 100%;}<\/style>\n<div class=\"wp-block-kadence-column kadence-column3335_647257-72\"><div class=\"kt-inside-inner-col\">\n<figure class=\"wp-block-image size-full\"><a href=\"https:\/\/kavaeurope.eu\/wp-content\/uploads\/2026\/02\/ForneyKava-web-324-1.png\"><img decoding=\"async\" width=\"599\" height=\"546\" data-src=\"https:\/\/kavaeurope.eu\/wp-content\/uploads\/2026\/02\/ForneyKava-web-324-1.png\" alt=\"Kava unsere Qualit&#xE4;t\" class=\"wp-image-68450 lazyload\" data-srcset=\"https:\/\/kavaeurope.eu\/wp-content\/uploads\/2026\/02\/ForneyKava-web-324-1.png 599w, https:\/\/kavaeurope.eu\/wp-content\/uploads\/2026\/02\/ForneyKava-web-324-1-300x273.png 300w, https:\/\/kavaeurope.eu\/wp-content\/uploads\/2026\/02\/ForneyKava-web-324-1-64x58.png 64w\" data-sizes=\"(max-width: 599px) 100vw, 599px\" src=\"data:image\/svg+xml;base64,PHN2ZyB3aWR0aD0iMSIgaGVpZ2h0PSIxIiB4bWxucz0iaHR0cDovL3d3dy53My5vcmcvMjAwMC9zdmciPjwvc3ZnPg==\" style=\"--smush-placeholder-width: 599px; --smush-placeholder-aspect-ratio: 599\/546;\" \/><\/a><\/figure>\n<\/div><\/div>\n\n<\/div><\/div><style>.kb-row-layout-wrap.wp-block-kadence-rowlayout.kb-row-layout-id3335_26301c-52{margin-top:var(--global-kb-spacing-sm, 1.5rem);margin-bottom:var(--global-kb-spacing-sm, 1.5rem);}.kb-row-layout-id3335_26301c-52 > .kt-row-column-wrap{align-content:start;}:where(.kb-row-layout-id3335_26301c-52 > .kt-row-column-wrap) > .wp-block-kadence-column{justify-content:start;}.kb-row-layout-id3335_26301c-52 > .kt-row-column-wrap{column-gap:var(--global-kb-gap-sm, 1rem);row-gap:var(--global-kb-gap-sm, 1rem);padding-right:0px;padding-bottom:var(--global-kb-spacing-sm, 1.5rem);min-height:400px;}.kb-row-layout-id3335_26301c-52 > .kt-row-column-wrap > div:not(.added-for-specificity){grid-column:initial;}.kb-row-layout-id3335_26301c-52 > .kt-row-column-wrap{grid-template-columns:repeat(3, minmax(0, 1fr));}.kb-row-layout-id3335_26301c-52{border-top-left-radius:20px;border-top-right-radius:20px;border-bottom-right-radius:20px;border-bottom-left-radius:20px;overflow:clip;isolation:isolate;}.kb-row-layout-id3335_26301c-52 > .kt-row-layout-overlay{border-top-left-radius:20px;border-top-right-radius:20px;border-bottom-right-radius:20px;border-bottom-left-radius:20px;}.kb-row-layout-id3335_26301c-52 > .kt-row-layout-overlay{opacity:0.30;}@media all and (max-width: 1024px){.kb-row-layout-id3335_26301c-52 > .kt-row-column-wrap{padding-right:var(--global-kb-spacing-xs, 1rem);grid-template-columns:repeat(3, minmax(0, 1fr));}}@media all and (max-width: 1024px){.kb-row-layout-id3335_26301c-52 > .kt-row-column-wrap > div:not(.added-for-specificity){grid-column:initial;}}@media all and (max-width: 767px){.kb-row-layout-id3335_26301c-52 > .kt-row-column-wrap{padding-right:0px;min-height:400px;grid-template-columns:minmax(0, 1fr);}.kb-row-layout-id3335_26301c-52 > .kt-row-column-wrap > div:not(.added-for-specificity){grid-column:initial;}}.kb-row-layout-id3335_26301c-52 {  max-width: 1900px;  margin-left: auto!important;  margin-right: auto!important;}<\/style><div class=\"kb-row-layout-wrap kb-row-layout-id3335_26301c-52 alignnone wp-block-kadence-rowlayout\"><div class=\"kt-row-column-wrap kt-has-3-columns kt-row-layout-equal kt-tab-layout-inherit kt-mobile-layout-row kt-row-valign-top kt-inner-column-height-full\">\n<style>.kadence-column3335_97f7a1-e0 > .kt-inside-inner-col{padding-top:var(--global-kb-spacing-sm, 1.5rem);padding-right:var(--global-kb-spacing-sm, 1.5rem);padding-bottom:var(--global-kb-spacing-sm, 1.5rem);padding-left:var(--global-kb-spacing-sm, 1.5rem);}.kadence-column3335_97f7a1-e0 > .kt-inside-inner-col,.kadence-column3335_97f7a1-e0 > .kt-inside-inner-col:before{border-top-left-radius:20px;border-top-right-radius:20px;border-bottom-right-radius:20px;border-bottom-left-radius:20px;}.kadence-column3335_97f7a1-e0 > .kt-inside-inner-col{column-gap:var(--global-kb-gap-sm, 1rem);}.kadence-column3335_97f7a1-e0 > .kt-inside-inner-col{flex-direction:column;}.kadence-column3335_97f7a1-e0 > .kt-inside-inner-col > .aligncenter{width:100%;}.kadence-column3335_97f7a1-e0 > .kt-inside-inner-col{background-color:#eeeae9;}.kadence-column3335_97f7a1-e0 > .kt-inside-inner-col:before{opacity:0.3;}.kadence-column3335_97f7a1-e0{position:relative;}.kadence-column3335_97f7a1-e0, .kt-inside-inner-col > .kadence-column3335_97f7a1-e0:not(.specificity){margin-top:0px;margin-right:0px;margin-bottom:0px;margin-left:0px;}@media all and (max-width: 1024px){.kadence-column3335_97f7a1-e0 > .kt-inside-inner-col{flex-direction:column;justify-content:center;}}@media all and (max-width: 767px){.kadence-column3335_97f7a1-e0 > .kt-inside-inner-col{flex-direction:column;justify-content:center;}}<\/style>\n<div class=\"wp-block-kadence-column kadence-column3335_97f7a1-e0\"><div class=\"kt-inside-inner-col\"><style>.wp-block-kadence-advancedheading.kt-adv-heading3335_d76fb1-40, .wp-block-kadence-advancedheading.kt-adv-heading3335_d76fb1-40[data-kb-block=\"kb-adv-heading3335_d76fb1-40\"]{margin-top:0px;margin-right:0px;margin-bottom:0px;margin-left:0px;font-size:var(--global-kb-font-size-xl, 3rem);line-height:1;font-style:normal;}.wp-block-kadence-advancedheading.kt-adv-heading3335_d76fb1-40 mark.kt-highlight, .wp-block-kadence-advancedheading.kt-adv-heading3335_d76fb1-40[data-kb-block=\"kb-adv-heading3335_d76fb1-40\"] mark.kt-highlight{font-style:normal;color:#f76a0c;-webkit-box-decoration-break:clone;box-decoration-break:clone;padding-top:0px;padding-right:0px;padding-bottom:0px;padding-left:0px;}.wp-block-kadence-advancedheading.kt-adv-heading3335_d76fb1-40 img.kb-inline-image, .wp-block-kadence-advancedheading.kt-adv-heading3335_d76fb1-40[data-kb-block=\"kb-adv-heading3335_d76fb1-40\"] img.kb-inline-image{width:150px;vertical-align:baseline;}<\/style>\n<h2 class=\"kt-adv-heading3335_d76fb1-40 wp-block-kadence-advancedheading\" data-kb-block=\"kb-adv-heading3335_d76fb1-40\">Frische Wurzelverarbeitung<\/h2>\n\n\n<style>.wp-block-kadence-spacer.kt-block-spacer-3335_563f9f-52 .kt-block-spacer{height:20px;}.wp-block-kadence-spacer.kt-block-spacer-3335_563f9f-52 .kt-divider{border-top-width:1px;height:1px;border-top-color:var(--global-palette1, #3182CE);width:40%;border-top-style:solid;}<\/style>\n<div class=\"wp-block-kadence-spacer aligncenter kt-block-spacer-3335_563f9f-52\"><div class=\"kt-block-spacer kt-block-spacer-halign-left\"><hr class=\"kt-divider\"\/><\/div><\/div>\n\n\n<style>.wp-block-kadence-advancedheading.kt-adv-heading3335_00d54b-9e, .wp-block-kadence-advancedheading.kt-adv-heading3335_00d54b-9e[data-kb-block=\"kb-adv-heading3335_00d54b-9e\"]{font-size:var(--global-kb-font-size-md, 1.25rem);font-style:normal;}.wp-block-kadence-advancedheading.kt-adv-heading3335_00d54b-9e mark.kt-highlight, .wp-block-kadence-advancedheading.kt-adv-heading3335_00d54b-9e[data-kb-block=\"kb-adv-heading3335_00d54b-9e\"] mark.kt-highlight{font-style:normal;color:#f76a0c;-webkit-box-decoration-break:clone;box-decoration-break:clone;padding-top:0px;padding-right:0px;padding-bottom:0px;padding-left:0px;}.wp-block-kadence-advancedheading.kt-adv-heading3335_00d54b-9e img.kb-inline-image, .wp-block-kadence-advancedheading.kt-adv-heading3335_00d54b-9e[data-kb-block=\"kb-adv-heading3335_00d54b-9e\"] img.kb-inline-image{width:150px;vertical-align:baseline;}<\/style>\n<p class=\"kt-adv-heading3335_00d54b-9e wp-block-kadence-advancedheading\" data-kb-block=\"kb-adv-heading3335_00d54b-9e\">Direkt aus frischen Wurzeln hergestellt. Verarbeitet nach modernsten Methoden. <\/p>\n<\/div><\/div>\n\n\n<style>.kadence-column3335_19f87e-b2 > .kt-inside-inner-col{padding-top:var(--global-kb-spacing-sm, 1.5rem);padding-right:var(--global-kb-spacing-sm, 1.5rem);padding-bottom:var(--global-kb-spacing-sm, 1.5rem);padding-left:var(--global-kb-spacing-sm, 1.5rem);}.kadence-column3335_19f87e-b2 > .kt-inside-inner-col,.kadence-column3335_19f87e-b2 > .kt-inside-inner-col:before{border-top-left-radius:20px;border-top-right-radius:20px;border-bottom-right-radius:20px;border-bottom-left-radius:20px;}.kadence-column3335_19f87e-b2 > .kt-inside-inner-col{column-gap:var(--global-kb-gap-sm, 1rem);}.kadence-column3335_19f87e-b2 > .kt-inside-inner-col{flex-direction:column;}.kadence-column3335_19f87e-b2 > .kt-inside-inner-col > .aligncenter{width:100%;}.kadence-column3335_19f87e-b2 > .kt-inside-inner-col{background-color:#eeeae9;}.kadence-column3335_19f87e-b2 > .kt-inside-inner-col:before{opacity:0.3;}.kadence-column3335_19f87e-b2{position:relative;}@media all and (max-width: 1024px){.kadence-column3335_19f87e-b2 > .kt-inside-inner-col{flex-direction:column;justify-content:center;}}@media all and (max-width: 767px){.kadence-column3335_19f87e-b2 > .kt-inside-inner-col{flex-direction:column;justify-content:center;}}<\/style>\n<div class=\"wp-block-kadence-column kadence-column3335_19f87e-b2\"><div class=\"kt-inside-inner-col\"><style>.wp-block-kadence-advancedheading.kt-adv-heading3335_890af3-af, .wp-block-kadence-advancedheading.kt-adv-heading3335_890af3-af[data-kb-block=\"kb-adv-heading3335_890af3-af\"]{margin-top:0px;margin-right:0px;margin-bottom:0px;margin-left:0px;font-size:var(--global-kb-font-size-xl, 3rem);line-height:1;font-style:normal;}.wp-block-kadence-advancedheading.kt-adv-heading3335_890af3-af mark.kt-highlight, .wp-block-kadence-advancedheading.kt-adv-heading3335_890af3-af[data-kb-block=\"kb-adv-heading3335_890af3-af\"] mark.kt-highlight{font-style:normal;color:#f76a0c;-webkit-box-decoration-break:clone;box-decoration-break:clone;padding-top:0px;padding-right:0px;padding-bottom:0px;padding-left:0px;}.wp-block-kadence-advancedheading.kt-adv-heading3335_890af3-af img.kb-inline-image, .wp-block-kadence-advancedheading.kt-adv-heading3335_890af3-af[data-kb-block=\"kb-adv-heading3335_890af3-af\"] img.kb-inline-image{width:150px;vertical-align:baseline;}<\/style>\n<h2 class=\"kt-adv-heading3335_890af3-af wp-block-kadence-advancedheading\" data-kb-block=\"kb-adv-heading3335_890af3-af\">Laborgepr\u00fcfte Reinheit<\/h2>\n\n\n<style>.wp-block-kadence-spacer.kt-block-spacer-3335_f1f0af-6f .kt-block-spacer{height:20px;}.wp-block-kadence-spacer.kt-block-spacer-3335_f1f0af-6f .kt-divider{border-top-width:1px;height:1px;border-top-color:var(--global-palette1, #3182CE);width:40%;border-top-style:solid;}<\/style>\n<div class=\"wp-block-kadence-spacer aligncenter kt-block-spacer-3335_f1f0af-6f\"><div class=\"kt-block-spacer kt-block-spacer-halign-left\"><hr class=\"kt-divider\"\/><\/div><\/div>\n\n\n<style>.wp-block-kadence-advancedheading.kt-adv-heading3335_c5038c-bb, .wp-block-kadence-advancedheading.kt-adv-heading3335_c5038c-bb[data-kb-block=\"kb-adv-heading3335_c5038c-bb\"]{font-size:var(--global-kb-font-size-md, 1.25rem);font-style:normal;}.wp-block-kadence-advancedheading.kt-adv-heading3335_c5038c-bb mark.kt-highlight, .wp-block-kadence-advancedheading.kt-adv-heading3335_c5038c-bb[data-kb-block=\"kb-adv-heading3335_c5038c-bb\"] mark.kt-highlight{font-style:normal;color:#f76a0c;-webkit-box-decoration-break:clone;box-decoration-break:clone;padding-top:0px;padding-right:0px;padding-bottom:0px;padding-left:0px;}.wp-block-kadence-advancedheading.kt-adv-heading3335_c5038c-bb img.kb-inline-image, .wp-block-kadence-advancedheading.kt-adv-heading3335_c5038c-bb[data-kb-block=\"kb-adv-heading3335_c5038c-bb\"] img.kb-inline-image{width:150px;vertical-align:baseline;}<\/style>\n<p class=\"kt-adv-heading3335_c5038c-bb wp-block-kadence-advancedheading\" data-kb-block=\"kb-adv-heading3335_c5038c-bb\">Laborgepr\u00fcft auf Reinheit und Sicherheit. Vollst\u00e4ndig r\u00fcckverfolgbar. <\/p>\n<\/div><\/div>\n\n\n<style>.kadence-column3335_085059-34 > .kt-inside-inner-col{padding-top:var(--global-kb-spacing-sm, 1.5rem);padding-right:var(--global-kb-spacing-sm, 1.5rem);padding-bottom:var(--global-kb-spacing-sm, 1.5rem);padding-left:var(--global-kb-spacing-sm, 1.5rem);}.kadence-column3335_085059-34 > .kt-inside-inner-col,.kadence-column3335_085059-34 > .kt-inside-inner-col:before{border-top-left-radius:20px;border-top-right-radius:20px;border-bottom-right-radius:20px;border-bottom-left-radius:20px;}.kadence-column3335_085059-34 > .kt-inside-inner-col{column-gap:var(--global-kb-gap-sm, 1rem);}.kadence-column3335_085059-34 > .kt-inside-inner-col{flex-direction:column;}.kadence-column3335_085059-34 > .kt-inside-inner-col > .aligncenter{width:100%;}.kadence-column3335_085059-34 > .kt-inside-inner-col{background-color:#eeeae9;}.kadence-column3335_085059-34 > .kt-inside-inner-col:before{opacity:0.3;}.kadence-column3335_085059-34{position:relative;}@media all and (max-width: 1024px){.kadence-column3335_085059-34 > .kt-inside-inner-col{flex-direction:column;justify-content:center;}}@media all and (max-width: 767px){.kadence-column3335_085059-34 > .kt-inside-inner-col{flex-direction:column;justify-content:center;}}<\/style>\n<div class=\"wp-block-kadence-column kadence-column3335_085059-34\"><div class=\"kt-inside-inner-col\"><style>.wp-block-kadence-advancedheading.kt-adv-heading3335_b63b0f-0c, .wp-block-kadence-advancedheading.kt-adv-heading3335_b63b0f-0c[data-kb-block=\"kb-adv-heading3335_b63b0f-0c\"]{margin-top:0px;margin-right:0px;margin-bottom:0px;margin-left:0px;font-size:var(--global-kb-font-size-xl, 3rem);line-height:1;font-style:normal;}.wp-block-kadence-advancedheading.kt-adv-heading3335_b63b0f-0c mark.kt-highlight, .wp-block-kadence-advancedheading.kt-adv-heading3335_b63b0f-0c[data-kb-block=\"kb-adv-heading3335_b63b0f-0c\"] mark.kt-highlight{font-style:normal;color:#f76a0c;-webkit-box-decoration-break:clone;box-decoration-break:clone;padding-top:0px;padding-right:0px;padding-bottom:0px;padding-left:0px;}.wp-block-kadence-advancedheading.kt-adv-heading3335_b63b0f-0c img.kb-inline-image, .wp-block-kadence-advancedheading.kt-adv-heading3335_b63b0f-0c[data-kb-block=\"kb-adv-heading3335_b63b0f-0c\"] img.kb-inline-image{width:150px;vertical-align:baseline;}<\/style>\n<h2 class=\"kt-adv-heading3335_b63b0f-0c wp-block-kadence-advancedheading\" data-kb-block=\"kb-adv-heading3335_b63b0f-0c\">Einzelne Zutat<\/h2>\n\n\n<style>.wp-block-kadence-spacer.kt-block-spacer-3335_03144b-7b .kt-block-spacer{height:20px;}.wp-block-kadence-spacer.kt-block-spacer-3335_03144b-7b .kt-divider{border-top-width:1px;height:1px;border-top-color:var(--global-palette1, #3182CE);width:40%;border-top-style:solid;}<\/style>\n<div class=\"wp-block-kadence-spacer aligncenter kt-block-spacer-3335_03144b-7b\"><div class=\"kt-block-spacer kt-block-spacer-halign-left\"><hr class=\"kt-divider\"\/><\/div><\/div>\n\n\n<style>.wp-block-kadence-advancedheading.kt-adv-heading3335_0938bb-bd, .wp-block-kadence-advancedheading.kt-adv-heading3335_0938bb-bd[data-kb-block=\"kb-adv-heading3335_0938bb-bd\"]{font-size:var(--global-kb-font-size-md, 1.25rem);font-style:normal;}.wp-block-kadence-advancedheading.kt-adv-heading3335_0938bb-bd mark.kt-highlight, .wp-block-kadence-advancedheading.kt-adv-heading3335_0938bb-bd[data-kb-block=\"kb-adv-heading3335_0938bb-bd\"] mark.kt-highlight{font-style:normal;color:#f76a0c;-webkit-box-decoration-break:clone;box-decoration-break:clone;padding-top:0px;padding-right:0px;padding-bottom:0px;padding-left:0px;}.wp-block-kadence-advancedheading.kt-adv-heading3335_0938bb-bd img.kb-inline-image, .wp-block-kadence-advancedheading.kt-adv-heading3335_0938bb-bd[data-kb-block=\"kb-adv-heading3335_0938bb-bd\"] img.kb-inline-image{width:150px;vertical-align:baseline;}<\/style>\n<p class=\"kt-adv-heading3335_0938bb-bd wp-block-kadence-advancedheading\" data-kb-block=\"kb-adv-heading3335_0938bb-bd\">Enth\u00e4lt nur eine Zutat: reines edles Kava-Wurzelpulver.<\/p>\n<\/div><\/div>\n\n<\/div><\/div>","protected":false},"excerpt":{"rendered":"<p>Wir sind der offizielle europ\u00e4ische Vertriebspartner des preisgekr\u00f6nten Kava von The Kava Society (Neuseeland). Bei Kava Europe halten wir es einfach. Wenn es um Kava geht, wollen wir nur das Beste. Kava Europe entstand aus einer einfachen Vision: das beste Kava der Welt f\u00fcr europ\u00e4ische Kunden leicht zug\u00e4nglich zu machen, ohne l\u00e4stige Transporte \u00fcber weite&#8230;<\/p>\n","protected":false},"author":1,"featured_media":0,"parent":0,"menu_order":0,"comment_status":"closed","ping_status":"closed","template":"","meta":{"_kad_blocks_custom_css":"","_kad_blocks_head_custom_js":"","_kad_blocks_body_custom_js":"","_kad_blocks_footer_custom_js":"","_kad_post_transparent":"","_kad_post_title":"hide","_kad_post_layout":"fullwidth","_kad_post_sidebar_id":"","_kad_post_content_style":"unboxed","_kad_post_vertical_padding":"hide","_kad_post_feature":"","_kad_post_feature_position":"","_kad_post_header":false,"_kad_post_footer":false,"_kad_post_classname":"","footnotes":""},"class_list":["post-46961","page","type-page","status-publish","hentry"],"aioseo_notices":[],"taxonomy_info":[],"featured_image_src_large":false,"author_info":{"display_name":"adminks","author_link":"https:\/\/kavaeurope.eu\/de\/author\/adminks\/"},"comment_info":0,"_links":{"self":[{"href":"https:\/\/kavaeurope.eu\/de\/wp-json\/wp\/v2\/pages\/46961","targetHints":{"allow":["GET"]}}],"collection":[{"href":"https:\/\/kavaeurope.eu\/de\/wp-json\/wp\/v2\/pages"}],"about":[{"href":"https:\/\/kavaeurope.eu\/de\/wp-json\/wp\/v2\/types\/page"}],"author":[{"embeddable":true,"href":"https:\/\/kavaeurope.eu\/de\/wp-json\/wp\/v2\/users\/1"}],"replies":[{"embeddable":true,"href":"https:\/\/kavaeurope.eu\/de\/wp-json\/wp\/v2\/comments?post=46961"}],"version-history":[{"count":0,"href":"https:\/\/kavaeurope.eu\/de\/wp-json\/wp\/v2\/pages\/46961\/revisions"}],"wp:attachment":[{"href":"https:\/\/kavaeurope.eu\/de\/wp-json\/wp\/v2\/media?parent=46961"}],"curies":[{"name":"wp","href":"https:\/\/api.w.org\/{rel}","templated":true}]}}