{"id":67475,"date":"2026-01-27T15:03:44","date_gmt":"2026-01-27T14:03:44","guid":{"rendered":"https:\/\/kavaeurope.eu\/datenschutzbestimmungen\/"},"modified":"2026-01-27T15:06:22","modified_gmt":"2026-01-27T14:06:22","slug":"datenschutzbestimmungen","status":"publish","type":"page","link":"https:\/\/kavaeurope.eu\/de\/datenschutzbestimmungen\/","title":{"rendered":"Datenschutzbestimmungen"},"content":{"rendered":"\n<p>Datenschutzbestimmungen von www.kavaeurope.eu<\/p>\n\n<h2 class=\"wp-block-heading\"><strong>1. Allgemeine Informationen<\/strong><\/h2>\n\n<p>Diese Datenschutzrichtlinie enth\u00e4lt die Regeln f\u00fcr die Verarbeitung und den Schutz der personenbezogenen Daten der Nutzer gem\u00e4\u00df der Verordnung (EU) 2016\/679 des Europ\u00e4ischen Parlaments und des Rates vom 27. April 2016 (GDPR \/ RODO).<\/p>\n\n<h2 class=\"wp-block-heading\"><strong>2. Data Controller<\/strong><\/h2>\n\n<p>Der Verantwortliche f\u00fcr die personenbezogenen Daten ist:<\/p>\n\n<p>Pazifisches Elixier sp. z o.o.<\/p>\n\n<p>Eingetragener Firmensitz: Warschau, Polen<\/p>\n\n<p>KRS: 0000932091<\/p>\n\n<p>NIP: 5242928576<\/p>\n\n<p>REGON: 520421791<\/p>\n\n<h2 class=\"wp-block-heading\">3. Umfang der verarbeiteten pers\u00f6nlichen Daten<\/h2>\n\n<p>Der Controller kann die folgenden personenbezogenen Daten verarbeiten:<\/p>\n\n<p>- Vor- und Nachname,<\/p>\n\n<p>- E-Mail Adresse,<\/p>\n\n<p>- Rufnummer,<\/p>\n\n<p>- Korrespondenzadresse,<\/p>\n\n<p>- Details zum Unternehmen,<\/p>\n\n<p>- IP-Adresse,<\/p>\n\n<p>- Daten, die in Cookies enthalten sind,<\/p>\n\n<p>- andere Daten, die der Nutzer freiwillig zur Verf\u00fcgung stellt.<\/p>\n\n<h2 class=\"wp-block-heading\">4. Zwecke und Rechtsgrundlage der Verarbeitung<\/h2>\n\n<p>Personenbezogene Daten werden f\u00fcr die folgenden Zwecke verarbeitet:<\/p>\n\n<p>a) Kontoregistrierung und Nutzer\u00fcberpr\u00fcfung (Artikel 6 Absatz 1 Buchstabe b) DSGVO),<\/p>\n\n<p>b) Erf\u00fcllung von Vertr\u00e4gen und Erbringung elektronischer Dienstleistungen (Artikel 6 Absatz 1 Buchstabe b) DSGVO),<\/p>\n\n<p>c) Kommunikation mit dem Nutzer (Artikel 6(1)(b) und (f) GDPR),<\/p>\n\n<p>d) Marketing und Werbung f\u00fcr die Produkte und Dienstleistungen des f\u00fcr die Verarbeitung Verantwortlichen (Artikel 6(1)(a) GDPR),<\/p>\n\n<p>e) Versand von Newslettern (Artikel 6 Absatz 1 Buchstabe a) GDPR),<\/p>\n\n<p>f) analytische und statistische Zwecke (Artikel 6(1)(f) GDPR),<\/p>\n\n<p>g) Verfolgung oder Abwehr von Rechtsanspr\u00fcchen (Artikel 6 Absatz 1 Buchstabe f) DSGVO).<\/p>\n\n<h2 class=\"wp-block-heading\">5. Datenempf\u00e4nger<\/h2>\n\n<p>Personenbezogene Daten k\u00f6nnen an Stellen \u00fcbermittelt werden, die mit dem f\u00fcr die Verarbeitung Verantwortlichen zusammenarbeiten, wie z. B. IT-Dienstleister, Buchhaltungsb\u00fcros, Kurierdienste, Zahlungsdienstleister und Marketingdienstleister, und zwar ausschlie\u00dflich in dem Umfang, der f\u00fcr die Erbringung von Dienstleistungen erforderlich ist.<\/p>\n\n<h2 class=\"wp-block-heading\">6. Daten\u00fcbertragung au\u00dferhalb der EU<\/h2>\n\n<p>Personenbezogene Daten d\u00fcrfen nur dann au\u00dferhalb des Europ\u00e4ischen Wirtschaftsraums \u00fcbertragen werden, wenn ein angemessenes Schutzniveau gem\u00e4\u00df den Bestimmungen der DSGVO gew\u00e4hrleistet ist.<\/p>\n\n<h2 class=\"wp-block-heading\">7. Aufbewahrungsfrist der Daten<\/h2>\n\n<p>Personenbezogene Daten werden so lange gespeichert, wie es f\u00fcr die Erreichung der Zwecke, f\u00fcr die sie erhoben wurden, erforderlich ist, und danach so lange, wie es das geltende Recht vorschreibt, oder bis die Einwilligung widerrufen wird.<\/p>\n\n<h2 class=\"wp-block-heading\">8. Benutzerrechte<\/h2>\n\n<p>Der Nutzer hat das Recht:<\/p>\n\n<p>- auf ihre pers\u00f6nlichen Daten zugreifen,<\/p>\n\n<p>- ihre Daten zu berichtigen,<\/p>\n\n<p>- ihre Daten zu l\u00f6schen (&#8222;Recht auf Vergessenwerden\"),<\/p>\n\n<p>- die Verarbeitung einschr\u00e4nken,<\/p>\n\n<p>- Daten\u00fcbertragbarkeit,<\/p>\n\n<p>- der Datenverarbeitung zu widersprechen,<\/p>\n\n<p>- die Einwilligung jederzeit widerrufen (ohne die Rechtm\u00e4\u00dfigkeit der Verarbeitung vor dem Widerruf zu beeintr\u00e4chtigen),<\/p>\n\n<p>- eine Beschwerde beim Pr\u00e4sidenten des Amts f\u00fcr den Schutz personenbezogener Daten (UODO) einreichen.<\/p>\n\n<h2 class=\"wp-block-heading\">9. Cookies<\/h2>\n\n<p>Der Dienst verwendet Cookies, um das ordnungsgem\u00e4\u00dfe Funktionieren zu gew\u00e4hrleisten, die Qualit\u00e4t zu verbessern und statistische Analysen durchzuf\u00fchren. Detaillierte Informationen finden Sie in der Cookie-Richtlinie. <\/p>\n\n<h2 class=\"wp-block-heading\">10. Datensicherheit<\/h2>\n\n<p>Der f\u00fcr die Verarbeitung Verantwortliche wendet angemessene technische und organisatorische Ma\u00dfnahmen an, um den Schutz der verarbeiteten personenbezogenen Daten zu gew\u00e4hrleisten, einschlie\u00dflich des Schutzes vor unbefugtem Zugriff, Verlust, Zerst\u00f6rung oder Ver\u00e4nderung.<\/p>\n\n<h2 class=\"wp-block-heading\">11. \u00c4nderungen der Datenschutzbestimmungen<\/h2>\n\n<p>Der Controller beh\u00e4lt sich das Recht vor, \u00c4nderungen an dieser Datenschutzerkl\u00e4rung vorzunehmen. Die Benutzer werden \u00fcber alle \u00c4nderungen in einer klaren und zug\u00e4nglichen Weise informiert. <\/p>\n\n<h2 class=\"wp-block-heading\">12. Kontakt<\/h2>\n\n<p>Wenn Sie Fragen zu dieser Datenschutzerkl\u00e4rung oder zur Verarbeitung personenbezogener Daten haben, kontaktieren Sie uns bitte \u00fcber den Bereich KONTAKT auf der Website.<\/p>\n","protected":false},"excerpt":{"rendered":"<p>Datenschutzbestimmungen von www.kavaeurope.eu 1. Allgemeine Informationen Diese Datenschutzrichtlinie enth\u00e4lt die Regeln f\u00fcr die Verarbeitung und den Schutz der personenbezogenen Daten der Nutzer gem\u00e4\u00df der Verordnung (EU) 2016\/679 des Europ\u00e4ischen Parlaments und des Rates vom 27. April 2016 (GDPR \/ RODO). 2. Data Controller Der Verantwortliche f\u00fcr die personenbezogenen Daten ist: Pazifisches Elixier sp. z o.o&#8230;.<\/p>\n","protected":false},"author":1587,"featured_media":0,"parent":0,"menu_order":0,"comment_status":"closed","ping_status":"closed","template":"","meta":{"_kad_blocks_custom_css":"","_kad_blocks_head_custom_js":"","_kad_blocks_body_custom_js":"","_kad_blocks_footer_custom_js":"","_kad_post_transparent":"","_kad_post_title":"","_kad_post_layout":"","_kad_post_sidebar_id":"","_kad_post_content_style":"","_kad_post_vertical_padding":"","_kad_post_feature":"","_kad_post_feature_position":"","_kad_post_header":false,"_kad_post_footer":false,"_kad_post_classname":"","footnotes":""},"class_list":["post-67475","page","type-page","status-publish","hentry"],"aioseo_notices":[],"taxonomy_info":[],"featured_image_src_large":false,"author_info":{"display_name":"AdminMarcin","author_link":"https:\/\/kavaeurope.eu\/de\/author\/adminmarcin-2\/"},"comment_info":0,"_links":{"self":[{"href":"https:\/\/kavaeurope.eu\/de\/wp-json\/wp\/v2\/pages\/67475","targetHints":{"allow":["GET"]}}],"collection":[{"href":"https:\/\/kavaeurope.eu\/de\/wp-json\/wp\/v2\/pages"}],"about":[{"href":"https:\/\/kavaeurope.eu\/de\/wp-json\/wp\/v2\/types\/page"}],"author":[{"embeddable":true,"href":"https:\/\/kavaeurope.eu\/de\/wp-json\/wp\/v2\/users\/1587"}],"replies":[{"embeddable":true,"href":"https:\/\/kavaeurope.eu\/de\/wp-json\/wp\/v2\/comments?post=67475"}],"version-history":[{"count":0,"href":"https:\/\/kavaeurope.eu\/de\/wp-json\/wp\/v2\/pages\/67475\/revisions"}],"wp:attachment":[{"href":"https:\/\/kavaeurope.eu\/de\/wp-json\/wp\/v2\/media?parent=67475"}],"curies":[{"name":"wp","href":"https:\/\/api.w.org\/{rel}","templated":true}]}}