{"id":47139,"date":"2021-02-08T14:03:23","date_gmt":"2021-02-08T13:03:23","guid":{"rendered":"https:\/\/temp.kavaeurope.eu\/shop\/keramische-untertasse\/"},"modified":"2026-01-23T11:54:11","modified_gmt":"2026-01-23T10:54:11","slug":"keramische-untertasse","status":"publish","type":"product","link":"https:\/\/kavaeurope.eu\/de\/shop\/keramische-untertasse\/","title":{"rendered":"Keramische Untertasse"},"content":{"rendered":"<p>Keramische Untertasse aus Ton, auf einer T\u00f6pferscheibe hergestellt und bei 1250C gebrannt - das sogenannte Steinzeug. Glasur f\u00fcr den Kontakt mit Lebensmitteln zugelassen. Sp\u00fclmaschinenfest.  <\/p>\n","protected":false},"excerpt":{"rendered":"<p>Keramische Untertasse aus Ton, auf einer T\u00f6pferscheibe hergestellt und bei 1250C gebrannt - das sogenannte Steinzeug. Glasur f\u00fcr den Kontakt mit Lebensmitteln zugelassen. Sp\u00fclmaschinenfest.<\/p>\n","protected":false},"featured_media":45808,"comment_status":"closed","ping_status":"closed","template":"","meta":{"_kad_blocks_custom_css":"","_kad_blocks_head_custom_js":"","_kad_blocks_body_custom_js":"","_kad_blocks_footer_custom_js":"","_kad_post_transparent":"","_kad_post_title":"","_kad_post_layout":"default","_kad_post_sidebar_id":"","_kad_post_content_style":"default","_kad_post_vertical_padding":"default","_kad_post_feature":"","_kad_post_feature_position":"","_kad_post_header":false,"_kad_post_footer":false,"_kad_post_classname":""},"product_brand":[],"product_cat":[426],"product_tag":[451,450,449],"class_list":{"0":"post-47139","1":"product","2":"type-product","3":"status-publish","4":"has-post-thumbnail","6":"product_cat-zubehor","7":"product_tag-keramik","8":"product_tag-keramik-untertasse","9":"product_tag-topferei","11":"first","12":"outofstock","13":"taxable","14":"shipping-taxable","15":"purchasable","16":"product-type-simple","17":"entry","18":"content-bg","19":"loop-entry"},"aioseo_notices":[],"taxonomy_info":{"product_cat":[{"value":426,"label":"Zubeh\u00f6r"}],"product_tag":[{"value":451,"label":"Keramik"},{"value":450,"label":"Keramik Untertasse"},{"value":449,"label":"T\u00f6pferei"}]},"featured_image_src_large":["https:\/\/kavaeurope.eu\/wp-content\/uploads\/2025\/03\/IMG_20210117_120808-scaled-1.jpg",1024,768,false],"author_info":[],"comment_info":0,"_links":{"self":[{"href":"https:\/\/kavaeurope.eu\/de\/wp-json\/wp\/v2\/product\/47139","targetHints":{"allow":["GET"]}}],"collection":[{"href":"https:\/\/kavaeurope.eu\/de\/wp-json\/wp\/v2\/product"}],"about":[{"href":"https:\/\/kavaeurope.eu\/de\/wp-json\/wp\/v2\/types\/product"}],"replies":[{"embeddable":true,"href":"https:\/\/kavaeurope.eu\/de\/wp-json\/wp\/v2\/comments?post=47139"}],"wp:featuredmedia":[{"embeddable":true,"href":"https:\/\/kavaeurope.eu\/de\/wp-json\/wp\/v2\/media\/45808"}],"wp:attachment":[{"href":"https:\/\/kavaeurope.eu\/de\/wp-json\/wp\/v2\/media?parent=47139"}],"wp:term":[{"taxonomy":"product_brand","embeddable":true,"href":"https:\/\/kavaeurope.eu\/de\/wp-json\/wp\/v2\/product_brand?post=47139"},{"taxonomy":"product_cat","embeddable":true,"href":"https:\/\/kavaeurope.eu\/de\/wp-json\/wp\/v2\/product_cat?post=47139"},{"taxonomy":"product_tag","embeddable":true,"href":"https:\/\/kavaeurope.eu\/de\/wp-json\/wp\/v2\/product_tag?post=47139"}],"curies":[{"name":"wp","href":"https:\/\/api.w.org\/{rel}","templated":true}]}}