{"id":47162,"date":"2021-02-08T14:22:35","date_gmt":"2021-02-08T13:22:35","guid":{"rendered":"https:\/\/temp.kavaeurope.eu\/shop\/teekanne-aus-keramik\/"},"modified":"2026-01-23T11:53:13","modified_gmt":"2026-01-23T10:53:13","slug":"teekanne-aus-keramik","status":"publish","type":"product","link":"https:\/\/kavaeurope.eu\/de\/shop\/teekanne-aus-keramik\/","title":{"rendered":"Teekanne aus Keramik"},"content":{"rendered":"<p>Ein auf einer T\u00f6pferscheibe aus Ton hergestelltes Objekt, das bei 1250C gebrannt wird - das sogenannte Steinzeug. Glasur f\u00fcr den Kontakt mit Lebensmitteln zugelassen. Sp\u00fclmaschinenfest.  <\/p>\n","protected":false},"excerpt":{"rendered":"<p>Ein auf einer T\u00f6pferscheibe aus Ton hergestelltes Objekt, das bei 1250C gebrannt wird - das sogenannte Steinzeug. Glasur f\u00fcr den Kontakt mit Lebensmitteln zugelassen. Sp\u00fclmaschinenfest.<\/p>\n","protected":false},"featured_media":45878,"comment_status":"closed","ping_status":"closed","template":"","meta":{"_kad_blocks_custom_css":"","_kad_blocks_head_custom_js":"","_kad_blocks_body_custom_js":"","_kad_blocks_footer_custom_js":"","_kad_post_transparent":"","_kad_post_title":"","_kad_post_layout":"default","_kad_post_sidebar_id":"","_kad_post_content_style":"default","_kad_post_vertical_padding":"default","_kad_post_feature":"","_kad_post_feature_position":"","_kad_post_header":false,"_kad_post_footer":false,"_kad_post_classname":""},"product_brand":[],"product_cat":[426],"product_tag":[463,449],"class_list":{"0":"post-47162","1":"product","2":"type-product","3":"status-publish","4":"has-post-thumbnail","6":"product_cat-zubehor","7":"product_tag-teekanne-aus-keramik","8":"product_tag-topferei","10":"first","11":"outofstock","12":"taxable","13":"shipping-taxable","14":"purchasable","15":"product-type-simple","16":"entry","17":"content-bg","18":"loop-entry"},"aioseo_notices":[],"taxonomy_info":{"product_cat":[{"value":426,"label":"Zubeh\u00f6r"}],"product_tag":[{"value":463,"label":"Teekanne aus Keramik"},{"value":449,"label":"T\u00f6pferei"}]},"featured_image_src_large":["https:\/\/kavaeurope.eu\/wp-content\/uploads\/2025\/03\/IMG_20210117_114602-scaled-1.jpg",768,1024,false],"author_info":[],"comment_info":0,"_links":{"self":[{"href":"https:\/\/kavaeurope.eu\/de\/wp-json\/wp\/v2\/product\/47162","targetHints":{"allow":["GET"]}}],"collection":[{"href":"https:\/\/kavaeurope.eu\/de\/wp-json\/wp\/v2\/product"}],"about":[{"href":"https:\/\/kavaeurope.eu\/de\/wp-json\/wp\/v2\/types\/product"}],"replies":[{"embeddable":true,"href":"https:\/\/kavaeurope.eu\/de\/wp-json\/wp\/v2\/comments?post=47162"}],"wp:featuredmedia":[{"embeddable":true,"href":"https:\/\/kavaeurope.eu\/de\/wp-json\/wp\/v2\/media\/45878"}],"wp:attachment":[{"href":"https:\/\/kavaeurope.eu\/de\/wp-json\/wp\/v2\/media?parent=47162"}],"wp:term":[{"taxonomy":"product_brand","embeddable":true,"href":"https:\/\/kavaeurope.eu\/de\/wp-json\/wp\/v2\/product_brand?post=47162"},{"taxonomy":"product_cat","embeddable":true,"href":"https:\/\/kavaeurope.eu\/de\/wp-json\/wp\/v2\/product_cat?post=47162"},{"taxonomy":"product_tag","embeddable":true,"href":"https:\/\/kavaeurope.eu\/de\/wp-json\/wp\/v2\/product_tag?post=47162"}],"curies":[{"name":"wp","href":"https:\/\/api.w.org\/{rel}","templated":true}]}}