{"id":47348,"date":"2023-09-19T14:55:03","date_gmt":"2023-09-19T12:55:03","guid":{"rendered":"https:\/\/temp.kavaeurope.eu\/shop\/melo-melo-2\/"},"modified":"2026-04-29T21:14:58","modified_gmt":"2026-04-29T19:14:58","slug":"melo-melo-2","status":"publish","type":"product","link":"https:\/\/kavaeurope.eu\/de\/shop\/melo-melo-2\/","title":{"rendered":"Melo Melo"},"content":{"rendered":"<p class=\"whitespace-normal break-words\">Die aus Ambae stammende Melo Melo ist vielleicht die beliebteste Kava-Sorte in Vanuatus Hauptstadt Port Vila.<\/p>\n<p class=\"whitespace-normal break-words\"><em>&#8222;Melo Melo ist eine der am weitesten verbreiteten edlen Kavas im Pazifik und eine der wichtigsten Sorten in der Kava-Tradition von Ambae.\"  <a href=\"https:\/\/kavasociety.nz\">Die Kava-Gesellschaft (Neuseeland)<\/a><\/em><\/p>\n<p class=\"whitespace-normal break-words\">Wird in \u00dcbereinstimmung mit den EU-Vorschriften ausschlie\u00dflich f\u00fcr die Aromatherapie und das F\u00e4rben von Naturtextilien verkauft.<\/p>\n<ul class=\"[&amp;:not(:last-child)_ul]:pb-1 [&amp;:not(:last-child)_ol]:pb-1 list-disc space-y-2.5 pl-7\">\n<li class=\"whitespace-normal break-words\"><strong>Insel der Herkunft<\/strong>: Ambae, Vanuatu<\/li>\n<li class=\"whitespace-normal break-words\"><strong>Insel der Kultivierung<\/strong>: Espiritu Santo, Vanuatu<\/li>\n<li class=\"whitespace-normal break-words\"><strong>Durchschnittliches Verh\u00e4ltnis von Seiten\u00e4sten zu Baumst\u00fcmpfen<\/strong>: Nat\u00fcrlich (30-70)<\/li>\n<li class=\"whitespace-normal break-words\"><strong>Typischer Chemotyp<\/strong>: 423156<\/li>\n<li class=\"whitespace-normal break-words\"><strong>Verarbeitung<\/strong>: Traditionelles Pulver - vollst\u00e4ndig gewaschene und gesch\u00e4lte Wurzeln, temperaturkontrollierte Trocknung, zu feinem Pulver gemahlen<\/li>\n<li class=\"whitespace-normal break-words\"><strong>Pigment Farbe<\/strong>: Gold bis Karamell<\/li>\n<li class=\"whitespace-normal break-words\"><strong>Aromatisches Profil<\/strong>: Abgerundet und balsamisch mit sanftem Pfeffer und ger\u00f6steten Malznoten<\/li>\n<\/ul>\n<p class=\"whitespace-normal break-words\"><strong>Garantierte Qualit\u00e4t durch die Kava Society (Neuseeland)<\/strong> Kava Europe ist stolz darauf, der exklusive europ\u00e4ische Vertreiber des au\u00dfergew\u00f6hnlichen Kava der Kava Society zu sein. Dies ist wirklich der beste Kava der Welt. Anders als das meiste Kava auf dem Markt - schlecht getrocknete und gereinigte Wurzeln unbekannter Herkunft - wird jede Charge von Kava Society aus frisch geernteten Pflanzen mit bahnbrechenden Methoden verarbeitet, die maximale Frische bewahren und gleichzeitig absolute Reinheit gew\u00e4hrleisten. Jede Charge wird strengen Labortests mit Analysezertifikaten unterzogen. Dies ist genau das gleiche Premium-Kava, das in Neuseeland verkauft wird und alle neuseel\u00e4ndischen Qualit\u00e4ts- und Sicherheitsvorschriften erf\u00fcllt. Wenn Sie sich f\u00fcr unsere Produkte entscheiden, erhalten Sie Kava, wie es sein sollte - frisch, rein und richtig gekennzeichnet.<\/p>\n<p class=\"whitespace-normal break-words\">Sehen Sie sich auch unsere <a href=\"https:\/\/kavaeurope.eu\/de\/shop\/kava-europe-t-shirt-braun-weiss\/\">Kava-T-Shirts<\/a> und <a href=\"https:\/\/kavaeurope.eu\/de\/produkt-kategorie\/zubehor\/\">Accessoires<\/a> an.<\/p>\n","protected":false},"excerpt":{"rendered":"<p>Edle Sorte aus Ambae, eine der bekanntesten Sorten von Vanuatu. Traditionell gemahlen. <\/p>\n","protected":false},"featured_media":46053,"comment_status":"closed","ping_status":"closed","template":"","meta":{"_kad_blocks_custom_css":"","_kad_blocks_head_custom_js":"","_kad_blocks_body_custom_js":"","_kad_blocks_footer_custom_js":"","_kad_post_transparent":"","_kad_post_title":"","_kad_post_layout":"default","_kad_post_sidebar_id":"","_kad_post_content_style":"default","_kad_post_vertical_padding":"default","_kad_post_feature":"","_kad_post_feature_position":"","_kad_post_header":false,"_kad_post_footer":false,"_kad_post_classname":""},"product_brand":[],"product_cat":[524],"product_tag":[525,526,546,547],"class_list":{"0":"post-47348","1":"product","2":"type-product","3":"status-publish","4":"has-post-thumbnail","6":"product_cat-kava-de","7":"product_tag-kava-de","8":"product_tag-kava-europa-de","9":"product_tag-kava-kava-de","10":"product_tag-piper-methysticum-de","11":"pa_kava-type-traditionell","12":"pa_weight-1000g","13":"pa_weight-100g","14":"pa_weight-200g","15":"pa_weight-250g","16":"pa_weight-500g","18":"first","19":"instock","20":"taxable","21":"shipping-taxable","22":"purchasable","23":"product-type-variable","24":"entry","25":"content-bg","26":"loop-entry"},"aioseo_notices":[],"taxonomy_info":{"product_cat":[{"value":524,"label":"Kava"}],"product_tag":[{"value":525,"label":"Kava"},{"value":526,"label":"kava europa"},{"value":546,"label":"Kava Kava"},{"value":547,"label":"Piper methysticum"}],"pa_kava-type":[{"value":519,"label":"Traditionell"}],"pa_weight":[{"value":305,"label":"1000g"},{"value":302,"label":"100g"},{"value":303,"label":"200g"},{"value":630,"label":"250g"},{"value":304,"label":"500g"}]},"featured_image_src_large":["https:\/\/kavaeurope.eu\/wp-content\/uploads\/2025\/03\/Mockup-front-MM-200-2-scaled-1.jpg",1024,768,false],"author_info":[],"comment_info":14,"_links":{"self":[{"href":"https:\/\/kavaeurope.eu\/de\/wp-json\/wp\/v2\/product\/47348","targetHints":{"allow":["GET"]}}],"collection":[{"href":"https:\/\/kavaeurope.eu\/de\/wp-json\/wp\/v2\/product"}],"about":[{"href":"https:\/\/kavaeurope.eu\/de\/wp-json\/wp\/v2\/types\/product"}],"replies":[{"embeddable":true,"href":"https:\/\/kavaeurope.eu\/de\/wp-json\/wp\/v2\/comments?post=47348"}],"wp:featuredmedia":[{"embeddable":true,"href":"https:\/\/kavaeurope.eu\/de\/wp-json\/wp\/v2\/media\/46053"}],"wp:attachment":[{"href":"https:\/\/kavaeurope.eu\/de\/wp-json\/wp\/v2\/media?parent=47348"}],"wp:term":[{"taxonomy":"product_brand","embeddable":true,"href":"https:\/\/kavaeurope.eu\/de\/wp-json\/wp\/v2\/product_brand?post=47348"},{"taxonomy":"product_cat","embeddable":true,"href":"https:\/\/kavaeurope.eu\/de\/wp-json\/wp\/v2\/product_cat?post=47348"},{"taxonomy":"product_tag","embeddable":true,"href":"https:\/\/kavaeurope.eu\/de\/wp-json\/wp\/v2\/product_tag?post=47348"}],"curies":[{"name":"wp","href":"https:\/\/api.w.org\/{rel}","templated":true}]}}