{"id":47412,"date":"2024-04-16T11:23:24","date_gmt":"2024-04-16T09:23:24","guid":{"rendered":"https:\/\/temp.kavaeurope.eu\/shop\/borogoru\/"},"modified":"2026-04-29T00:31:36","modified_gmt":"2026-04-28T22:31:36","slug":"borogoru","status":"publish","type":"product","link":"https:\/\/kavaeurope.eu\/de\/shop\/borogoru\/","title":{"rendered":"Borogoru"},"content":{"rendered":"<p class=\"whitespace-normal break-words\">&#8222;Boro\" bedeutet in der lokalen Maewo-Sprache &#8222;klein\".<\/p>\n<p class=\"whitespace-normal break-words\"><em>&#8222;Borogoru ist unter den edlen Kavas ungew\u00f6hnlich, weil sie ein kompaktes, flaches Wurzelsystem hat und kein tiefes. Das erleichtert die Ernte und hat dazu beigetragen, dass sich die Sorte im n\u00f6rdlichen Vanuatu weit verbreitet hat.\"  <a href=\"https:\/\/kavasociety.nz\">Die Kava-Gesellschaft (Neuseeland)<\/a><\/em><\/p>\n<p class=\"whitespace-normal break-words\">Echter Instant wird durch Nassverarbeitung frischer Kava-Wurzeln und Trocknung der Fl\u00fcssigkeit zu einem feinen, gleichm\u00e4\u00dfigen Pulver hergestellt. Bei diesem Verfahren werden die Kavalaktone (die gr\u00f6\u00dftenteils f\u00fcr den Farbstoff von Kava verantwortlich sind) konzentriert, so dass die Farbe pro Gramm intensiver ist als bei herk\u00f6mmlichem Mahlen. Einige der leichteren aromatischen Verbindungen werden beim Trocknen weicher, so dass der Duft ged\u00e4mpfter ausf\u00e4llt. L\u00f6st sich sauber in Wasser auf und muss nicht abgeseiht werden.   <\/p>\n<p class=\"whitespace-normal break-words\">Wird in \u00dcbereinstimmung mit den EU-Vorschriften ausschlie\u00dflich f\u00fcr die Aromatherapie und das F\u00e4rben von Naturtextilien verkauft.<\/p>\n<ul class=\"[&amp;:not(:last-child)_ul]:pb-1 [&amp;:not(:last-child)_ol]:pb-1 list-disc space-y-2.5 pl-7\">\n<li class=\"whitespace-normal break-words\"><strong>Insel der Herkunft<\/strong>: Maewo, Vanuatu<\/li>\n<li class=\"whitespace-normal break-words\"><strong>Insel der Kultivierung<\/strong>: Espiritu Santo, Vanuatu<\/li>\n<li class=\"whitespace-normal break-words\"><strong>Typischer Chemotyp<\/strong>: 243516<\/li>\n<li class=\"whitespace-normal break-words\"><strong>Verarbeitung<\/strong>: Instant - vollst\u00e4ndig gewaschene und gesch\u00e4lte Wurzeln; die aktive Wurzelfraktion wird von den unl\u00f6slichen Fasern getrennt und zu einem feinen, einheitlichen Pulver dehydriert<\/li>\n<li class=\"whitespace-normal break-words\"><strong>Pigment Farbe<\/strong>: Gold bis bernsteinfarben, intensiv<\/li>\n<li class=\"whitespace-normal break-words\"><strong>Aromatisches Profil<\/strong>: Pfeffrig mit frischen krautigen Noten und anisartigen Untert\u00f6nen<\/li>\n<\/ul>\n<p class=\"whitespace-normal break-words\"><strong>Garantierte Qualit\u00e4t durch die Kava Society (Neuseeland)<\/strong> Kava Europe ist stolz darauf, der exklusive europ\u00e4ische Vertreiber des au\u00dfergew\u00f6hnlichen Kava der Kava Society zu sein. Dies ist wirklich der beste Kava der Welt. Anders als das meiste Kava auf dem Markt - schlecht getrocknete und gereinigte Wurzeln unbekannter Herkunft - wird jede Charge von Kava Society aus frisch geernteten Pflanzen mit bahnbrechenden Methoden verarbeitet, die maximale Frische bewahren und gleichzeitig absolute Reinheit gew\u00e4hrleisten. Jede Charge wird strengen Labortests mit Analysezertifikaten unterzogen. Dies ist genau das gleiche Premium-Kava, das in Neuseeland verkauft wird und alle neuseel\u00e4ndischen Qualit\u00e4ts- und Sicherheitsvorschriften erf\u00fcllt. Wenn Sie sich f\u00fcr unsere Produkte entscheiden, erhalten Sie Kava, wie es sein sollte - frisch, rein und richtig gekennzeichnet.<\/p>\n<p class=\"whitespace-normal break-words\">Sehen Sie sich auch unsere <a href=\"https:\/\/kavaeurope.eu\/de\/shop\/kava-europe-t-shirt-braun-weiss\/\">Kava-T-Shirts<\/a> und <a href=\"https:\/\/kavaeurope.eu\/de\/produkt-kategorie\/zubehor\/\">Accessoires<\/a> an.<\/p>\n","protected":false},"excerpt":{"rendered":"<p>Edle Sorte, die in Maewo beheimatet ist, eine der am meisten angebauten Sorten im n\u00f6rdlichen Vanuatu. Echtes Instant. <\/p>\n","protected":false},"featured_media":46095,"comment_status":"closed","ping_status":"closed","template":"","meta":{"_kad_blocks_custom_css":"","_kad_blocks_head_custom_js":"","_kad_blocks_body_custom_js":"","_kad_blocks_footer_custom_js":"","_kad_post_transparent":"","_kad_post_title":"","_kad_post_layout":"default","_kad_post_sidebar_id":"","_kad_post_content_style":"default","_kad_post_vertical_padding":"default","_kad_post_feature":"","_kad_post_feature_position":"","_kad_post_header":false,"_kad_post_footer":false,"_kad_post_classname":""},"product_brand":[],"product_cat":[524],"product_tag":[559,525,526,532,546,547],"class_list":{"0":"post-47412","1":"product","2":"type-product","3":"status-publish","4":"has-post-thumbnail","6":"product_cat-kava-de","7":"product_tag-borogoru-de","8":"product_tag-kava-de","9":"product_tag-kava-europa-de","10":"product_tag-kava-instant-de","11":"product_tag-kava-kava-de","12":"product_tag-piper-methysticum-de","13":"pa_kava-type-sofort","14":"pa_weight-100g","15":"pa_weight-200g","16":"pa_weight-500g","18":"first","19":"instock","20":"taxable","21":"shipping-taxable","22":"purchasable","23":"product-type-variable","24":"has-default-attributes","25":"entry","26":"content-bg","27":"loop-entry"},"aioseo_notices":[],"taxonomy_info":{"product_cat":[{"value":524,"label":"Kava"}],"product_tag":[{"value":559,"label":"borogoru"},{"value":525,"label":"Kava"},{"value":526,"label":"kava europa"},{"value":532,"label":"Kava Instant"},{"value":546,"label":"Kava Kava"},{"value":547,"label":"Piper methysticum"}],"pa_kava-type":[{"value":531,"label":"Sofort"}],"pa_weight":[{"value":302,"label":"100g"},{"value":303,"label":"200g"},{"value":304,"label":"500g"}]},"featured_image_src_large":["https:\/\/kavaeurope.eu\/wp-content\/uploads\/2025\/03\/Borogoru-front-100-g-instant.png",1024,768,false],"author_info":[],"comment_info":2,"_links":{"self":[{"href":"https:\/\/kavaeurope.eu\/de\/wp-json\/wp\/v2\/product\/47412","targetHints":{"allow":["GET"]}}],"collection":[{"href":"https:\/\/kavaeurope.eu\/de\/wp-json\/wp\/v2\/product"}],"about":[{"href":"https:\/\/kavaeurope.eu\/de\/wp-json\/wp\/v2\/types\/product"}],"replies":[{"embeddable":true,"href":"https:\/\/kavaeurope.eu\/de\/wp-json\/wp\/v2\/comments?post=47412"}],"wp:featuredmedia":[{"embeddable":true,"href":"https:\/\/kavaeurope.eu\/de\/wp-json\/wp\/v2\/media\/46095"}],"wp:attachment":[{"href":"https:\/\/kavaeurope.eu\/de\/wp-json\/wp\/v2\/media?parent=47412"}],"wp:term":[{"taxonomy":"product_brand","embeddable":true,"href":"https:\/\/kavaeurope.eu\/de\/wp-json\/wp\/v2\/product_brand?post=47412"},{"taxonomy":"product_cat","embeddable":true,"href":"https:\/\/kavaeurope.eu\/de\/wp-json\/wp\/v2\/product_cat?post=47412"},{"taxonomy":"product_tag","embeddable":true,"href":"https:\/\/kavaeurope.eu\/de\/wp-json\/wp\/v2\/product_tag?post=47412"}],"curies":[{"name":"wp","href":"https:\/\/api.w.org\/{rel}","templated":true}]}}