{"id":66913,"date":"2026-01-21T10:26:25","date_gmt":"2026-01-21T09:26:25","guid":{"rendered":"https:\/\/kavaeurope.eu\/shop\/puariki\/"},"modified":"2026-03-14T12:25:10","modified_gmt":"2026-03-14T11:25:10","slug":"puariki","status":"publish","type":"product","link":"https:\/\/kavaeurope.eu\/de\/shop\/puariki\/","title":{"rendered":"Puariki"},"content":{"rendered":"<p class=\"whitespace-normal break-words\">Tongoa ist ein kleiner \u00dcberrest von Kuwae, einer gr\u00f6\u00dferen Landmasse, die durch einen gro\u00dfen Vulkanausbruch um 1452 zersplittert wurde. Die vulkanische Erde, die zur\u00fcckblieb, ist ein Teil dessen, was dem Kava der Insel seinen unverwechselbaren Charakter verleiht. <\/p>\n<p class=\"whitespace-normal break-words\"><em>&#8222;Puariki ist der engste genetische Cousin der ber\u00fchmten Kelai-Sorte von Epi, aber viel seltener. Die Pflanzen, die wir heute ernten, sind die Nachkommen von Tongoan-Best\u00e4nden, die mehrere Wirbelst\u00fcrme \u00fcberstanden haben, darunter Pam im Jahr 2015.\"  <a href=\"https:\/\/kavasociety.nz\">Die Kava-Gesellschaft (Neuseeland)<\/a><\/em><\/p>\n<p class=\"whitespace-normal break-words\">Wird in \u00dcbereinstimmung mit den EU-Vorschriften ausschlie\u00dflich f\u00fcr die Aromatherapie und das F\u00e4rben von Naturtextilien verkauft.<\/p>\n<ul class=\"[&amp;:not(:last-child)_ul]:pb-1 [&amp;:not(:last-child)_ol]:pb-1 list-disc space-y-2.5 pl-7\">\n<li class=\"whitespace-normal break-words\"><strong>Insel der Herkunft<\/strong>: Tongoa, Vanuatu<\/li>\n<li class=\"whitespace-normal break-words\"><strong>Insel der Kultivierung<\/strong>: Espiritu Santo, Vanuatu<\/li>\n<li class=\"whitespace-normal break-words\"><strong>Durchschnittliches Verh\u00e4ltnis von Seiten\u00e4sten zu Baumst\u00fcmpfen<\/strong>: Nat\u00fcrlich (30-70)<\/li>\n<li class=\"whitespace-normal break-words\"><strong>Typischer Chemotyp<\/strong>: 423165<\/li>\n<li class=\"whitespace-normal break-words\"><strong>Verarbeitung<\/strong>: Traditionelles Pulver - vollst\u00e4ndig gewaschene und gesch\u00e4lte Wurzeln, temperaturkontrollierte Trocknung, zu feinem Pulver gemahlen<\/li>\n<li class=\"whitespace-normal break-words\"><strong>Pigment Farbe<\/strong>: Gold bis warmes Karamell<\/li>\n<li class=\"whitespace-normal break-words\"><strong>Aromatisches Profil<\/strong>: Frisch und nuanciert, mit Noten von Brotfrucht, Muskatnuss und Kolanuss<\/li>\n<\/ul>\n<p class=\"whitespace-normal break-words\"><strong>Garantierte Qualit\u00e4t durch die Kava Society (Neuseeland)<\/strong> Kava Europe ist stolz darauf, der exklusive europ\u00e4ische Vertreiber des au\u00dfergew\u00f6hnlichen Kava der Kava Society zu sein. Dies ist wirklich der beste Kava der Welt. Anders als das meiste Kava auf dem Markt - schlecht getrocknete und gereinigte Wurzeln unbekannter Herkunft - wird jede Charge von Kava Society aus frisch geernteten Pflanzen mit bahnbrechenden Methoden verarbeitet, die maximale Frische bewahren und gleichzeitig absolute Reinheit gew\u00e4hrleisten. Jede Charge wird strengen Labortests mit Analysezertifikaten unterzogen. Dies ist genau das gleiche Premium-Kava, das in Neuseeland verkauft wird und alle neuseel\u00e4ndischen Qualit\u00e4ts- und Sicherheitsvorschriften erf\u00fcllt. Wenn Sie sich f\u00fcr unsere Produkte entscheiden, erhalten Sie Kava, wie es sein sollte - frisch, rein und richtig gekennzeichnet.<\/p>\n<p class=\"whitespace-normal break-words\">Sehen Sie sich auch unsere <a href=\"https:\/\/kavaeurope.eu\/de\/shop\/kava-europe-t-shirt-braun-weiss\/\">Kava-T-Shirts<\/a> und <a href=\"https:\/\/kavaeurope.eu\/de\/produkt-kategorie\/zubehor\/\">Accessoires<\/a> an.<\/p>\n","protected":false},"excerpt":{"rendered":"<p>Seltene edle Sorte von Tongoa, einer vulkanischen Restinsel in der Shepherd-Gruppe von Vanuatu. Traditionell gemahlen. <\/p>\n","protected":false},"featured_media":66892,"comment_status":"open","ping_status":"closed","template":"","meta":{"_kad_blocks_custom_css":"","_kad_blocks_head_custom_js":"","_kad_blocks_body_custom_js":"","_kad_blocks_footer_custom_js":"","_kad_post_transparent":"","_kad_post_title":"","_kad_post_layout":"default","_kad_post_sidebar_id":"","_kad_post_content_style":"default","_kad_post_vertical_padding":"default","_kad_post_feature":"","_kad_post_feature_position":"","_kad_post_header":false,"_kad_post_footer":false,"_kad_post_classname":""},"product_brand":[],"product_cat":[524],"product_tag":[551,525,526,547,535],"class_list":{"0":"post-66913","1":"product","2":"type-product","3":"status-publish","4":"has-post-thumbnail","6":"product_cat-kava-de","7":"product_tag-edler-kava","8":"product_tag-kava-de","9":"product_tag-kava-europa-de","10":"product_tag-piper-methysticum-de","11":"product_tag-traditioneller-kava","12":"pa_kava-type-traditionell","14":"first","15":"outofstock","16":"taxable","17":"shipping-taxable","18":"purchasable","19":"product-type-variable","20":"entry","21":"content-bg","22":"loop-entry"},"aioseo_notices":[],"taxonomy_info":{"product_cat":[{"value":524,"label":"Kava"}],"product_tag":[{"value":551,"label":"edler Kava"},{"value":525,"label":"Kava"},{"value":526,"label":"kava europa"},{"value":547,"label":"Piper methysticum"},{"value":535,"label":"traditioneller Kava"}],"pa_kava-type":[{"value":519,"label":"Traditionell"}]},"featured_image_src_large":["https:\/\/kavaeurope.eu\/wp-content\/uploads\/2026\/01\/puariki_traditional-1024x768.jpg",1024,768,true],"author_info":[],"comment_info":2,"_links":{"self":[{"href":"https:\/\/kavaeurope.eu\/de\/wp-json\/wp\/v2\/product\/66913","targetHints":{"allow":["GET"]}}],"collection":[{"href":"https:\/\/kavaeurope.eu\/de\/wp-json\/wp\/v2\/product"}],"about":[{"href":"https:\/\/kavaeurope.eu\/de\/wp-json\/wp\/v2\/types\/product"}],"replies":[{"embeddable":true,"href":"https:\/\/kavaeurope.eu\/de\/wp-json\/wp\/v2\/comments?post=66913"}],"wp:featuredmedia":[{"embeddable":true,"href":"https:\/\/kavaeurope.eu\/de\/wp-json\/wp\/v2\/media\/66892"}],"wp:attachment":[{"href":"https:\/\/kavaeurope.eu\/de\/wp-json\/wp\/v2\/media?parent=66913"}],"wp:term":[{"taxonomy":"product_brand","embeddable":true,"href":"https:\/\/kavaeurope.eu\/de\/wp-json\/wp\/v2\/product_brand?post=66913"},{"taxonomy":"product_cat","embeddable":true,"href":"https:\/\/kavaeurope.eu\/de\/wp-json\/wp\/v2\/product_cat?post=66913"},{"taxonomy":"product_tag","embeddable":true,"href":"https:\/\/kavaeurope.eu\/de\/wp-json\/wp\/v2\/product_tag?post=66913"}],"curies":[{"name":"wp","href":"https:\/\/api.w.org\/{rel}","templated":true}]}}