{"id":47184,"date":"2022-04-04T14:23:55","date_gmt":"2022-04-04T12:23:55","guid":{"rendered":"https:\/\/temp.kavaeurope.eu\/shop\/bir-kar\/"},"modified":"2026-04-02T10:14:10","modified_gmt":"2026-04-02T08:14:10","slug":"bir-kar","status":"publish","type":"product","link":"https:\/\/kavaeurope.eu\/es\/shop\/bir-kar\/","title":{"rendered":"Bir Kar"},"content":{"rendered":"<div class=\"text-text-400 pt-5 flex-1 text-right text-[0.65rem] leading-[0.85rem] tracking-tighter sm:text-[0.75rem] pointer-events-none\">\n<p class=\"whitespace-normal break-words\">Cultivar poco com\u00fan de Esp\u00edritu Santo, Vanuatu. Recibe su nombre del color rojizo de sus tallos (la palabra \u00abkar\" significa rojo). Se cultiva exclusivamente en el coraz\u00f3n de la isla Santo, donde es muy apreciado por las comunidades locales. El Dr. Vincent Lebot y Patricia Simeoni describieron Bir Kar como un ejemplo excepcional de cultivar de alta calidad.<\/p>\n<p class=\"whitespace-normal break-words\">De acuerdo con la normativa de la UE, este producto est\u00e1 destinado al te\u00f1ido de tejidos naturales y a aplicaciones de aromaterapia.<\/p>\n<ul class=\"[&amp;:not(:last-child)_ul]:pb-1 [&amp;:not(:last-child)_ol]:pb-1 list-disc space-y-2.5 pl-7\">\n<li class=\"whitespace-normal break-words\"><strong>Isla de origen<\/strong>: Esp\u00edritu Santo, Vanuatu<\/li>\n<li class=\"whitespace-normal break-words\"><strong>Relaci\u00f3n media entre laterales y toc\u00f3n<\/strong>: Natural (30-70)<\/li>\n<li class=\"whitespace-normal break-words\"><strong>Quimiotipo t\u00edpico<\/strong>: 423561<\/li>\n<li class=\"whitespace-normal break-words\"><strong>Elaboraci\u00f3n<\/strong>: Polvo tradicional - ra\u00edces totalmente lavadas y peladas, secado a temperatura controlada, molido hasta obtener un polvo fino<\/li>\n<li class=\"whitespace-normal break-words\"><strong>Color del pigmento<\/strong>: Dorado a marr\u00f3n medio<\/li>\n<li class=\"whitespace-normal break-words\"><strong>Perfil arom\u00e1tico<\/strong>: C\u00e1lido y tostado, con marcadas notas de pimienta. En capas, evoluciona de brillante a profundo<\/li>\n<\/ul>\n<p class=\"whitespace-normal break-words\"><strong>Calidad garantizada por la Kava Society (Nueva Zelanda<\/strong> ) Kava Europe se enorgullece de ser el distribuidor europeo exclusivo de la excepcional kava de la Kava Society. Es realmente la mejor kava del mundo. A diferencia de la mayor\u00eda de la kava del mercado -ra\u00edces mal secadas y limpiadas de origen desconocido-, cada lote de Kava Society se procesa a partir de plantas reci\u00e9n recolectadas mediante m\u00e9todos pioneros que conservan la m\u00e1xima frescura al tiempo que garantizan una pureza absoluta. Cada lote se somete a rigurosas pruebas de laboratorio con certificados de an\u00e1lisis. Es exactamente la misma kava de primera calidad que se vende en Nueva Zelanda, y cumple todas las normas de calidad y seguridad neozelandesas. Cuando eliges nuestros productos, obtienes kava como debe ser: fresco, puro y debidamente identificado.<\/p>\n<\/div>\n<div class=\"flex-1 flex flex-col gap-3 px-4 max-w-3xl mx-auto w-full pt-1\">\n<div aria-hidden=\"true\"><\/div>\n<\/div>\n<div class=\"sticky bottom-0 mx-auto w-full pt-6 z-[5]\"><\/div>\n<div class=\"px-3 md:px-2\"><\/div>\n<div class=\"flex flex-col bg-bg-000 border-0.5 border-border-300 mx-2 md:mx-0 items-stretch transition-all duration-200 relative shadow-[0_0.25rem_1.25rem_hsl(var(--always-black)\/3.5%)] focus-within:shadow-[0_0.25rem_1.25rem_hsl(var(--always-black)\/7.5%)] hover:border-border-200 focus-within:border-border-200 cursor-text z-10 rounded-2xl\">\n<div class=\"flex flex-col gap-3.5 m-3.5\">\n<div class=\"relative\">\n<div class=\"max-h-96 w-full overflow-y-auto font-large break-words transition-opacity duration-200 min-h-[1.5rem]\">\n<div class=\"ProseMirror break-words max-w-[60ch]\" tabindex=\"0\" role=\"textbox\" contenteditable=\"true\" translate=\"no\" aria-label=\"Write your prompt to Claude\" aria-multiline=\"true\" aria-required=\"false\" aria-invalid=\"false\"><\/div>\n<\/div>\n<\/div>\n<\/div>\n<\/div>\n","protected":false},"excerpt":{"rendered":"<p>Raro polvo de kava de tallo rojo de Santo, procedente de las tierras altas de Vanuatu. Molido tradicional. Kava noble monocultivo de primera calidad.<\/p>\n","protected":false},"featured_media":45909,"comment_status":"closed","ping_status":"closed","template":"","meta":{"_kad_blocks_custom_css":"","_kad_blocks_head_custom_js":"","_kad_blocks_body_custom_js":"","_kad_blocks_footer_custom_js":"","_kad_post_transparent":"default","_kad_post_title":"","_kad_post_layout":"default","_kad_post_sidebar_id":"","_kad_post_content_style":"default","_kad_post_vertical_padding":"default","_kad_post_feature":"","_kad_post_feature_position":"","_kad_post_header":false,"_kad_post_footer":false,"_kad_post_classname":""},"product_brand":[],"product_cat":[506],"product_tag":[509,507,508],"class_list":{"0":"post-47184","1":"product","2":"type-product","3":"status-publish","4":"has-post-thumbnail","6":"product_cat-kava-es","7":"product_tag-bir-kar-es","8":"product_tag-kava-es","9":"product_tag-kava-europa","10":"pa_kava-type-tradicional","11":"pa_weight-100g","12":"pa_weight-250g","13":"pa_weight-500g","15":"first","16":"instock","17":"taxable","18":"shipping-taxable","19":"purchasable","20":"product-type-variable","21":"has-default-attributes","22":"entry","23":"content-bg","24":"loop-entry"},"aioseo_notices":[],"taxonomy_info":{"product_cat":[{"value":506,"label":"Kava"}],"product_tag":[{"value":509,"label":"bir kar"},{"value":507,"label":"kava"},{"value":508,"label":"kava europa"}],"pa_kava-type":[{"value":501,"label":"Tradicional"}],"pa_weight":[{"value":302,"label":"100g"},{"value":630,"label":"250g"},{"value":304,"label":"500g"}]},"featured_image_src_large":["https:\/\/kavaeurope.eu\/wp-content\/uploads\/2025\/03\/Kava-Europe-Bir-Kar-500g-1-scaled-1.jpg",1024,768,false],"author_info":[],"comment_info":9,"_links":{"self":[{"href":"https:\/\/kavaeurope.eu\/es\/wp-json\/wp\/v2\/product\/47184","targetHints":{"allow":["GET"]}}],"collection":[{"href":"https:\/\/kavaeurope.eu\/es\/wp-json\/wp\/v2\/product"}],"about":[{"href":"https:\/\/kavaeurope.eu\/es\/wp-json\/wp\/v2\/types\/product"}],"replies":[{"embeddable":true,"href":"https:\/\/kavaeurope.eu\/es\/wp-json\/wp\/v2\/comments?post=47184"}],"wp:featuredmedia":[{"embeddable":true,"href":"https:\/\/kavaeurope.eu\/es\/wp-json\/wp\/v2\/media\/45909"}],"wp:attachment":[{"href":"https:\/\/kavaeurope.eu\/es\/wp-json\/wp\/v2\/media?parent=47184"}],"wp:term":[{"taxonomy":"product_brand","embeddable":true,"href":"https:\/\/kavaeurope.eu\/es\/wp-json\/wp\/v2\/product_brand?post=47184"},{"taxonomy":"product_cat","embeddable":true,"href":"https:\/\/kavaeurope.eu\/es\/wp-json\/wp\/v2\/product_cat?post=47184"},{"taxonomy":"product_tag","embeddable":true,"href":"https:\/\/kavaeurope.eu\/es\/wp-json\/wp\/v2\/product_tag?post=47184"}],"curies":[{"name":"wp","href":"https:\/\/api.w.org\/{rel}","templated":true}]}}