{"id":46787,"date":"2025-03-14T17:38:25","date_gmt":"2025-03-14T16:38:25","guid":{"rendered":"https:\/\/temp.kavaeurope.eu\/quest-ce-que-le-kava\/"},"modified":"2025-12-09T15:06:43","modified_gmt":"2025-12-09T14:06:43","slug":"quest-ce-que-le-kava","status":"publish","type":"page","link":"https:\/\/kavaeurope.eu\/fr\/quest-ce-que-le-kava\/","title":{"rendered":"Qu&rsquo;est-ce que le kava ?"},"content":{"rendered":"<style>.kb-row-layout-wrap.wp-block-kadence-rowlayout.kb-row-layout-id45311_ceb37c-3d{margin-top:var(--global-kb-spacing-sm, 1.5rem);margin-bottom:var(--global-kb-spacing-sm, 1.5rem);}.kb-row-layout-id45311_ceb37c-3d > .kt-row-column-wrap{align-content:start;}:where(.kb-row-layout-id45311_ceb37c-3d > .kt-row-column-wrap) > .wp-block-kadence-column{justify-content:start;}.kb-row-layout-id45311_ceb37c-3d > .kt-row-column-wrap{column-gap:var(--global-kb-gap-md, 2rem);row-gap:var(--global-kb-gap-md, 2rem);padding-right:0px;padding-bottom:var(--global-kb-spacing-sm, 1.5rem);grid-template-columns:repeat(2, minmax(0, 1fr));}.kb-row-layout-id45311_ceb37c-3d{border-top-left-radius:20px;border-top-right-radius:20px;border-bottom-right-radius:20px;border-bottom-left-radius:20px;overflow:clip;isolation:isolate;}.kb-row-layout-id45311_ceb37c-3d > .kt-row-layout-overlay{border-top-left-radius:20px;border-top-right-radius:20px;border-bottom-right-radius:20px;border-bottom-left-radius:20px;}.kb-row-layout-id45311_ceb37c-3d{background-color:#eeeae9;}.kb-row-layout-id45311_ceb37c-3d > .kt-row-layout-overlay{opacity:0.30;}@media all and (max-width: 1024px){.kb-row-layout-id45311_ceb37c-3d > .kt-row-column-wrap{padding-right:var(--global-kb-spacing-xs, 1rem);grid-template-columns:minmax(0, 1fr);}}@media all and (max-width: 767px){.kb-row-layout-id45311_ceb37c-3d > .kt-row-column-wrap{grid-template-columns:minmax(0, 1fr);}}.kb-row-layout-id45311_ceb37c-3d {  max-width: 1900px;  margin-left: auto!important;  margin-right: auto!important;}<\/style><div class=\"kb-row-layout-wrap kb-row-layout-id45311_ceb37c-3d alignnone kt-row-has-bg wp-block-kadence-rowlayout\"><div class=\"kt-row-column-wrap kt-has-2-columns kt-row-layout-equal kt-tab-layout-row kt-mobile-layout-row kt-row-valign-top\">\n<style>.kadence-column45311_3595b5-77 > .kt-inside-inner-col{padding-top:var(--global-kb-spacing-xs, 1rem);}.kadence-column45311_3595b5-77 > .kt-inside-inner-col,.kadence-column45311_3595b5-77 > .kt-inside-inner-col:before{border-top-left-radius:0px;border-top-right-radius:0px;border-bottom-right-radius:0px;border-bottom-left-radius:0px;}.kadence-column45311_3595b5-77 > .kt-inside-inner-col{column-gap:var(--global-kb-gap-sm, 1rem);}.kadence-column45311_3595b5-77 > .kt-inside-inner-col{flex-direction:column;}.kadence-column45311_3595b5-77 > .kt-inside-inner-col > .aligncenter{width:100%;}.kadence-column45311_3595b5-77 > .kt-inside-inner-col:before{opacity:0.3;}.kadence-column45311_3595b5-77{position:relative;}@media all and (max-width: 1024px){.kadence-column45311_3595b5-77 > .kt-inside-inner-col{flex-direction:column;justify-content:center;}}@media all and (max-width: 767px){.kadence-column45311_3595b5-77 > .kt-inside-inner-col{flex-direction:column;justify-content:center;}}<\/style>\n<div class=\"wp-block-kadence-column kadence-column45311_3595b5-77\"><div class=\"kt-inside-inner-col\">\n<h1 class=\"wp-block-heading\">Qu&rsquo;est-ce que le kava ?<\/h1>\n\n\n\n<p>Le nom \u00ab\u00a0kava\" (ou \u00ab\u00a0kava kava\", souvent utilis\u00e9 en Europe) a deux significations. Il d\u00e9signe une plante vivace domestiqu\u00e9e et cultiv\u00e9e dans toute l&rsquo;Oc\u00e9anie, ainsi qu&rsquo;un jus traditionnel pr\u00e9par\u00e9 \u00e0 partir de ses racines. Le kava est utilis\u00e9 depuis des mill\u00e9naires par les cultures du Pacifique Sud pour toute une s\u00e9rie d&rsquo;usages.  <\/p>\n\n\n\n<p>Dans l&rsquo;Union europ\u00e9enne, l&rsquo;utilisation du kava est actuellement limit\u00e9e \u00e0 des fins autres que la consommation humaine. Par exemple, il peut \u00eatre utilis\u00e9 comme colorant textile naturel et biologique. Le kava contient des substances phytochimiques uniques qui produisent des couleurs vives, ce qui le rend adapt\u00e9 \u00e0 la teinture naturelle des textiles. Le kava pr\u00e9par\u00e9 de mani\u00e8re traditionnelle peut donner des couleurs distinctives, allant du jaune et du brun au beige tropical, en fonction du cultivar et du mode de pr\u00e9paration. Ces compos\u00e9s naturels font du kava un excellent choix pour teindre les textiles de mani\u00e8re naturelle et durable.    <\/p>\n<\/div><\/div>\n\n\n<style>.kadence-column45311_99b515-34 > .kt-inside-inner-col,.kadence-column45311_99b515-34 > .kt-inside-inner-col:before{border-top-left-radius:0px;border-top-right-radius:0px;border-bottom-right-radius:0px;border-bottom-left-radius:0px;}.kadence-column45311_99b515-34 > .kt-inside-inner-col{column-gap:var(--global-kb-gap-sm, 1rem);}.kadence-column45311_99b515-34 > .kt-inside-inner-col{flex-direction:column;}.kadence-column45311_99b515-34 > .kt-inside-inner-col > .aligncenter{width:100%;}.kadence-column45311_99b515-34 > .kt-inside-inner-col:before{opacity:0.3;}.kadence-column45311_99b515-34{position:relative;}@media all and (max-width: 1024px){.kadence-column45311_99b515-34 > .kt-inside-inner-col{flex-direction:column;justify-content:center;}}@media all and (max-width: 767px){.kadence-column45311_99b515-34 > .kt-inside-inner-col{flex-direction:column;justify-content:center;}}<\/style>\n<div class=\"wp-block-kadence-column kadence-column45311_99b515-34\"><div class=\"kt-inside-inner-col\"><style>.kb-image45311_6028fd-06 .kb-image-has-overlay:after{opacity:0.3;border-top-left-radius:20px;border-top-right-radius:20px;border-bottom-right-radius:20px;border-bottom-left-radius:20px;}.kb-image45311_6028fd-06 img.kb-img, .kb-image45311_6028fd-06 .kb-img img{border-top-left-radius:20px;border-top-right-radius:20px;border-bottom-right-radius:20px;border-bottom-left-radius:20px;}<\/style>\n<figure class=\"wp-block-kadence-image kb-image45311_6028fd-06\"><img decoding=\"async\" width=\"2048\" height=\"1365\" data-src=\"https:\/\/kavaeurope.eu\/wp-content\/uploads\/2025\/03\/ForneyKava-web-209.jpg\" class=\"kb-img wp-image-45326 lazyload\" data-srcset=\"https:\/\/kavaeurope.eu\/wp-content\/uploads\/2025\/03\/ForneyKava-web-209.jpg 2048w, https:\/\/kavaeurope.eu\/wp-content\/uploads\/2025\/03\/ForneyKava-web-209-300x200.jpg 300w, https:\/\/kavaeurope.eu\/wp-content\/uploads\/2025\/03\/ForneyKava-web-209-1024x683.jpg 1024w, https:\/\/kavaeurope.eu\/wp-content\/uploads\/2025\/03\/ForneyKava-web-209-768x512.jpg 768w, https:\/\/kavaeurope.eu\/wp-content\/uploads\/2025\/03\/ForneyKava-web-209-1536x1024.jpg 1536w, https:\/\/kavaeurope.eu\/wp-content\/uploads\/2025\/03\/ForneyKava-web-209-700x467.jpg 700w, https:\/\/kavaeurope.eu\/wp-content\/uploads\/2025\/03\/ForneyKava-web-209-64x43.jpg 64w\" data-sizes=\"(max-width: 2048px) 100vw, 2048px\" src=\"data:image\/svg+xml;base64,PHN2ZyB3aWR0aD0iMSIgaGVpZ2h0PSIxIiB4bWxucz0iaHR0cDovL3d3dy53My5vcmcvMjAwMC9zdmciPjwvc3ZnPg==\" style=\"--smush-placeholder-width: 2048px; --smush-placeholder-aspect-ratio: 2048\/1365;\" \/><\/figure>\n<\/div><\/div>\n\n<\/div><\/div>","protected":false},"excerpt":{"rendered":"<p>Qu&rsquo;est-ce que le kava ? Le nom \u00ab\u00a0kava\" (ou \u00ab\u00a0kava kava\", souvent utilis\u00e9 en Europe) a deux significations. Il d\u00e9signe une plante vivace domestiqu\u00e9e et cultiv\u00e9e dans toute l&rsquo;Oc\u00e9anie, ainsi qu&rsquo;un jus traditionnel pr\u00e9par\u00e9 \u00e0 partir de ses racines. Le kava est utilis\u00e9 depuis des mill\u00e9naires par les cultures du Pacifique Sud pour toute une&#8230;<\/p>\n","protected":false},"author":2,"featured_media":0,"parent":0,"menu_order":0,"comment_status":"closed","ping_status":"closed","template":"","meta":{"_kad_blocks_custom_css":"","_kad_blocks_head_custom_js":"","_kad_blocks_body_custom_js":"","_kad_blocks_footer_custom_js":"","_kad_post_transparent":"","_kad_post_title":"hide","_kad_post_layout":"fullwidth","_kad_post_sidebar_id":"","_kad_post_content_style":"unboxed","_kad_post_vertical_padding":"hide","_kad_post_feature":"","_kad_post_feature_position":"","_kad_post_header":false,"_kad_post_footer":false,"_kad_post_classname":"","footnotes":""},"class_list":["post-46787","page","type-page","status-publish","hentry"],"aioseo_notices":[],"taxonomy_info":[],"featured_image_src_large":false,"author_info":{"display_name":"AdminMarcin","author_link":"https:\/\/kavaeurope.eu\/fr\/author\/adminmarcin\/"},"comment_info":0,"_links":{"self":[{"href":"https:\/\/kavaeurope.eu\/fr\/wp-json\/wp\/v2\/pages\/46787","targetHints":{"allow":["GET"]}}],"collection":[{"href":"https:\/\/kavaeurope.eu\/fr\/wp-json\/wp\/v2\/pages"}],"about":[{"href":"https:\/\/kavaeurope.eu\/fr\/wp-json\/wp\/v2\/types\/page"}],"author":[{"embeddable":true,"href":"https:\/\/kavaeurope.eu\/fr\/wp-json\/wp\/v2\/users\/2"}],"replies":[{"embeddable":true,"href":"https:\/\/kavaeurope.eu\/fr\/wp-json\/wp\/v2\/comments?post=46787"}],"version-history":[{"count":0,"href":"https:\/\/kavaeurope.eu\/fr\/wp-json\/wp\/v2\/pages\/46787\/revisions"}],"wp:attachment":[{"href":"https:\/\/kavaeurope.eu\/fr\/wp-json\/wp\/v2\/media?parent=46787"}],"curies":[{"name":"wp","href":"https:\/\/api.w.org\/{rel}","templated":true}]}}