{"id":46791,"date":"2020-01-30T18:14:46","date_gmt":"2020-01-30T17:14:46","guid":{"rendered":"https:\/\/temp.kavaeurope.eu\/contact\/"},"modified":"2026-04-17T09:12:13","modified_gmt":"2026-04-17T07:12:13","slug":"contact","status":"publish","type":"page","link":"https:\/\/kavaeurope.eu\/fr\/contact\/","title":{"rendered":"Contact"},"content":{"rendered":"<style>.kb-row-layout-id3344_a23894-a7 > .kt-row-column-wrap{align-content:start;}:where(.kb-row-layout-id3344_a23894-a7 > .kt-row-column-wrap) > .wp-block-kadence-column{justify-content:start;}.kb-row-layout-id3344_a23894-a7 > .kt-row-column-wrap{column-gap:var(--global-kb-gap-md, 2rem);row-gap:var(--global-kb-gap-md, 2rem);max-width:var( --global-content-width, 1290px );padding-left:var(--global-content-edge-padding);padding-right:var(--global-content-edge-padding);padding-top:var(--global-kb-spacing-xxl, 5rem);padding-bottom:var(--global-kb-spacing-xxl, 5rem);grid-template-columns:repeat(2, minmax(0, 1fr));}.kb-row-layout-id3344_a23894-a7{--breakout-negative-margin-right:calc( ( ( ( var(--global-vw, 100vw) - ( var( --global-content-width, 1290px ) - ( var(--global-content-edge-padding)*2 ) ) ) \/ 2 ) *-1) + -1px);--breakout-negative-margin-left:calc( ( ( ( var(--global-vw, 100vw) - ( var( --global-content-width, 1290px ) - ( var(--global-content-edge-padding)*2 ) ) ) \/ 2 ) *-1) + -1px);}@media all and (min-width:1290px){.kb-row-layout-id3344_a23894-a7 > .kt-row-column-wrap > .wp-block-kadence-column:nth-child(2 of *:not(style)):not(.specificity){margin-inline-end:var(--breakout-negative-margin-right);}}.kb-row-layout-id3344_a23894-a7 > .kt-row-layout-overlay{opacity:0.30;}@media all and (min-width: 1025px){.kb-row-layout-id3344_a23894-a7 > .kt-row-column-wrap > .wp-block-kadence-column:nth-child(2 of *:not(style)){margin-inline-end:calc( var(--global-content-edge-padding) *-1 );}}@media all and (max-width: 1024px){.kb-row-layout-id3344_a23894-a7 > .kt-row-column-wrap{grid-template-columns:repeat(2, minmax(0, 1fr));}}@media all and (min-width: 768px) and (max-width: 1024px){.kb-row-layout-id3344_a23894-a7 > .kt-row-column-wrap:not(.kt-tab-layout-row) > .wp-block-kadence-column:nth-child(2 of *:not(style)){margin-inline-end:calc( var(--global-content-edge-padding) *-1 );}}@media all and (max-width: 767px){.kb-row-layout-id3344_a23894-a7 > .kt-row-column-wrap{padding-top:var(--global-kb-spacing-md, 2rem);grid-template-columns:minmax(0, 1fr);}}<\/style><div class=\"kb-row-layout-wrap kb-row-layout-id3344_a23894-a7 alignfull wp-block-kadence-rowlayout\"><div class=\"kt-row-column-wrap kt-has-2-columns kt-row-layout-equal kt-tab-layout-inherit kt-mobile-layout-row kt-row-valign-top kb-theme-content-width\">\n<style>.kadence-column3344_b4e54c-77 > .kt-inside-inner-col,.kadence-column3344_b4e54c-77 > .kt-inside-inner-col:before{border-top-left-radius:0px;border-top-right-radius:0px;border-bottom-right-radius:0px;border-bottom-left-radius:0px;}.kadence-column3344_b4e54c-77 > .kt-inside-inner-col{column-gap:var(--global-kb-gap-sm, 1rem);}.kadence-column3344_b4e54c-77 > .kt-inside-inner-col{flex-direction:column;}.kadence-column3344_b4e54c-77 > .kt-inside-inner-col > .aligncenter{width:100%;}.kadence-column3344_b4e54c-77 > .kt-inside-inner-col:before{opacity:0.3;}.kadence-column3344_b4e54c-77{position:relative;}@media all and (max-width: 1024px){.kadence-column3344_b4e54c-77 > .kt-inside-inner-col{flex-direction:column;justify-content:center;}}@media all and (max-width: 767px){.kadence-column3344_b4e54c-77 > .kt-inside-inner-col{flex-direction:column;justify-content:center;}}<\/style>\n<div class=\"wp-block-kadence-column kadence-column3344_b4e54c-77\"><div class=\"kt-inside-inner-col\"><style>.wp-block-kadence-advancedheading.kt-adv-heading3344_e1149d-9a, .wp-block-kadence-advancedheading.kt-adv-heading3344_e1149d-9a[data-kb-block=\"kb-adv-heading3344_e1149d-9a\"]{font-style:normal;}.wp-block-kadence-advancedheading.kt-adv-heading3344_e1149d-9a mark.kt-highlight, .wp-block-kadence-advancedheading.kt-adv-heading3344_e1149d-9a[data-kb-block=\"kb-adv-heading3344_e1149d-9a\"] mark.kt-highlight{font-style:normal;color:#f76a0c;-webkit-box-decoration-break:clone;box-decoration-break:clone;padding-top:0px;padding-right:0px;padding-bottom:0px;padding-left:0px;}.wp-block-kadence-advancedheading.kt-adv-heading3344_e1149d-9a img.kb-inline-image, .wp-block-kadence-advancedheading.kt-adv-heading3344_e1149d-9a[data-kb-block=\"kb-adv-heading3344_e1149d-9a\"] img.kb-inline-image{width:150px;vertical-align:baseline;}<\/style>\n<h1 class=\"kt-adv-heading3344_e1149d-9a wp-block-kadence-advancedheading\" data-kb-block=\"kb-adv-heading3344_e1149d-9a\">Contactez nous !<\/h1>\n\n\n\n<p>Pacific Elixir sp. z o. o.<br\/>ul.Czerniakowska 73\/79, 00-718 Warszawa<br\/>NIP (TIN) : 5242928576<br\/>T\u00e9l : <a style=\"color: #523220;\" href=\"tel:+48609188027\">+48 609 188 027<\/a><br\/>e-mail : <a href=\"mailto:contact@kavaeurope.eu\">contact@kavaeurope.eu<\/a><\/p>\n\n\n\n<p><strong style=\"font-size: 24px;\">Produits et \u00e9v\u00e9nements<\/strong><br\/>Vous avez des questions sur les produits disponibles dans notre magasin ou vous souhaitez vous inscrire \u00e0 un \u00e9v\u00e9nement sur le kava pour en apprendre davantage sur son histoire, son profil aromatique et son r\u00f4le dans la teinture naturelle des textiles ? N&rsquo;h\u00e9sitez pas \u00e0 nous contacter. <\/p>\n\n\n\n<p><strong style=\"font-size: 24px;\">Collaboration<\/strong><br\/>Vous souhaitez collaborer avec nous ? Vous souhaitez organiser un \u00e9v\u00e9nement autour du kava ou vendre nos produits dans votre magasin ? Faites-nous part de votre id\u00e9e.  <\/p>\n\n\n<style>.kadence-column3344_17eddf-0a > .kt-inside-inner-col{padding-top:var(--global-kb-spacing-sm, 1.5rem);padding-right:var(--global-kb-spacing-sm, 1.5rem);padding-bottom:var(--global-kb-spacing-sm, 1.5rem);padding-left:var(--global-kb-spacing-sm, 1.5rem);}.kadence-column3344_17eddf-0a > .kt-inside-inner-col,.kadence-column3344_17eddf-0a > .kt-inside-inner-col:before{border-top-left-radius:24px;border-top-right-radius:24px;border-bottom-right-radius:24px;border-bottom-left-radius:24px;}.kadence-column3344_17eddf-0a > .kt-inside-inner-col{column-gap:var(--global-kb-gap-sm, 1rem);}.kadence-column3344_17eddf-0a > .kt-inside-inner-col{flex-direction:column;}.kadence-column3344_17eddf-0a > .kt-inside-inner-col > .aligncenter{width:100%;}.kadence-column3344_17eddf-0a > .kt-inside-inner-col{background-color:var(--global-palette8, #F7FAFC);}.kadence-column3344_17eddf-0a > .kt-inside-inner-col:before{opacity:0.3;}.kadence-column3344_17eddf-0a{position:relative;}@media all and (max-width: 1024px){.kadence-column3344_17eddf-0a > .kt-inside-inner-col{flex-direction:column;justify-content:center;}}@media all and (max-width: 767px){.kadence-column3344_17eddf-0a > .kt-inside-inner-col{flex-direction:column;justify-content:center;}}<\/style>\n<div class=\"wp-block-kadence-column kadence-column3344_17eddf-0a\"><div class=\"kt-inside-inner-col\"><style>.wp-block-kadence-advanced-form63040-cpt-id{--kb-form-border-color:#523220;}.wp-block-kadence-advanced-form63040-cpt-id .kb-adv-form-success{color:var(--global-palette9, #ffffff);background:var(--global-palette1, #3182CE);}<\/style><div class=\"wp-block-kadence-advanced-form wp-block-kadence-advanced-form63040-cpt-id kb-adv-form-label-style-infield kb-adv-form-input-size-standard kb-form-basic-style wp-block-kadence-advanced-form\"><form id=\"kb-adv-form-63040-cpt-id\" class=\"kb-advanced-form\" method=\"post\">\n<style>.kb-row-layout-id3344_04f262-88 > .kt-row-column-wrap{align-content:start;}:where(.kb-row-layout-id3344_04f262-88 > .kt-row-column-wrap) > .wp-block-kadence-column{justify-content:start;}.kb-row-layout-id3344_04f262-88 > .kt-row-column-wrap{column-gap:var(--global-kb-gap-md, 2rem);row-gap:var(--global-kb-gap-md, 2rem);padding-top:0px;padding-right:0px;padding-bottom:0px;padding-left:0px;grid-template-columns:minmax(0, 1fr);}.kb-row-layout-id3344_04f262-88 > .kt-row-layout-overlay{opacity:0.30;}@media all and (max-width: 1024px){.kb-row-layout-id3344_04f262-88 > .kt-row-column-wrap{grid-template-columns:minmax(0, 1fr);}}@media all and (max-width: 767px){.kb-row-layout-id3344_04f262-88 > .kt-row-column-wrap{grid-template-columns:minmax(0, 1fr);}}<\/style><div class=\"kb-row-layout-wrap kb-row-layout-id3344_04f262-88 alignnone wp-block-kadence-rowlayout\"><div class=\"kt-row-column-wrap kt-has-2-columns kt-row-layout-row kt-tab-layout-inherit kt-mobile-layout-row kt-row-valign-top\">\n<style>.kadence-column3344_50c72a-10 > .kt-inside-inner-col,.kadence-column3344_50c72a-10 > .kt-inside-inner-col:before{border-top-left-radius:0px;border-top-right-radius:0px;border-bottom-right-radius:0px;border-bottom-left-radius:0px;}.kadence-column3344_50c72a-10 > .kt-inside-inner-col{column-gap:var(--global-kb-gap-sm, 1rem);}.kadence-column3344_50c72a-10 > .kt-inside-inner-col{flex-direction:column;}.kadence-column3344_50c72a-10 > .kt-inside-inner-col > .aligncenter{width:100%;}.kadence-column3344_50c72a-10 > .kt-inside-inner-col:before{opacity:0.3;}.kadence-column3344_50c72a-10{position:relative;}@media all and (max-width: 1024px){.kadence-column3344_50c72a-10 > .kt-inside-inner-col{flex-direction:column;justify-content:center;}}@media all and (max-width: 767px){.kadence-column3344_50c72a-10 > .kt-inside-inner-col{flex-direction:column;justify-content:center;}}<\/style>\n<div class=\"wp-block-kadence-column kadence-column3344_50c72a-10\"><div class=\"kt-inside-inner-col\"><div class=\"kb-adv-form-field kb-adv-form-text-type-input kb-adv-form-infield-type-input kb-field6304048b581-19 wp-block-kadence-advanced-form-text\"><label class=\"kb-adv-form-label\" for=\"field6304048b581-19\">Name<\/label><input name=\"field48b581-19\" id=\"field6304048b581-19\" data-label=\"Name\" autocomplete=\"name\" type=\"text\" placeholder=\"\" value=\"\" data-type=\"text\" class=\"kb-field kb-text-field\" data-required=\"no\" \/><\/div><\/div><\/div>\n\n\n<style>.kadence-column3344_fcdf11-6f > .kt-inside-inner-col,.kadence-column3344_fcdf11-6f > .kt-inside-inner-col:before{border-top-left-radius:0px;border-top-right-radius:0px;border-bottom-right-radius:0px;border-bottom-left-radius:0px;}.kadence-column3344_fcdf11-6f > .kt-inside-inner-col{column-gap:var(--global-kb-gap-sm, 1rem);}.kadence-column3344_fcdf11-6f > .kt-inside-inner-col{flex-direction:column;}.kadence-column3344_fcdf11-6f > .kt-inside-inner-col > .aligncenter{width:100%;}.kadence-column3344_fcdf11-6f > .kt-inside-inner-col:before{opacity:0.3;}.kadence-column3344_fcdf11-6f{position:relative;}@media all and (max-width: 1024px){.kadence-column3344_fcdf11-6f > .kt-inside-inner-col{flex-direction:column;justify-content:center;}}@media all and (max-width: 767px){.kadence-column3344_fcdf11-6f > .kt-inside-inner-col{flex-direction:column;justify-content:center;}}<\/style>\n<div class=\"wp-block-kadence-column kadence-column3344_fcdf11-6f\"><div class=\"kt-inside-inner-col\"><div class=\"kb-adv-form-field kb-adv-form-text-type-input kb-adv-form-infield-type-input kb-field63040a54249-37 wp-block-kadence-advanced-form-email\"><label class=\"kb-adv-form-label\" for=\"field63040a54249-37\">Email<span class=\"kb-adv-form-required\">*<\/span><\/label><input name=\"email\" id=\"field63040a54249-37\" data-label=\"Email\" autocomplete=\"email\" type=\"email\" placeholder=\"\" value=\"\" data-type=\"email\" class=\"kb-field kb-email-field\" data-required=\"yes\" required aria-required=\"true\"\/><\/div><\/div><\/div>\n\n\n<style>.kadence-column3344_cf1ebc-5f > .kt-inside-inner-col,.kadence-column3344_cf1ebc-5f > .kt-inside-inner-col:before{border-top-left-radius:0px;border-top-right-radius:0px;border-bottom-right-radius:0px;border-bottom-left-radius:0px;}.kadence-column3344_cf1ebc-5f > .kt-inside-inner-col{column-gap:var(--global-kb-gap-sm, 1rem);}.kadence-column3344_cf1ebc-5f > .kt-inside-inner-col{flex-direction:column;}.kadence-column3344_cf1ebc-5f > .kt-inside-inner-col > .aligncenter{width:100%;}.kadence-column3344_cf1ebc-5f > .kt-inside-inner-col:before{opacity:0.3;}.kadence-column3344_cf1ebc-5f{position:relative;}@media all and (max-width: 1024px){.kadence-column3344_cf1ebc-5f > .kt-inside-inner-col{flex-direction:column;justify-content:center;}}@media all and (max-width: 767px){.kadence-column3344_cf1ebc-5f > .kt-inside-inner-col{flex-direction:column;justify-content:center;}}<\/style>\n<div class=\"wp-block-kadence-column kadence-column3344_cf1ebc-5f\"><div class=\"kt-inside-inner-col\"><div class=\"kb-adv-form-field kb-adv-form-text-type-input kb-adv-form-infield-type-input kb-field63040d6da32-86 wp-block-kadence-advanced-form-text\"><label class=\"kb-adv-form-label\" for=\"field63040d6da32-86\">Company<\/label><input name=\"fieldd6da32-86\" id=\"field63040d6da32-86\" data-label=\"Company\" type=\"text\" placeholder=\"\" value=\"\" data-type=\"text\" class=\"kb-field kb-text-field\" data-required=\"no\" \/><\/div><\/div><\/div>\n\n<\/div><\/div>\n\n<div class=\"kb-adv-form-field kb-adv-form-text-type-input kb-adv-form-infield-type-input kb-field630403eb6a9-72 wp-block-kadence-advanced-form-textarea\"><label class=\"kb-adv-form-label\" for=\"field630403eb6a9-72\">Message<span class=\"kb-adv-form-required\">*<\/span><\/label><textarea name=\"field3eb6a9-72\" id=\"field630403eb6a9-72\" rows=\"3\"  data-label=\"Message\" placeholder=\"\" data-type=\"textarea\" class=\"kb-field kb-textarea-field\" data-required=\"yes\" required aria-required=\"true\"><\/textarea><\/div>\n\n<style>.wp-block-kadence-advancedheading.kt-adv-heading3344_abe0ea-6b, .wp-block-kadence-advancedheading.kt-adv-heading3344_abe0ea-6b[data-kb-block=\"kb-adv-heading3344_abe0ea-6b\"]{margin-bottom:0px;font-size:var(--global-kb-font-size-sm, 0.9rem);font-style:normal;}.wp-block-kadence-advancedheading.kt-adv-heading3344_abe0ea-6b mark.kt-highlight, .wp-block-kadence-advancedheading.kt-adv-heading3344_abe0ea-6b[data-kb-block=\"kb-adv-heading3344_abe0ea-6b\"] mark.kt-highlight{font-style:normal;color:#f76a0c;-webkit-box-decoration-break:clone;box-decoration-break:clone;padding-top:0px;padding-right:0px;padding-bottom:0px;padding-left:0px;}.wp-block-kadence-advancedheading.kt-adv-heading3344_abe0ea-6b img.kb-inline-image, .wp-block-kadence-advancedheading.kt-adv-heading3344_abe0ea-6b[data-kb-block=\"kb-adv-heading3344_abe0ea-6b\"] img.kb-inline-image{width:150px;vertical-align:baseline;}<\/style>\n<p class=\"kt-adv-heading3344_abe0ea-6b wp-block-kadence-advancedheading\" data-kb-block=\"kb-adv-heading3344_abe0ea-6b\">The administrator of your personal data provided for contact is Pacific Elixir sp. z o. o. (limited liability) based in Warsaw. Your personal data will be processed in particular to implement the legitimate interests of the administrator for communication with users, statistical and analytical purposes of the administrator and possible establishment and pursue of claims or defense against claims. More information on the processing of personal data can be found in our privacy policy in the Regulations tab.<\/p>\n\n\n<div class=\"kb-adv-form-field kb-field1218ab-87 wp-block-kadence-advanced-form-captcha\"><div class=\"cf-turnstile\" data-language=\"\" data-size=\"normal\" data-theme=\"light\" data-sitekey=\"0x4AAAAAACHGaeKh_N6oXQFv\"><\/div><\/div>\n\n<style>ul.menu .kb-submit-field .kb-btn3201e7-26.kb-button{width:initial;}.kb-submit-field.kb-field3201e7-26{justify-content:flex-start;}<\/style><div class=\"kb-adv-form-field kb-submit-field kb-field3201e7-26 wp-block-kadence-advanced-form-submit\"><button class=\"kb-button kt-button button kb-adv-form-submit-button kb-btn3201e7-26 kt-btn-size-standard kt-btn-width-type-full kb-btn-global-inherit kt-btn-has-text-true kt-btn-has-svg-false wp-block-button__link\" type=\"submit\"><span class=\"kt-btn-inner-text\">Submit<\/span><\/button><\/div>\n<input type=\"hidden\" name=\"_kb_adv_form_post_id\" value=\"63040\"><input type=\"hidden\" name=\"action\" value=\"kb_process_advanced_form_submit\"><input type=\"hidden\" name=\"_kb_adv_form_id\" value=\"63040-cpt-id\"><\/form><\/div><\/div><\/div>\n<\/div><\/div>\n\n\n<style>.kadence-column3344_93fddc-5a > .kt-inside-inner-col,.kadence-column3344_93fddc-5a > .kt-inside-inner-col:before{border-top-left-radius:0px;border-top-right-radius:0px;border-bottom-right-radius:0px;border-bottom-left-radius:0px;}.kadence-column3344_93fddc-5a > .kt-inside-inner-col{column-gap:var(--global-kb-gap-sm, 1rem);}.kadence-column3344_93fddc-5a > .kt-inside-inner-col{flex-direction:column;}.kadence-column3344_93fddc-5a > .kt-inside-inner-col > .aligncenter{width:100%;}.kadence-column3344_93fddc-5a > .kt-inside-inner-col:before{opacity:0.3;}.kadence-column3344_93fddc-5a{position:relative;}@media all and (max-width: 1024px){.kadence-column3344_93fddc-5a > .kt-inside-inner-col{flex-direction:column;justify-content:center;}}@media all and (max-width: 767px){.kadence-column3344_93fddc-5a > .kt-inside-inner-col{flex-direction:column;justify-content:center;}}.kadence-column3344_93fddc-5a img {  width: 100%;}<\/style>\n<div class=\"wp-block-kadence-column kadence-column3344_93fddc-5a\"><div class=\"kt-inside-inner-col\"><style>.kb-image3344_a337bd-90 .kb-image-has-overlay:after{opacity:0.3;border-top-left-radius:24px;border-top-right-radius:24px;border-bottom-right-radius:24px;border-bottom-left-radius:24px;}.kb-image3344_a337bd-90 img.kb-img, .kb-image3344_a337bd-90 .kb-img img{border-top-left-radius:24px;border-top-right-radius:24px;border-bottom-right-radius:24px;border-bottom-left-radius:24px;}<\/style>\n<figure class=\"wp-block-kadence-image kb-image3344_a337bd-90\"><img decoding=\"async\" data-src=\"https:\/\/kavaeurope.eu\/wp-content\/uploads\/2025\/03\/HansonandDaughters_RootPestle_Studiotake2-45-1-1.jpg\" alt=\"\" class=\"kb-img lazyload\" src=\"data:image\/svg+xml;base64,PHN2ZyB3aWR0aD0iMSIgaGVpZ2h0PSIxIiB4bWxucz0iaHR0cDovL3d3dy53My5vcmcvMjAwMC9zdmciPjwvc3ZnPg==\" style=\"--smush-placeholder-width: 498px; --smush-placeholder-aspect-ratio: 498\/482;\" \/><\/figure>\n<\/div><\/div>\n\n<\/div><\/div>","protected":false},"excerpt":{"rendered":"<p>Contactez nous ! Pacific Elixir sp. z o. o.ul.Czerniakowska 73\/79, 00-718 WarszawaNIP (TIN) : 5242928576T\u00e9l : +48 609 188 027e-mail : contact@kavaeurope.eu Produits et \u00e9v\u00e9nementsVous avez des questions sur les produits disponibles dans notre magasin ou vous souhaitez vous inscrire \u00e0 un \u00e9v\u00e9nement sur le kava pour en apprendre davantage sur son histoire, son profil&#8230;<\/p>\n","protected":false},"author":1,"featured_media":0,"parent":0,"menu_order":0,"comment_status":"closed","ping_status":"closed","template":"","meta":{"_kad_blocks_custom_css":"","_kad_blocks_head_custom_js":"","_kad_blocks_body_custom_js":"","_kad_blocks_footer_custom_js":"","_kad_post_transparent":"","_kad_post_title":"hide","_kad_post_layout":"","_kad_post_sidebar_id":"","_kad_post_content_style":"unboxed","_kad_post_vertical_padding":"hide","_kad_post_feature":"","_kad_post_feature_position":"","_kad_post_header":false,"_kad_post_footer":false,"_kad_post_classname":"","footnotes":""},"class_list":["post-46791","page","type-page","status-publish","hentry"],"aioseo_notices":[],"taxonomy_info":[],"featured_image_src_large":false,"author_info":{"display_name":"adminks","author_link":"https:\/\/kavaeurope.eu\/fr\/author\/adminks\/"},"comment_info":0,"_links":{"self":[{"href":"https:\/\/kavaeurope.eu\/fr\/wp-json\/wp\/v2\/pages\/46791","targetHints":{"allow":["GET"]}}],"collection":[{"href":"https:\/\/kavaeurope.eu\/fr\/wp-json\/wp\/v2\/pages"}],"about":[{"href":"https:\/\/kavaeurope.eu\/fr\/wp-json\/wp\/v2\/types\/page"}],"author":[{"embeddable":true,"href":"https:\/\/kavaeurope.eu\/fr\/wp-json\/wp\/v2\/users\/1"}],"replies":[{"embeddable":true,"href":"https:\/\/kavaeurope.eu\/fr\/wp-json\/wp\/v2\/comments?post=46791"}],"version-history":[{"count":0,"href":"https:\/\/kavaeurope.eu\/fr\/wp-json\/wp\/v2\/pages\/46791\/revisions"}],"wp:attachment":[{"href":"https:\/\/kavaeurope.eu\/fr\/wp-json\/wp\/v2\/media?parent=46791"}],"curies":[{"name":"wp","href":"https:\/\/api.w.org\/{rel}","templated":true}]}}