{"id":46914,"date":"2020-01-30T18:13:16","date_gmt":"2020-01-30T17:13:16","guid":{"rendered":"https:\/\/temp.kavaeurope.eu\/notre-qualite\/"},"modified":"2026-04-17T06:19:52","modified_gmt":"2026-04-17T04:19:52","slug":"notre-qualite","status":"publish","type":"page","link":"https:\/\/kavaeurope.eu\/fr\/notre-qualite\/","title":{"rendered":"Notre qualit\u00e9"},"content":{"rendered":"<style>.kb-row-layout-wrap.wp-block-kadence-rowlayout.kb-row-layout-id3335_fdf6c8-7e{margin-top:var(--global-kb-spacing-sm, 1.5rem);margin-bottom:var(--global-kb-spacing-sm, 1.5rem);}.kb-row-layout-id3335_fdf6c8-7e > .kt-row-column-wrap{align-content:start;}:where(.kb-row-layout-id3335_fdf6c8-7e > .kt-row-column-wrap) > .wp-block-kadence-column{justify-content:start;}.kb-row-layout-id3335_fdf6c8-7e > .kt-row-column-wrap{column-gap:var(--global-kb-gap-md, 2rem);row-gap:var(--global-kb-gap-md, 2rem);padding-right:0px;padding-bottom:var(--global-kb-spacing-sm, 1.5rem);grid-template-columns:repeat(2, minmax(0, 1fr));}.kb-row-layout-id3335_fdf6c8-7e{border-top-left-radius:20px;border-top-right-radius:20px;border-bottom-right-radius:20px;border-bottom-left-radius:20px;overflow:clip;isolation:isolate;}.kb-row-layout-id3335_fdf6c8-7e > .kt-row-layout-overlay{border-top-left-radius:20px;border-top-right-radius:20px;border-bottom-right-radius:20px;border-bottom-left-radius:20px;}.kb-row-layout-id3335_fdf6c8-7e{background-color:#eeeae9;}.kb-row-layout-id3335_fdf6c8-7e > .kt-row-layout-overlay{opacity:0.30;}@media all and (max-width: 1024px){.kb-row-layout-id3335_fdf6c8-7e > .kt-row-column-wrap{padding-right:var(--global-kb-spacing-xs, 1rem);grid-template-columns:minmax(0, 1fr);}}@media all and (max-width: 767px){.kb-row-layout-id3335_fdf6c8-7e > .kt-row-column-wrap{grid-template-columns:minmax(0, 1fr);}}.kb-row-layout-id3335_fdf6c8-7e {  max-width: 1900px;  margin-left: auto!important;  margin-right: auto!important;}<\/style><div class=\"kb-row-layout-wrap kb-row-layout-id3335_fdf6c8-7e alignnone kt-row-has-bg wp-block-kadence-rowlayout\"><div class=\"kt-row-column-wrap kt-has-2-columns kt-row-layout-equal kt-tab-layout-row kt-mobile-layout-row kt-row-valign-top\">\n<style>.kadence-column3335_ddcb24-bc > .kt-inside-inner-col{padding-top:var(--global-kb-spacing-xs, 1rem);}.kadence-column3335_ddcb24-bc > .kt-inside-inner-col,.kadence-column3335_ddcb24-bc > .kt-inside-inner-col:before{border-top-left-radius:0px;border-top-right-radius:0px;border-bottom-right-radius:0px;border-bottom-left-radius:0px;}.kadence-column3335_ddcb24-bc > .kt-inside-inner-col{column-gap:var(--global-kb-gap-sm, 1rem);}.kadence-column3335_ddcb24-bc > .kt-inside-inner-col{flex-direction:column;}.kadence-column3335_ddcb24-bc > .kt-inside-inner-col > .aligncenter{width:100%;}.kadence-column3335_ddcb24-bc > .kt-inside-inner-col:before{opacity:0.3;}.kadence-column3335_ddcb24-bc{position:relative;}@media all and (max-width: 1024px){.kadence-column3335_ddcb24-bc > .kt-inside-inner-col{flex-direction:column;justify-content:center;}}@media all and (max-width: 767px){.kadence-column3335_ddcb24-bc > .kt-inside-inner-col{flex-direction:column;justify-content:center;}}<\/style>\n<div class=\"wp-block-kadence-column kadence-column3335_ddcb24-bc\"><div class=\"kt-inside-inner-col\">\n<h1 class=\"wp-block-heading\">Nous sommes le distributeur europ\u00e9en officiel du kava prim\u00e9 de la Kava Society (Nouvelle-Z\u00e9lande).<\/h1>\n\n\n\n<p>Chez Kava Europe, les choses sont simples. Lorsqu&rsquo;il s&rsquo;agit de kava, nous ne voulons que le meilleur. <\/p>\n\n\n\n<p>Kava Europe est n\u00e9 d&rsquo;une vision simple : <strong>rendre le meilleur kava du monde facilement accessible aux clients europ\u00e9ens, sans les tracas des exp\u00e9ditions \u00e0 longue distance, les retards de douane ou les pr\u00e9occupations concernant la qualit\u00e9 du produit.<\/strong> Gr\u00e2ce \u00e0 notre partenariat exclusif avec la Kava Society (Nouvelle-Z\u00e9lande) et ses collaborateurs de Vanuatu, Root and Pestle, nous proposons un kava noble qui \u00e9tablit la norme mondiale en mati\u00e8re d&rsquo;excellence.<\/p>\n\n\n\n<p>Notre kava est fabriqu\u00e9 uniquement \u00e0 partir de cultivars nobles certifi\u00e9s issus de l&rsquo;agriculture biologique au Vanuatu, transform\u00e9 directement \u00e0 partir de racines fra\u00eeches en utilisant des m\u00e9thodes de pointe dans des installations certifi\u00e9es HACCP, et soumis \u00e0 des tests de laboratoire rigoureux pour en v\u00e9rifier la puret\u00e9 et l&rsquo;authenticit\u00e9. Chaque lot est enti\u00e8rement tra\u00e7able aux cultivars nobles sp\u00e9cifiques et \u00e0 leurs r\u00e9gions de culture, et ne contient qu&rsquo;un seul ingr\u00e9dient : de la poudre de racine de kava noble pure, s\u00e9ch\u00e9e et moulue pour pr\u00e9server les compos\u00e9s aromatiques et pigmentaires naturels qui font la sp\u00e9cificit\u00e9 de chaque cultivar. En choisissant Kava Europe, vous obtenez la m\u00eame mati\u00e8re premi\u00e8re de premi\u00e8re qualit\u00e9 que celle utilis\u00e9e dans le Pacifique et en Nouvelle-Z\u00e9lande - d\u00e9sormais disponible dans l&rsquo;UE pour l&rsquo;aromath\u00e9rapie et la teinture naturelle des textiles, avec une livraison rapide et sans tracas.  <\/p>\n<\/div><\/div>\n\n\n<style>.kadence-column3335_647257-72 > .kt-inside-inner-col{display:flex;}.kadence-column3335_647257-72 > .kt-inside-inner-col,.kadence-column3335_647257-72 > .kt-inside-inner-col:before{border-top-left-radius:0px;border-top-right-radius:0px;border-bottom-right-radius:0px;border-bottom-left-radius:0px;}.kadence-column3335_647257-72 > .kt-inside-inner-col{column-gap:var(--global-kb-gap-sm, 1rem);}.kadence-column3335_647257-72 > .kt-inside-inner-col{flex-direction:column;align-items:flex-end;}.kadence-column3335_647257-72 > .kt-inside-inner-col > .kb-image-is-ratio-size{align-self:stretch;}.kadence-column3335_647257-72 > .kt-inside-inner-col > .wp-block-kadence-advancedgallery{align-self:stretch;}.kadence-column3335_647257-72 > .kt-inside-inner-col > .aligncenter{width:100%;}.kadence-column3335_647257-72 > .kt-inside-inner-col:before{opacity:0.3;}.kadence-column3335_647257-72{position:relative;}@media all and (max-width: 1024px){.kadence-column3335_647257-72 > .kt-inside-inner-col{flex-direction:column;justify-content:center;align-items:flex-end;}}@media all and (max-width: 767px){.kadence-column3335_647257-72 > .kt-inside-inner-col{flex-direction:column;justify-content:center;align-items:flex-end;}}.kadence-column3335_647257-72 img {  width: 100%;}<\/style>\n<div class=\"wp-block-kadence-column kadence-column3335_647257-72\"><div class=\"kt-inside-inner-col\">\n<figure class=\"wp-block-image size-full\"><a href=\"https:\/\/kavaeurope.eu\/wp-content\/uploads\/2026\/02\/ForneyKava-web-324-1.png\"><img decoding=\"async\" width=\"599\" height=\"546\" data-src=\"https:\/\/kavaeurope.eu\/wp-content\/uploads\/2026\/02\/ForneyKava-web-324-1.png\" alt=\"kava notre qualit&#xE9;\" class=\"wp-image-68450 lazyload\" data-srcset=\"https:\/\/kavaeurope.eu\/wp-content\/uploads\/2026\/02\/ForneyKava-web-324-1.png 599w, https:\/\/kavaeurope.eu\/wp-content\/uploads\/2026\/02\/ForneyKava-web-324-1-300x273.png 300w, https:\/\/kavaeurope.eu\/wp-content\/uploads\/2026\/02\/ForneyKava-web-324-1-64x58.png 64w\" data-sizes=\"(max-width: 599px) 100vw, 599px\" src=\"data:image\/svg+xml;base64,PHN2ZyB3aWR0aD0iMSIgaGVpZ2h0PSIxIiB4bWxucz0iaHR0cDovL3d3dy53My5vcmcvMjAwMC9zdmciPjwvc3ZnPg==\" style=\"--smush-placeholder-width: 599px; --smush-placeholder-aspect-ratio: 599\/546;\" \/><\/a><\/figure>\n<\/div><\/div>\n\n<\/div><\/div><style>.kb-row-layout-wrap.wp-block-kadence-rowlayout.kb-row-layout-id3335_26301c-52{margin-top:var(--global-kb-spacing-sm, 1.5rem);margin-bottom:var(--global-kb-spacing-sm, 1.5rem);}.kb-row-layout-id3335_26301c-52 > .kt-row-column-wrap{align-content:start;}:where(.kb-row-layout-id3335_26301c-52 > .kt-row-column-wrap) > .wp-block-kadence-column{justify-content:start;}.kb-row-layout-id3335_26301c-52 > .kt-row-column-wrap{column-gap:var(--global-kb-gap-sm, 1rem);row-gap:var(--global-kb-gap-sm, 1rem);padding-right:0px;padding-bottom:var(--global-kb-spacing-sm, 1.5rem);min-height:400px;}.kb-row-layout-id3335_26301c-52 > .kt-row-column-wrap > div:not(.added-for-specificity){grid-column:initial;}.kb-row-layout-id3335_26301c-52 > .kt-row-column-wrap{grid-template-columns:repeat(3, minmax(0, 1fr));}.kb-row-layout-id3335_26301c-52{border-top-left-radius:20px;border-top-right-radius:20px;border-bottom-right-radius:20px;border-bottom-left-radius:20px;overflow:clip;isolation:isolate;}.kb-row-layout-id3335_26301c-52 > .kt-row-layout-overlay{border-top-left-radius:20px;border-top-right-radius:20px;border-bottom-right-radius:20px;border-bottom-left-radius:20px;}.kb-row-layout-id3335_26301c-52 > .kt-row-layout-overlay{opacity:0.30;}@media all and (max-width: 1024px){.kb-row-layout-id3335_26301c-52 > .kt-row-column-wrap{padding-right:var(--global-kb-spacing-xs, 1rem);grid-template-columns:repeat(3, minmax(0, 1fr));}}@media all and (max-width: 1024px){.kb-row-layout-id3335_26301c-52 > .kt-row-column-wrap > div:not(.added-for-specificity){grid-column:initial;}}@media all and (max-width: 767px){.kb-row-layout-id3335_26301c-52 > .kt-row-column-wrap{padding-right:0px;min-height:400px;grid-template-columns:minmax(0, 1fr);}.kb-row-layout-id3335_26301c-52 > .kt-row-column-wrap > div:not(.added-for-specificity){grid-column:initial;}}.kb-row-layout-id3335_26301c-52 {  max-width: 1900px;  margin-left: auto!important;  margin-right: auto!important;}<\/style><div class=\"kb-row-layout-wrap kb-row-layout-id3335_26301c-52 alignnone wp-block-kadence-rowlayout\"><div class=\"kt-row-column-wrap kt-has-3-columns kt-row-layout-equal kt-tab-layout-inherit kt-mobile-layout-row kt-row-valign-top kt-inner-column-height-full\">\n<style>.kadence-column3335_97f7a1-e0 > .kt-inside-inner-col{padding-top:var(--global-kb-spacing-sm, 1.5rem);padding-right:var(--global-kb-spacing-sm, 1.5rem);padding-bottom:var(--global-kb-spacing-sm, 1.5rem);padding-left:var(--global-kb-spacing-sm, 1.5rem);}.kadence-column3335_97f7a1-e0 > .kt-inside-inner-col,.kadence-column3335_97f7a1-e0 > .kt-inside-inner-col:before{border-top-left-radius:20px;border-top-right-radius:20px;border-bottom-right-radius:20px;border-bottom-left-radius:20px;}.kadence-column3335_97f7a1-e0 > .kt-inside-inner-col{column-gap:var(--global-kb-gap-sm, 1rem);}.kadence-column3335_97f7a1-e0 > .kt-inside-inner-col{flex-direction:column;}.kadence-column3335_97f7a1-e0 > .kt-inside-inner-col > .aligncenter{width:100%;}.kadence-column3335_97f7a1-e0 > .kt-inside-inner-col{background-color:#eeeae9;}.kadence-column3335_97f7a1-e0 > .kt-inside-inner-col:before{opacity:0.3;}.kadence-column3335_97f7a1-e0{position:relative;}.kadence-column3335_97f7a1-e0, .kt-inside-inner-col > .kadence-column3335_97f7a1-e0:not(.specificity){margin-top:0px;margin-right:0px;margin-bottom:0px;margin-left:0px;}@media all and (max-width: 1024px){.kadence-column3335_97f7a1-e0 > .kt-inside-inner-col{flex-direction:column;justify-content:center;}}@media all and (max-width: 767px){.kadence-column3335_97f7a1-e0 > .kt-inside-inner-col{flex-direction:column;justify-content:center;}}<\/style>\n<div class=\"wp-block-kadence-column kadence-column3335_97f7a1-e0\"><div class=\"kt-inside-inner-col\"><style>.wp-block-kadence-advancedheading.kt-adv-heading3335_d76fb1-40, .wp-block-kadence-advancedheading.kt-adv-heading3335_d76fb1-40[data-kb-block=\"kb-adv-heading3335_d76fb1-40\"]{margin-top:0px;margin-right:0px;margin-bottom:0px;margin-left:0px;font-size:var(--global-kb-font-size-xl, 3rem);line-height:1;font-style:normal;}.wp-block-kadence-advancedheading.kt-adv-heading3335_d76fb1-40 mark.kt-highlight, .wp-block-kadence-advancedheading.kt-adv-heading3335_d76fb1-40[data-kb-block=\"kb-adv-heading3335_d76fb1-40\"] mark.kt-highlight{font-style:normal;color:#f76a0c;-webkit-box-decoration-break:clone;box-decoration-break:clone;padding-top:0px;padding-right:0px;padding-bottom:0px;padding-left:0px;}.wp-block-kadence-advancedheading.kt-adv-heading3335_d76fb1-40 img.kb-inline-image, .wp-block-kadence-advancedheading.kt-adv-heading3335_d76fb1-40[data-kb-block=\"kb-adv-heading3335_d76fb1-40\"] img.kb-inline-image{width:150px;vertical-align:baseline;}<\/style>\n<h2 class=\"kt-adv-heading3335_d76fb1-40 wp-block-kadence-advancedheading\" data-kb-block=\"kb-adv-heading3335_d76fb1-40\">Transformation des racines fra\u00eeches<\/h2>\n\n\n<style>.wp-block-kadence-spacer.kt-block-spacer-3335_563f9f-52 .kt-block-spacer{height:20px;}.wp-block-kadence-spacer.kt-block-spacer-3335_563f9f-52 .kt-divider{border-top-width:1px;height:1px;border-top-color:var(--global-palette1, #3182CE);width:40%;border-top-style:solid;}<\/style>\n<div class=\"wp-block-kadence-spacer aligncenter kt-block-spacer-3335_563f9f-52\"><div class=\"kt-block-spacer kt-block-spacer-halign-left\"><hr class=\"kt-divider\"\/><\/div><\/div>\n\n\n<style>.wp-block-kadence-advancedheading.kt-adv-heading3335_00d54b-9e, .wp-block-kadence-advancedheading.kt-adv-heading3335_00d54b-9e[data-kb-block=\"kb-adv-heading3335_00d54b-9e\"]{font-size:var(--global-kb-font-size-md, 1.25rem);font-style:normal;}.wp-block-kadence-advancedheading.kt-adv-heading3335_00d54b-9e mark.kt-highlight, .wp-block-kadence-advancedheading.kt-adv-heading3335_00d54b-9e[data-kb-block=\"kb-adv-heading3335_00d54b-9e\"] mark.kt-highlight{font-style:normal;color:#f76a0c;-webkit-box-decoration-break:clone;box-decoration-break:clone;padding-top:0px;padding-right:0px;padding-bottom:0px;padding-left:0px;}.wp-block-kadence-advancedheading.kt-adv-heading3335_00d54b-9e img.kb-inline-image, .wp-block-kadence-advancedheading.kt-adv-heading3335_00d54b-9e[data-kb-block=\"kb-adv-heading3335_00d54b-9e\"] img.kb-inline-image{width:150px;vertical-align:baseline;}<\/style>\n<p class=\"kt-adv-heading3335_00d54b-9e wp-block-kadence-advancedheading\" data-kb-block=\"kb-adv-heading3335_00d54b-9e\">Fabriqu\u00e9 directement \u00e0 partir de racines fra\u00eeches. Trait\u00e9es selon des m\u00e9thodes de pointe. <\/p>\n<\/div><\/div>\n\n\n<style>.kadence-column3335_19f87e-b2 > .kt-inside-inner-col{padding-top:var(--global-kb-spacing-sm, 1.5rem);padding-right:var(--global-kb-spacing-sm, 1.5rem);padding-bottom:var(--global-kb-spacing-sm, 1.5rem);padding-left:var(--global-kb-spacing-sm, 1.5rem);}.kadence-column3335_19f87e-b2 > .kt-inside-inner-col,.kadence-column3335_19f87e-b2 > .kt-inside-inner-col:before{border-top-left-radius:20px;border-top-right-radius:20px;border-bottom-right-radius:20px;border-bottom-left-radius:20px;}.kadence-column3335_19f87e-b2 > .kt-inside-inner-col{column-gap:var(--global-kb-gap-sm, 1rem);}.kadence-column3335_19f87e-b2 > .kt-inside-inner-col{flex-direction:column;}.kadence-column3335_19f87e-b2 > .kt-inside-inner-col > .aligncenter{width:100%;}.kadence-column3335_19f87e-b2 > .kt-inside-inner-col{background-color:#eeeae9;}.kadence-column3335_19f87e-b2 > .kt-inside-inner-col:before{opacity:0.3;}.kadence-column3335_19f87e-b2{position:relative;}@media all and (max-width: 1024px){.kadence-column3335_19f87e-b2 > .kt-inside-inner-col{flex-direction:column;justify-content:center;}}@media all and (max-width: 767px){.kadence-column3335_19f87e-b2 > .kt-inside-inner-col{flex-direction:column;justify-content:center;}}<\/style>\n<div class=\"wp-block-kadence-column kadence-column3335_19f87e-b2\"><div class=\"kt-inside-inner-col\"><style>.wp-block-kadence-advancedheading.kt-adv-heading3335_890af3-af, .wp-block-kadence-advancedheading.kt-adv-heading3335_890af3-af[data-kb-block=\"kb-adv-heading3335_890af3-af\"]{margin-top:0px;margin-right:0px;margin-bottom:0px;margin-left:0px;font-size:var(--global-kb-font-size-xl, 3rem);line-height:1;font-style:normal;}.wp-block-kadence-advancedheading.kt-adv-heading3335_890af3-af mark.kt-highlight, .wp-block-kadence-advancedheading.kt-adv-heading3335_890af3-af[data-kb-block=\"kb-adv-heading3335_890af3-af\"] mark.kt-highlight{font-style:normal;color:#f76a0c;-webkit-box-decoration-break:clone;box-decoration-break:clone;padding-top:0px;padding-right:0px;padding-bottom:0px;padding-left:0px;}.wp-block-kadence-advancedheading.kt-adv-heading3335_890af3-af img.kb-inline-image, .wp-block-kadence-advancedheading.kt-adv-heading3335_890af3-af[data-kb-block=\"kb-adv-heading3335_890af3-af\"] img.kb-inline-image{width:150px;vertical-align:baseline;}<\/style>\n<h2 class=\"kt-adv-heading3335_890af3-af wp-block-kadence-advancedheading\" data-kb-block=\"kb-adv-heading3335_890af3-af\">Puret\u00e9 test\u00e9e en laboratoire<\/h2>\n\n\n<style>.wp-block-kadence-spacer.kt-block-spacer-3335_f1f0af-6f .kt-block-spacer{height:20px;}.wp-block-kadence-spacer.kt-block-spacer-3335_f1f0af-6f .kt-divider{border-top-width:1px;height:1px;border-top-color:var(--global-palette1, #3182CE);width:40%;border-top-style:solid;}<\/style>\n<div class=\"wp-block-kadence-spacer aligncenter kt-block-spacer-3335_f1f0af-6f\"><div class=\"kt-block-spacer kt-block-spacer-halign-left\"><hr class=\"kt-divider\"\/><\/div><\/div>\n\n\n<style>.wp-block-kadence-advancedheading.kt-adv-heading3335_c5038c-bb, .wp-block-kadence-advancedheading.kt-adv-heading3335_c5038c-bb[data-kb-block=\"kb-adv-heading3335_c5038c-bb\"]{font-size:var(--global-kb-font-size-md, 1.25rem);font-style:normal;}.wp-block-kadence-advancedheading.kt-adv-heading3335_c5038c-bb mark.kt-highlight, .wp-block-kadence-advancedheading.kt-adv-heading3335_c5038c-bb[data-kb-block=\"kb-adv-heading3335_c5038c-bb\"] mark.kt-highlight{font-style:normal;color:#f76a0c;-webkit-box-decoration-break:clone;box-decoration-break:clone;padding-top:0px;padding-right:0px;padding-bottom:0px;padding-left:0px;}.wp-block-kadence-advancedheading.kt-adv-heading3335_c5038c-bb img.kb-inline-image, .wp-block-kadence-advancedheading.kt-adv-heading3335_c5038c-bb[data-kb-block=\"kb-adv-heading3335_c5038c-bb\"] img.kb-inline-image{width:150px;vertical-align:baseline;}<\/style>\n<p class=\"kt-adv-heading3335_c5038c-bb wp-block-kadence-advancedheading\" data-kb-block=\"kb-adv-heading3335_c5038c-bb\">Test\u00e9 en laboratoire pour la puret\u00e9 et la s\u00e9curit\u00e9. Enti\u00e8rement tra\u00e7able. <\/p>\n<\/div><\/div>\n\n\n<style>.kadence-column3335_085059-34 > .kt-inside-inner-col{padding-top:var(--global-kb-spacing-sm, 1.5rem);padding-right:var(--global-kb-spacing-sm, 1.5rem);padding-bottom:var(--global-kb-spacing-sm, 1.5rem);padding-left:var(--global-kb-spacing-sm, 1.5rem);}.kadence-column3335_085059-34 > .kt-inside-inner-col,.kadence-column3335_085059-34 > .kt-inside-inner-col:before{border-top-left-radius:20px;border-top-right-radius:20px;border-bottom-right-radius:20px;border-bottom-left-radius:20px;}.kadence-column3335_085059-34 > .kt-inside-inner-col{column-gap:var(--global-kb-gap-sm, 1rem);}.kadence-column3335_085059-34 > .kt-inside-inner-col{flex-direction:column;}.kadence-column3335_085059-34 > .kt-inside-inner-col > .aligncenter{width:100%;}.kadence-column3335_085059-34 > .kt-inside-inner-col{background-color:#eeeae9;}.kadence-column3335_085059-34 > .kt-inside-inner-col:before{opacity:0.3;}.kadence-column3335_085059-34{position:relative;}@media all and (max-width: 1024px){.kadence-column3335_085059-34 > .kt-inside-inner-col{flex-direction:column;justify-content:center;}}@media all and (max-width: 767px){.kadence-column3335_085059-34 > .kt-inside-inner-col{flex-direction:column;justify-content:center;}}<\/style>\n<div class=\"wp-block-kadence-column kadence-column3335_085059-34\"><div class=\"kt-inside-inner-col\"><style>.wp-block-kadence-advancedheading.kt-adv-heading3335_b63b0f-0c, .wp-block-kadence-advancedheading.kt-adv-heading3335_b63b0f-0c[data-kb-block=\"kb-adv-heading3335_b63b0f-0c\"]{margin-top:0px;margin-right:0px;margin-bottom:0px;margin-left:0px;font-size:var(--global-kb-font-size-xl, 3rem);line-height:1;font-style:normal;}.wp-block-kadence-advancedheading.kt-adv-heading3335_b63b0f-0c mark.kt-highlight, .wp-block-kadence-advancedheading.kt-adv-heading3335_b63b0f-0c[data-kb-block=\"kb-adv-heading3335_b63b0f-0c\"] mark.kt-highlight{font-style:normal;color:#f76a0c;-webkit-box-decoration-break:clone;box-decoration-break:clone;padding-top:0px;padding-right:0px;padding-bottom:0px;padding-left:0px;}.wp-block-kadence-advancedheading.kt-adv-heading3335_b63b0f-0c img.kb-inline-image, .wp-block-kadence-advancedheading.kt-adv-heading3335_b63b0f-0c[data-kb-block=\"kb-adv-heading3335_b63b0f-0c\"] img.kb-inline-image{width:150px;vertical-align:baseline;}<\/style>\n<h2 class=\"kt-adv-heading3335_b63b0f-0c wp-block-kadence-advancedheading\" data-kb-block=\"kb-adv-heading3335_b63b0f-0c\">Un seul ingr\u00e9dient<\/h2>\n\n\n<style>.wp-block-kadence-spacer.kt-block-spacer-3335_03144b-7b .kt-block-spacer{height:20px;}.wp-block-kadence-spacer.kt-block-spacer-3335_03144b-7b .kt-divider{border-top-width:1px;height:1px;border-top-color:var(--global-palette1, #3182CE);width:40%;border-top-style:solid;}<\/style>\n<div class=\"wp-block-kadence-spacer aligncenter kt-block-spacer-3335_03144b-7b\"><div class=\"kt-block-spacer kt-block-spacer-halign-left\"><hr class=\"kt-divider\"\/><\/div><\/div>\n\n\n<style>.wp-block-kadence-advancedheading.kt-adv-heading3335_0938bb-bd, .wp-block-kadence-advancedheading.kt-adv-heading3335_0938bb-bd[data-kb-block=\"kb-adv-heading3335_0938bb-bd\"]{font-size:var(--global-kb-font-size-md, 1.25rem);font-style:normal;}.wp-block-kadence-advancedheading.kt-adv-heading3335_0938bb-bd mark.kt-highlight, .wp-block-kadence-advancedheading.kt-adv-heading3335_0938bb-bd[data-kb-block=\"kb-adv-heading3335_0938bb-bd\"] mark.kt-highlight{font-style:normal;color:#f76a0c;-webkit-box-decoration-break:clone;box-decoration-break:clone;padding-top:0px;padding-right:0px;padding-bottom:0px;padding-left:0px;}.wp-block-kadence-advancedheading.kt-adv-heading3335_0938bb-bd img.kb-inline-image, .wp-block-kadence-advancedheading.kt-adv-heading3335_0938bb-bd[data-kb-block=\"kb-adv-heading3335_0938bb-bd\"] img.kb-inline-image{width:150px;vertical-align:baseline;}<\/style>\n<p class=\"kt-adv-heading3335_0938bb-bd wp-block-kadence-advancedheading\" data-kb-block=\"kb-adv-heading3335_0938bb-bd\">Ne contient qu&rsquo;un seul ingr\u00e9dient : de la poudre de racine de kava noble et pure.<\/p>\n<\/div><\/div>\n\n<\/div><\/div>","protected":false},"excerpt":{"rendered":"<p>Nous sommes le distributeur europ\u00e9en officiel du kava prim\u00e9 de la Kava Society (Nouvelle-Z\u00e9lande). Chez Kava Europe, les choses sont simples. Lorsqu&rsquo;il s&rsquo;agit de kava, nous ne voulons que le meilleur. Kava Europe est n\u00e9 d&rsquo;une vision simple : rendre le meilleur kava du monde facilement accessible aux clients europ\u00e9ens, sans les tracas des exp\u00e9ditions&#8230;<\/p>\n","protected":false},"author":1,"featured_media":0,"parent":0,"menu_order":0,"comment_status":"closed","ping_status":"closed","template":"","meta":{"_kad_blocks_custom_css":"","_kad_blocks_head_custom_js":"","_kad_blocks_body_custom_js":"","_kad_blocks_footer_custom_js":"","_kad_post_transparent":"","_kad_post_title":"hide","_kad_post_layout":"fullwidth","_kad_post_sidebar_id":"","_kad_post_content_style":"unboxed","_kad_post_vertical_padding":"hide","_kad_post_feature":"","_kad_post_feature_position":"","_kad_post_header":false,"_kad_post_footer":false,"_kad_post_classname":"","footnotes":""},"class_list":["post-46914","page","type-page","status-publish","hentry"],"aioseo_notices":[],"taxonomy_info":[],"featured_image_src_large":false,"author_info":{"display_name":"adminks","author_link":"https:\/\/kavaeurope.eu\/fr\/author\/adminks\/"},"comment_info":0,"_links":{"self":[{"href":"https:\/\/kavaeurope.eu\/fr\/wp-json\/wp\/v2\/pages\/46914","targetHints":{"allow":["GET"]}}],"collection":[{"href":"https:\/\/kavaeurope.eu\/fr\/wp-json\/wp\/v2\/pages"}],"about":[{"href":"https:\/\/kavaeurope.eu\/fr\/wp-json\/wp\/v2\/types\/page"}],"author":[{"embeddable":true,"href":"https:\/\/kavaeurope.eu\/fr\/wp-json\/wp\/v2\/users\/1"}],"replies":[{"embeddable":true,"href":"https:\/\/kavaeurope.eu\/fr\/wp-json\/wp\/v2\/comments?post=46914"}],"version-history":[{"count":2,"href":"https:\/\/kavaeurope.eu\/fr\/wp-json\/wp\/v2\/pages\/46914\/revisions"}],"predecessor-version":[{"id":74947,"href":"https:\/\/kavaeurope.eu\/fr\/wp-json\/wp\/v2\/pages\/46914\/revisions\/74947"}],"wp:attachment":[{"href":"https:\/\/kavaeurope.eu\/fr\/wp-json\/wp\/v2\/media?parent=46914"}],"curies":[{"name":"wp","href":"https:\/\/api.w.org\/{rel}","templated":true}]}}