{"id":67469,"date":"2026-01-27T15:03:44","date_gmt":"2026-01-27T14:03:44","guid":{"rendered":"https:\/\/kavaeurope.eu\/politique-de-confidentialite\/"},"modified":"2026-01-27T15:05:30","modified_gmt":"2026-01-27T14:05:30","slug":"politique-de-confidentialite","status":"publish","type":"page","link":"https:\/\/kavaeurope.eu\/fr\/politique-de-confidentialite\/","title":{"rendered":"Politique de confidentialit\u00e9"},"content":{"rendered":"\n<p>Politique de confidentialit\u00e9 de www.kavaeurope.eu<\/p>\n\n<h2 class=\"wp-block-heading\"><strong>1. Informations g\u00e9n\u00e9rales<\/strong><\/h2>\n\n<p>La pr\u00e9sente politique de confidentialit\u00e9 d\u00e9finit les r\u00e8gles de traitement et de protection des donn\u00e9es \u00e0 caract\u00e8re personnel des utilisateurs conform\u00e9ment au r\u00e8glement (UE) 2016\/679 du Parlement europ\u00e9en et du Conseil du 27 avril 2016 (GDPR \/ RODO).<\/p>\n\n<h2 class=\"wp-block-heading\"><strong>2. Contr\u00f4leur de donn\u00e9es<\/strong><\/h2>\n\n<p>Le responsable du traitement des donn\u00e9es \u00e0 caract\u00e8re personnel est :<\/p>\n\n<p>Pacific Elixir sp. z o.o.<\/p>\n\n<p>Si\u00e8ge social : Varsovie, Pologne<\/p>\n\n<p>KRS : 0000932091<\/p>\n\n<p>PNM : 5242928576<\/p>\n\n<p>REGON : 520421791<\/p>\n\n<h2 class=\"wp-block-heading\">3. Port\u00e9e des donn\u00e9es \u00e0 caract\u00e8re personnel trait\u00e9es<\/h2>\n\n<p>Le contr\u00f4leur peut traiter les donn\u00e9es personnelles suivantes :<\/p>\n\n<p>- nom et pr\u00e9nom,<\/p>\n\n<p>- adresse \u00e9lectronique,<\/p>\n\n<p>- num\u00e9ro de t\u00e9l\u00e9phone,<\/p>\n\n<p>- adresse de correspondance,<\/p>\n\n<p>- coordonn\u00e9es de l&rsquo;entreprise,<\/p>\n\n<p>- Adresse IP,<\/p>\n\n<p>- les donn\u00e9es contenues dans les cookies,<\/p>\n\n<p>- d&rsquo;autres donn\u00e9es fournies volontairement par l&rsquo;utilisateur.<\/p>\n\n<h2 class=\"wp-block-heading\">4. Finalit\u00e9s et base juridique du traitement<\/h2>\n\n<p>Les donn\u00e9es \u00e0 caract\u00e8re personnel sont trait\u00e9es aux fins suivantes :<\/p>\n\n<p>a) l&rsquo;enregistrement du compte et la v\u00e9rification de l&rsquo;utilisateur (article 6, paragraphe 1, point b), du RGPD),<\/p>\n\n<p>b) l&rsquo;ex\u00e9cution de contrats et la fourniture de services \u00e9lectroniques (article 6, paragraphe 1, point b), du RGPD),<\/p>\n\n<p>c) la communication avec l&rsquo;utilisateur (article 6, paragraphe 1, points b) et f), du RGPD),<\/p>\n\n<p>d) le marketing et la promotion des produits et services du contr\u00f4leur (article 6, paragraphe 1, point a), du RGPD),<\/p>\n\n<p>e) l&rsquo;envoi de lettres d&rsquo;information (article 6, paragraphe 1, point a), du RGPD),<\/p>\n\n<p>f) \u00e0 des fins analytiques et statistiques (article 6, paragraphe 1, point f), du RGPD),<\/p>\n\n<p>g) la poursuite ou la d\u00e9fense de revendications juridiques (article 6, paragraphe 1, point f), du RGPD).<\/p>\n\n<h2 class=\"wp-block-heading\">5. Destinataires des donn\u00e9es<\/h2>\n\n<p>Les donn\u00e9es personnelles peuvent \u00eatre transf\u00e9r\u00e9es \u00e0 des entit\u00e9s coop\u00e9rant avec le contr\u00f4leur, telles que des fournisseurs de services informatiques, des bureaux de comptabilit\u00e9, des soci\u00e9t\u00e9s de messagerie, des op\u00e9rateurs de paiement et des fournisseurs de services de marketing, uniquement dans la mesure n\u00e9cessaire \u00e0 l&rsquo;ex\u00e9cution des services.<\/p>\n\n<h2 class=\"wp-block-heading\">6. Transfert de donn\u00e9es en dehors de l&rsquo;UE<\/h2>\n\n<p>Les donn\u00e9es \u00e0 caract\u00e8re personnel ne peuvent \u00eatre transf\u00e9r\u00e9es en dehors de l&rsquo;Espace \u00e9conomique europ\u00e9en que si un niveau de protection ad\u00e9quat est assur\u00e9, conform\u00e9ment \u00e0 la r\u00e9glementation GDPR.<\/p>\n\n<h2 class=\"wp-block-heading\">7. P\u00e9riode de conservation des donn\u00e9es<\/h2>\n\n<p>Les donn\u00e9es \u00e0 caract\u00e8re personnel sont conserv\u00e9es pendant la p\u00e9riode n\u00e9cessaire pour atteindre les objectifs pour lesquels elles ont \u00e9t\u00e9 collect\u00e9es, puis pendant la p\u00e9riode requise par la l\u00e9gislation applicable ou jusqu&rsquo;\u00e0 ce que le consentement soit retir\u00e9.<\/p>\n\n<h2 class=\"wp-block-heading\">8. Droits de l&rsquo;utilisateur<\/h2>\n\n<p>L&rsquo;utilisateur a le droit de :<\/p>\n\n<p>- acc\u00e9der \u00e0 leurs donn\u00e9es personnelles,<\/p>\n\n<p>- de rectifier leurs donn\u00e9es,<\/p>\n\n<p>- d&rsquo;effacer leurs donn\u00e9es (\u00ab\u00a0droit \u00e0 l&rsquo;oubli\"),<\/p>\n\n<p>- restreindre le traitement,<\/p>\n\n<p>- la portabilit\u00e9 des donn\u00e9es,<\/p>\n\n<p>- s&rsquo;opposer au traitement des donn\u00e9es,<\/p>\n\n<p>- retirer son consentement \u00e0 tout moment (sans que cela n&rsquo;affecte la l\u00e9galit\u00e9 du traitement avant le retrait),<\/p>\n\n<p>- d\u00e9poser une plainte aupr\u00e8s du pr\u00e9sident de l&rsquo;Office de protection des donn\u00e9es personnelles (UODO).<\/p>\n\n<h2 class=\"wp-block-heading\">9. Cookies<\/h2>\n\n<p>Le service utilise des cookies pour assurer son bon fonctionnement, am\u00e9liorer sa qualit\u00e9 et effectuer des analyses statistiques. Vous trouverez des informations d\u00e9taill\u00e9es dans la politique en mati\u00e8re de cookies. <\/p>\n\n<h2 class=\"wp-block-heading\">10. S\u00e9curit\u00e9 des donn\u00e9es<\/h2>\n\n<p>Le contr\u00f4leur applique des mesures techniques et organisationnelles appropri\u00e9es pour assurer la protection des donn\u00e9es \u00e0 caract\u00e8re personnel trait\u00e9es, y compris la protection contre l&rsquo;acc\u00e8s non autoris\u00e9, la perte, la destruction ou la modification.<\/p>\n\n<h2 class=\"wp-block-heading\">11. Modifications de la politique de protection de la vie priv\u00e9e<\/h2>\n\n<p>Le contr\u00f4leur se r\u00e9serve le droit d&rsquo;apporter des modifications \u00e0 la pr\u00e9sente politique de confidentialit\u00e9. Les utilisateurs seront inform\u00e9s de toute modification de mani\u00e8re claire et accessible. <\/p>\n\n<h2 class=\"wp-block-heading\">12. Contact<\/h2>\n\n<p>Si vous avez des questions concernant la pr\u00e9sente politique de confidentialit\u00e9 ou le traitement des donn\u00e9es \u00e0 caract\u00e8re personnel, veuillez nous contacter via la section CONTACT du site web.<\/p>\n","protected":false},"excerpt":{"rendered":"<p>Politique de confidentialit\u00e9 de www.kavaeurope.eu 1. Informations g\u00e9n\u00e9rales La pr\u00e9sente politique de confidentialit\u00e9 d\u00e9finit les r\u00e8gles de traitement et de protection des donn\u00e9es \u00e0 caract\u00e8re personnel des utilisateurs conform\u00e9ment au r\u00e8glement (UE) 2016\/679 du Parlement europ\u00e9en et du Conseil du 27 avril 2016 (GDPR \/ RODO). 2. Contr\u00f4leur de donn\u00e9es Le responsable du traitement des&#8230;<\/p>\n","protected":false},"author":1587,"featured_media":0,"parent":0,"menu_order":0,"comment_status":"closed","ping_status":"closed","template":"","meta":{"_kad_blocks_custom_css":"","_kad_blocks_head_custom_js":"","_kad_blocks_body_custom_js":"","_kad_blocks_footer_custom_js":"","_kad_post_transparent":"","_kad_post_title":"","_kad_post_layout":"","_kad_post_sidebar_id":"","_kad_post_content_style":"","_kad_post_vertical_padding":"","_kad_post_feature":"","_kad_post_feature_position":"","_kad_post_header":false,"_kad_post_footer":false,"_kad_post_classname":"","footnotes":""},"class_list":["post-67469","page","type-page","status-publish","hentry"],"aioseo_notices":[],"taxonomy_info":[],"featured_image_src_large":false,"author_info":{"display_name":"AdminMarcin","author_link":"https:\/\/kavaeurope.eu\/fr\/author\/adminmarcin-2\/"},"comment_info":0,"_links":{"self":[{"href":"https:\/\/kavaeurope.eu\/fr\/wp-json\/wp\/v2\/pages\/67469","targetHints":{"allow":["GET"]}}],"collection":[{"href":"https:\/\/kavaeurope.eu\/fr\/wp-json\/wp\/v2\/pages"}],"about":[{"href":"https:\/\/kavaeurope.eu\/fr\/wp-json\/wp\/v2\/types\/page"}],"author":[{"embeddable":true,"href":"https:\/\/kavaeurope.eu\/fr\/wp-json\/wp\/v2\/users\/1587"}],"replies":[{"embeddable":true,"href":"https:\/\/kavaeurope.eu\/fr\/wp-json\/wp\/v2\/comments?post=67469"}],"version-history":[{"count":0,"href":"https:\/\/kavaeurope.eu\/fr\/wp-json\/wp\/v2\/pages\/67469\/revisions"}],"wp:attachment":[{"href":"https:\/\/kavaeurope.eu\/fr\/wp-json\/wp\/v2\/media?parent=67469"}],"curies":[{"name":"wp","href":"https:\/\/api.w.org\/{rel}","templated":true}]}}