{"id":46811,"date":"2021-01-25T15:04:12","date_gmt":"2021-01-25T14:04:12","guid":{"rendered":"https:\/\/temp.kavaeurope.eu\/shop\/ensemble-en-ceramique\/"},"modified":"2026-02-27T16:33:27","modified_gmt":"2026-02-27T15:33:27","slug":"ensemble-en-ceramique","status":"publish","type":"product","link":"https:\/\/kavaeurope.eu\/fr\/shop\/ensemble-en-ceramique\/","title":{"rendered":"Ensemble en c\u00e9ramique"},"content":{"rendered":"<p>Un ensemble en c\u00e9ramique soigneusement fabriqu\u00e9 \u00e0 la main, compos\u00e9 d&rsquo;une tasse et d&rsquo;une th\u00e9i\u00e8re.<\/p>\n<p>Le produit est cuit en c\u00e9ramique et \u00e9maill\u00e9 de l&rsquo;int\u00e9rieur.<\/p>\n","protected":false},"excerpt":{"rendered":"<p>Un ensemble en c\u00e9ramique soigneusement fabriqu\u00e9 \u00e0 la main, compos\u00e9 d&rsquo;une tasse et d&rsquo;une th\u00e9i\u00e8re. Le produit est cuit en c\u00e9ramique et \u00e9maill\u00e9 de l&rsquo;int\u00e9rieur.<\/p>\n","protected":false},"featured_media":45793,"comment_status":"closed","ping_status":"closed","template":"","meta":{"_kad_blocks_custom_css":"","_kad_blocks_head_custom_js":"","_kad_blocks_body_custom_js":"","_kad_blocks_footer_custom_js":"","_kad_post_transparent":"","_kad_post_title":"","_kad_post_layout":"default","_kad_post_sidebar_id":"","_kad_post_content_style":"default","_kad_post_vertical_padding":"default","_kad_post_feature":"","_kad_post_feature_position":"","_kad_post_header":false,"_kad_post_footer":false,"_kad_post_classname":""},"product_brand":[],"product_cat":[364],"product_tag":[],"class_list":{"0":"post-46811","1":"product","2":"type-product","3":"status-publish","4":"has-post-thumbnail","6":"product_cat-accessoires","8":"first","9":"outofstock","10":"taxable","11":"shipping-taxable","12":"purchasable","13":"product-type-simple","14":"entry","15":"content-bg","16":"loop-entry"},"aioseo_notices":[],"taxonomy_info":{"product_cat":[{"value":364,"label":"Accessoires"}]},"featured_image_src_large":["https:\/\/kavaeurope.eu\/wp-content\/uploads\/2025\/03\/Zestaw-ceramiczny-scaled-1.jpg",768,1024,false],"author_info":[],"comment_info":0,"_links":{"self":[{"href":"https:\/\/kavaeurope.eu\/fr\/wp-json\/wp\/v2\/product\/46811","targetHints":{"allow":["GET"]}}],"collection":[{"href":"https:\/\/kavaeurope.eu\/fr\/wp-json\/wp\/v2\/product"}],"about":[{"href":"https:\/\/kavaeurope.eu\/fr\/wp-json\/wp\/v2\/types\/product"}],"replies":[{"embeddable":true,"href":"https:\/\/kavaeurope.eu\/fr\/wp-json\/wp\/v2\/comments?post=46811"}],"wp:featuredmedia":[{"embeddable":true,"href":"https:\/\/kavaeurope.eu\/fr\/wp-json\/wp\/v2\/media\/45793"}],"wp:attachment":[{"href":"https:\/\/kavaeurope.eu\/fr\/wp-json\/wp\/v2\/media?parent=46811"}],"wp:term":[{"taxonomy":"product_brand","embeddable":true,"href":"https:\/\/kavaeurope.eu\/fr\/wp-json\/wp\/v2\/product_brand?post=46811"},{"taxonomy":"product_cat","embeddable":true,"href":"https:\/\/kavaeurope.eu\/fr\/wp-json\/wp\/v2\/product_cat?post=46811"},{"taxonomy":"product_tag","embeddable":true,"href":"https:\/\/kavaeurope.eu\/fr\/wp-json\/wp\/v2\/product_tag?post=46811"}],"curies":[{"name":"wp","href":"https:\/\/api.w.org\/{rel}","templated":true}]}}