{"id":46823,"date":"2022-04-04T14:47:36","date_gmt":"2022-04-04T12:47:36","guid":{"rendered":"https:\/\/temp.kavaeurope.eu\/shop\/des-racines-puissantes\/"},"modified":"2026-04-12T18:46:03","modified_gmt":"2026-04-12T16:46:03","slug":"des-racines-puissantes","status":"publish","type":"product","link":"https:\/\/kavaeurope.eu\/fr\/shop\/des-racines-puissantes\/","title":{"rendered":"Mighty Roots"},"content":{"rendered":"<p class=\"whitespace-normal break-words\">Dans le kava naturel du Vanuatu, les racines lat\u00e9rales ne repr\u00e9sentent g\u00e9n\u00e9ralement que 20 \u00e0 30 % du poids total des racines. Mighty Roots est enti\u00e8rement fabriqu\u00e9 \u00e0 partir de racines lat\u00e9rales. <\/p>\n<p class=\"whitespace-normal break-words\"><em>\u00ab\u00a0Les racines lat\u00e9rales d&rsquo;un plant de kava portent la plus forte concentration de kavalactones du porte-greffe et sont particuli\u00e8rement riches en kavain.  <a href=\"https:\/\/kavasociety.nz\">Soci\u00e9t\u00e9 du Kava (Nouvelle-Z\u00e9lande)<\/a><\/em><\/p>\n<p class=\"whitespace-normal break-words\">Vendu conform\u00e9ment \u00e0 la r\u00e9glementation de l&rsquo;UE, exclusivement pour l&rsquo;aromath\u00e9rapie et les applications de teinture de textiles naturels.<\/p>\n<ul class=\"[&amp;:not(:last-child)_ul]:pb-1 [&amp;:not(:last-child)_ol]:pb-1 list-disc space-y-2.5 pl-7\">\n<li class=\"whitespace-normal break-words\"><strong>\u00cele de culture<\/strong>: Espiritu Santo, Vanuatu<\/li>\n<li class=\"whitespace-normal break-words\"><strong>Ratio moyen entre les lat\u00e9raux et la souche<\/strong>: 100% Racines lat\u00e9rales<\/li>\n<li class=\"whitespace-normal break-words\"><strong>Ch\u00e9motype typique<\/strong>: 423165<\/li>\n<li class=\"whitespace-normal break-words\"><strong>Traitement<\/strong>: Poudre traditionnelle - racines lat\u00e9rales enti\u00e8rement lav\u00e9es et pel\u00e9es, s\u00e9chage \u00e0 temp\u00e9rature contr\u00f4l\u00e9e, broyage en poudre fine.<\/li>\n<li class=\"whitespace-normal break-words\"><strong>Couleur des pigments<\/strong>: de l&rsquo;or intense au brun profond, les pigments les plus satur\u00e9s de la gamme.<\/li>\n<li class=\"whitespace-normal break-words\"><strong>Profil aromatique<\/strong>: Vif et concentr\u00e9, avec une intensit\u00e9 poivr\u00e9e robuste.<\/li>\n<\/ul>\n<p class=\"whitespace-normal break-words\"><strong>Qualit\u00e9 garantie par la Soci\u00e9t\u00e9 du Kava (Nouvelle-Z\u00e9lande)<\/strong> Kava Europe est fier d&rsquo;\u00eatre le distributeur europ\u00e9en exclusif du kava exceptionnel de la Soci\u00e9t\u00e9 du Kava. Il s&rsquo;agit v\u00e9ritablement du meilleur kava au monde. Contrairement \u00e0 la plupart des kavas disponibles sur le march\u00e9 - des racines mal s\u00e9ch\u00e9es et nettoy\u00e9es d&rsquo;origine inconnue - chaque lot de la Soci\u00e9t\u00e9 Kava est trait\u00e9 \u00e0 partir de plantes fra\u00eechement r\u00e9colt\u00e9es en utilisant des m\u00e9thodes pionni\u00e8res qui pr\u00e9servent une fra\u00eecheur maximale tout en garantissant une puret\u00e9 absolue. Chaque lot est soumis \u00e0 des tests rigoureux en laboratoire et accompagn\u00e9 de certificats d&rsquo;analyse. Il s&rsquo;agit exactement du m\u00eame kava de qualit\u00e9 sup\u00e9rieure vendu en Nouvelle-Z\u00e9lande, qui r\u00e9pond \u00e0 toutes les normes de qualit\u00e9 et de s\u00e9curit\u00e9 de ce pays. Lorsque vous choisissez nos produits, vous obtenez le kava tel qu&rsquo;il devrait \u00eatre : frais, pur et correctement identifi\u00e9.<\/p>\n<p class=\"whitespace-normal break-words\">Consultez \u00e9galement nos <a href=\"https:\/\/kavaeurope.eu\/fr\/shop\/t-shirt-kava-europe-marron-blanc\/\">t-shirts<\/a> et <a href=\"https:\/\/kavaeurope.eu\/fr\/categorie-produit\/accessoires\/\">accessoires de<\/a> kava.<\/p>\n","protected":false},"excerpt":{"rendered":"<p>100% de racines lat\u00e9rales provenant de cultivars nobles du Vanuatu. Broyage traditionnel. <\/p>\n","protected":false},"featured_media":45940,"comment_status":"closed","ping_status":"closed","template":"","meta":{"_kad_blocks_custom_css":"","_kad_blocks_head_custom_js":"","_kad_blocks_body_custom_js":"","_kad_blocks_footer_custom_js":"","_kad_post_transparent":"","_kad_post_title":"","_kad_post_layout":"default","_kad_post_sidebar_id":"","_kad_post_content_style":"default","_kad_post_vertical_padding":"default","_kad_post_feature":"","_kad_post_feature_position":"","_kad_post_header":false,"_kad_post_footer":false,"_kad_post_classname":""},"product_brand":[],"product_cat":[380],"product_tag":[381,382,384],"class_list":{"0":"post-46823","1":"product","2":"type-product","3":"status-publish","4":"has-post-thumbnail","6":"product_cat-kava-fr","7":"product_tag-kava-fr","8":"product_tag-kava-europe-fr","9":"product_tag-le-kava-traditionnel","10":"pa_kava-type-traditionnel","11":"pa_weight-100g","12":"pa_weight-250g","13":"pa_weight-500g","15":"first","16":"instock","17":"taxable","18":"shipping-taxable","19":"purchasable","20":"product-type-variable","21":"has-default-attributes","22":"entry","23":"content-bg","24":"loop-entry"},"aioseo_notices":[],"taxonomy_info":{"product_cat":[{"value":380,"label":"Kava"}],"product_tag":[{"value":381,"label":"kava"},{"value":382,"label":"kava europe"},{"value":384,"label":"le kava traditionnel"}],"pa_kava-type":[{"value":375,"label":"Traditionnel"}],"pa_weight":[{"value":302,"label":"100g"},{"value":630,"label":"250g"},{"value":304,"label":"500g"}]},"featured_image_src_large":["https:\/\/kavaeurope.eu\/wp-content\/uploads\/2025\/03\/Kava-Europe-Mighty-Roots-500g-1-scaled-1.jpg",1024,768,false],"author_info":[],"comment_info":15,"_links":{"self":[{"href":"https:\/\/kavaeurope.eu\/fr\/wp-json\/wp\/v2\/product\/46823","targetHints":{"allow":["GET"]}}],"collection":[{"href":"https:\/\/kavaeurope.eu\/fr\/wp-json\/wp\/v2\/product"}],"about":[{"href":"https:\/\/kavaeurope.eu\/fr\/wp-json\/wp\/v2\/types\/product"}],"replies":[{"embeddable":true,"href":"https:\/\/kavaeurope.eu\/fr\/wp-json\/wp\/v2\/comments?post=46823"}],"wp:featuredmedia":[{"embeddable":true,"href":"https:\/\/kavaeurope.eu\/fr\/wp-json\/wp\/v2\/media\/45940"}],"wp:attachment":[{"href":"https:\/\/kavaeurope.eu\/fr\/wp-json\/wp\/v2\/media?parent=46823"}],"wp:term":[{"taxonomy":"product_brand","embeddable":true,"href":"https:\/\/kavaeurope.eu\/fr\/wp-json\/wp\/v2\/product_brand?post=46823"},{"taxonomy":"product_cat","embeddable":true,"href":"https:\/\/kavaeurope.eu\/fr\/wp-json\/wp\/v2\/product_cat?post=46823"},{"taxonomy":"product_tag","embeddable":true,"href":"https:\/\/kavaeurope.eu\/fr\/wp-json\/wp\/v2\/product_tag?post=46823"}],"curies":[{"name":"wp","href":"https:\/\/api.w.org\/{rel}","templated":true}]}}