{"id":46847,"date":"2021-02-08T14:22:35","date_gmt":"2021-02-08T13:22:35","guid":{"rendered":"https:\/\/temp.kavaeurope.eu\/shop\/theiere-en-ceramique\/"},"modified":"2026-01-23T11:53:15","modified_gmt":"2026-01-23T10:53:15","slug":"theiere-en-ceramique","status":"publish","type":"product","link":"https:\/\/kavaeurope.eu\/fr\/shop\/theiere-en-ceramique\/","title":{"rendered":"Th\u00e9i\u00e8re en c\u00e9ramique"},"content":{"rendered":"<p>Un objet fait d&rsquo;argile sur un tour de potier, cuit \u00e0 1250C - ce qu&rsquo;on appelle le gr\u00e8s. L&rsquo;\u00e9mail est approuv\u00e9 pour le contact avec les aliments. Passe au lave-vaisselle.  <\/p>\n","protected":false},"excerpt":{"rendered":"<p>Un objet fait d&rsquo;argile sur un tour de potier, cuit \u00e0 1250C - ce qu&rsquo;on appelle le gr\u00e8s. L&rsquo;\u00e9mail est approuv\u00e9 pour le contact avec les aliments. Passe au lave-vaisselle.<\/p>\n","protected":false},"featured_media":45877,"comment_status":"closed","ping_status":"closed","template":"","meta":{"_kad_blocks_custom_css":"","_kad_blocks_head_custom_js":"","_kad_blocks_body_custom_js":"","_kad_blocks_footer_custom_js":"","_kad_post_transparent":"","_kad_post_title":"","_kad_post_layout":"default","_kad_post_sidebar_id":"","_kad_post_content_style":"default","_kad_post_vertical_padding":"default","_kad_post_feature":"","_kad_post_feature_position":"","_kad_post_header":false,"_kad_post_footer":false,"_kad_post_classname":""},"product_brand":[],"product_cat":[364],"product_tag":[372,389],"class_list":{"0":"post-46847","1":"product","2":"type-product","3":"status-publish","4":"has-post-thumbnail","6":"product_cat-accessoires","7":"product_tag-poterie","8":"product_tag-theiere-en-ceramique","10":"first","11":"outofstock","12":"taxable","13":"shipping-taxable","14":"purchasable","15":"product-type-simple","16":"entry","17":"content-bg","18":"loop-entry"},"aioseo_notices":[],"taxonomy_info":{"product_cat":[{"value":364,"label":"Accessoires"}],"product_tag":[{"value":372,"label":"poterie"},{"value":389,"label":"Th\u00e9i\u00e8re en c\u00e9ramique"}]},"featured_image_src_large":["https:\/\/kavaeurope.eu\/wp-content\/uploads\/2025\/03\/IMG_20210117_114602-scaled-1.jpg",768,1024,false],"author_info":[],"comment_info":0,"_links":{"self":[{"href":"https:\/\/kavaeurope.eu\/fr\/wp-json\/wp\/v2\/product\/46847","targetHints":{"allow":["GET"]}}],"collection":[{"href":"https:\/\/kavaeurope.eu\/fr\/wp-json\/wp\/v2\/product"}],"about":[{"href":"https:\/\/kavaeurope.eu\/fr\/wp-json\/wp\/v2\/types\/product"}],"replies":[{"embeddable":true,"href":"https:\/\/kavaeurope.eu\/fr\/wp-json\/wp\/v2\/comments?post=46847"}],"wp:featuredmedia":[{"embeddable":true,"href":"https:\/\/kavaeurope.eu\/fr\/wp-json\/wp\/v2\/media\/45877"}],"wp:attachment":[{"href":"https:\/\/kavaeurope.eu\/fr\/wp-json\/wp\/v2\/media?parent=46847"}],"wp:term":[{"taxonomy":"product_brand","embeddable":true,"href":"https:\/\/kavaeurope.eu\/fr\/wp-json\/wp\/v2\/product_brand?post=46847"},{"taxonomy":"product_cat","embeddable":true,"href":"https:\/\/kavaeurope.eu\/fr\/wp-json\/wp\/v2\/product_cat?post=46847"},{"taxonomy":"product_tag","embeddable":true,"href":"https:\/\/kavaeurope.eu\/fr\/wp-json\/wp\/v2\/product_tag?post=46847"}],"curies":[{"name":"wp","href":"https:\/\/api.w.org\/{rel}","templated":true}]}}