{"id":46878,"date":"2025-01-19T20:03:59","date_gmt":"2025-01-19T19:03:59","guid":{"rendered":"https:\/\/temp.kavaeurope.eu\/shop\/palarasul\/"},"modified":"2026-04-27T17:06:43","modified_gmt":"2026-04-27T15:06:43","slug":"palarasul","status":"publish","type":"product","link":"https:\/\/kavaeurope.eu\/fr\/shop\/palarasul\/","title":{"rendered":"Palarasul"},"content":{"rendered":"<p class=\"whitespace-normal break-words\">L&rsquo;un des cinq cultivars nobles r\u00e9pertori\u00e9s comme \u00e9tant originaires d&rsquo;Espiritu Santo en vertu de la loi sur le kava du Vanuatu.<\/p>\n<p class=\"whitespace-normal break-words\"><em>\u00ab\u00a0Palarasul a \u00e9t\u00e9 notre premier cultivar unique au d\u00e9but des ann\u00e9es 2010, et il reste l&rsquo;un de nos pr\u00e9f\u00e9r\u00e9s.  <a href=\"https:\/\/kavasociety.nz\">Soci\u00e9t\u00e9 du Kava (Nouvelle-Z\u00e9lande)<\/a><\/em><\/p>\n<p class=\"whitespace-normal break-words\">Vendu conform\u00e9ment \u00e0 la r\u00e9glementation de l&rsquo;UE, exclusivement pour l&rsquo;aromath\u00e9rapie et les applications de teinture de textiles naturels.<\/p>\n<ul class=\"[&amp;:not(:last-child)_ul]:pb-1 [&amp;:not(:last-child)_ol]:pb-1 list-disc space-y-2.5 pl-7\">\n<li class=\"whitespace-normal break-words\"><strong>\u00cele d&rsquo;origine<\/strong>: Espiritu Santo, Vanuatu<\/li>\n<li class=\"whitespace-normal break-words\"><strong>\u00cele de culture<\/strong>: Espiritu Santo, Vanuatu<\/li>\n<li class=\"whitespace-normal break-words\"><strong>Rapport moyen entre le nombre de lat\u00e9raux et le nombre de souches<\/strong>: Naturel (30-70)<\/li>\n<li class=\"whitespace-normal break-words\"><strong>Ch\u00e9motype typique<\/strong>: 423156<\/li>\n<li class=\"whitespace-normal break-words\"><strong>Traitement<\/strong>: Poudre traditionnelle - racines enti\u00e8rement lav\u00e9es et \u00e9pluch\u00e9es, s\u00e9chage \u00e0 temp\u00e9rature contr\u00f4l\u00e9e, broyage en poudre fine.<\/li>\n<li class=\"whitespace-normal break-words\"><strong>Couleur des pigments<\/strong>: De l&rsquo;or p\u00e2le \u00e0 l&rsquo;ambre miel<\/li>\n<li class=\"whitespace-normal break-words\"><strong>Profil aromatique<\/strong>: Floral et semblable \u00e0 la noix de cajou, avec un \u00e9clat de citronnelle et des \u00e9pices r\u00e9chauffantes.<\/li>\n<\/ul>\n<p class=\"whitespace-normal break-words\"><strong>Qualit\u00e9 garantie par la Soci\u00e9t\u00e9 du Kava (Nouvelle-Z\u00e9lande)<\/strong> Kava Europe est fier d&rsquo;\u00eatre le distributeur europ\u00e9en exclusif du kava exceptionnel de la Soci\u00e9t\u00e9 du Kava. Il s&rsquo;agit v\u00e9ritablement du meilleur kava au monde. Contrairement \u00e0 la plupart des kavas disponibles sur le march\u00e9 - des racines mal s\u00e9ch\u00e9es et nettoy\u00e9es d&rsquo;origine inconnue - chaque lot de la Soci\u00e9t\u00e9 Kava est trait\u00e9 \u00e0 partir de plantes fra\u00eechement r\u00e9colt\u00e9es en utilisant des m\u00e9thodes pionni\u00e8res qui pr\u00e9servent une fra\u00eecheur maximale tout en garantissant une puret\u00e9 absolue. Chaque lot est soumis \u00e0 des tests rigoureux en laboratoire et accompagn\u00e9 de certificats d&rsquo;analyse. Il s&rsquo;agit exactement du m\u00eame kava de qualit\u00e9 sup\u00e9rieure vendu en Nouvelle-Z\u00e9lande, qui r\u00e9pond \u00e0 toutes les normes de qualit\u00e9 et de s\u00e9curit\u00e9 de ce pays. Lorsque vous choisissez nos produits, vous obtenez le kava tel qu&rsquo;il devrait \u00eatre : frais, pur et correctement identifi\u00e9.<\/p>\n<p class=\"whitespace-normal break-words\">Consultez \u00e9galement nos <a href=\"https:\/\/kavaeurope.eu\/fr\/shop\/t-shirt-kava-europe-marron-blanc\/\">t-shirts<\/a> et <a href=\"https:\/\/kavaeurope.eu\/fr\/categorie-produit\/accessoires\/\">accessoires de<\/a> kava.<\/p>\n","protected":false},"excerpt":{"rendered":"<p>Cultivar noble d&rsquo;Espiritu Santo. Le premier produit de la Soci\u00e9t\u00e9 du Kava \u00e0 partir d&rsquo;un seul cultivar, obtenu depuis le d\u00e9but des ann\u00e9es 2010. Broyage traditionnel.  <\/p>\n","protected":false},"featured_media":46150,"comment_status":"closed","ping_status":"closed","template":"","meta":{"_kad_blocks_custom_css":"","_kad_blocks_head_custom_js":"","_kad_blocks_body_custom_js":"","_kad_blocks_footer_custom_js":"","_kad_post_transparent":"","_kad_post_title":"","_kad_post_layout":"default","_kad_post_sidebar_id":"","_kad_post_content_style":"default","_kad_post_vertical_padding":"default","_kad_post_feature":"","_kad_post_feature_position":"","_kad_post_header":false,"_kad_post_footer":false,"_kad_post_classname":""},"product_brand":[],"product_cat":[380],"product_tag":[381,382,397,399,384,398],"class_list":{"0":"post-46878","1":"product","2":"type-product","3":"status-publish","4":"has-post-thumbnail","6":"product_cat-kava-fr","7":"product_tag-kava-fr","8":"product_tag-kava-europe-fr","9":"product_tag-kava-kava-fr","10":"product_tag-kava-noble","11":"product_tag-le-kava-traditionnel","12":"product_tag-piper-methysticum-fr","13":"pa_kava-type-traditionnel","14":"pa_weight-100g","15":"pa_weight-250g","16":"pa_weight-500g","18":"first","19":"instock","20":"taxable","21":"shipping-taxable","22":"purchasable","23":"product-type-variable","24":"has-default-attributes","25":"entry","26":"content-bg","27":"loop-entry"},"aioseo_notices":[],"taxonomy_info":{"product_cat":[{"value":380,"label":"Kava"}],"product_tag":[{"value":381,"label":"kava"},{"value":382,"label":"kava europe"},{"value":397,"label":"kava kava"},{"value":399,"label":"kava noble"},{"value":384,"label":"le kava traditionnel"},{"value":398,"label":"piper methysticum"}],"pa_kava-type":[{"value":375,"label":"Traditionnel"}],"pa_weight":[{"value":302,"label":"100g"},{"value":630,"label":"250g"},{"value":304,"label":"500g"}]},"featured_image_src_large":["https:\/\/kavaeurope.eu\/wp-content\/uploads\/2025\/03\/Palarasul-Trad-Front-100-g.png",1024,768,false],"author_info":[],"comment_info":5,"_links":{"self":[{"href":"https:\/\/kavaeurope.eu\/fr\/wp-json\/wp\/v2\/product\/46878","targetHints":{"allow":["GET"]}}],"collection":[{"href":"https:\/\/kavaeurope.eu\/fr\/wp-json\/wp\/v2\/product"}],"about":[{"href":"https:\/\/kavaeurope.eu\/fr\/wp-json\/wp\/v2\/types\/product"}],"replies":[{"embeddable":true,"href":"https:\/\/kavaeurope.eu\/fr\/wp-json\/wp\/v2\/comments?post=46878"}],"wp:featuredmedia":[{"embeddable":true,"href":"https:\/\/kavaeurope.eu\/fr\/wp-json\/wp\/v2\/media\/46150"}],"wp:attachment":[{"href":"https:\/\/kavaeurope.eu\/fr\/wp-json\/wp\/v2\/media?parent=46878"}],"wp:term":[{"taxonomy":"product_brand","embeddable":true,"href":"https:\/\/kavaeurope.eu\/fr\/wp-json\/wp\/v2\/product_brand?post=46878"},{"taxonomy":"product_cat","embeddable":true,"href":"https:\/\/kavaeurope.eu\/fr\/wp-json\/wp\/v2\/product_cat?post=46878"},{"taxonomy":"product_tag","embeddable":true,"href":"https:\/\/kavaeurope.eu\/fr\/wp-json\/wp\/v2\/product_tag?post=46878"}],"curies":[{"name":"wp","href":"https:\/\/api.w.org\/{rel}","templated":true}]}}