{"id":46998,"date":"2020-01-30T16:45:11","date_gmt":"2020-01-30T15:45:11","guid":{"rendered":"https:\/\/temp.kavaeurope.eu\/regole-e-regolamenti\/"},"modified":"2026-04-17T06:19:54","modified_gmt":"2026-04-17T04:19:54","slug":"regole-e-regolamenti","status":"publish","type":"page","link":"https:\/\/kavaeurope.eu\/it\/regole-e-regolamenti\/","title":{"rendered":"Termini e condizioni"},"content":{"rendered":"\n<section class=\"wp-block-uagb-section uagb-section__wrap uagb-section__background-image uagb-block-fa463ee7\"><div class=\"uagb-section__overlay\"><\/div><div class=\"uagb-section__inner-wrap\">\n<div class=\"wp-block-uagb-advanced-heading uagb-block-1728fe1a\"><h2 class=\"uagb-heading-text\">Termini e condizioni<\/h2><\/div>\n<\/div><\/section>\n\n<section class=\"wp-block-uagb-section uagb-section__wrap uagb-section__background-none uagb-block-05d3adea\"><div class=\"uagb-section__overlay\"><\/div><div class=\"uagb-section__inner-wrap\">\n<p>Il negozio online di Kava Europe, disponibile all&#8217;indirizzo <a href=\"https:\/\/kavaeurope.eu\/\">https:\/\/www.kavaeurope.pl<\/a> e <a href=\"https:\/\/kavaeurope.eu\/\">https:\/\/kavaeurope.eu<\/a>, \u00e8 una piattaforma gestita da Pacific Elixir sp. z o. o. societ\u00e0 a responsabilit\u00e0 limitata con sede legale a Varsavia, iscritta al Registro degli Imprenditori presso il Registro Nazionale dei Tribunali con il numero https:\/\/kavaeurope.eu; ID contribuente. 5213847616; ID contribuente: NIP (TIN): 5242928576; REGON (Numero di Registro Nazionale delle Imprese) 381887539.<\/p>\n\n\n\n<p><strong>Consegna e rimborsi<\/strong><\/p>\n\n\n\n<p><strong>Esecuzione dell&#8217;ordine<\/strong><\/p>\n\n\n\n<p><strong>Gli ordini vengono eseguiti entro 48 (quarantotto) ore dal momento della prenotazione del pagamento, esclusi i giorni non lavorativi.<\/strong><\/p>\n\n\n\n<p><strong>I seguenti vettori di spedizione sono: InPost, Poczta Polska.<\/strong><\/p>\n\n\n\n<p><strong>Il Cliente pu\u00f2 anche ritirare personalmente l&#8217;Ordine dopo aver selezionato l&#8217;apposita opzione nel modulo d&#8217;ordine. Il prodotto pu\u00f2 essere ritirato entro 7 (sette) giorni dal momento dell&#8217;ordine e del pagamento al seguente indirizzo:  <\/strong><strong>Pacific Elixir sp. z o. o<\/strong><strong>. ul. Czerniakowska 73\/79 Varsavia. <\/strong><\/p>\n\n\n\n<p><strong>Tracciamento dell&#8217;ordine<\/strong><\/p>\n\n\n\n<p>Se il corriere fornisce il numero d&#8217;ordine, aggiorneremo l&#8217;ordine sulle informazioni di tracciabilit\u00e0. Il Cliente deve ricordare che alcuni ordini spediti da Poczta Polska non sono dotati di un sistema di tracciamento dell&#8217;ordine. <\/p>\n\n\n\n<p><strong>Costi di consegna<\/strong><\/p>\n\n\n\n<p>Il costo della consegna dipende dal peso dei prodotti ordinati e dall&#8217;indirizzo di consegna. Prima dell&#8217;esecuzione dell&#8217;ordine, il Cliente riceve informazioni dettagliate sul costo totale del servizio, compresa la consegna e il prezzo del prodotto. A questo punto il cliente, se non accetta il costo totale, pu\u00f2 rinunciare al servizio.  <\/p>\n\n\n\n<p><strong>Ordinare pi\u00f9 prodotti<\/strong><\/p>\n\n\n\n<p>Se il Cliente acquista determinati prodotti e alcuni di essi non sono disponibili al momento, verranno inviati in primo luogo i prodotti disponibili. Quando gli altri prodotti saranno nuovamente disponibili, il Cliente ricever\u00e0 quelli rimanenti. Il Cliente non dovr\u00e0 sostenere ulteriori costi di spedizione.  <\/p>\n\n\n\n<p><strong>Rimborsi e cambi<\/strong><\/p>\n\n\n\n<p>Come rimborsare il prodotto<\/p>\n\n\n\n<p>Il Cliente ha il diritto di recedere dal contratto senza fornire alcuna motivazione entro 14 giorni dalla data in cui \u00e8 entrato in possesso del prodotto ordinato; dalla data in cui un terzo diverso dal trasportatore o da una persona indicata dal Cliente \u00e8 entrato in possesso del prodotto ordinato, oppure dalla data in cui \u00e8 entrato in possesso dell&#8217;ultimo prodotto.<\/p>\n\n\n\n<p>Per ricevere il rimborso, il prodotto deve essere restituito nella confezione originale non aperta e non utilizzata, a meno che la confezione danneggiata non sia dovuta a un difetto di fabbricazione.<\/p>\n\n\n\n<p>La volont\u00e0 di rimborso dovr\u00e0 essere dichiarata via e-mail o per posta secondo le seguenti istruzioni. Per ottenere il rimborso, i prodotti acquistati devono essere restituiti entro<strong> 14 (quattordici) giorni dalla data di acquisto.<\/strong> <\/p>\n\n\n\n<ol class=\"wp-block-list\">\n<li>Invia un&#8217;e-mail a <strong><u>contact@kavaeurope.eu<\/u><\/strong> con il seguente modulo:<\/li>\n<\/ol>\n\n\n\n<ul class=\"wp-block-list\">\n<li>il motivo della restituzione dei prodotti (facoltativo)<\/li>\n\n\n\n<li>il numero dell&#8217;ordine<\/li>\n\n\n\n<li>Informazioni sul destinatario e sul numero di conto corrente a cui verr\u00e0 inviato il rimborso (in caso di mancanza di informazioni, il rimborso verr\u00e0 inviato sullo stesso numero di conto corrente utilizzato per effettuare l&#8217;ordine).<\/li>\n<\/ul>\n\n\n\n<ol start=\"2\" class=\"wp-block-list\">\n<li>Restituisci il prodotto al seguente indirizzo:<\/li>\n<\/ol>\n\n\n\n<p><strong>Pacific Elixir sp. z o. o.<\/strong><\/p>\n\n\n\n<p><strong>Czerniakowska 73\/79<\/strong><\/p>\n\n\n\n<p><strong>00-718 Varsavia<\/strong><\/p>\n\n\n\n<ol start=\"3\" class=\"wp-block-list\">\n<li><strong>Allega al pacco la documentazione firmata relativa al motivo della restituzione (facoltativamente), lo scontrino o la fattura originale.<\/strong><\/li>\n<\/ol>\n\n\n\n<p>Il Venditore pu\u00f2 attendere il rimborso del pagamento fino alla ricezione del prodotto o alla conferma dell&#8217;invio del prodotto da parte del Cliente, a seconda di quale evento si verifichi prima.<\/p>\n\n\n\n<p>Il Cliente \u00e8 tenuto a restituire il Prodotto al Venditore nei seguenti Termini senza esitazione, entro e non oltre 14 (quattordici) giorni dal giorno in cui il Venditore \u00e8 stato informato della risoluzione del contratto. La data sar\u00e0 rispettata se il Cliente invia il Prodotto prima del termine di 14 (quattordici) giorni. Le spese di restituzione del Prodotto sono a carico del Cliente.  <\/p>\n\n\n\n<p><strong>Rimborsi - eccezioni<\/strong><\/p>\n\n\n\n<p>Il Cliente non ha il diritto di risolvere il contratto per via elettronica in una transazione in cui il Prodotto considerato \u00e8 stato inviato in una confezione sigillata e non manomettibile e il sigillo \u00e8 stato rotto dopo essere entrato in possesso del Prodotto. Il Prodotto non pu\u00f2 essere restituito una volta rotto il sigillo originale, poich\u00e9 il contenuto \u00e8 un prodotto botanico a base di piante la cui integrit\u00e0 dipende dalla confezione integra. <\/p>\n\n\n\n<p><strong>Scambi<\/strong><\/p>\n\n\n\n<p>Se il Prodotto rimane nella confezione originale non aperta pu\u00f2 essere sostituito con un altro di valore uguale o inferiore o per un rabbocco nel Negozio online.<\/p>\n\n\n\n<p><strong>Funzionamento del negozio<\/strong><\/p>\n\n\n\n<p>Nella misura massima consentita dalla legge applicabile, il Venditore declina ogni responsabilit\u00e0 per l&#8217;interruzione del funzionamento del negozio causata da cause di forza maggiore, attivit\u00e0 di terzi non consentite o<strong> incompatibilit\u00e0 del negozio online con l&#8217;infrastruttura tecnica del Cliente.<\/strong><\/p>\n\n\n\n<p><strong>La navigazione tra i prodotti del Negozio non richiede la creazione di un Account del Cliente. L&#8217;invio di un ordine da parte del Cliente \u00e8 possibile dopo la creazione dell&#8217;Account del Cliente o dopo aver fornito le informazioni necessarie, come i dati personali e l&#8217;indirizzo di spedizione, necessarie per l&#8217;esecuzione dell&#8217;ordine. <\/strong><\/p>\n\n\n\n<p><strong>I prezzi presentati sul Negozio Online sono espressi in <\/strong>zloty polacchi e sono prezzi lordi, ovvero l&#8217;Imposta sul Valore Aggiunto \u00e8 inclusa.<\/p>\n\n\n\n<p><strong>Registrazione dell&#8217;account del cliente<\/strong><\/p>\n\n\n\n<ol class=\"wp-block-list\">\n<li><strong>Per registrare l&#8217;Account del Cliente, quest&#8217;ultimo dovr\u00e0 compilare l&#8217;apposito modulo di registrazione. \u00c8 necessario fornire i seguenti dati: nome, cognome e indirizzo di spedizione. <\/strong><\/li>\n\n\n\n<li><strong>La registrazione dell&#8217;Account del Cliente \u00e8 gratuita.<\/strong><\/li>\n\n\n\n<li><strong>Per accedere all&#8217;Account \u00e8 necessario presentare il login e la password impostati nel modulo di registrazione.<\/strong><\/li>\n\n\n\n<li><strong>L&#8217;Account del Cliente pu\u00f2 essere chiuso dal Destinatario del Servizio. T <\/strong><strong>Il Cliente potr\u00e0, in qualsiasi momento, senza <\/strong><strong>fornire motivazioni e sostenere eventuali spese, inviando una dichiarazione di volont\u00e0 al Venditore all&#8217;indirizzo e-mail <\/strong><strong><a href=\"mailto:kontakt@kavaeurope.pl\">contact@kavaeurope.eu<\/a> <\/strong> <strong>o in forma scritta all&#8217;indirizzo Pacific Elixir sp. z o. o. con sede a Varsavia, Polonia, indirizzo ul. Czerniakowska 73\/79, 00-718 Varsavia, Polonia. <\/strong><\/li>\n<\/ol>\n\n\n\n<p><strong>Esecuzione del Contratto di Vendita<\/strong><\/p>\n\n\n\n<ol class=\"wp-block-list\">\n<li>L&#8217;esecuzione del Contratto di Vendita tra il Cliente e il Venditore avviene dopo l&#8217;inoltro dell&#8217;Ordine da parte del Cliente tramite il Modulo d&#8217;Ordine disponibile sul Negozio Online.<\/li>\n\n\n\n<li>Dopo aver effettuato l&#8217;Ordine, il Venditore, senza esitazione, conferma l&#8217;Ordine e lo esegue. L&#8217;accettazione dell&#8217;Ordine viene inviata all&#8217;indirizzo e-mail del Cliente indicato al momento dell&#8217;invio dell&#8217;Ordine. Il messaggio di accettazione costituisce la conferma da parte del Venditore della ricezione dell&#8217;Ordine, della sua esecuzione e della conferma dell&#8217;esecuzione del Contratto di Vendita. Il Contratto di Vendita viene concluso tra il Cliente e il Venditore al momento della ricezione del suddetto messaggio di posta elettronica.   <\/li>\n\n\n\n<li>In caso di scelta da parte del Cliente:\n<ul class=\"wp-block-list\">\n<li>pagamento tramite bonifico bancario, pagamento elettronico o pagamento con carta di credito, il Cliente dovr\u00e0 effettuare il pagamento entro 12 (dodici) ore dal momento della conclusione del Contratto di Vendita; in caso contrario, l&#8217;Ordine verr\u00e0 automaticamente annullato per mancato pagamento.<\/li>\n\n\n\n<li>pagamento in contanti al ricevimento personale della spedizione, il Cliente dovr\u00e0 pagare al momento del ricevimento personale della spedizione entro 7 (sette) giorni dalla ricezione del messaggio di disponibilit\u00e0 al ritiro della spedizione.<\/li>\n<\/ul>\n<\/li>\n<\/ol>\n\n\n\n<ol start=\"4\" class=\"wp-block-list\">\n<li>Se il Cliente ha scelto una consegna diversa dalla ricevuta personale, il Prodotto sar\u00e0 spedito dal Venditore in 48 (quarantotto) ore, esclusi i giorni non lavorativi, in base alla scelta del Cliente effettuata durante l&#8217;invio dell&#8217;Ordine.<\/li>\n\n\n\n<li>Se il Cliente ha ordinato i Prodotti con tempi di consegna diversi, la data di consegna finale \u00e8 quella pi\u00f9 recente.<\/li>\n<\/ol>\n\n\n\n<p><strong>Strumenti extragiudiziali possibili per l&#8217;esame dei reclami e il perseguimento delle richieste di risarcimento<\/strong><\/p>\n\n\n\n<p>Il Cliente pu\u00f2 trovare informazioni dettagliate sulle possibilit\u00e0 di ricorrere a mezzi extragiudiziali per l&#8217;esame dei reclami, il perseguimento delle richieste di risarcimento e le regole per l&#8217;accesso a tali procedure, disponibili presso gli uffici o i siti web delle seguenti entit\u00e0 legali:<\/p>\n\n\n\n<ol class=\"wp-block-list\">\n<li>a) Ombudsman dei consumatori regionali e comunali<\/li>\n\n\n\n<li>b) Organizzazioni non governative dedicate ai diritti dei consumatori,<\/li>\n\n\n\n<li>c) Ispettorato del Commercio,<\/li>\n\n\n\n<li>d) Ufficio per la concorrenza e la protezione dei consumatori<\/li>\n<\/ol>\n\n\n\n<p><a href=\"http:\/\/www.uokik.gov.pl\/spory_konsumenckie.php\">http:\/\/www.uokik.gov.pl\/spory_konsumenckie.php;<\/a> <a href=\"http:\/\/www.uokik.gov.pl\/sprawy_indywidualne.php\">http:\/\/www.uokik.gov.pl\/sprawy_indywidualne.php<\/a><\/p>\n\n\n\n<p><a href=\"http:\/\/www.uokik.gov.pl\/wazne_adresy.php\">http:\/\/www.uokik.gov.pl\/wazne_adresy.php<\/a><\/p>\n\n\n\n<p id=\"personal-data\"><strong>Dati personali<\/strong><\/p>\n\n\n\n<ol class=\"wp-block-list\">\n<li>L&#8217;amministratore dei dati personali del Cliente raccolti tramite il Negozio Online \u00e8 il Venditore, Pacific Elixir sp. z o. o.<\/li>\n\n\n\n<li>L&#8217;Amministratore tratta i dati personali raccolti tramite il Negozio Online al fine di dare esecuzione al Contratto di Vendita e, se il Cliente \u00e8 d&#8217;accordo, anche per finalit\u00e0 di marketing.<\/li>\n<\/ol>\n\n\n\n<ul class=\"wp-block-list\">\n<li>Al fine di concludere l&#8217;Ordine, l&#8217;Amministratore condivide i dati personali del Cliente con terze parti. I destinatari dei dati personali del Cliente presentati sul Negozio Online sono: <\/li>\n\n\n\n<li>societ\u00e0 di consegna, che consegnano il Prodotto, se il Cliente effettua un ordine tramite il Negozio Online e sceglie il servizio postale o di corriere.<\/li>\n\n\n\n<li>societ\u00e0 di elaborazione dei pagamenti, se il Cliente effettua un ordine tramite il Negozio Online e sceglie un&#8217;opzione di pagamento elettronico o una carta di credito.<\/li>\n\n\n\n<li>Il Cliente ha il diritto di accedere al trattamento dei dati personali, alla loro correzione, modifica, cancellazione e limitazione, all&#8217;opposizione al loro trattamento e al diritto di trasferimento dei dati.<\/li>\n\n\n\n<li>Il Cliente fornisce i propri dati volontariamente. In alcune situazioni il conferimento dei dati personali pu\u00f2 essere necessario e il mancato conferimento comporta l&#8217;impossibilit\u00e0 di concludere il Contratto di Vendita. <\/li>\n<\/ul>\n\n\n\n<p><strong>Disposizioni finali<\/strong><\/p>\n\n\n\n<ol class=\"wp-block-list\">\n<li><strong>Il Venditore si riserva il diritto di modificare i propri Termini e le proprie politiche. Il Venditore informer\u00e0 il Cliente di ogni modifica Il Cliente sar\u00e0 informato di ogni modifica dal Venditore con almeno 7 (sette) giorni di anticipo. <\/strong><\/li>\n\n\n\n<li>A tutte le questioni non risolte dalle presenti Condizioni di Vendita si applicano le disposizioni della legge polacca, in particolare il Codice Civile polacco, la Legge sulla fornitura di servizi elettronici, la Legge sui diritti dei consumatori e la Legge sulla protezione dei dati personali.<\/li>\n\n\n\n<li>Il Cliente ha il diritto di ricorrere a strumenti extragiudiziali per presentare reclami e richieste di risarcimento. Un reclamo pu\u00f2 essere presentato tramite la piattaforma europea di risoluzione delle controversie online (ODR)<a href=\"https:\/\/ec.europa.eu\/consumers\/odr\">(https:\/\/ec.europa.eu\/consumers\/odr)<\/a>. <\/li>\n<\/ol>\n<\/div><\/section>\n","protected":false},"excerpt":{"rendered":"","protected":false},"author":1,"featured_media":0,"parent":0,"menu_order":0,"comment_status":"closed","ping_status":"closed","template":"","meta":{"_kad_blocks_custom_css":"","_kad_blocks_head_custom_js":"","_kad_blocks_body_custom_js":"","_kad_blocks_footer_custom_js":"","_kad_post_transparent":"","_kad_post_title":"","_kad_post_layout":"","_kad_post_sidebar_id":"","_kad_post_content_style":"","_kad_post_vertical_padding":"","_kad_post_feature":"","_kad_post_feature_position":"","_kad_post_header":false,"_kad_post_footer":false,"_kad_post_classname":"","footnotes":""},"class_list":["post-46998","page","type-page","status-publish","hentry"],"aioseo_notices":[],"taxonomy_info":[],"featured_image_src_large":false,"author_info":{"display_name":"adminks","author_link":"https:\/\/kavaeurope.eu\/it\/author\/adminks\/"},"comment_info":0,"_links":{"self":[{"href":"https:\/\/kavaeurope.eu\/it\/wp-json\/wp\/v2\/pages\/46998","targetHints":{"allow":["GET"]}}],"collection":[{"href":"https:\/\/kavaeurope.eu\/it\/wp-json\/wp\/v2\/pages"}],"about":[{"href":"https:\/\/kavaeurope.eu\/it\/wp-json\/wp\/v2\/types\/page"}],"author":[{"embeddable":true,"href":"https:\/\/kavaeurope.eu\/it\/wp-json\/wp\/v2\/users\/1"}],"replies":[{"embeddable":true,"href":"https:\/\/kavaeurope.eu\/it\/wp-json\/wp\/v2\/comments?post=46998"}],"version-history":[{"count":0,"href":"https:\/\/kavaeurope.eu\/it\/wp-json\/wp\/v2\/pages\/46998\/revisions"}],"wp:attachment":[{"href":"https:\/\/kavaeurope.eu\/it\/wp-json\/wp\/v2\/media?parent=46998"}],"curies":[{"name":"wp","href":"https:\/\/api.w.org\/{rel}","templated":true}]}}