{"id":48700,"date":"2025-05-02T20:12:57","date_gmt":"2025-05-02T18:12:57","guid":{"rendered":"https:\/\/kavaeurope.eu\/?page_id=48700"},"modified":"2026-03-05T15:35:14","modified_gmt":"2026-03-05T14:35:14","slug":"cose-la-kava-2","status":"publish","type":"page","link":"https:\/\/kavaeurope.eu\/it\/cose-la-kava-2\/","title":{"rendered":"Kava tradizionale o istantanea"},"content":{"rendered":"\n<style>.kadence-column48696_e41b14-fd > .kt-inside-inner-col{padding-top:var(--global-kb-spacing-xs, 1rem);}.kadence-column48696_e41b14-fd > .kt-inside-inner-col,.kadence-column48696_e41b14-fd > .kt-inside-inner-col:before{border-top-left-radius:0px;border-top-right-radius:0px;border-bottom-right-radius:0px;border-bottom-left-radius:0px;}.kadence-column48696_e41b14-fd > .kt-inside-inner-col{column-gap:var(--global-kb-gap-sm, 1rem);}.kadence-column48696_e41b14-fd > .kt-inside-inner-col{flex-direction:column;}.kadence-column48696_e41b14-fd > .kt-inside-inner-col > .aligncenter{width:100%;}.kadence-column48696_e41b14-fd > .kt-inside-inner-col:before{opacity:0.3;}.kadence-column48696_e41b14-fd{position:relative;}@media all and (max-width: 1024px){.kadence-column48696_e41b14-fd > .kt-inside-inner-col{flex-direction:column;justify-content:center;}}@media all and (max-width: 767px){.kadence-column48696_e41b14-fd > .kt-inside-inner-col{flex-direction:column;justify-content:center;}}<\/style>\n<div class=\"wp-block-kadence-column kadence-column48696_e41b14-fd\"><div class=\"kt-inside-inner-col\">\n<h1 class=\"wp-block-heading\">Capire le forme di Kava: Dalle radici fresche alle moderne polveri<\/h1>\n\n\n\n<p>Nei villaggi di Vanuatu, la preparazione della kava \u00e8 rimasta invariata per millenni. Le radici fresche vengono estratte dal terreno, pulite, pestate o masticate, mescolate con acqua e utilizzate entro poche ore. Questa kava &#8220;verde\", ancora ricca di umidit\u00e0 e composti volatili, rappresenta la forma tradizionale che le culture del Pacifico apprezzano da oltre 3.000 anni.  <\/p>\n\n\n\n<p>Ma a meno che tu non viva a pochi passi da un giardino di kava, la kava verde fresca non \u00e8 disponibile. Le radici iniziano a degradarsi dopo poche ore dalla raccolta, rendendo impossibile il trasporto al di fuori delle isole. Questa realt\u00e0 ha dato origine a varie forme essiccate, ognuna delle quali viene lavorata in modo diverso per preservare le propriet\u00e0 uniche della pianta.  <\/p>\n\n\n\n<p>Ci riforniamo di kava esclusivamente dalla Kava Society, specializzata nella lavorazione del raccolto fresco. I loro partner di Vanuatu lavorano le radici entro 24 ore utilizzando disidratatori a temperatura controllata in strutture certificate HACCP. La polvere conserva colori freschi e brillanti e aromi puliti e di nocciola, mai ammuffiti o stantii.  <\/p>\n\n\n<style>.kt-accordion-id48696_0dfaac-bf .kt-accordion-inner-wrap{column-gap:var(--global-kb-gap-md, 2rem);row-gap:10px;}.kt-accordion-id48696_0dfaac-bf .kt-accordion-panel-inner{border-top:0px solid transparent;border-right:1px solid transparent;border-bottom:1px solid transparent;border-left:1px solid transparent;background:#ffffff;padding-top:var(--global-kb-spacing-sm, 1.5rem);padding-right:var(--global-kb-spacing-sm, 1.5rem);padding-bottom:var(--global-kb-spacing-sm, 1.5rem);padding-left:var(--global-kb-spacing-sm, 1.5rem);}.kt-accordion-id48696_0dfaac-bf > .kt-accordion-inner-wrap > .wp-block-kadence-pane > .kt-accordion-header-wrap > .kt-blocks-accordion-header{border-top:1px solid #eeeeee;border-right:1px solid #eeeeee;border-bottom:1px solid #eeeeee;border-left:2px solid #eeeeee;background:var(--global-palette8, #F7FAFC);font-size:var(--global-kb-font-size-md, 1.25rem);font-family:var( --global-heading-font-family, inherit );font-weight:700;color:var(--global-palette1, #3182CE);padding-top:14px;padding-right:16px;padding-bottom:14px;padding-left:16px;}.kt-accordion-id48696_0dfaac-bf:not( .kt-accodion-icon-style-basiccircle ):not( .kt-accodion-icon-style-xclosecircle ):not( .kt-accodion-icon-style-arrowcircle )  > .kt-accordion-inner-wrap > .wp-block-kadence-pane > .kt-accordion-header-wrap .kt-blocks-accordion-icon-trigger:after, .kt-accordion-id48696_0dfaac-bf:not( .kt-accodion-icon-style-basiccircle ):not( .kt-accodion-icon-style-xclosecircle ):not( .kt-accodion-icon-style-arrowcircle )  > .kt-accordion-inner-wrap > .wp-block-kadence-pane > .kt-accordion-header-wrap .kt-blocks-accordion-icon-trigger:before{background:var(--global-palette1, #3182CE);}.kt-accordion-id48696_0dfaac-bf:not( .kt-accodion-icon-style-basic ):not( .kt-accodion-icon-style-xclose ):not( .kt-accodion-icon-style-arrow ) .kt-blocks-accordion-icon-trigger{background:var(--global-palette1, #3182CE);}.kt-accordion-id48696_0dfaac-bf:not( .kt-accodion-icon-style-basic ):not( .kt-accodion-icon-style-xclose ):not( .kt-accodion-icon-style-arrow ) .kt-blocks-accordion-icon-trigger:after, .kt-accordion-id48696_0dfaac-bf:not( .kt-accodion-icon-style-basic ):not( .kt-accodion-icon-style-xclose ):not( .kt-accodion-icon-style-arrow ) .kt-blocks-accordion-icon-trigger:before{background:var(--global-palette8, #F7FAFC);}.kt-accordion-id48696_0dfaac-bf > .kt-accordion-inner-wrap > .wp-block-kadence-pane > .kt-accordion-header-wrap > .kt-blocks-accordion-header:hover, \n\t\t\t\tbody:not(.hide-focus-outline) .kt-accordion-id48696_0dfaac-bf .kt-blocks-accordion-header:focus-visible{color:var(--global-palette1, #3182CE);background:var(--global-palette8, #F7FAFC);}.kt-accordion-id48696_0dfaac-bf:not( .kt-accodion-icon-style-basiccircle ):not( .kt-accodion-icon-style-xclosecircle ):not( .kt-accodion-icon-style-arrowcircle ) .kt-accordion-header-wrap .kt-blocks-accordion-header:hover .kt-blocks-accordion-icon-trigger:after, .kt-accordion-id48696_0dfaac-bf:not( .kt-accodion-icon-style-basiccircle ):not( .kt-accodion-icon-style-xclosecircle ):not( .kt-accodion-icon-style-arrowcircle ) .kt-accordion-header-wrap .kt-blocks-accordion-header:hover .kt-blocks-accordion-icon-trigger:before, body:not(.hide-focus-outline) .kt-accordion-id48696_0dfaac-bf:not( .kt-accodion-icon-style-basiccircle ):not( .kt-accodion-icon-style-xclosecircle ):not( .kt-accodion-icon-style-arrowcircle ) .kt-blocks-accordion--visible .kt-blocks-accordion-icon-trigger:after, body:not(.hide-focus-outline) .kt-accordion-id48696_0dfaac-bf:not( .kt-accodion-icon-style-basiccircle ):not( .kt-accodion-icon-style-xclosecircle ):not( .kt-accodion-icon-style-arrowcircle ) .kt-blocks-accordion-header:focus-visible .kt-blocks-accordion-icon-trigger:before{background:var(--global-palette1, #3182CE);}.kt-accordion-id48696_0dfaac-bf:not( .kt-accodion-icon-style-basic ):not( .kt-accodion-icon-style-xclose ):not( .kt-accodion-icon-style-arrow ) .kt-accordion-header-wrap .kt-blocks-accordion-header:hover .kt-blocks-accordion-icon-trigger, body:not(.hide-focus-outline) .kt-accordion-id48696_0dfaac-bf:not( .kt-accodion-icon-style-basic ):not( .kt-accodion-icon-style-xclose ):not( .kt-accodion-icon-style-arrow ) .kt-accordion-header-wrap .kt-blocks-accordion-header:focus-visible .kt-blocks-accordion-icon-trigger{background:var(--global-palette1, #3182CE);}.kt-accordion-id48696_0dfaac-bf:not( .kt-accodion-icon-style-basic ):not( .kt-accodion-icon-style-xclose ):not( .kt-accodion-icon-style-arrow ) .kt-accordion-header-wrap .kt-blocks-accordion-header:hover .kt-blocks-accordion-icon-trigger:after, .kt-accordion-id48696_0dfaac-bf:not( .kt-accodion-icon-style-basic ):not( .kt-accodion-icon-style-xclose ):not( .kt-accodion-icon-style-arrow ) .kt-accordion-header-wrap .kt-blocks-accordion-header:hover .kt-blocks-accordion-icon-trigger:before, body:not(.hide-focus-outline) .kt-accordion-id48696_0dfaac-bf:not( .kt-accodion-icon-style-basic ):not( .kt-accodion-icon-style-xclose ):not( .kt-accodion-icon-style-arrow ) .kt-accordion-header-wrap .kt-blocks-accordion-header:focus-visible .kt-blocks-accordion-icon-trigger:after, body:not(.hide-focus-outline) .kt-accordion-id48696_0dfaac-bf:not( .kt-accodion-icon-style-basic ):not( .kt-accodion-icon-style-xclose ):not( .kt-accodion-icon-style-arrow ) .kt-accordion-header-wrap .kt-blocks-accordion-header:focus-visible .kt-blocks-accordion-icon-trigger:before{background:var(--global-palette8, #F7FAFC);}.kt-accordion-id48696_0dfaac-bf .kt-accordion-header-wrap .kt-blocks-accordion-header:focus-visible,\n\t\t\t\t.kt-accordion-id48696_0dfaac-bf > .kt-accordion-inner-wrap > .wp-block-kadence-pane > .kt-accordion-header-wrap > .kt-blocks-accordion-header.kt-accordion-panel-active{color:var(--global-palette1, #3182CE);background:#ffffff;border-top:1px solid #eeeeee;border-right:1px solid #eeeeee;border-left:2px solid var(--global-palette1, #3182CE);}.kt-accordion-id48696_0dfaac-bf:not( .kt-accodion-icon-style-basiccircle ):not( .kt-accodion-icon-style-xclosecircle ):not( .kt-accodion-icon-style-arrowcircle )  > .kt-accordion-inner-wrap > .wp-block-kadence-pane > .kt-accordion-header-wrap > .kt-blocks-accordion-header.kt-accordion-panel-active .kt-blocks-accordion-icon-trigger:after, .kt-accordion-id48696_0dfaac-bf:not( .kt-accodion-icon-style-basiccircle ):not( .kt-accodion-icon-style-xclosecircle ):not( .kt-accodion-icon-style-arrowcircle )  > .kt-accordion-inner-wrap > .wp-block-kadence-pane > .kt-accordion-header-wrap > .kt-blocks-accordion-header.kt-accordion-panel-active .kt-blocks-accordion-icon-trigger:before{background:var(--global-palette1, #3182CE);}.kt-accordion-id48696_0dfaac-bf:not( .kt-accodion-icon-style-basic ):not( .kt-accodion-icon-style-xclose ):not( .kt-accodion-icon-style-arrow ) .kt-blocks-accordion-header.kt-accordion-panel-active .kt-blocks-accordion-icon-trigger{background:var(--global-palette1, #3182CE);}.kt-accordion-id48696_0dfaac-bf:not( .kt-accodion-icon-style-basic ):not( .kt-accodion-icon-style-xclose ):not( .kt-accodion-icon-style-arrow ) .kt-blocks-accordion-header.kt-accordion-panel-active .kt-blocks-accordion-icon-trigger:after, .kt-accordion-id48696_0dfaac-bf:not( .kt-accodion-icon-style-basic ):not( .kt-accodion-icon-style-xclose ):not( .kt-accodion-icon-style-arrow ) .kt-blocks-accordion-header.kt-accordion-panel-active .kt-blocks-accordion-icon-trigger:before{background:#ffffff;}@media all and (max-width: 1024px){.kt-accordion-id48696_0dfaac-bf .kt-accordion-panel-inner{border-top:0px solid transparent;border-right:1px solid transparent;border-bottom:1px solid transparent;border-left:1px solid transparent;}}@media all and (max-width: 1024px){.kt-accordion-id48696_0dfaac-bf > .kt-accordion-inner-wrap > .wp-block-kadence-pane > .kt-accordion-header-wrap > .kt-blocks-accordion-header{border-top:1px solid #eeeeee;border-right:1px solid #eeeeee;border-bottom:1px solid #eeeeee;border-left:2px solid #eeeeee;}}@media all and (max-width: 1024px){.kt-accordion-id48696_0dfaac-bf .kt-accordion-header-wrap .kt-blocks-accordion-header:focus-visible,\n\t\t\t\t.kt-accordion-id48696_0dfaac-bf > .kt-accordion-inner-wrap > .wp-block-kadence-pane > .kt-accordion-header-wrap > .kt-blocks-accordion-header.kt-accordion-panel-active{border-top:1px solid #eeeeee;border-right:1px solid #eeeeee;border-left:2px solid var(--global-palette1, #3182CE);}}@media all and (max-width: 767px){.kt-accordion-id48696_0dfaac-bf .kt-accordion-inner-wrap{display:block;}.kt-accordion-id48696_0dfaac-bf .kt-accordion-inner-wrap .kt-accordion-pane:not(:first-child){margin-top:10px;}.kt-accordion-id48696_0dfaac-bf .kt-accordion-panel-inner{border-top:0px solid transparent;border-right:1px solid transparent;border-bottom:1px solid transparent;border-left:1px solid transparent;}.kt-accordion-id48696_0dfaac-bf > .kt-accordion-inner-wrap > .wp-block-kadence-pane > .kt-accordion-header-wrap > .kt-blocks-accordion-header{border-top:1px solid #eeeeee;border-right:1px solid #eeeeee;border-bottom:1px solid #eeeeee;border-left:2px solid #eeeeee;}.kt-accordion-id48696_0dfaac-bf .kt-accordion-header-wrap .kt-blocks-accordion-header:focus-visible,\n\t\t\t\t.kt-accordion-id48696_0dfaac-bf > .kt-accordion-inner-wrap > .wp-block-kadence-pane > .kt-accordion-header-wrap > .kt-blocks-accordion-header.kt-accordion-panel-active{border-top:1px solid #eeeeee;border-right:1px solid #eeeeee;border-left:2px solid var(--global-palette1, #3182CE);}}<\/style>\n<div class=\"wp-block-kadence-accordion alignnone\"><div class=\"kt-accordion-wrap kt-accordion-id48696_0dfaac-bf kt-accordion-has-6-panes kt-active-pane-0 kt-accordion-block kt-pane-header-alignment-left kt-accodion-icon-style-arrow kt-accodion-icon-side-right\" style=\"max-width:none\"><div class=\"kt-accordion-inner-wrap\" data-allow-multiple-open=\"true\" data-start-open=\"0\">\n<div class=\"wp-block-kadence-pane kt-accordion-pane kt-accordion-pane-1 kt-pane48696_faf039-89\"><h2 class=\"kt-accordion-header-wrap\"><button class=\"kt-blocks-accordion-header kt-acccordion-button-label-show\" type=\"button\"><span class=\"kt-blocks-accordion-title-wrap\"><span class=\"kt-blocks-accordion-title\">Macina tradizionale<\/span><\/span><span class=\"kt-blocks-accordion-icon-trigger\"><\/span><\/button><\/h2><div class=\"kt-accordion-panel kt-accordion-panel-hidden\"><div class=\"kt-accordion-panel-inner\">\n<p>Questa \u00e8 la forma essiccata pi\u00f9 comune. <strong>Le radici intere vengono essiccate e macinate fino a ottenere una polvere medio-grossa<\/strong> che conserva tutto il materiale fibroso della pianta. Quando viene preparata nel modo tradizionale del Pacifico - mescolata con acqua e filtrata - il materiale fibroso si separa mentre l&#8217;acqua assume il caratteristico colore marrone dorato e la consistenza cremosa della kava. <\/p>\n\n\n\n<p>La preparazione tradizionale richiede circa 10 minuti: la polvere viene messa in un colino, impastata con acqua calda e il liquido viene spremuto. Il <strong>liquido ottenuto ha un colore ricco e terroso<\/strong> che varia dal marrone chiaro al cioccolato intenso a seconda della cultivar e della concentrazione.<\/p>\n<\/div><\/div><\/div>\n\n\n\n<div class=\"wp-block-kadence-pane kt-accordion-pane kt-accordion-pane-6 kt-pane48696_forms-02\"><h2 class=\"kt-accordion-header-wrap\"><button class=\"kt-blocks-accordion-header kt-acccordion-button-label-show\" type=\"button\"><span class=\"kt-blocks-accordion-title-wrap\"><span class=\"kt-blocks-accordion-title\">Vera polvere istantanea<\/span><\/span><span class=\"kt-blocks-accordion-icon-trigger\"><\/span><\/button><\/h2><div class=\"kt-accordion-panel kt-accordion-panel-hidden\"><div class=\"kt-accordion-panel-inner\">\n<p>La vera kava istantanea rappresenta un processo fondamentalmente diverso. A differenza della kava micronizzata - che \u00e8 semplicemente una macinatura tradizionale pi\u00f9 fine - la vera kava istantanea parte dalle radici appena raccolte. Le radici fresche vengono trattate con acqua per rimuovere tutte le fibre legnose e il liquido risultante viene poi accuratamente disidratato in una polvere fine e uniforme (la kava \u00e8 naturalmente una sospensione di composti solubili della radice in acqua, quindi la separazione delle fibre prima dell&#8217;essiccazione e la separazione dopo il filtraggio sono due descrizioni dello stesso risultato: una polvere di radici intere e pulite con nient&#8217;altro che la roba buona). Quando aggiungi l&#8217;acqua, ricostituisci la frazione attiva della radice all&#8217;istante, senza bisogno di filtrare.    <\/p>\n\n\n\n<p>Il vero istantaneo crea una <strong>sospensione liscia e uniforme<\/strong> con particelle ultra-fini che rimangono mescolate molto pi\u00f9 a lungo rispetto ad altre forme. Anche se alla fine si deposita se lasciato fermo, la consistenza rimane cremosa e uniforme quando viene mescolato, <strong>senza fibre granulose o sedimenti grossolani<\/strong>. Il colore \u00e8 tipicamente pi\u00f9 chiaro e uniforme rispetto ai preparati tradizionali.  <\/p>\n\n\n\n<p><em>Nota: alcuni venditori e produttori vendono la <strong>kava micronizzata <\/strong>come kava istantanea. La kava micronizzata \u00e8 semplicemente kava tradizionale macinata finemente (un po&#8217; come i chicchi di caff\u00e8 espresso). Non \u00e8 la stessa cosa della nostra vera kava istantanea. La kava micronizzata viene pubblicizzata come un&#8217;opzione conveniente che non richiede di essere filtrata, ma si noti che contiene ancora tutte le fibre dure e il materiale vegetale indesiderato che la kava tradizionale filtrata correttamente o la vera kava istantanea non hanno.    <strong>Non vendiamo n\u00e9 raccomandiamo l&#8217;uso di kava micronizzata<\/strong> perch\u00e9 la riteniamo un prodotto inferiore.  <\/em><\/p>\n<\/div><\/div><\/div>\n\n\n\n<div class=\"wp-block-kadence-pane kt-accordion-pane kt-accordion-pane-2 kt-pane48696_902d06-19\"><h2 class=\"kt-accordion-header-wrap\"><button class=\"kt-blocks-accordion-header kt-acccordion-button-label-show\" type=\"button\"><span class=\"kt-blocks-accordion-title-wrap\"><span class=\"kt-blocks-accordion-title\">Perch\u00e9 l&#8217;elaborazione \u00e8 importante<\/span><\/span><span class=\"kt-blocks-accordion-icon-trigger\"><\/span><\/button><\/h2><div class=\"kt-accordion-panel kt-accordion-panel-hidden\"><div class=\"kt-accordion-panel-inner\">\n<p>La maggior parte della kava commerciale \u00e8 prodotta con radici essiccate su lastre di cemento o tetti di latta per giorni o settimane, esposte a polvere, pioggia e contaminazione. Quando vengono macinate - spesso dopo mesi - i colori vivaci e l&#8217;aroma fresco sono sbiaditi in un marrone spento e in note di muffa. <\/p>\n\n\n\n<p><strong>Ci riforniamo di kava esclusivamente dalla Kava Society, specializzata in un approccio fondamentalmente diverso.<\/strong>  I loro partner di Vanuatu lavorano le radici entro 24 ore dal raccolto utilizzando disidratatori a temperatura controllata in strutture certificate HACCP. La differenza \u00e8 immediatamente evidente: la<strong>polvere conserva colori brillanti e freschi<\/strong> che vanno dal beige dorato al mogano ricco, a seconda della cultivar. L&#8217;aroma \u00e8 pulito e di nocciola, a volte con note di cioccolato bianco o anacardi, mai ammuffito o stantio. <\/p>\n<\/div><\/div><\/div>\n\n\n\n<div class=\"wp-block-kadence-pane kt-accordion-pane kt-accordion-pane-3 kt-pane48696_c93b28-3e\"><h2 class=\"kt-accordion-header-wrap\"><button class=\"kt-blocks-accordion-header kt-acccordion-button-label-show\" type=\"button\"><span class=\"kt-blocks-accordion-title-wrap\"><span class=\"kt-blocks-accordion-title\">Lavorare con diverse forme<\/span><\/span><span class=\"kt-blocks-accordion-icon-trigger\"><\/span><\/button><\/h2><div class=\"kt-accordion-panel kt-accordion-panel-hidden\"><div class=\"kt-accordion-panel-inner\">\n<h3 class=\"wp-block-heading\">Macina tradizionale<\/h3>\n\n\n\n<p>La macinatura tradizionale ti offre l&#8217;intero spettro delle caratteristiche della kava. La <strong>consistenza media<\/strong> della polvere <strong>funziona meglio quando viene filtrata in modo appropriato<\/strong>, rimuovendo le fibre grossolane e permettendo alle particelle fini di creare la caratteristica consistenza cremosa. Molte persone apprezzano l&#8217;apprendimento delle tecniche di preparazione tradizionali e la flessibilit\u00e0 di regolare la concentrazione in base alle diverse applicazioni.  <\/p>\n\n\n\n<h3 class=\"wp-block-heading\">Vero istantaneo<\/h3>\n\n\n\n<p>Il vero istantaneo offre una praticit\u00e0 e una consistenza senza pari. <strong>La consistenza liscia e priva di fibre<\/strong> non richiede altro che un contenitore e dell&#8217;acqua. Le particelle ultra-fini e uniformi rimangono in sospensione pi\u00f9 a lungo, creando un <strong>colore e una consistenza uniformi<\/strong> in tutta la preparazione. Perfetto quando hai bisogno di risultati prevedibili e ripetibili.  <\/p>\n<\/div><\/div><\/div>\n\n\n\n<div class=\"wp-block-kadence-pane kt-accordion-pane kt-accordion-pane-4 kt-pane48696_d6dd86-e8\"><h2 class=\"kt-accordion-header-wrap\"><button class=\"kt-blocks-accordion-header kt-acccordion-button-label-show\" type=\"button\"><span class=\"kt-blocks-accordion-title-wrap\"><span class=\"kt-blocks-accordion-title\">Qualit\u00e0 che si vede<\/span><\/span><span class=\"kt-blocks-accordion-icon-trigger\"><\/span><\/button><\/h2><div class=\"kt-accordion-panel kt-accordion-panel-hidden\"><div class=\"kt-accordion-panel-inner\">\n<p>I segni di qualit\u00e0 sono visibili prima ancora di iniziare a lavorare con la polvere:<\/p>\n\n\n\n<ul class=\"wp-block-list\">\n<li><strong>Vivacit\u00e0 dei colori<\/strong> - La kava lavorata fresca mantiene colori distinti, unici per ogni cultivar. La kava degradata diventa uniformemente grigio-marrone. <\/li>\n\n\n\n<li><strong>Aroma<\/strong> - La kava di qualit\u00e0 ha un odore fresco, di nocciola, a volte speziato o dolce. La qualit\u00e0 scadente ha un odore di muffa, di polvere o di cartone bagnato. <\/li>\n\n\n\n<li><strong>Consistenza<\/strong> - Quella tradizionale deve essere una macinatura media e consistente, non troppo grossolana o polverosa. Quella istantanea deve essere fine e uniforme, senza fibre visibili. <\/li>\n\n\n\n<li><strong>Test di laboratorio<\/strong> - Ogni lotto che offriamo include certificati di analisi per la purezza, la potenza e la sicurezza microbiologica.<\/li>\n<\/ul>\n<\/div><\/div><\/div>\n\n\n\n<div class=\"wp-block-kadence-pane kt-accordion-pane kt-accordion-pane-5 kt-pane48696_f0c28c-96\"><h2 class=\"kt-accordion-header-wrap\"><button class=\"kt-blocks-accordion-header kt-acccordion-button-label-show\" type=\"button\"><span class=\"kt-blocks-accordion-title-wrap\"><span class=\"kt-blocks-accordion-title\">Fare la tua scelta<\/span><\/span><span class=\"kt-blocks-accordion-icon-trigger\"><\/span><\/button><\/h2><div class=\"kt-accordion-panel kt-accordion-panel-hidden\"><div class=\"kt-accordion-panel-inner\">\n<p>Scegli in base a come preferisci lavorare con la kava:<\/p>\n\n\n\n<p><strong>Macina tradizionale<\/strong> se apprezzi l&#8217;autenticit\u00e0 e la flessibilit\u00e0. Avrai la matrice completa della radice, un valore migliore per grammo e la possibilit\u00e0 di controllare la concentrazione. Lo stesso processo di preparazione - impastare, filtrare e avere pazienza - ti ricollega al metodo di preparazione tradizionale.  <\/p>\n\n\n\n<p><strong>Il vero istantaneo<\/strong> se la consistenza e la convenienza sono importanti. La consistenza morbida, la completa solubilit\u00e0 e i risultati prevedibili lo rendono ideale per applicazioni precise. Nessun tempo di preparazione, nessuna attrezzatura, basta mescolare ed \u00e8 pronto.  <\/p>\n\n\n\n<p>Capire queste differenze ti assicura di ottenere esattamente ci\u00f2 che ti aspetti. <strong>La forma conta meno della qualit\u00e0 all&#8217;interno di quella forma: il<\/strong>macinato tradizionale <strong>lavorato di fresco<\/strong>sar\u00e0 sempre superiore all&#8217;istantaneo stantio, cos\u00ec come l&#8217;istantaneo fatto bene supera la polvere tradizionale trattata male.<\/p>\n\n\n\n<p><em>Tutti i prodotti Kava Europe beneficiano della pionieristica lavorazione a raccolto fresco della Kava Society, preservando le propriet\u00e0 naturali che rendono unica ogni cultivar, dal carattere leggero e morbido del Palarasul alla profondit\u00e0 ricca e robusta del Bir Kar.<\/em><\/p>\n<\/div><\/div><\/div>\n<\/div><\/div><\/div>\n<\/div><\/div>\n\n\n<style>.kadence-column48696_60c082-e2 > .kt-inside-inner-col,.kadence-column48696_60c082-e2 > .kt-inside-inner-col:before{border-top-left-radius:0px;border-top-right-radius:0px;border-bottom-right-radius:0px;border-bottom-left-radius:0px;}.kadence-column48696_60c082-e2 > .kt-inside-inner-col{column-gap:var(--global-kb-gap-sm, 1rem);}.kadence-column48696_60c082-e2 > .kt-inside-inner-col{flex-direction:column;}.kadence-column48696_60c082-e2 > .kt-inside-inner-col > .aligncenter{width:100%;}.kadence-column48696_60c082-e2 > .kt-inside-inner-col:before{opacity:0.3;}.kadence-column48696_60c082-e2{position:relative;}@media all and (max-width: 1024px){.kadence-column48696_60c082-e2 > .kt-inside-inner-col{flex-direction:column;justify-content:center;}}@media all and (max-width: 767px){.kadence-column48696_60c082-e2 > .kt-inside-inner-col{flex-direction:column;justify-content:center;}}<\/style>\n<div class=\"wp-block-kadence-column kadence-column48696_60c082-e2\"><div class=\"kt-inside-inner-col\"><style>.kb-image48696_14d4a5-bd .kb-image-has-overlay:after{opacity:0.3;border-top-left-radius:20px;border-top-right-radius:20px;border-bottom-right-radius:20px;border-bottom-left-radius:20px;}.kb-image48696_14d4a5-bd img.kb-img, .kb-image48696_14d4a5-bd .kb-img img{border-top-left-radius:20px;border-top-right-radius:20px;border-bottom-right-radius:20px;border-bottom-left-radius:20px;}<\/style>\n<figure class=\"wp-block-kadence-image kb-image48696_14d4a5-bd\"><img decoding=\"async\" data-src=\"https:\/\/kavaeurope.eu\/wp-content\/uploads\/2025\/05\/KavaForney2021-web-67.jpg\" alt=\"\" class=\"kb-img lazyload\" src=\"data:image\/svg+xml;base64,PHN2ZyB3aWR0aD0iMSIgaGVpZ2h0PSIxIiB4bWxucz0iaHR0cDovL3d3dy53My5vcmcvMjAwMC9zdmciPjwvc3ZnPg==\" style=\"--smush-placeholder-width: 2048px; --smush-placeholder-aspect-ratio: 2048\/1365;\" \/><\/figure>\n<\/div><\/div>\n\n","protected":false},"excerpt":{"rendered":"","protected":false},"author":2,"featured_media":0,"parent":0,"menu_order":0,"comment_status":"closed","ping_status":"closed","template":"","meta":{"_kad_blocks_custom_css":"","_kad_blocks_head_custom_js":"","_kad_blocks_body_custom_js":"","_kad_blocks_footer_custom_js":"","_kad_post_transparent":"","_kad_post_title":"hide","_kad_post_layout":"fullwidth","_kad_post_sidebar_id":"","_kad_post_content_style":"unboxed","_kad_post_vertical_padding":"hide","_kad_post_feature":"","_kad_post_feature_position":"","_kad_post_header":false,"_kad_post_footer":false,"_kad_post_classname":"","footnotes":""},"class_list":["post-48700","page","type-page","status-publish","hentry"],"aioseo_notices":[],"taxonomy_info":[],"featured_image_src_large":false,"author_info":{"display_name":"AdminMarcin","author_link":"https:\/\/kavaeurope.eu\/it\/author\/adminmarcin\/"},"comment_info":0,"_links":{"self":[{"href":"https:\/\/kavaeurope.eu\/it\/wp-json\/wp\/v2\/pages\/48700","targetHints":{"allow":["GET"]}}],"collection":[{"href":"https:\/\/kavaeurope.eu\/it\/wp-json\/wp\/v2\/pages"}],"about":[{"href":"https:\/\/kavaeurope.eu\/it\/wp-json\/wp\/v2\/types\/page"}],"author":[{"embeddable":true,"href":"https:\/\/kavaeurope.eu\/it\/wp-json\/wp\/v2\/users\/2"}],"replies":[{"embeddable":true,"href":"https:\/\/kavaeurope.eu\/it\/wp-json\/wp\/v2\/comments?post=48700"}],"version-history":[{"count":0,"href":"https:\/\/kavaeurope.eu\/it\/wp-json\/wp\/v2\/pages\/48700\/revisions"}],"wp:attachment":[{"href":"https:\/\/kavaeurope.eu\/it\/wp-json\/wp\/v2\/media?parent=48700"}],"curies":[{"name":"wp","href":"https:\/\/api.w.org\/{rel}","templated":true}]}}