{"id":47361,"date":"2023-09-26T15:05:08","date_gmt":"2023-09-26T13:05:08","guid":{"rendered":"https:\/\/temp.kavaeurope.eu\/shop\/kelai\/"},"modified":"2026-02-24T15:32:35","modified_gmt":"2026-02-24T14:32:35","slug":"kelai","status":"publish","type":"product","link":"https:\/\/kavaeurope.eu\/it\/shop\/kelai\/","title":{"rendered":"Kelai"},"content":{"rendered":"<p class=\"whitespace-normal break-words\">Cultivar leggendaria proveniente dall&#8217;isola di Epi, Vanuatu, dove \u00e8 la variet\u00e0 pi\u00f9 pregiata, tanto che la maggior parte viene utilizzata a livello locale piuttosto che esportata. Nel loro lavoro innovativo, il dottor Vincent Lebot, il dottor Mark Merlin e il dottor Lamont Lindstrom hanno descritto Kelai come &#8220;l&#8217;apice\" della selezione delle cultivar. <\/p>\n<p class=\"whitespace-normal break-words\">In conformit\u00e0 alle normative UE, questo prodotto \u00e8 destinato alla tintura di tessuti naturali e alle applicazioni di aromaterapia.<\/p>\n<ul class=\"[&amp;:not(:last-child)_ul]:pb-1 [&amp;:not(:last-child)_ol]:pb-1 list-disc space-y-2.5 pl-7\">\n<li class=\"whitespace-normal break-words\"><strong>Isola di origine<\/strong>: Epi, Vanuatu<\/li>\n<li class=\"whitespace-normal break-words\"><strong>Rapporto medio tra canali e ceppi<\/strong>: 30-70<\/li>\n<li class=\"whitespace-normal break-words\"><strong>Chemiotipo tipico<\/strong>: 421365<\/li>\n<li class=\"whitespace-normal break-words\"><strong>Lavorazione<\/strong>: Istantanea - radici completamente lavate e sbucciate; frazione attiva della radice separata dalle fibre insolubili, disidratata in una polvere fine e uniforme.<\/li>\n<li class=\"whitespace-normal break-words\"><strong>Colore del pigmento<\/strong>: oro brillante o miele<\/li>\n<li class=\"whitespace-normal break-words\"><strong>Profilo aromatico<\/strong>: Delicato e morbido con un carattere leggero e sollevato. Delicato calore speziato, pulito e fresco <\/li>\n<\/ul>\n<p class=\"whitespace-normal break-words\"><strong>Qualit\u00e0 garantita dalla Kava Society (Nuova Zelanda)<\/strong> Kava Europe \u00e8 orgogliosa di essere il distributore europeo esclusivo dell&#8217;eccezionale kava della Kava Society. Questa \u00e8 davvero la migliore kava del mondo. A differenza della maggior parte delle kava presenti sul mercato - radici mal essiccate e pulite di origine sconosciuta - ogni lotto di Kava Society viene lavorato a partire da piante appena raccolte, utilizzando metodi pionieristici che preservano la massima freschezza e garantiscono la purezza assoluta. Ogni lotto viene sottoposto a rigorosi test di laboratorio con certificati di analisi. Si tratta della stessa kava di qualit\u00e0 superiore venduta in Nuova Zelanda, conforme a tutte le norme di qualit\u00e0 e sicurezza neozelandesi. Quando scegli i nostri prodotti, ricevi la kava come dovrebbe essere: fresca, pura e correttamente identificata.<\/p>\n<p>Dai un&#8217;occhiata anche alle nostre <a href=\"https:\/\/kavaeurope.eu\/it\/shop\/maglietta-kava-europe-marrone-bianco\/\">magliette<\/a> e <a href=\"https:\/\/kavaeurope.eu\/it\/categoria-prodotto\/accessori\/\">accessori<\/a> sulla kava.<\/p>\n<p>&nbsp;<\/p>\n","protected":false},"excerpt":{"rendered":"<p>Leggendaria kelai kava dell&#8217;isola di Epi, Vanuatu. Vera istantanea. Premium kava nobile a singola cultivar - si scioglie completamente senza bisogno di filtrare.  <\/p>\n","protected":false},"featured_media":46075,"comment_status":"closed","ping_status":"closed","template":"","meta":{"_kad_blocks_custom_css":"","_kad_blocks_head_custom_js":"","_kad_blocks_body_custom_js":"","_kad_blocks_footer_custom_js":"","_kad_post_transparent":"","_kad_post_title":"","_kad_post_layout":"default","_kad_post_sidebar_id":"","_kad_post_content_style":"default","_kad_post_vertical_padding":"default","_kad_post_feature":"","_kad_post_feature_position":"","_kad_post_header":false,"_kad_post_footer":false,"_kad_post_classname":""},"product_brand":[],"product_cat":[515],"product_tag":[516,517,544,550,545],"class_list":{"0":"post-47361","1":"product","2":"type-product","3":"status-publish","4":"has-post-thumbnail","6":"product_cat-kava-it","7":"product_tag-kava-it","8":"product_tag-kava-europa-it","9":"product_tag-kava-kava-it","10":"product_tag-kava-nobile","11":"product_tag-piper-methysticum-it","12":"pa_kava-type-immediato","13":"pa_weight-100g","14":"pa_weight-200g","15":"pa_weight-500g","17":"first","18":"outofstock","19":"taxable","20":"shipping-taxable","21":"purchasable","22":"product-type-variable","23":"entry","24":"content-bg","25":"loop-entry"},"aioseo_notices":[],"taxonomy_info":{"product_cat":[{"value":515,"label":"Kava"}],"product_tag":[{"value":516,"label":"kava"},{"value":517,"label":"kava Europa"},{"value":544,"label":"kava kava"},{"value":550,"label":"kava nobile"},{"value":545,"label":"piper methysticum"}],"pa_kava-type":[{"value":529,"label":"Immediato"}],"pa_weight":[{"value":302,"label":"100g"},{"value":303,"label":"200g"},{"value":304,"label":"500g"}]},"featured_image_src_large":["https:\/\/kavaeurope.eu\/wp-content\/uploads\/2025\/03\/Mockup-front-white-K-200-1-scaled-1.jpg",1024,768,false],"author_info":[],"comment_info":0,"_links":{"self":[{"href":"https:\/\/kavaeurope.eu\/it\/wp-json\/wp\/v2\/product\/47361","targetHints":{"allow":["GET"]}}],"collection":[{"href":"https:\/\/kavaeurope.eu\/it\/wp-json\/wp\/v2\/product"}],"about":[{"href":"https:\/\/kavaeurope.eu\/it\/wp-json\/wp\/v2\/types\/product"}],"replies":[{"embeddable":true,"href":"https:\/\/kavaeurope.eu\/it\/wp-json\/wp\/v2\/comments?post=47361"}],"wp:featuredmedia":[{"embeddable":true,"href":"https:\/\/kavaeurope.eu\/it\/wp-json\/wp\/v2\/media\/46075"}],"wp:attachment":[{"href":"https:\/\/kavaeurope.eu\/it\/wp-json\/wp\/v2\/media?parent=47361"}],"wp:term":[{"taxonomy":"product_brand","embeddable":true,"href":"https:\/\/kavaeurope.eu\/it\/wp-json\/wp\/v2\/product_brand?post=47361"},{"taxonomy":"product_cat","embeddable":true,"href":"https:\/\/kavaeurope.eu\/it\/wp-json\/wp\/v2\/product_cat?post=47361"},{"taxonomy":"product_tag","embeddable":true,"href":"https:\/\/kavaeurope.eu\/it\/wp-json\/wp\/v2\/product_tag?post=47361"}],"curies":[{"name":"wp","href":"https:\/\/api.w.org\/{rel}","templated":true}]}}