{"id":47379,"date":"2024-04-16T11:23:24","date_gmt":"2024-04-16T09:23:24","guid":{"rendered":"https:\/\/temp.kavaeurope.eu\/shop\/borogoru\/"},"modified":"2026-04-21T16:46:30","modified_gmt":"2026-04-21T14:46:30","slug":"borogoru","status":"publish","type":"product","link":"https:\/\/kavaeurope.eu\/it\/shop\/borogoru\/","title":{"rendered":"Borogoru"},"content":{"rendered":"<p class=\"whitespace-normal break-words\">&#8220;Boro\" significa &#8220;piccolo\" nella lingua locale Maewo.<\/p>\n<p class=\"whitespace-normal break-words\"><em>&#8220;Il Borogoru \u00e8 insolito tra i kava nobili per il fatto di avere un apparato radicale compatto e poco profondo anzich\u00e9 profondo. Questo lo rende pi\u00f9 facile da raccogliere e ha aiutato la cultivar a diffondersi ampiamente nel nord di Vanuatu\".  <a href=\"https:\/\/kavasociety.nz\">La Societ\u00e0 della Kava (Nuova Zelanda)<\/a><\/em><\/p>\n<p class=\"whitespace-normal break-words\">La vera istantanea si ottiene lavorando a umido le radici fresche di kava e disidratando il liquido in una polvere fine e uniforme. Questo processo concentra i kavalattoni (responsabili del pigmento della kava), quindi il colore per grammo \u00e8 pi\u00f9 intenso rispetto alla macinatura tradizionale. Alcuni dei composti aromatici pi\u00f9 leggeri si ammorbidiscono durante l&#8217;essiccazione, per cui il profumo risulta pi\u00f9 attenuato. Si scioglie perfettamente in acqua senza bisogno di filtrare.   <\/p>\n<p class=\"whitespace-normal break-words\">Venduto in conformit\u00e0 alle normative UE esclusivamente per applicazioni di aromaterapia e tintura naturale dei tessuti.<\/p>\n<ul class=\"[&amp;:not(:last-child)_ul]:pb-1 [&amp;:not(:last-child)_ol]:pb-1 list-disc space-y-2.5 pl-7\">\n<li class=\"whitespace-normal break-words\"><strong>Isola di origine<\/strong>: Maewo, Vanuatu<\/li>\n<li class=\"whitespace-normal break-words\"><strong>Isola di coltivazione<\/strong>: Espiritu Santo, Vanuatu<\/li>\n<li class=\"whitespace-normal break-words\"><strong>Chemiotipo tipico<\/strong>: 243516<\/li>\n<li class=\"whitespace-normal break-words\"><strong>Lavorazione<\/strong>: Istantanea - radici completamente lavate e sbucciate; frazione attiva della radice separata dalle fibre insolubili, disidratata in una polvere fine e uniforme.<\/li>\n<li class=\"whitespace-normal break-words\"><strong>Colore del pigmento<\/strong>: Da oro a marrone ambrato, intenso<\/li>\n<li class=\"whitespace-normal break-words\"><strong>Profilo aromatico<\/strong>: Pepato con note erbacee fresche e sfumature anisiche<\/li>\n<\/ul>\n<p class=\"whitespace-normal break-words\"><strong>Qualit\u00e0 garantita dalla Kava Society (Nuova Zelanda)<\/strong> Kava Europe \u00e8 orgogliosa di essere il distributore europeo esclusivo dell&#8217;eccezionale kava della Kava Society. Questa \u00e8 davvero la migliore kava del mondo. A differenza della maggior parte delle kava presenti sul mercato - radici mal essiccate e pulite di origine sconosciuta - ogni lotto di Kava Society viene lavorato a partire da piante appena raccolte, utilizzando metodi pionieristici che preservano la massima freschezza e garantiscono la purezza assoluta. Ogni lotto viene sottoposto a rigorosi test di laboratorio con certificati di analisi. Si tratta della stessa kava di qualit\u00e0 superiore venduta in Nuova Zelanda, conforme a tutte le norme di qualit\u00e0 e sicurezza neozelandesi. Quando scegli i nostri prodotti, ricevi la kava come dovrebbe essere: fresca, pura e correttamente identificata.<\/p>\n<p class=\"whitespace-normal break-words\">Dai un&#8217;occhiata anche alle nostre <a href=\"https:\/\/kavaeurope.eu\/it\/shop\/maglietta-kava-europe-marrone-bianco\/\">magliette<\/a> e <a href=\"https:\/\/kavaeurope.eu\/it\/categoria-prodotto\/accessori\/\">accessori<\/a> sulla kava.<\/p>\n","protected":false},"excerpt":{"rendered":"<p>Nobile cultivar originaria di Maewo, una delle pi\u00f9 diffuse nel nord di Vanuatu. Vero istantaneo. <\/p>\n","protected":false},"featured_media":46096,"comment_status":"closed","ping_status":"closed","template":"","meta":{"_kad_blocks_custom_css":"","_kad_blocks_head_custom_js":"","_kad_blocks_body_custom_js":"","_kad_blocks_footer_custom_js":"","_kad_post_transparent":"","_kad_post_title":"","_kad_post_layout":"default","_kad_post_sidebar_id":"","_kad_post_content_style":"default","_kad_post_vertical_padding":"default","_kad_post_feature":"","_kad_post_feature_position":"","_kad_post_header":false,"_kad_post_footer":false,"_kad_post_classname":""},"product_brand":[],"product_cat":[515],"product_tag":[554,516,517,530,544,545],"class_list":{"0":"post-47379","1":"product","2":"type-product","3":"status-publish","4":"has-post-thumbnail","6":"product_cat-kava-it","7":"product_tag-borogoru-it","8":"product_tag-kava-it","9":"product_tag-kava-europa-it","10":"product_tag-kava-istantanea","11":"product_tag-kava-kava-it","12":"product_tag-piper-methysticum-it","13":"pa_kava-type-immediato","14":"pa_weight-100g","15":"pa_weight-200g","16":"pa_weight-500g","18":"first","19":"instock","20":"taxable","21":"shipping-taxable","22":"purchasable","23":"product-type-variable","24":"has-default-attributes","25":"entry","26":"content-bg","27":"loop-entry"},"aioseo_notices":[],"taxonomy_info":{"product_cat":[{"value":515,"label":"Kava"}],"product_tag":[{"value":554,"label":"borogoru"},{"value":516,"label":"kava"},{"value":517,"label":"kava Europa"},{"value":530,"label":"kava istantanea"},{"value":544,"label":"kava kava"},{"value":545,"label":"piper methysticum"}],"pa_kava-type":[{"value":529,"label":"Immediato"}],"pa_weight":[{"value":302,"label":"100g"},{"value":303,"label":"200g"},{"value":304,"label":"500g"}]},"featured_image_src_large":["https:\/\/kavaeurope.eu\/wp-content\/uploads\/2025\/03\/Borogoru-front-100-g-instant.png",1024,768,false],"author_info":[],"comment_info":2,"_links":{"self":[{"href":"https:\/\/kavaeurope.eu\/it\/wp-json\/wp\/v2\/product\/47379","targetHints":{"allow":["GET"]}}],"collection":[{"href":"https:\/\/kavaeurope.eu\/it\/wp-json\/wp\/v2\/product"}],"about":[{"href":"https:\/\/kavaeurope.eu\/it\/wp-json\/wp\/v2\/types\/product"}],"replies":[{"embeddable":true,"href":"https:\/\/kavaeurope.eu\/it\/wp-json\/wp\/v2\/comments?post=47379"}],"wp:featuredmedia":[{"embeddable":true,"href":"https:\/\/kavaeurope.eu\/it\/wp-json\/wp\/v2\/media\/46096"}],"wp:attachment":[{"href":"https:\/\/kavaeurope.eu\/it\/wp-json\/wp\/v2\/media?parent=47379"}],"wp:term":[{"taxonomy":"product_brand","embeddable":true,"href":"https:\/\/kavaeurope.eu\/it\/wp-json\/wp\/v2\/product_brand?post=47379"},{"taxonomy":"product_cat","embeddable":true,"href":"https:\/\/kavaeurope.eu\/it\/wp-json\/wp\/v2\/product_cat?post=47379"},{"taxonomy":"product_tag","embeddable":true,"href":"https:\/\/kavaeurope.eu\/it\/wp-json\/wp\/v2\/product_tag?post=47379"}],"curies":[{"name":"wp","href":"https:\/\/api.w.org\/{rel}","templated":true}]}}