{"id":47396,"date":"2025-01-10T10:09:23","date_gmt":"2025-01-10T09:09:23","guid":{"rendered":"https:\/\/temp.kavaeurope.eu\/shop\/kelai-2\/"},"modified":"2026-04-17T05:34:55","modified_gmt":"2026-04-17T03:34:55","slug":"kelai-2","status":"publish","type":"product","link":"https:\/\/kavaeurope.eu\/it\/shop\/kelai-2\/","title":{"rendered":"Kelai"},"content":{"rendered":"<p class=\"whitespace-normal break-words\">Epi \u00e8 una piccola isola vulcanica del gruppo Shepherd di Vanuatu. La Kelai \u00e8 la pi\u00f9 famosa tra le poche cultivar nobili native dell&#8217;isola. <\/p>\n<p class=\"whitespace-normal break-words\"><em>&#8220;Il dottor Vincent Lebot, il pi\u00f9 importante scienziato di kava al mondo, ha descritto Kelai come &#8216;l&#8217;apice della selezione di cultivar'\".  <a href=\"https:\/\/kavasociety.nz\">La Societ\u00e0 della Kava (Nuova Zelanda)<\/a><\/em><\/p>\n<p class=\"whitespace-normal break-words\">Venduto in conformit\u00e0 alle normative UE esclusivamente per applicazioni di aromaterapia e tintura naturale dei tessuti.<\/p>\n<ul class=\"[&amp;:not(:last-child)_ul]:pb-1 [&amp;:not(:last-child)_ol]:pb-1 list-disc space-y-2.5 pl-7\">\n<li class=\"whitespace-normal break-words\"><strong>Isola di origine<\/strong>: Epi, Vanuatu<\/li>\n<li class=\"whitespace-normal break-words\"><strong>Isola di coltivazione<\/strong>: Espiritu Santo, Vanuatu<\/li>\n<li class=\"whitespace-normal break-words\"><strong>Rapporto medio tra canali e ceppi<\/strong>: Naturale (30-70)<\/li>\n<li class=\"whitespace-normal break-words\"><strong>Chemiotipo tipico<\/strong>: 423165<\/li>\n<li class=\"whitespace-normal break-words\"><strong>Lavorazione<\/strong>: Polvere tradizionale - radici completamente lavate e sbucciate, essiccazione a temperatura controllata, macinazione in polvere fine.<\/li>\n<li class=\"whitespace-normal break-words\"><strong>Colore del pigmento<\/strong>: Da oro pallido a miele ambrato<\/li>\n<li class=\"whitespace-normal break-words\"><strong>Profilo aromatico<\/strong>: Morbido e cremoso, con note di anacardi, banana e cioccolato fondente.<\/li>\n<\/ul>\n<p class=\"whitespace-normal break-words\"><strong>Qualit\u00e0 garantita dalla Kava Society (Nuova Zelanda)<\/strong> Kava Europe \u00e8 orgogliosa di essere il distributore europeo esclusivo dell&#8217;eccezionale kava della Kava Society. Questa \u00e8 davvero la migliore kava del mondo. A differenza della maggior parte delle kava presenti sul mercato - radici mal essiccate e pulite di origine sconosciuta - ogni lotto di Kava Society viene lavorato a partire da piante appena raccolte, utilizzando metodi pionieristici che preservano la massima freschezza e garantiscono la purezza assoluta. Ogni lotto viene sottoposto a rigorosi test di laboratorio con certificati di analisi. Si tratta della stessa kava di qualit\u00e0 superiore venduta in Nuova Zelanda, conforme a tutte le norme di qualit\u00e0 e sicurezza neozelandesi. Quando scegli i nostri prodotti, ricevi la kava come dovrebbe essere: fresca, pura e correttamente identificata.<\/p>\n<p class=\"whitespace-normal break-words\">Dai un&#8217;occhiata anche alle nostre <a href=\"https:\/\/kavaeurope.eu\/it\/shop\/maglietta-kava-europe-marrone-bianco\/\">magliette<\/a> e <a href=\"https:\/\/kavaeurope.eu\/it\/categoria-prodotto\/accessori\/\">accessori<\/a> sulla kava.<\/p>\n","protected":false},"excerpt":{"rendered":"<p>Leggendaria cultivar nobile di Epi, descritta dal dottor Vincent Lebot come l&#8217;apice della selezione delle cultivar del Pacifico. Macinatura tradizionale. <\/p>\n","protected":false},"featured_media":46138,"comment_status":"closed","ping_status":"closed","template":"","meta":{"_kad_blocks_custom_css":"","_kad_blocks_head_custom_js":"","_kad_blocks_body_custom_js":"","_kad_blocks_footer_custom_js":"","_kad_post_transparent":"","_kad_post_title":"","_kad_post_layout":"default","_kad_post_sidebar_id":"","_kad_post_content_style":"default","_kad_post_vertical_padding":"default","_kad_post_feature":"","_kad_post_feature_position":"","_kad_post_header":false,"_kad_post_footer":false,"_kad_post_classname":""},"product_brand":[],"product_cat":[515],"product_tag":[516,517,544,550,534,557,545],"class_list":{"0":"post-47396","1":"product","2":"type-product","3":"status-publish","4":"has-post-thumbnail","6":"product_cat-kava-it","7":"product_tag-kava-it","8":"product_tag-kava-europa-it","9":"product_tag-kava-kava-it","10":"product_tag-kava-nobile","11":"product_tag-kava-tradizionale","12":"product_tag-kelai-it","13":"product_tag-piper-methysticum-it","14":"pa_kava-type-tradizionale","15":"pa_weight-100g","16":"pa_weight-250g","17":"pa_weight-500g","19":"first","20":"outofstock","21":"taxable","22":"shipping-taxable","23":"purchasable","24":"product-type-variable","25":"has-default-attributes","26":"entry","27":"content-bg","28":"loop-entry"},"aioseo_notices":[],"taxonomy_info":{"product_cat":[{"value":515,"label":"Kava"}],"product_tag":[{"value":516,"label":"kava"},{"value":517,"label":"kava Europa"},{"value":544,"label":"kava kava"},{"value":550,"label":"kava nobile"},{"value":534,"label":"kava tradizionale"},{"value":557,"label":"kelai"},{"value":545,"label":"piper methysticum"}],"pa_kava-type":[{"value":510,"label":"Tradizionale"}],"pa_weight":[{"value":302,"label":"100g"},{"value":630,"label":"250g"},{"value":304,"label":"500g"}]},"featured_image_src_large":["https:\/\/kavaeurope.eu\/wp-content\/uploads\/2025\/03\/Kelai-Trad-Front-100-g.png",1024,768,false],"author_info":[],"comment_info":8,"_links":{"self":[{"href":"https:\/\/kavaeurope.eu\/it\/wp-json\/wp\/v2\/product\/47396","targetHints":{"allow":["GET"]}}],"collection":[{"href":"https:\/\/kavaeurope.eu\/it\/wp-json\/wp\/v2\/product"}],"about":[{"href":"https:\/\/kavaeurope.eu\/it\/wp-json\/wp\/v2\/types\/product"}],"replies":[{"embeddable":true,"href":"https:\/\/kavaeurope.eu\/it\/wp-json\/wp\/v2\/comments?post=47396"}],"wp:featuredmedia":[{"embeddable":true,"href":"https:\/\/kavaeurope.eu\/it\/wp-json\/wp\/v2\/media\/46138"}],"wp:attachment":[{"href":"https:\/\/kavaeurope.eu\/it\/wp-json\/wp\/v2\/media?parent=47396"}],"wp:term":[{"taxonomy":"product_brand","embeddable":true,"href":"https:\/\/kavaeurope.eu\/it\/wp-json\/wp\/v2\/product_brand?post=47396"},{"taxonomy":"product_cat","embeddable":true,"href":"https:\/\/kavaeurope.eu\/it\/wp-json\/wp\/v2\/product_cat?post=47396"},{"taxonomy":"product_tag","embeddable":true,"href":"https:\/\/kavaeurope.eu\/it\/wp-json\/wp\/v2\/product_tag?post=47396"}],"curies":[{"name":"wp","href":"https:\/\/api.w.org\/{rel}","templated":true}]}}