{"id":47428,"date":"2024-04-16T11:55:15","date_gmt":"2024-04-16T09:55:15","guid":{"rendered":"https:\/\/temp.kavaeurope.eu\/shop\/borogoru-2\/"},"modified":"2026-04-14T08:46:00","modified_gmt":"2026-04-14T06:46:00","slug":"borogoru-2","status":"publish","type":"product","link":"https:\/\/kavaeurope.eu\/it\/shop\/borogoru-2\/","title":{"rendered":"Borogoru"},"content":{"rendered":"<p class=\"whitespace-normal break-words\">Una delle cultivar pi\u00f9 conosciute e popolari di Vanuatu. Il Borogoru \u00e8 originario dell&#8217;isola di Pentacost, ma \u00e8 stato piantato anche in altre isole, tra cui Espiritu Santo, dove viene coltivato il nostro Borogoru. Il nome &#8220;Boro\" significa &#8220;piccolo\" e si riferisce all&#8217;apparato radicale compatto che cresce poco in profondit\u00e0.<\/p>\n<p class=\"whitespace-normal break-words\">In conformit\u00e0 alle normative UE, questo prodotto \u00e8 destinato alla tintura di tessuti naturali e alle applicazioni di aromaterapia.<\/p>\n<ul class=\"[&amp;:not(:last-child)_ul]:pb-1 [&amp;:not(:last-child)_ol]:pb-1 list-disc space-y-2.5 pl-7\">\n<li class=\"whitespace-normal break-words\"><strong>Isola di origine<\/strong>: Pentecoste, Vanuatu<\/li>\n<li class=\"whitespace-normal break-words\"><strong>Isola di coltivazione<\/strong>: Espiritu Santo, Vanuatu<\/li>\n<li class=\"whitespace-normal break-words\"><strong>Rapporto medio tra canali e ceppi<\/strong>: Naturale (30-70)<\/li>\n<li class=\"whitespace-normal break-words\"><strong>Chemiotipo tipico<\/strong>: 243516<\/li>\n<li class=\"whitespace-normal break-words\"><strong>Lavorazione<\/strong>: Polvere tradizionale - radici completamente lavate e sbucciate, essiccazione a temperatura controllata, macinazione in polvere fine.<\/li>\n<li class=\"whitespace-normal break-words\"><strong>Colore del pigmento<\/strong>: Da oro a marrone ambrato<\/li>\n<li class=\"whitespace-normal break-words\"><strong>Profilo aromatico<\/strong>: Pepato con note erbacee fresche e spiccate sfumature anisiche. Fondo denso e pesante.<\/li>\n<\/ul>\n<p class=\"whitespace-normal break-words\"><strong>Qualit\u00e0 garantita dalla Kava Society (Nuova Zelanda)<\/strong> Kava Europe \u00e8 orgogliosa di essere il distributore europeo esclusivo dell&#8217;eccezionale kava della Kava Society. Questa \u00e8 davvero la migliore kava del mondo. A differenza della maggior parte delle kava presenti sul mercato - radici mal essiccate e pulite di origine sconosciuta - ogni lotto di Kava Society viene lavorato a partire da piante appena raccolte, utilizzando metodi pionieristici che preservano la massima freschezza e garantiscono la purezza assoluta. Ogni lotto viene sottoposto a rigorosi test di laboratorio con certificati di analisi. Si tratta della stessa kava di qualit\u00e0 superiore venduta in Nuova Zelanda, conforme a tutte le norme di qualit\u00e0 e sicurezza neozelandesi. Quando scegli i nostri prodotti, ricevi la kava come dovrebbe essere: fresca, pura e correttamente identificata.<\/p>\n<p>Dai un&#8217;occhiata anche alle nostre <a href=\"https:\/\/kavaeurope.eu\/sklep\/kava-europe-t-shirt-brown-white\/\">magliette<\/a> e <a href=\"https:\/\/kavaeurope.eu\/kategoria-produktu\/accessories\/\">accessori<\/a> sulla kava.<\/p>\n","protected":false},"excerpt":{"rendered":"<p>Polvere di kava Borogoru di prima qualit\u00e0 proveniente da Vanuatu. Macinatura tradizionale. Tradizionale cultivar nobile del Pacifico con un carattere pi\u00f9 profondo e pieno.<\/p>\n","protected":false},"featured_media":46110,"comment_status":"closed","ping_status":"closed","template":"","meta":{"_kad_blocks_custom_css":"","_kad_blocks_head_custom_js":"","_kad_blocks_body_custom_js":"","_kad_blocks_footer_custom_js":"","_kad_post_transparent":"default","_kad_post_title":"","_kad_post_layout":"default","_kad_post_sidebar_id":"","_kad_post_content_style":"default","_kad_post_vertical_padding":"default","_kad_post_feature":"","_kad_post_feature_position":"","_kad_post_header":false,"_kad_post_footer":false,"_kad_post_classname":""},"product_brand":[],"product_cat":[515],"product_tag":[554,516,517,544,550,534,545],"class_list":{"0":"post-47428","1":"product","2":"type-product","3":"status-publish","4":"has-post-thumbnail","6":"product_cat-kava-it","7":"product_tag-borogoru-it","8":"product_tag-kava-it","9":"product_tag-kava-europa-it","10":"product_tag-kava-kava-it","11":"product_tag-kava-nobile","12":"product_tag-kava-tradizionale","13":"product_tag-piper-methysticum-it","14":"pa_kava-type-tradizionale","15":"pa_weight-1000g","16":"pa_weight-100g","17":"pa_weight-200g","18":"pa_weight-250g","19":"pa_weight-500g","21":"first","22":"instock","23":"taxable","24":"shipping-taxable","25":"purchasable","26":"product-type-variable","27":"entry","28":"content-bg","29":"loop-entry"},"aioseo_notices":[],"taxonomy_info":{"product_cat":[{"value":515,"label":"Kava"}],"product_tag":[{"value":554,"label":"borogoru"},{"value":516,"label":"kava"},{"value":517,"label":"kava Europa"},{"value":544,"label":"kava kava"},{"value":550,"label":"kava nobile"},{"value":534,"label":"kava tradizionale"},{"value":545,"label":"piper methysticum"}],"pa_kava-type":[{"value":510,"label":"Tradizionale"}],"pa_weight":[{"value":305,"label":"1000g"},{"value":302,"label":"100g"},{"value":303,"label":"200g"},{"value":630,"label":"250g"},{"value":304,"label":"500g"}]},"featured_image_src_large":["https:\/\/kavaeurope.eu\/wp-content\/uploads\/2025\/03\/Borogoru-front-500-g-tradycyjna.png",1024,768,false],"author_info":[],"comment_info":22,"_links":{"self":[{"href":"https:\/\/kavaeurope.eu\/it\/wp-json\/wp\/v2\/product\/47428","targetHints":{"allow":["GET"]}}],"collection":[{"href":"https:\/\/kavaeurope.eu\/it\/wp-json\/wp\/v2\/product"}],"about":[{"href":"https:\/\/kavaeurope.eu\/it\/wp-json\/wp\/v2\/types\/product"}],"replies":[{"embeddable":true,"href":"https:\/\/kavaeurope.eu\/it\/wp-json\/wp\/v2\/comments?post=47428"}],"wp:featuredmedia":[{"embeddable":true,"href":"https:\/\/kavaeurope.eu\/it\/wp-json\/wp\/v2\/media\/46110"}],"wp:attachment":[{"href":"https:\/\/kavaeurope.eu\/it\/wp-json\/wp\/v2\/media?parent=47428"}],"wp:term":[{"taxonomy":"product_brand","embeddable":true,"href":"https:\/\/kavaeurope.eu\/it\/wp-json\/wp\/v2\/product_brand?post=47428"},{"taxonomy":"product_cat","embeddable":true,"href":"https:\/\/kavaeurope.eu\/it\/wp-json\/wp\/v2\/product_cat?post=47428"},{"taxonomy":"product_tag","embeddable":true,"href":"https:\/\/kavaeurope.eu\/it\/wp-json\/wp\/v2\/product_tag?post=47428"}],"curies":[{"name":"wp","href":"https:\/\/api.w.org\/{rel}","templated":true}]}}