{"id":47480,"date":"2025-01-19T20:36:06","date_gmt":"2025-01-19T19:36:06","guid":{"rendered":"https:\/\/temp.kavaeurope.eu\/shop\/silesse\/"},"modified":"2026-04-09T13:55:33","modified_gmt":"2026-04-09T11:55:33","slug":"silesse","status":"publish","type":"product","link":"https:\/\/kavaeurope.eu\/it\/shop\/silesse\/","title":{"rendered":"Silesse"},"content":{"rendered":"<p class=\"whitespace-normal break-words\">Malekula \u00e8 la seconda isola pi\u00f9 grande dell&#8217;arcipelago di Vanuatu, famosa anche per il suo cacao di prima qualit\u00e0.<\/p>\n<p class=\"whitespace-normal break-words\"><em>&#8220;Silesse \u00e8 stata introdotta per la prima volta nella letteratura occidentale nel libro di Vincent Lebot del 1997 Kava: L&#8217;elisir del Pacifico\". Il nostro fornitore principale \u00e8 Joseph Oscar, un coltivatore di kava di quarta generazione del villaggio di Pikaier, a nord-ovest di Malekula\".  <a href=\"https:\/\/kavasociety.nz\">La Societ\u00e0 della Kava (Nuova Zelanda)<\/a><\/em><\/p>\n<p class=\"whitespace-normal break-words\">Venduto in conformit\u00e0 alle normative UE esclusivamente per applicazioni di aromaterapia e tintura naturale dei tessuti.<\/p>\n<ul class=\"[&amp;:not(:last-child)_ul]:pb-1 [&amp;:not(:last-child)_ol]:pb-1 list-disc space-y-2.5 pl-7\">\n<li class=\"whitespace-normal break-words\"><strong>Isola di origine<\/strong>: Malekula, Vanuatu<\/li>\n<li class=\"whitespace-normal break-words\"><strong>Isola di coltivazione<\/strong>: Espiritu Santo, Vanuatu<\/li>\n<li class=\"whitespace-normal break-words\"><strong>Rapporto medio tra canali e ceppi<\/strong>: Naturale (30-70)<\/li>\n<li class=\"whitespace-normal break-words\"><strong>Chemiotipo tipico<\/strong>: 432156<\/li>\n<li class=\"whitespace-normal break-words\"><strong>Lavorazione<\/strong>: Polvere tradizionale - radici completamente lavate e sbucciate, essiccazione a temperatura controllata, macinazione in polvere fine.<\/li>\n<li class=\"whitespace-normal break-words\"><strong>Colore del pigmento<\/strong>: Da oro a caramello intenso<\/li>\n<li class=\"whitespace-normal break-words\"><strong>Profilo aromatico<\/strong>: Morbido e ricco, con una profondit\u00e0 balsamica e rotonda.<\/li>\n<\/ul>\n<p class=\"whitespace-normal break-words\"><strong>Qualit\u00e0 garantita dalla Kava Society (Nuova Zelanda)<\/strong> Kava Europe \u00e8 orgogliosa di essere il distributore europeo esclusivo dell&#8217;eccezionale kava della Kava Society. Questa \u00e8 davvero la migliore kava del mondo. A differenza della maggior parte delle kava presenti sul mercato - radici mal essiccate e pulite di origine sconosciuta - ogni lotto di Kava Society viene lavorato a partire da piante appena raccolte, utilizzando metodi pionieristici che preservano la massima freschezza e garantiscono la purezza assoluta. Ogni lotto viene sottoposto a rigorosi test di laboratorio con certificati di analisi. Si tratta della stessa kava di qualit\u00e0 superiore venduta in Nuova Zelanda, conforme a tutte le norme di qualit\u00e0 e sicurezza neozelandesi. Quando scegli i nostri prodotti, ricevi la kava come dovrebbe essere: fresca, pura e correttamente identificata.<\/p>\n<p class=\"whitespace-normal break-words\">Dai un&#8217;occhiata anche alle nostre <a href=\"https:\/\/kavaeurope.eu\/it\/shop\/maglietta-kava-europe-marrone-bianco\/\">magliette<\/a> e <a href=\"https:\/\/kavaeurope.eu\/it\/categoria-prodotto\/accessori\/\">accessori<\/a> sulla kava.<\/p>\n","protected":false},"excerpt":{"rendered":"<p>Un cultivar nobile e poco comune proveniente da Malekula, la seconda isola pi\u00f9 grande di Vanuatu. Macinatura tradizionale. <\/p>\n","protected":false},"featured_media":46180,"comment_status":"closed","ping_status":"closed","template":"","meta":{"_kad_blocks_custom_css":"","_kad_blocks_head_custom_js":"","_kad_blocks_body_custom_js":"","_kad_blocks_footer_custom_js":"","_kad_post_transparent":"","_kad_post_title":"","_kad_post_layout":"default","_kad_post_sidebar_id":"","_kad_post_content_style":"default","_kad_post_vertical_padding":"default","_kad_post_feature":"","_kad_post_feature_position":"","_kad_post_header":false,"_kad_post_footer":false,"_kad_post_classname":""},"product_brand":[],"product_cat":[515],"product_tag":[516,517,544,550,534,545],"class_list":{"0":"post-47480","1":"product","2":"type-product","3":"status-publish","4":"has-post-thumbnail","6":"product_cat-kava-it","7":"product_tag-kava-it","8":"product_tag-kava-europa-it","9":"product_tag-kava-kava-it","10":"product_tag-kava-nobile","11":"product_tag-kava-tradizionale","12":"product_tag-piper-methysticum-it","13":"pa_kava-type-tradizionale","14":"pa_weight-100g","15":"pa_weight-200g","16":"pa_weight-250g","17":"pa_weight-500g","19":"first","20":"instock","21":"taxable","22":"shipping-taxable","23":"purchasable","24":"product-type-variable","25":"has-default-attributes","26":"entry","27":"content-bg","28":"loop-entry"},"aioseo_notices":[],"taxonomy_info":{"product_cat":[{"value":515,"label":"Kava"}],"product_tag":[{"value":516,"label":"kava"},{"value":517,"label":"kava Europa"},{"value":544,"label":"kava kava"},{"value":550,"label":"kava nobile"},{"value":534,"label":"kava tradizionale"},{"value":545,"label":"piper methysticum"}],"pa_kava-type":[{"value":510,"label":"Tradizionale"}],"pa_weight":[{"value":302,"label":"100g"},{"value":303,"label":"200g"},{"value":630,"label":"250g"},{"value":304,"label":"500g"}]},"featured_image_src_large":["https:\/\/kavaeurope.eu\/wp-content\/uploads\/2025\/03\/Silesse-Trad-100-g-Front.png",1024,768,false],"author_info":[],"comment_info":7,"_links":{"self":[{"href":"https:\/\/kavaeurope.eu\/it\/wp-json\/wp\/v2\/product\/47480","targetHints":{"allow":["GET"]}}],"collection":[{"href":"https:\/\/kavaeurope.eu\/it\/wp-json\/wp\/v2\/product"}],"about":[{"href":"https:\/\/kavaeurope.eu\/it\/wp-json\/wp\/v2\/types\/product"}],"replies":[{"embeddable":true,"href":"https:\/\/kavaeurope.eu\/it\/wp-json\/wp\/v2\/comments?post=47480"}],"wp:featuredmedia":[{"embeddable":true,"href":"https:\/\/kavaeurope.eu\/it\/wp-json\/wp\/v2\/media\/46180"}],"wp:attachment":[{"href":"https:\/\/kavaeurope.eu\/it\/wp-json\/wp\/v2\/media?parent=47480"}],"wp:term":[{"taxonomy":"product_brand","embeddable":true,"href":"https:\/\/kavaeurope.eu\/it\/wp-json\/wp\/v2\/product_brand?post=47480"},{"taxonomy":"product_cat","embeddable":true,"href":"https:\/\/kavaeurope.eu\/it\/wp-json\/wp\/v2\/product_cat?post=47480"},{"taxonomy":"product_tag","embeddable":true,"href":"https:\/\/kavaeurope.eu\/it\/wp-json\/wp\/v2\/product_tag?post=47480"}],"curies":[{"name":"wp","href":"https:\/\/api.w.org\/{rel}","templated":true}]}}