{"id":66533,"date":"2026-01-21T10:30:13","date_gmt":"2026-01-21T09:30:13","guid":{"rendered":"https:\/\/kavaeurope.eu\/?post_type=product&#038;p=66533"},"modified":"2026-02-24T15:32:12","modified_gmt":"2026-02-24T14:32:12","slug":"puariki-2","status":"publish","type":"product","link":"https:\/\/kavaeurope.eu\/it\/shop\/puariki-2\/","title":{"rendered":"Puariki"},"content":{"rendered":"<p class=\"whitespace-normal break-words\">Tongoa \u00e8 un piccolo residuo di Kuwae, una terra pi\u00f9 grande frammentata da una grande eruzione vulcanica avvenuta intorno al 1452. Il terreno vulcanico lasciato in eredit\u00e0 \u00e8 parte di ci\u00f2 che conferisce alla kava dell&#8217;isola il suo carattere distintivo. <\/p>\n<p class=\"whitespace-normal break-words\"><em>&#8220;Puariki \u00e8 il cugino genetico pi\u00f9 vicino alla famosa cultivar Kelai di Epi, ma molto pi\u00f9 raro. Le piante che raccogliamo oggi sono figlie di stock di Tongoan che hanno resistito a diversi cicloni, tra cui il Pam nel 2015&#8243;.  <a href=\"https:\/\/kavasociety.nz\">La Societ\u00e0 della Kava (Nuova Zelanda)<\/a><\/em><\/p>\n<p class=\"whitespace-normal break-words\">La vera istantanea si ottiene lavorando a umido le radici fresche di kava e disidratando il liquido in una polvere fine e uniforme. Questo processo concentra i kavalattoni (responsabili del pigmento della kava), quindi il colore per grammo \u00e8 pi\u00f9 intenso rispetto alla macinatura tradizionale. Alcuni dei composti aromatici pi\u00f9 leggeri si ammorbidiscono durante l&#8217;essiccazione, per cui il profumo risulta pi\u00f9 attenuato. Si scioglie perfettamente in acqua senza bisogno di filtrare.   <\/p>\n<p class=\"whitespace-normal break-words\">Venduto in conformit\u00e0 alle normative UE esclusivamente per applicazioni di aromaterapia e tintura naturale dei tessuti.<\/p>\n<ul class=\"[&amp;:not(:last-child)_ul]:pb-1 [&amp;:not(:last-child)_ol]:pb-1 list-disc space-y-2.5 pl-7\">\n<li class=\"whitespace-normal break-words\"><strong>Isola di origine<\/strong>: Tongoa, Vanuatu<\/li>\n<li class=\"whitespace-normal break-words\"><strong>Isola di coltivazione<\/strong>: Espiritu Santo, Vanuatu<\/li>\n<li class=\"whitespace-normal break-words\"><strong>Chemiotipo tipico<\/strong>: 423165<\/li>\n<li class=\"whitespace-normal break-words\"><strong>Lavorazione<\/strong>: Istantanea - radici completamente lavate e sbucciate; frazione attiva della radice separata dalle fibre insolubili, disidratata in una polvere fine e uniforme.<\/li>\n<li class=\"whitespace-normal break-words\"><strong>Colore dei pigmenti<\/strong>: Da oro a caramello caldo, intenso<\/li>\n<li class=\"whitespace-normal break-words\"><strong>Profilo aromatico<\/strong>: Fresco e ricco di sfumature, con note di pane, noce moscata e noce di kola.<\/li>\n<\/ul>\n<p class=\"whitespace-normal break-words\"><strong>Qualit\u00e0 garantita dalla Kava Society (Nuova Zelanda)<\/strong> Kava Europe \u00e8 orgogliosa di essere il distributore europeo esclusivo dell&#8217;eccezionale kava della Kava Society. Questa \u00e8 davvero la migliore kava del mondo. A differenza della maggior parte delle kava presenti sul mercato - radici mal essiccate e pulite di origine sconosciuta - ogni lotto di Kava Society viene lavorato a partire da piante appena raccolte, utilizzando metodi pionieristici che preservano la massima freschezza e garantiscono la purezza assoluta. Ogni lotto viene sottoposto a rigorosi test di laboratorio con certificati di analisi. Si tratta della stessa kava di qualit\u00e0 superiore venduta in Nuova Zelanda, conforme a tutte le norme di qualit\u00e0 e sicurezza neozelandesi. Quando scegli i nostri prodotti, ricevi la kava come dovrebbe essere: fresca, pura e correttamente identificata.<\/p>\n<p class=\"whitespace-normal break-words\">Dai un&#8217;occhiata anche alle nostre <a href=\"https:\/\/kavaeurope.eu\/it\/shop\/maglietta-kava-europe-marrone-bianco\/\">magliette<\/a> e <a href=\"https:\/\/kavaeurope.eu\/it\/categoria-prodotto\/accessori\/\">accessori<\/a> sulla kava.<\/p>\n","protected":false},"excerpt":{"rendered":"<p>Rara cultivar nobile proveniente da Tongoa, un&#8217;isola vulcanica residua del gruppo Shepherd di Vanuatu. Vero istante. <\/p>\n","protected":false},"featured_media":66886,"comment_status":"open","ping_status":"closed","template":"","meta":{"_kad_blocks_custom_css":"","_kad_blocks_head_custom_js":"","_kad_blocks_body_custom_js":"","_kad_blocks_footer_custom_js":"","_kad_post_transparent":"default","_kad_post_title":"","_kad_post_layout":"default","_kad_post_sidebar_id":"","_kad_post_content_style":"default","_kad_post_vertical_padding":"default","_kad_post_feature":"","_kad_post_feature_position":"","_kad_post_header":false,"_kad_post_footer":false,"_kad_post_classname":""},"product_brand":[],"product_cat":[515],"product_tag":[516,517,530,550,736,545],"class_list":{"0":"post-66533","1":"product","2":"type-product","3":"status-publish","4":"has-post-thumbnail","6":"product_cat-kava-it","7":"product_tag-kava-it","8":"product_tag-kava-europa-it","9":"product_tag-kava-istantanea","10":"product_tag-kava-nobile","11":"product_tag-kava-nobile-it","12":"product_tag-piper-methysticum-it","13":"pa_kava-type-immediato","15":"first","16":"outofstock","17":"taxable","18":"shipping-taxable","19":"purchasable","20":"product-type-variable","21":"entry","22":"content-bg","23":"loop-entry"},"aioseo_notices":[],"taxonomy_info":{"product_cat":[{"value":515,"label":"Kava"}],"product_tag":[{"value":516,"label":"kava"},{"value":517,"label":"kava Europa"},{"value":530,"label":"kava istantanea"},{"value":550,"label":"kava nobile"},{"value":736,"label":"kava nobile"},{"value":545,"label":"piper methysticum"}],"pa_kava-type":[{"value":529,"label":"Immediato"}]},"featured_image_src_large":["https:\/\/kavaeurope.eu\/wp-content\/uploads\/2026\/01\/puariki_instant-1024x768.jpg",1024,768,true],"author_info":[],"comment_info":0,"_links":{"self":[{"href":"https:\/\/kavaeurope.eu\/it\/wp-json\/wp\/v2\/product\/66533","targetHints":{"allow":["GET"]}}],"collection":[{"href":"https:\/\/kavaeurope.eu\/it\/wp-json\/wp\/v2\/product"}],"about":[{"href":"https:\/\/kavaeurope.eu\/it\/wp-json\/wp\/v2\/types\/product"}],"replies":[{"embeddable":true,"href":"https:\/\/kavaeurope.eu\/it\/wp-json\/wp\/v2\/comments?post=66533"}],"wp:featuredmedia":[{"embeddable":true,"href":"https:\/\/kavaeurope.eu\/it\/wp-json\/wp\/v2\/media\/66886"}],"wp:attachment":[{"href":"https:\/\/kavaeurope.eu\/it\/wp-json\/wp\/v2\/media?parent=66533"}],"wp:term":[{"taxonomy":"product_brand","embeddable":true,"href":"https:\/\/kavaeurope.eu\/it\/wp-json\/wp\/v2\/product_brand?post=66533"},{"taxonomy":"product_cat","embeddable":true,"href":"https:\/\/kavaeurope.eu\/it\/wp-json\/wp\/v2\/product_cat?post=66533"},{"taxonomy":"product_tag","embeddable":true,"href":"https:\/\/kavaeurope.eu\/it\/wp-json\/wp\/v2\/product_tag?post=66533"}],"curies":[{"name":"wp","href":"https:\/\/api.w.org\/{rel}","templated":true}]}}