{"id":50960,"date":"2020-01-30T18:13:16","date_gmt":"2020-01-30T17:13:16","guid":{"rendered":"https:\/\/kavaeurope.eu\/nasza-jakosc\/"},"modified":"2026-04-17T06:19:52","modified_gmt":"2026-04-17T04:19:52","slug":"nasza-jakosc","status":"publish","type":"page","link":"https:\/\/kavaeurope.eu\/pl\/nasza-jakosc\/","title":{"rendered":"Nasza jako\u015b\u0107"},"content":{"rendered":"<style>.kb-row-layout-wrap.wp-block-kadence-rowlayout.kb-row-layout-id3335_fdf6c8-7e{margin-top:var(--global-kb-spacing-sm, 1.5rem);margin-bottom:var(--global-kb-spacing-sm, 1.5rem);}.kb-row-layout-id3335_fdf6c8-7e > .kt-row-column-wrap{align-content:start;}:where(.kb-row-layout-id3335_fdf6c8-7e > .kt-row-column-wrap) > .wp-block-kadence-column{justify-content:start;}.kb-row-layout-id3335_fdf6c8-7e > .kt-row-column-wrap{column-gap:var(--global-kb-gap-md, 2rem);row-gap:var(--global-kb-gap-md, 2rem);padding-right:0px;padding-bottom:var(--global-kb-spacing-sm, 1.5rem);grid-template-columns:repeat(2, minmax(0, 1fr));}.kb-row-layout-id3335_fdf6c8-7e{border-top-left-radius:20px;border-top-right-radius:20px;border-bottom-right-radius:20px;border-bottom-left-radius:20px;overflow:clip;isolation:isolate;}.kb-row-layout-id3335_fdf6c8-7e > .kt-row-layout-overlay{border-top-left-radius:20px;border-top-right-radius:20px;border-bottom-right-radius:20px;border-bottom-left-radius:20px;}.kb-row-layout-id3335_fdf6c8-7e{background-color:#eeeae9;}.kb-row-layout-id3335_fdf6c8-7e > .kt-row-layout-overlay{opacity:0.30;}@media all and (max-width: 1024px){.kb-row-layout-id3335_fdf6c8-7e > .kt-row-column-wrap{padding-right:var(--global-kb-spacing-xs, 1rem);grid-template-columns:minmax(0, 1fr);}}@media all and (max-width: 767px){.kb-row-layout-id3335_fdf6c8-7e > .kt-row-column-wrap{grid-template-columns:minmax(0, 1fr);}}.kb-row-layout-id3335_fdf6c8-7e {  max-width: 1900px;  margin-left: auto!important;  margin-right: auto!important;}<\/style><div class=\"kb-row-layout-wrap kb-row-layout-id3335_fdf6c8-7e alignnone kt-row-has-bg wp-block-kadence-rowlayout\"><div class=\"kt-row-column-wrap kt-has-2-columns kt-row-layout-equal kt-tab-layout-row kt-mobile-layout-row kt-row-valign-top\">\n<style>.kadence-column3335_ddcb24-bc > .kt-inside-inner-col{padding-top:var(--global-kb-spacing-xs, 1rem);}.kadence-column3335_ddcb24-bc > .kt-inside-inner-col,.kadence-column3335_ddcb24-bc > .kt-inside-inner-col:before{border-top-left-radius:0px;border-top-right-radius:0px;border-bottom-right-radius:0px;border-bottom-left-radius:0px;}.kadence-column3335_ddcb24-bc > .kt-inside-inner-col{column-gap:var(--global-kb-gap-sm, 1rem);}.kadence-column3335_ddcb24-bc > .kt-inside-inner-col{flex-direction:column;}.kadence-column3335_ddcb24-bc > .kt-inside-inner-col > .aligncenter{width:100%;}.kadence-column3335_ddcb24-bc > .kt-inside-inner-col:before{opacity:0.3;}.kadence-column3335_ddcb24-bc{position:relative;}@media all and (max-width: 1024px){.kadence-column3335_ddcb24-bc > .kt-inside-inner-col{flex-direction:column;justify-content:center;}}@media all and (max-width: 767px){.kadence-column3335_ddcb24-bc > .kt-inside-inner-col{flex-direction:column;justify-content:center;}}<\/style>\n<div class=\"wp-block-kadence-column kadence-column3335_ddcb24-bc\"><div class=\"kt-inside-inner-col\">\n<h1 class=\"wp-block-heading\">Jeste\u015bmy oficjalnym europejskim dystrybutorem wielokrotnie nagradzanej kavy z The Kava Society (Nowa Zelandia).<\/h1>\n\n\n\n<p>W Kava Europe stawiamy na prostot\u0119. Je\u015bli chodzi o kav\u0119, chcemy tylko tego, co najlepsze. <\/p>\n\n\n\n<p>Kava Europe wy\u0142oni\u0142a si\u0119 z prostej wizji: <strong>uczyni\u0107 najlepsz\u0105 na \u015bwiecie kava \u0142atwo dost\u0119pn\u0105 dla europejskich klient\u00f3w, bez k\u0142opot\u00f3w zwi\u0105zanych z wysy\u0142k\u0105 na du\u017ce odleg\u0142o\u015bci, op\u00f3\u017anieniami celnymi lub obawami o jako\u015b\u0107 produktu.<\/strong> Dzi\u0119ki naszej wy\u0142\u0105cznej wsp\u00f3\u0142pracy z Kava Society (Nowa Zelandia) i ich wsp\u00f3\u0142pracownikami z Vanuatu, Root and Pestle, oferujemy szlachetn\u0105 kava, kt\u00f3ra wyznacza \u015bwiatowe standardy doskona\u0142o\u015bci.<\/p>\n\n\n\n<p>Nasza kava jest wytwarzana wy\u0142\u0105cznie z ekologicznie uprawianych, certyfikowanych szlachetnych odmian z Vanuatu, przetwarzanych bezpo\u015brednio ze \u015bwie\u017cych korzeni przy u\u017cyciu najnowocze\u015bniejszych metod w obiektach z certyfikatem HACCP i poddawanych rygorystycznym testom laboratoryjnym w celu weryfikacji czysto\u015bci i autentyczno\u015bci. Ka\u017cda partia jest w pe\u0142ni identyfikowalna z konkretnymi szlachetnymi odmianami i regionami ich uprawy, zawieraj\u0105c tylko jeden sk\u0142adnik: czysty szlachetny proszek z korzenia kava, suszony i mielony w celu zachowania naturalnych zwi\u0105zk\u00f3w aromatycznych i pigmentowych, kt\u00f3re wyr\u00f3\u017cniaj\u0105 ka\u017cd\u0105 odmian\u0119. Wybieraj\u0105c Kava Europe, otrzymujesz ten sam wysokiej jako\u015bci materia\u0142 ceniony na Pacyfiku i Nowej Zelandii - teraz dost\u0119pny w UE do aromaterapii i naturalnego barwienia tkanin, z szybk\u0105 wysy\u0142k\u0105 i bez k\u0142opot\u00f3w.  <\/p>\n<\/div><\/div>\n\n\n<style>.kadence-column3335_647257-72 > .kt-inside-inner-col{display:flex;}.kadence-column3335_647257-72 > .kt-inside-inner-col,.kadence-column3335_647257-72 > .kt-inside-inner-col:before{border-top-left-radius:0px;border-top-right-radius:0px;border-bottom-right-radius:0px;border-bottom-left-radius:0px;}.kadence-column3335_647257-72 > .kt-inside-inner-col{column-gap:var(--global-kb-gap-sm, 1rem);}.kadence-column3335_647257-72 > .kt-inside-inner-col{flex-direction:column;align-items:flex-end;}.kadence-column3335_647257-72 > .kt-inside-inner-col > .kb-image-is-ratio-size{align-self:stretch;}.kadence-column3335_647257-72 > .kt-inside-inner-col > .wp-block-kadence-advancedgallery{align-self:stretch;}.kadence-column3335_647257-72 > .kt-inside-inner-col > .aligncenter{width:100%;}.kadence-column3335_647257-72 > .kt-inside-inner-col:before{opacity:0.3;}.kadence-column3335_647257-72{position:relative;}@media all and (max-width: 1024px){.kadence-column3335_647257-72 > .kt-inside-inner-col{flex-direction:column;justify-content:center;align-items:flex-end;}}@media all and (max-width: 767px){.kadence-column3335_647257-72 > .kt-inside-inner-col{flex-direction:column;justify-content:center;align-items:flex-end;}}.kadence-column3335_647257-72 img {  width: 100%;}<\/style>\n<div class=\"wp-block-kadence-column kadence-column3335_647257-72\"><div class=\"kt-inside-inner-col\">\n<figure class=\"wp-block-image size-full\"><a href=\"https:\/\/kavaeurope.eu\/wp-content\/uploads\/2026\/02\/ForneyKava-web-324-1.png\"><img decoding=\"async\" width=\"599\" height=\"546\" data-src=\"https:\/\/kavaeurope.eu\/wp-content\/uploads\/2026\/02\/ForneyKava-web-324-1.png\" alt=\"kava nasza jako&#x15B;&#x107;\" class=\"wp-image-68450 lazyload\" data-srcset=\"https:\/\/kavaeurope.eu\/wp-content\/uploads\/2026\/02\/ForneyKava-web-324-1.png 599w, https:\/\/kavaeurope.eu\/wp-content\/uploads\/2026\/02\/ForneyKava-web-324-1-300x273.png 300w, https:\/\/kavaeurope.eu\/wp-content\/uploads\/2026\/02\/ForneyKava-web-324-1-64x58.png 64w\" data-sizes=\"(max-width: 599px) 100vw, 599px\" src=\"data:image\/svg+xml;base64,PHN2ZyB3aWR0aD0iMSIgaGVpZ2h0PSIxIiB4bWxucz0iaHR0cDovL3d3dy53My5vcmcvMjAwMC9zdmciPjwvc3ZnPg==\" style=\"--smush-placeholder-width: 599px; --smush-placeholder-aspect-ratio: 599\/546;\" \/><\/a><\/figure>\n<\/div><\/div>\n\n<\/div><\/div><style>.kb-row-layout-wrap.wp-block-kadence-rowlayout.kb-row-layout-id3335_26301c-52{margin-top:var(--global-kb-spacing-sm, 1.5rem);margin-bottom:var(--global-kb-spacing-sm, 1.5rem);}.kb-row-layout-id3335_26301c-52 > .kt-row-column-wrap{align-content:start;}:where(.kb-row-layout-id3335_26301c-52 > .kt-row-column-wrap) > .wp-block-kadence-column{justify-content:start;}.kb-row-layout-id3335_26301c-52 > .kt-row-column-wrap{column-gap:var(--global-kb-gap-sm, 1rem);row-gap:var(--global-kb-gap-sm, 1rem);padding-right:0px;padding-bottom:var(--global-kb-spacing-sm, 1.5rem);min-height:400px;}.kb-row-layout-id3335_26301c-52 > .kt-row-column-wrap > div:not(.added-for-specificity){grid-column:initial;}.kb-row-layout-id3335_26301c-52 > .kt-row-column-wrap{grid-template-columns:repeat(3, minmax(0, 1fr));}.kb-row-layout-id3335_26301c-52{border-top-left-radius:20px;border-top-right-radius:20px;border-bottom-right-radius:20px;border-bottom-left-radius:20px;overflow:clip;isolation:isolate;}.kb-row-layout-id3335_26301c-52 > .kt-row-layout-overlay{border-top-left-radius:20px;border-top-right-radius:20px;border-bottom-right-radius:20px;border-bottom-left-radius:20px;}.kb-row-layout-id3335_26301c-52 > .kt-row-layout-overlay{opacity:0.30;}@media all and (max-width: 1024px){.kb-row-layout-id3335_26301c-52 > .kt-row-column-wrap{padding-right:var(--global-kb-spacing-xs, 1rem);grid-template-columns:repeat(3, minmax(0, 1fr));}}@media all and (max-width: 1024px){.kb-row-layout-id3335_26301c-52 > .kt-row-column-wrap > div:not(.added-for-specificity){grid-column:initial;}}@media all and (max-width: 767px){.kb-row-layout-id3335_26301c-52 > .kt-row-column-wrap{padding-right:0px;min-height:400px;grid-template-columns:minmax(0, 1fr);}.kb-row-layout-id3335_26301c-52 > .kt-row-column-wrap > div:not(.added-for-specificity){grid-column:initial;}}.kb-row-layout-id3335_26301c-52 {  max-width: 1900px;  margin-left: auto!important;  margin-right: auto!important;}<\/style><div class=\"kb-row-layout-wrap kb-row-layout-id3335_26301c-52 alignnone wp-block-kadence-rowlayout\"><div class=\"kt-row-column-wrap kt-has-3-columns kt-row-layout-equal kt-tab-layout-inherit kt-mobile-layout-row kt-row-valign-top kt-inner-column-height-full\">\n<style>.kadence-column3335_97f7a1-e0 > .kt-inside-inner-col{padding-top:var(--global-kb-spacing-sm, 1.5rem);padding-right:var(--global-kb-spacing-sm, 1.5rem);padding-bottom:var(--global-kb-spacing-sm, 1.5rem);padding-left:var(--global-kb-spacing-sm, 1.5rem);}.kadence-column3335_97f7a1-e0 > .kt-inside-inner-col,.kadence-column3335_97f7a1-e0 > .kt-inside-inner-col:before{border-top-left-radius:20px;border-top-right-radius:20px;border-bottom-right-radius:20px;border-bottom-left-radius:20px;}.kadence-column3335_97f7a1-e0 > .kt-inside-inner-col{column-gap:var(--global-kb-gap-sm, 1rem);}.kadence-column3335_97f7a1-e0 > .kt-inside-inner-col{flex-direction:column;}.kadence-column3335_97f7a1-e0 > .kt-inside-inner-col > .aligncenter{width:100%;}.kadence-column3335_97f7a1-e0 > .kt-inside-inner-col{background-color:#eeeae9;}.kadence-column3335_97f7a1-e0 > .kt-inside-inner-col:before{opacity:0.3;}.kadence-column3335_97f7a1-e0{position:relative;}.kadence-column3335_97f7a1-e0, .kt-inside-inner-col > .kadence-column3335_97f7a1-e0:not(.specificity){margin-top:0px;margin-right:0px;margin-bottom:0px;margin-left:0px;}@media all and (max-width: 1024px){.kadence-column3335_97f7a1-e0 > .kt-inside-inner-col{flex-direction:column;justify-content:center;}}@media all and (max-width: 767px){.kadence-column3335_97f7a1-e0 > .kt-inside-inner-col{flex-direction:column;justify-content:center;}}<\/style>\n<div class=\"wp-block-kadence-column kadence-column3335_97f7a1-e0\"><div class=\"kt-inside-inner-col\"><style>.wp-block-kadence-advancedheading.kt-adv-heading3335_d76fb1-40, .wp-block-kadence-advancedheading.kt-adv-heading3335_d76fb1-40[data-kb-block=\"kb-adv-heading3335_d76fb1-40\"]{margin-top:0px;margin-right:0px;margin-bottom:0px;margin-left:0px;font-size:var(--global-kb-font-size-xl, 3rem);line-height:1;font-style:normal;}.wp-block-kadence-advancedheading.kt-adv-heading3335_d76fb1-40 mark.kt-highlight, .wp-block-kadence-advancedheading.kt-adv-heading3335_d76fb1-40[data-kb-block=\"kb-adv-heading3335_d76fb1-40\"] mark.kt-highlight{font-style:normal;color:#f76a0c;-webkit-box-decoration-break:clone;box-decoration-break:clone;padding-top:0px;padding-right:0px;padding-bottom:0px;padding-left:0px;}.wp-block-kadence-advancedheading.kt-adv-heading3335_d76fb1-40 img.kb-inline-image, .wp-block-kadence-advancedheading.kt-adv-heading3335_d76fb1-40[data-kb-block=\"kb-adv-heading3335_d76fb1-40\"] img.kb-inline-image{width:150px;vertical-align:baseline;}<\/style>\n<h2 class=\"kt-adv-heading3335_d76fb1-40 wp-block-kadence-advancedheading\" data-kb-block=\"kb-adv-heading3335_d76fb1-40\">Przetwarzanie \u015bwie\u017cych korzeni<\/h2>\n\n\n<style>.wp-block-kadence-spacer.kt-block-spacer-3335_563f9f-52 .kt-block-spacer{height:20px;}.wp-block-kadence-spacer.kt-block-spacer-3335_563f9f-52 .kt-divider{border-top-width:1px;height:1px;border-top-color:var(--global-palette1, #3182CE);width:40%;border-top-style:solid;}<\/style>\n<div class=\"wp-block-kadence-spacer aligncenter kt-block-spacer-3335_563f9f-52\"><div class=\"kt-block-spacer kt-block-spacer-halign-left\"><hr class=\"kt-divider\"\/><\/div><\/div>\n\n\n<style>.wp-block-kadence-advancedheading.kt-adv-heading3335_00d54b-9e, .wp-block-kadence-advancedheading.kt-adv-heading3335_00d54b-9e[data-kb-block=\"kb-adv-heading3335_00d54b-9e\"]{font-size:var(--global-kb-font-size-md, 1.25rem);font-style:normal;}.wp-block-kadence-advancedheading.kt-adv-heading3335_00d54b-9e mark.kt-highlight, .wp-block-kadence-advancedheading.kt-adv-heading3335_00d54b-9e[data-kb-block=\"kb-adv-heading3335_00d54b-9e\"] mark.kt-highlight{font-style:normal;color:#f76a0c;-webkit-box-decoration-break:clone;box-decoration-break:clone;padding-top:0px;padding-right:0px;padding-bottom:0px;padding-left:0px;}.wp-block-kadence-advancedheading.kt-adv-heading3335_00d54b-9e img.kb-inline-image, .wp-block-kadence-advancedheading.kt-adv-heading3335_00d54b-9e[data-kb-block=\"kb-adv-heading3335_00d54b-9e\"] img.kb-inline-image{width:150px;vertical-align:baseline;}<\/style>\n<p class=\"kt-adv-heading3335_00d54b-9e wp-block-kadence-advancedheading\" data-kb-block=\"kb-adv-heading3335_00d54b-9e\">Wyprodukowany bezpo\u015brednio ze \u015bwie\u017cych korzeni. Przetwarzane przy u\u017cyciu najnowocze\u015bniejszych metod. <\/p>\n<\/div><\/div>\n\n\n<style>.kadence-column3335_19f87e-b2 > .kt-inside-inner-col{padding-top:var(--global-kb-spacing-sm, 1.5rem);padding-right:var(--global-kb-spacing-sm, 1.5rem);padding-bottom:var(--global-kb-spacing-sm, 1.5rem);padding-left:var(--global-kb-spacing-sm, 1.5rem);}.kadence-column3335_19f87e-b2 > .kt-inside-inner-col,.kadence-column3335_19f87e-b2 > .kt-inside-inner-col:before{border-top-left-radius:20px;border-top-right-radius:20px;border-bottom-right-radius:20px;border-bottom-left-radius:20px;}.kadence-column3335_19f87e-b2 > .kt-inside-inner-col{column-gap:var(--global-kb-gap-sm, 1rem);}.kadence-column3335_19f87e-b2 > .kt-inside-inner-col{flex-direction:column;}.kadence-column3335_19f87e-b2 > .kt-inside-inner-col > .aligncenter{width:100%;}.kadence-column3335_19f87e-b2 > .kt-inside-inner-col{background-color:#eeeae9;}.kadence-column3335_19f87e-b2 > .kt-inside-inner-col:before{opacity:0.3;}.kadence-column3335_19f87e-b2{position:relative;}@media all and (max-width: 1024px){.kadence-column3335_19f87e-b2 > .kt-inside-inner-col{flex-direction:column;justify-content:center;}}@media all and (max-width: 767px){.kadence-column3335_19f87e-b2 > .kt-inside-inner-col{flex-direction:column;justify-content:center;}}<\/style>\n<div class=\"wp-block-kadence-column kadence-column3335_19f87e-b2\"><div class=\"kt-inside-inner-col\"><style>.wp-block-kadence-advancedheading.kt-adv-heading3335_890af3-af, .wp-block-kadence-advancedheading.kt-adv-heading3335_890af3-af[data-kb-block=\"kb-adv-heading3335_890af3-af\"]{margin-top:0px;margin-right:0px;margin-bottom:0px;margin-left:0px;font-size:var(--global-kb-font-size-xl, 3rem);line-height:1;font-style:normal;}.wp-block-kadence-advancedheading.kt-adv-heading3335_890af3-af mark.kt-highlight, .wp-block-kadence-advancedheading.kt-adv-heading3335_890af3-af[data-kb-block=\"kb-adv-heading3335_890af3-af\"] mark.kt-highlight{font-style:normal;color:#f76a0c;-webkit-box-decoration-break:clone;box-decoration-break:clone;padding-top:0px;padding-right:0px;padding-bottom:0px;padding-left:0px;}.wp-block-kadence-advancedheading.kt-adv-heading3335_890af3-af img.kb-inline-image, .wp-block-kadence-advancedheading.kt-adv-heading3335_890af3-af[data-kb-block=\"kb-adv-heading3335_890af3-af\"] img.kb-inline-image{width:150px;vertical-align:baseline;}<\/style>\n<h2 class=\"kt-adv-heading3335_890af3-af wp-block-kadence-advancedheading\" data-kb-block=\"kb-adv-heading3335_890af3-af\">Czysto\u015b\u0107 testowana laboratoryjnie<\/h2>\n\n\n<style>.wp-block-kadence-spacer.kt-block-spacer-3335_f1f0af-6f .kt-block-spacer{height:20px;}.wp-block-kadence-spacer.kt-block-spacer-3335_f1f0af-6f .kt-divider{border-top-width:1px;height:1px;border-top-color:var(--global-palette1, #3182CE);width:40%;border-top-style:solid;}<\/style>\n<div class=\"wp-block-kadence-spacer aligncenter kt-block-spacer-3335_f1f0af-6f\"><div class=\"kt-block-spacer kt-block-spacer-halign-left\"><hr class=\"kt-divider\"\/><\/div><\/div>\n\n\n<style>.wp-block-kadence-advancedheading.kt-adv-heading3335_c5038c-bb, .wp-block-kadence-advancedheading.kt-adv-heading3335_c5038c-bb[data-kb-block=\"kb-adv-heading3335_c5038c-bb\"]{font-size:var(--global-kb-font-size-md, 1.25rem);font-style:normal;}.wp-block-kadence-advancedheading.kt-adv-heading3335_c5038c-bb mark.kt-highlight, .wp-block-kadence-advancedheading.kt-adv-heading3335_c5038c-bb[data-kb-block=\"kb-adv-heading3335_c5038c-bb\"] mark.kt-highlight{font-style:normal;color:#f76a0c;-webkit-box-decoration-break:clone;box-decoration-break:clone;padding-top:0px;padding-right:0px;padding-bottom:0px;padding-left:0px;}.wp-block-kadence-advancedheading.kt-adv-heading3335_c5038c-bb img.kb-inline-image, .wp-block-kadence-advancedheading.kt-adv-heading3335_c5038c-bb[data-kb-block=\"kb-adv-heading3335_c5038c-bb\"] img.kb-inline-image{width:150px;vertical-align:baseline;}<\/style>\n<p class=\"kt-adv-heading3335_c5038c-bb wp-block-kadence-advancedheading\" data-kb-block=\"kb-adv-heading3335_c5038c-bb\">Testowane laboratoryjnie pod k\u0105tem czysto\u015bci i bezpiecze\u0144stwa. W pe\u0142ni identyfikowalny. <\/p>\n<\/div><\/div>\n\n\n<style>.kadence-column3335_085059-34 > .kt-inside-inner-col{padding-top:var(--global-kb-spacing-sm, 1.5rem);padding-right:var(--global-kb-spacing-sm, 1.5rem);padding-bottom:var(--global-kb-spacing-sm, 1.5rem);padding-left:var(--global-kb-spacing-sm, 1.5rem);}.kadence-column3335_085059-34 > .kt-inside-inner-col,.kadence-column3335_085059-34 > .kt-inside-inner-col:before{border-top-left-radius:20px;border-top-right-radius:20px;border-bottom-right-radius:20px;border-bottom-left-radius:20px;}.kadence-column3335_085059-34 > .kt-inside-inner-col{column-gap:var(--global-kb-gap-sm, 1rem);}.kadence-column3335_085059-34 > .kt-inside-inner-col{flex-direction:column;}.kadence-column3335_085059-34 > .kt-inside-inner-col > .aligncenter{width:100%;}.kadence-column3335_085059-34 > .kt-inside-inner-col{background-color:#eeeae9;}.kadence-column3335_085059-34 > .kt-inside-inner-col:before{opacity:0.3;}.kadence-column3335_085059-34{position:relative;}@media all and (max-width: 1024px){.kadence-column3335_085059-34 > .kt-inside-inner-col{flex-direction:column;justify-content:center;}}@media all and (max-width: 767px){.kadence-column3335_085059-34 > .kt-inside-inner-col{flex-direction:column;justify-content:center;}}<\/style>\n<div class=\"wp-block-kadence-column kadence-column3335_085059-34\"><div class=\"kt-inside-inner-col\"><style>.wp-block-kadence-advancedheading.kt-adv-heading3335_b63b0f-0c, .wp-block-kadence-advancedheading.kt-adv-heading3335_b63b0f-0c[data-kb-block=\"kb-adv-heading3335_b63b0f-0c\"]{margin-top:0px;margin-right:0px;margin-bottom:0px;margin-left:0px;font-size:var(--global-kb-font-size-xl, 3rem);line-height:1;font-style:normal;}.wp-block-kadence-advancedheading.kt-adv-heading3335_b63b0f-0c mark.kt-highlight, .wp-block-kadence-advancedheading.kt-adv-heading3335_b63b0f-0c[data-kb-block=\"kb-adv-heading3335_b63b0f-0c\"] mark.kt-highlight{font-style:normal;color:#f76a0c;-webkit-box-decoration-break:clone;box-decoration-break:clone;padding-top:0px;padding-right:0px;padding-bottom:0px;padding-left:0px;}.wp-block-kadence-advancedheading.kt-adv-heading3335_b63b0f-0c img.kb-inline-image, .wp-block-kadence-advancedheading.kt-adv-heading3335_b63b0f-0c[data-kb-block=\"kb-adv-heading3335_b63b0f-0c\"] img.kb-inline-image{width:150px;vertical-align:baseline;}<\/style>\n<h2 class=\"kt-adv-heading3335_b63b0f-0c wp-block-kadence-advancedheading\" data-kb-block=\"kb-adv-heading3335_b63b0f-0c\">Pojedynczy sk\u0142adnik<\/h2>\n\n\n<style>.wp-block-kadence-spacer.kt-block-spacer-3335_03144b-7b .kt-block-spacer{height:20px;}.wp-block-kadence-spacer.kt-block-spacer-3335_03144b-7b .kt-divider{border-top-width:1px;height:1px;border-top-color:var(--global-palette1, #3182CE);width:40%;border-top-style:solid;}<\/style>\n<div class=\"wp-block-kadence-spacer aligncenter kt-block-spacer-3335_03144b-7b\"><div class=\"kt-block-spacer kt-block-spacer-halign-left\"><hr class=\"kt-divider\"\/><\/div><\/div>\n\n\n<style>.wp-block-kadence-advancedheading.kt-adv-heading3335_0938bb-bd, .wp-block-kadence-advancedheading.kt-adv-heading3335_0938bb-bd[data-kb-block=\"kb-adv-heading3335_0938bb-bd\"]{font-size:var(--global-kb-font-size-md, 1.25rem);font-style:normal;}.wp-block-kadence-advancedheading.kt-adv-heading3335_0938bb-bd mark.kt-highlight, .wp-block-kadence-advancedheading.kt-adv-heading3335_0938bb-bd[data-kb-block=\"kb-adv-heading3335_0938bb-bd\"] mark.kt-highlight{font-style:normal;color:#f76a0c;-webkit-box-decoration-break:clone;box-decoration-break:clone;padding-top:0px;padding-right:0px;padding-bottom:0px;padding-left:0px;}.wp-block-kadence-advancedheading.kt-adv-heading3335_0938bb-bd img.kb-inline-image, .wp-block-kadence-advancedheading.kt-adv-heading3335_0938bb-bd[data-kb-block=\"kb-adv-heading3335_0938bb-bd\"] img.kb-inline-image{width:150px;vertical-align:baseline;}<\/style>\n<p class=\"kt-adv-heading3335_0938bb-bd wp-block-kadence-advancedheading\" data-kb-block=\"kb-adv-heading3335_0938bb-bd\">Zawiera tylko jeden sk\u0142adnik: czysty, szlachetny proszek z korzenia kava.<\/p>\n<\/div><\/div>\n\n<\/div><\/div>","protected":false},"excerpt":{"rendered":"<p>Jeste\u015bmy oficjalnym europejskim dystrybutorem wielokrotnie nagradzanej kavy z The Kava Society (Nowa Zelandia). W Kava Europe stawiamy na prostot\u0119. Je\u015bli chodzi o kav\u0119, chcemy tylko tego, co najlepsze. Kava Europe wy\u0142oni\u0142a si\u0119 z prostej wizji: uczyni\u0107 najlepsz\u0105 na \u015bwiecie kava \u0142atwo dost\u0119pn\u0105 dla europejskich klient\u00f3w, bez k\u0142opot\u00f3w zwi\u0105zanych z wysy\u0142k\u0105 na du\u017ce odleg\u0142o\u015bci, op\u00f3\u017anieniami celnymi&#8230;<\/p>\n","protected":false},"author":1,"featured_media":0,"parent":0,"menu_order":0,"comment_status":"closed","ping_status":"closed","template":"","meta":{"_kad_blocks_custom_css":"","_kad_blocks_head_custom_js":"","_kad_blocks_body_custom_js":"","_kad_blocks_footer_custom_js":"","_kad_post_transparent":"","_kad_post_title":"hide","_kad_post_layout":"fullwidth","_kad_post_sidebar_id":"","_kad_post_content_style":"unboxed","_kad_post_vertical_padding":"hide","_kad_post_feature":"","_kad_post_feature_position":"","_kad_post_header":false,"_kad_post_footer":false,"_kad_post_classname":"","footnotes":""},"class_list":["post-50960","page","type-page","status-publish","hentry"],"aioseo_notices":[],"taxonomy_info":[],"featured_image_src_large":false,"author_info":{"display_name":"adminks","author_link":"https:\/\/kavaeurope.eu\/pl\/author\/adminks\/"},"comment_info":0,"_links":{"self":[{"href":"https:\/\/kavaeurope.eu\/pl\/wp-json\/wp\/v2\/pages\/50960","targetHints":{"allow":["GET"]}}],"collection":[{"href":"https:\/\/kavaeurope.eu\/pl\/wp-json\/wp\/v2\/pages"}],"about":[{"href":"https:\/\/kavaeurope.eu\/pl\/wp-json\/wp\/v2\/types\/page"}],"author":[{"embeddable":true,"href":"https:\/\/kavaeurope.eu\/pl\/wp-json\/wp\/v2\/users\/1"}],"replies":[{"embeddable":true,"href":"https:\/\/kavaeurope.eu\/pl\/wp-json\/wp\/v2\/comments?post=50960"}],"version-history":[{"count":0,"href":"https:\/\/kavaeurope.eu\/pl\/wp-json\/wp\/v2\/pages\/50960\/revisions"}],"wp:attachment":[{"href":"https:\/\/kavaeurope.eu\/pl\/wp-json\/wp\/v2\/media?parent=50960"}],"curies":[{"name":"wp","href":"https:\/\/api.w.org\/{rel}","templated":true}]}}