{"id":51038,"date":"2021-02-08T14:03:23","date_gmt":"2021-02-08T13:03:23","guid":{"rendered":"https:\/\/kavaeurope.eu\/shop\/ceramiczny-spodek\/"},"modified":"2026-01-23T11:54:13","modified_gmt":"2026-01-23T10:54:13","slug":"ceramiczny-spodek","status":"publish","type":"product","link":"https:\/\/kavaeurope.eu\/pl\/shop\/ceramiczny-spodek\/","title":{"rendered":"Ceramiczny spodek"},"content":{"rendered":"<p>Ceramiczny spodek wykonany z gliny na kole garncarskim, wypalany w temperaturze 1250C - tzw. kamionka. Szkliwo dopuszczone do kontaktu z \u017cywno\u015bci\u0105. Mo\u017cna my\u0107 w zmywarce.  <\/p>\n","protected":false},"excerpt":{"rendered":"<p>Ceramiczny spodek wykonany z gliny na kole garncarskim, wypalany w temperaturze 1250C - tzw. kamionka. Szkliwo dopuszczone do kontaktu z \u017cywno\u015bci\u0105. Mo\u017cna my\u0107 w zmywarce.<\/p>\n","protected":false},"featured_media":45810,"comment_status":"closed","ping_status":"closed","template":"","meta":{"_kad_blocks_custom_css":"","_kad_blocks_head_custom_js":"","_kad_blocks_body_custom_js":"","_kad_blocks_footer_custom_js":"","_kad_post_transparent":"","_kad_post_title":"","_kad_post_layout":"default","_kad_post_sidebar_id":"","_kad_post_content_style":"default","_kad_post_vertical_padding":"default","_kad_post_feature":"","_kad_post_feature_position":"","_kad_post_header":false,"_kad_post_footer":false,"_kad_post_classname":""},"product_brand":[],"product_cat":[688],"product_tag":[691,693,692],"class_list":{"0":"post-51038","1":"product","2":"type-product","3":"status-publish","4":"has-post-thumbnail","6":"product_cat-accessori-pl","7":"product_tag-ceramika","8":"product_tag-ceramika-pl","9":"product_tag-piattino-in-ceramica-pl","11":"first","12":"outofstock","13":"taxable","14":"shipping-taxable","15":"purchasable","16":"product-type-simple","17":"entry","18":"content-bg","19":"loop-entry"},"aioseo_notices":[],"taxonomy_info":{"product_cat":[{"value":688,"label":"Accessori"}],"product_tag":[{"value":691,"label":"ceramika"},{"value":693,"label":"ceramika"},{"value":692,"label":"piattino in ceramica"}]},"featured_image_src_large":["https:\/\/kavaeurope.eu\/wp-content\/uploads\/2025\/03\/IMG_20210117_120808-scaled-1.jpg",1024,768,false],"author_info":[],"comment_info":0,"_links":{"self":[{"href":"https:\/\/kavaeurope.eu\/pl\/wp-json\/wp\/v2\/product\/51038","targetHints":{"allow":["GET"]}}],"collection":[{"href":"https:\/\/kavaeurope.eu\/pl\/wp-json\/wp\/v2\/product"}],"about":[{"href":"https:\/\/kavaeurope.eu\/pl\/wp-json\/wp\/v2\/types\/product"}],"replies":[{"embeddable":true,"href":"https:\/\/kavaeurope.eu\/pl\/wp-json\/wp\/v2\/comments?post=51038"}],"wp:featuredmedia":[{"embeddable":true,"href":"https:\/\/kavaeurope.eu\/pl\/wp-json\/wp\/v2\/media\/45810"}],"wp:attachment":[{"href":"https:\/\/kavaeurope.eu\/pl\/wp-json\/wp\/v2\/media?parent=51038"}],"wp:term":[{"taxonomy":"product_brand","embeddable":true,"href":"https:\/\/kavaeurope.eu\/pl\/wp-json\/wp\/v2\/product_brand?post=51038"},{"taxonomy":"product_cat","embeddable":true,"href":"https:\/\/kavaeurope.eu\/pl\/wp-json\/wp\/v2\/product_cat?post=51038"},{"taxonomy":"product_tag","embeddable":true,"href":"https:\/\/kavaeurope.eu\/pl\/wp-json\/wp\/v2\/product_tag?post=51038"}],"curies":[{"name":"wp","href":"https:\/\/api.w.org\/{rel}","templated":true}]}}