{"id":51174,"date":"2020-01-31T00:09:13","date_gmt":"2020-01-30T23:09:13","guid":{"rendered":"https:\/\/kavaeurope.eu\/shop\/pacific-elixir-2\/"},"modified":"2026-04-15T14:19:43","modified_gmt":"2026-04-15T12:19:43","slug":"pacific-elixir-2","status":"publish","type":"product","link":"https:\/\/kavaeurope.eu\/pl\/shop\/pacific-elixir-2\/","title":{"rendered":"Pacific Elixir"},"content":{"rendered":"<p class=\"whitespace-normal break-words\">Zr\u00f3wnowa\u017cona mieszanka najlepszych szlachetnych odmian kava z Oceanii. Specjalnie stworzona, aby uchwyci\u0107 esencj\u0119 wysokiej jako\u015bci kava. Specyficzny chemotyp, kombinacja odmian, kolor i aromat mog\u0105 si\u0119 r\u00f3\u017cni\u0107 w zale\u017cno\u015bci od partii, w zale\u017cno\u015bci od dost\u0119pno\u015bci okre\u015blonych odmian.  <\/p>\n<p class=\"whitespace-normal break-words\">Zgodnie z przepisami UE produkt ten jest przeznaczony do naturalnego barwienia tkanin i zastosowa\u0144 w aromaterapii.<\/p>\n<ul class=\"[&amp;:not(:last-child)_ul]:pb-1 [&amp;:not(:last-child)_ol]:pb-1 list-disc space-y-2.5 pl-7\">\n<li class=\"whitespace-normal break-words\"><strong>Wyspa pochodzenia<\/strong>: Vanuatu (mieszanka)<\/li>\n<li class=\"whitespace-normal break-words\"><strong>\u015aredni stosunek kana\u0142\u00f3w bocznych do pnia<\/strong>: 40-60<\/li>\n<li class=\"whitespace-normal break-words\"><strong>Typowy chemotyp<\/strong>: 423615 lub podobny<\/li>\n<li class=\"whitespace-normal break-words\"><strong>Przetwarzanie<\/strong>: Natychmiastowe - w pe\u0142ni umyte i obrane korzenie; aktywna frakcja korzenia oddzielona od nierozpuszczalnych w\u0142\u00f3kien, odwodniona do postaci drobnego, jednolitego proszku<\/li>\n<li class=\"whitespace-normal break-words\"><strong>Kolor pigmentu<\/strong>: Z\u0142oty do karmelowego<\/li>\n<li class=\"whitespace-normal break-words\"><strong>Profil aromatyczny<\/strong>: Z\u0142o\u017cony, z nutami pieprzu i ciep\u0142ych przypraw. Delikatne nuty any\u017cu. Zr\u00f3wnowa\u017cony charakter  <\/li>\n<\/ul>\n<p><strong>Jako\u015b\u0107 gwarantowana przez Kava Society (Nowa Zelandia)<\/strong> Kava Europe jest dumnym wy\u0142\u0105cznym europejskim dystrybutorem wyj\u0105tkowej kavy Kava Society. To naprawd\u0119 najlepsza kava na \u015bwiecie. W przeciwie\u0144stwie do wi\u0119kszo\u015bci kava dost\u0119pnych na rynku - s\u0142abo wysuszonych i oczyszczonych korzeni nieznanego pochodzenia - ka\u017cda partia Kava Society jest przetwarzana ze \u015bwie\u017co zebranych ro\u015blin przy u\u017cyciu pionierskich metod, kt\u00f3re zachowuj\u0105 maksymaln\u0105 \u015bwie\u017co\u015b\u0107, zapewniaj\u0105c jednocze\u015bnie absolutn\u0105 czysto\u015b\u0107. Ka\u017cda partia przechodzi rygorystyczne testy laboratoryjne z certyfikatami analizy. Jest to dok\u0142adnie ta sama wysokiej jako\u015bci kava sprzedawana w Nowej Zelandii, spe\u0142niaj\u0105ca wszystkie nowozelandzkie przepisy dotycz\u0105ce jako\u015bci i bezpiecze\u0144stwa. Wybieraj\u0105c nasze produkty, otrzymujesz kav\u0119 tak\u0105, jaka powinna by\u0107 - \u015bwie\u017c\u0105, czyst\u0105 i odpowiednio zidentyfikowan\u0105.<\/p>\n<p>Sprawd\u017a tak\u017ce nasze <a href=\"https:\/\/kavaeurope.eu\/pl\/shop\/kava-europe-t-shirt-brazowy-bialy\/\">koszulki<\/a> i <a href=\"https:\/\/kavaeurope.eu\/pl\/kategoria-produktu\/accessori-pl\/\">akcesoria<\/a> kava.<\/p>\n","protected":false},"excerpt":{"rendered":"<p>Zr\u00f3wnowa\u017cona mieszanka najlepszych szlachetnych odmian kavy z Oceanii. Prawdziwa instant. Drobny proszek kava, kt\u00f3ry rozpuszcza si\u0119 ca\u0142kowicie bez konieczno\u015bci odcedzania.  <\/p>\n","protected":false},"featured_media":45691,"comment_status":"closed","ping_status":"closed","template":"","meta":{"_kad_blocks_custom_css":"","_kad_blocks_head_custom_js":"","_kad_blocks_body_custom_js":"","_kad_blocks_footer_custom_js":"","_kad_post_transparent":"","_kad_post_title":"","_kad_post_layout":"default","_kad_post_sidebar_id":"","_kad_post_content_style":"default","_kad_post_vertical_padding":"default","_kad_post_feature":"","_kad_post_feature_position":"","_kad_post_header":false,"_kad_post_footer":false,"_kad_post_classname":""},"product_brand":[],"product_cat":[679],"product_tag":[680,683,705,681,716,717,682],"class_list":{"0":"post-51174","1":"product","2":"type-product","3":"status-publish","4":"has-post-thumbnail","6":"product_cat-kava-pl","7":"product_tag-kava-pl","8":"product_tag-kava-europe-pl","9":"product_tag-kava-instant-pl","10":"product_tag-kava-kava-pl","11":"product_tag-natychmiastowy","12":"product_tag-pacyficzny-eliksir","13":"product_tag-piper-methysticum-pl","14":"pa_kava-type-natychmiastowy","15":"pa_weight-1000g","16":"pa_weight-100g","17":"pa_weight-200g","18":"pa_weight-250g","19":"pa_weight-500g","21":"first","22":"instock","23":"taxable","24":"shipping-taxable","25":"purchasable","26":"product-type-variable","27":"has-default-attributes","28":"entry","29":"content-bg","30":"loop-entry"},"aioseo_notices":[],"taxonomy_info":{"product_cat":[{"value":679,"label":"Kava"}],"product_tag":[{"value":680,"label":"kava"},{"value":683,"label":"kava europe"},{"value":705,"label":"kava instant"},{"value":681,"label":"kava kava"},{"value":716,"label":"natychmiastowy"},{"value":717,"label":"pacyficzny eliksir"},{"value":682,"label":"piper methysticum"}],"pa_kava-type":[{"value":687,"label":"Instant"}],"pa_weight":[{"value":305,"label":"1000g"},{"value":302,"label":"100g"},{"value":303,"label":"200g"},{"value":630,"label":"250g"},{"value":304,"label":"500g"}]},"featured_image_src_large":["https:\/\/kavaeurope.eu\/wp-content\/uploads\/2025\/03\/Kava-Europe-Pacific-Instant-200-scaled-1.jpg",1024,768,false],"author_info":[],"comment_info":13,"_links":{"self":[{"href":"https:\/\/kavaeurope.eu\/pl\/wp-json\/wp\/v2\/product\/51174","targetHints":{"allow":["GET"]}}],"collection":[{"href":"https:\/\/kavaeurope.eu\/pl\/wp-json\/wp\/v2\/product"}],"about":[{"href":"https:\/\/kavaeurope.eu\/pl\/wp-json\/wp\/v2\/types\/product"}],"replies":[{"embeddable":true,"href":"https:\/\/kavaeurope.eu\/pl\/wp-json\/wp\/v2\/comments?post=51174"}],"wp:featuredmedia":[{"embeddable":true,"href":"https:\/\/kavaeurope.eu\/pl\/wp-json\/wp\/v2\/media\/45691"}],"wp:attachment":[{"href":"https:\/\/kavaeurope.eu\/pl\/wp-json\/wp\/v2\/media?parent=51174"}],"wp:term":[{"taxonomy":"product_brand","embeddable":true,"href":"https:\/\/kavaeurope.eu\/pl\/wp-json\/wp\/v2\/product_brand?post=51174"},{"taxonomy":"product_cat","embeddable":true,"href":"https:\/\/kavaeurope.eu\/pl\/wp-json\/wp\/v2\/product_cat?post=51174"},{"taxonomy":"product_tag","embeddable":true,"href":"https:\/\/kavaeurope.eu\/pl\/wp-json\/wp\/v2\/product_tag?post=51174"}],"curies":[{"name":"wp","href":"https:\/\/api.w.org\/{rel}","templated":true}]}}