{"id":46940,"date":"2025-03-14T17:38:25","date_gmt":"2025-03-14T16:38:25","guid":{"rendered":"https:\/\/temp.kavaeurope.eu\/kava-nedir\/"},"modified":"2025-12-09T15:06:44","modified_gmt":"2025-12-09T14:06:44","slug":"kava-nedir","status":"publish","type":"page","link":"https:\/\/kavaeurope.eu\/tr\/kava-nedir\/","title":{"rendered":"Kava nedir"},"content":{"rendered":"<style>.kb-row-layout-wrap.wp-block-kadence-rowlayout.kb-row-layout-id45311_ceb37c-3d{margin-top:var(--global-kb-spacing-sm, 1.5rem);margin-bottom:var(--global-kb-spacing-sm, 1.5rem);}.kb-row-layout-id45311_ceb37c-3d > .kt-row-column-wrap{align-content:start;}:where(.kb-row-layout-id45311_ceb37c-3d > .kt-row-column-wrap) > .wp-block-kadence-column{justify-content:start;}.kb-row-layout-id45311_ceb37c-3d > .kt-row-column-wrap{column-gap:var(--global-kb-gap-md, 2rem);row-gap:var(--global-kb-gap-md, 2rem);padding-right:0px;padding-bottom:var(--global-kb-spacing-sm, 1.5rem);grid-template-columns:repeat(2, minmax(0, 1fr));}.kb-row-layout-id45311_ceb37c-3d{border-top-left-radius:20px;border-top-right-radius:20px;border-bottom-right-radius:20px;border-bottom-left-radius:20px;overflow:clip;isolation:isolate;}.kb-row-layout-id45311_ceb37c-3d > .kt-row-layout-overlay{border-top-left-radius:20px;border-top-right-radius:20px;border-bottom-right-radius:20px;border-bottom-left-radius:20px;}.kb-row-layout-id45311_ceb37c-3d{background-color:#eeeae9;}.kb-row-layout-id45311_ceb37c-3d > .kt-row-layout-overlay{opacity:0.30;}@media all and (max-width: 1024px){.kb-row-layout-id45311_ceb37c-3d > .kt-row-column-wrap{padding-right:var(--global-kb-spacing-xs, 1rem);grid-template-columns:minmax(0, 1fr);}}@media all and (max-width: 767px){.kb-row-layout-id45311_ceb37c-3d > .kt-row-column-wrap{grid-template-columns:minmax(0, 1fr);}}.kb-row-layout-id45311_ceb37c-3d {  max-width: 1900px;  margin-left: auto!important;  margin-right: auto!important;}<\/style><div class=\"kb-row-layout-wrap kb-row-layout-id45311_ceb37c-3d alignnone kt-row-has-bg wp-block-kadence-rowlayout\"><div class=\"kt-row-column-wrap kt-has-2-columns kt-row-layout-equal kt-tab-layout-row kt-mobile-layout-row kt-row-valign-top\">\n<style>.kadence-column45311_3595b5-77 > .kt-inside-inner-col{padding-top:var(--global-kb-spacing-xs, 1rem);}.kadence-column45311_3595b5-77 > .kt-inside-inner-col,.kadence-column45311_3595b5-77 > .kt-inside-inner-col:before{border-top-left-radius:0px;border-top-right-radius:0px;border-bottom-right-radius:0px;border-bottom-left-radius:0px;}.kadence-column45311_3595b5-77 > .kt-inside-inner-col{column-gap:var(--global-kb-gap-sm, 1rem);}.kadence-column45311_3595b5-77 > .kt-inside-inner-col{flex-direction:column;}.kadence-column45311_3595b5-77 > .kt-inside-inner-col > .aligncenter{width:100%;}.kadence-column45311_3595b5-77 > .kt-inside-inner-col:before{opacity:0.3;}.kadence-column45311_3595b5-77{position:relative;}@media all and (max-width: 1024px){.kadence-column45311_3595b5-77 > .kt-inside-inner-col{flex-direction:column;justify-content:center;}}@media all and (max-width: 767px){.kadence-column45311_3595b5-77 > .kt-inside-inner-col{flex-direction:column;justify-content:center;}}<\/style>\n<div class=\"wp-block-kadence-column kadence-column45311_3595b5-77\"><div class=\"kt-inside-inner-col\">\n<h1 class=\"wp-block-heading\">Kava nedir?<\/h1>\n\n\n\n<p>&#8220;Kava\" (ya da Avrupa&#8217;da s\u0131kl\u0131kla kullan\u0131ld\u0131\u011f\u0131 \u015fekliyle &#8220;kava kava\") ad\u0131n\u0131n iki anlam\u0131 vard\u0131r. Okyanusya&#8217;da evcille\u015ftirilen ve yeti\u015ftirilen \u00e7ok y\u0131ll\u0131k bir bitkiyi ve k\u00f6klerinden haz\u0131rlanan geleneksel bir meyve suyunu ifade eder. Kava, G\u00fcney Pasifik k\u00fclt\u00fcrleri taraf\u0131ndan binlerce y\u0131ld\u0131r \u00e7ok \u00e7e\u015fitli ama\u00e7lar i\u00e7in kullan\u0131lmaktad\u0131r.  <\/p>\n\n\n\n<p>Avrupa Birli\u011fi&#8217;nde kava bitkisinin kullan\u0131m\u0131 \u015fu anda insan t\u00fcketimi d\u0131\u015f\u0131ndaki ama\u00e7larla s\u0131n\u0131rl\u0131d\u0131r. \u00d6rne\u011fin, do\u011fal, organik bir tekstil boyas\u0131 olarak kullan\u0131labilir. Kava, canl\u0131 renkler \u00fcreten benzersiz fitokimyasallar i\u00e7erdi\u011finden do\u011fal tekstil boyamas\u0131 i\u00e7in uygundur. Geleneksel olarak haz\u0131rlanan kava, \u00e7e\u015fidine ve haz\u0131rlama tarz\u0131na ba\u011fl\u0131 olarak sar\u0131 ve kahverengiden tropikal beje kadar de\u011fi\u015fen farkl\u0131 renkler verebilir. Bu do\u011fal bile\u015fikler, kavay\u0131 tekstillerin do\u011fal ve s\u00fcrd\u00fcr\u00fclebilir bir \u015fekilde boyanmas\u0131 i\u00e7in m\u00fckemmel bir se\u00e7im haline getirmektedir.    <\/p>\n<\/div><\/div>\n\n\n<style>.kadence-column45311_99b515-34 > .kt-inside-inner-col,.kadence-column45311_99b515-34 > .kt-inside-inner-col:before{border-top-left-radius:0px;border-top-right-radius:0px;border-bottom-right-radius:0px;border-bottom-left-radius:0px;}.kadence-column45311_99b515-34 > .kt-inside-inner-col{column-gap:var(--global-kb-gap-sm, 1rem);}.kadence-column45311_99b515-34 > .kt-inside-inner-col{flex-direction:column;}.kadence-column45311_99b515-34 > .kt-inside-inner-col > .aligncenter{width:100%;}.kadence-column45311_99b515-34 > .kt-inside-inner-col:before{opacity:0.3;}.kadence-column45311_99b515-34{position:relative;}@media all and (max-width: 1024px){.kadence-column45311_99b515-34 > .kt-inside-inner-col{flex-direction:column;justify-content:center;}}@media all and (max-width: 767px){.kadence-column45311_99b515-34 > .kt-inside-inner-col{flex-direction:column;justify-content:center;}}<\/style>\n<div class=\"wp-block-kadence-column kadence-column45311_99b515-34\"><div class=\"kt-inside-inner-col\"><style>.kb-image45311_6028fd-06 .kb-image-has-overlay:after{opacity:0.3;border-top-left-radius:20px;border-top-right-radius:20px;border-bottom-right-radius:20px;border-bottom-left-radius:20px;}.kb-image45311_6028fd-06 img.kb-img, .kb-image45311_6028fd-06 .kb-img img{border-top-left-radius:20px;border-top-right-radius:20px;border-bottom-right-radius:20px;border-bottom-left-radius:20px;}<\/style>\n<figure class=\"wp-block-kadence-image kb-image45311_6028fd-06\"><img decoding=\"async\" width=\"2048\" height=\"1365\" data-src=\"https:\/\/kavaeurope.eu\/wp-content\/uploads\/2025\/03\/ForneyKava-web-209.jpg\" class=\"kb-img wp-image-45326 lazyload\" data-srcset=\"https:\/\/kavaeurope.eu\/wp-content\/uploads\/2025\/03\/ForneyKava-web-209.jpg 2048w, https:\/\/kavaeurope.eu\/wp-content\/uploads\/2025\/03\/ForneyKava-web-209-300x200.jpg 300w, https:\/\/kavaeurope.eu\/wp-content\/uploads\/2025\/03\/ForneyKava-web-209-1024x683.jpg 1024w, https:\/\/kavaeurope.eu\/wp-content\/uploads\/2025\/03\/ForneyKava-web-209-768x512.jpg 768w, https:\/\/kavaeurope.eu\/wp-content\/uploads\/2025\/03\/ForneyKava-web-209-1536x1024.jpg 1536w, https:\/\/kavaeurope.eu\/wp-content\/uploads\/2025\/03\/ForneyKava-web-209-700x467.jpg 700w, https:\/\/kavaeurope.eu\/wp-content\/uploads\/2025\/03\/ForneyKava-web-209-64x43.jpg 64w\" data-sizes=\"(max-width: 2048px) 100vw, 2048px\" src=\"data:image\/svg+xml;base64,PHN2ZyB3aWR0aD0iMSIgaGVpZ2h0PSIxIiB4bWxucz0iaHR0cDovL3d3dy53My5vcmcvMjAwMC9zdmciPjwvc3ZnPg==\" style=\"--smush-placeholder-width: 2048px; --smush-placeholder-aspect-ratio: 2048\/1365;\" \/><\/figure>\n<\/div><\/div>\n\n<\/div><\/div>","protected":false},"excerpt":{"rendered":"<p>Kava nedir? &#8220;Kava\" (ya da Avrupa&#8217;da s\u0131kl\u0131kla kullan\u0131ld\u0131\u011f\u0131 \u015fekliyle &#8220;kava kava\") ad\u0131n\u0131n iki anlam\u0131 vard\u0131r. Okyanusya&#8217;da evcille\u015ftirilen ve yeti\u015ftirilen \u00e7ok y\u0131ll\u0131k bir bitkiyi ve k\u00f6klerinden haz\u0131rlanan geleneksel bir meyve suyunu ifade eder. Kava, G\u00fcney Pasifik k\u00fclt\u00fcrleri taraf\u0131ndan binlerce y\u0131ld\u0131r \u00e7ok \u00e7e\u015fitli ama\u00e7lar i\u00e7in kullan\u0131lmaktad\u0131r. Avrupa Birli\u011fi&#8217;nde kava bitkisinin kullan\u0131m\u0131 \u015fu anda insan t\u00fcketimi d\u0131\u015f\u0131ndaki ama\u00e7larla&#8230;<\/p>\n","protected":false},"author":2,"featured_media":0,"parent":0,"menu_order":0,"comment_status":"closed","ping_status":"closed","template":"","meta":{"_kad_blocks_custom_css":"","_kad_blocks_head_custom_js":"","_kad_blocks_body_custom_js":"","_kad_blocks_footer_custom_js":"","_kad_post_transparent":"","_kad_post_title":"hide","_kad_post_layout":"fullwidth","_kad_post_sidebar_id":"","_kad_post_content_style":"unboxed","_kad_post_vertical_padding":"hide","_kad_post_feature":"","_kad_post_feature_position":"","_kad_post_header":false,"_kad_post_footer":false,"_kad_post_classname":"","footnotes":""},"class_list":["post-46940","page","type-page","status-publish","hentry"],"aioseo_notices":[],"taxonomy_info":[],"featured_image_src_large":false,"author_info":{"display_name":"AdminMarcin","author_link":"https:\/\/kavaeurope.eu\/tr\/author\/adminmarcin\/"},"comment_info":0,"_links":{"self":[{"href":"https:\/\/kavaeurope.eu\/tr\/wp-json\/wp\/v2\/pages\/46940","targetHints":{"allow":["GET"]}}],"collection":[{"href":"https:\/\/kavaeurope.eu\/tr\/wp-json\/wp\/v2\/pages"}],"about":[{"href":"https:\/\/kavaeurope.eu\/tr\/wp-json\/wp\/v2\/types\/page"}],"author":[{"embeddable":true,"href":"https:\/\/kavaeurope.eu\/tr\/wp-json\/wp\/v2\/users\/2"}],"replies":[{"embeddable":true,"href":"https:\/\/kavaeurope.eu\/tr\/wp-json\/wp\/v2\/comments?post=46940"}],"version-history":[{"count":0,"href":"https:\/\/kavaeurope.eu\/tr\/wp-json\/wp\/v2\/pages\/46940\/revisions"}],"wp:attachment":[{"href":"https:\/\/kavaeurope.eu\/tr\/wp-json\/wp\/v2\/media?parent=46940"}],"curies":[{"name":"wp","href":"https:\/\/api.w.org\/{rel}","templated":true}]}}