{"id":47012,"date":"2020-01-30T18:13:16","date_gmt":"2020-01-30T17:13:16","guid":{"rendered":"https:\/\/temp.kavaeurope.eu\/bizim-kalitemiz\/"},"modified":"2026-04-17T06:19:41","modified_gmt":"2026-04-17T04:19:41","slug":"bizim-kalitemiz","status":"publish","type":"page","link":"https:\/\/kavaeurope.eu\/tr\/bizim-kalitemiz\/","title":{"rendered":"Bizim Kalitemiz"},"content":{"rendered":"<style>.kb-row-layout-wrap.wp-block-kadence-rowlayout.kb-row-layout-id3335_fdf6c8-7e{margin-top:var(--global-kb-spacing-sm, 1.5rem);margin-bottom:var(--global-kb-spacing-sm, 1.5rem);}.kb-row-layout-id3335_fdf6c8-7e > .kt-row-column-wrap{align-content:start;}:where(.kb-row-layout-id3335_fdf6c8-7e > .kt-row-column-wrap) > .wp-block-kadence-column{justify-content:start;}.kb-row-layout-id3335_fdf6c8-7e > .kt-row-column-wrap{column-gap:var(--global-kb-gap-md, 2rem);row-gap:var(--global-kb-gap-md, 2rem);padding-right:0px;padding-bottom:var(--global-kb-spacing-sm, 1.5rem);grid-template-columns:repeat(2, minmax(0, 1fr));}.kb-row-layout-id3335_fdf6c8-7e{border-top-left-radius:20px;border-top-right-radius:20px;border-bottom-right-radius:20px;border-bottom-left-radius:20px;overflow:clip;isolation:isolate;}.kb-row-layout-id3335_fdf6c8-7e > .kt-row-layout-overlay{border-top-left-radius:20px;border-top-right-radius:20px;border-bottom-right-radius:20px;border-bottom-left-radius:20px;}.kb-row-layout-id3335_fdf6c8-7e{background-color:#eeeae9;}.kb-row-layout-id3335_fdf6c8-7e > .kt-row-layout-overlay{opacity:0.30;}@media all and (max-width: 1024px){.kb-row-layout-id3335_fdf6c8-7e > .kt-row-column-wrap{padding-right:var(--global-kb-spacing-xs, 1rem);grid-template-columns:minmax(0, 1fr);}}@media all and (max-width: 767px){.kb-row-layout-id3335_fdf6c8-7e > .kt-row-column-wrap{grid-template-columns:minmax(0, 1fr);}}.kb-row-layout-id3335_fdf6c8-7e {  max-width: 1900px;  margin-left: auto!important;  margin-right: auto!important;}<\/style><div class=\"kb-row-layout-wrap kb-row-layout-id3335_fdf6c8-7e alignnone kt-row-has-bg wp-block-kadence-rowlayout\"><div class=\"kt-row-column-wrap kt-has-2-columns kt-row-layout-equal kt-tab-layout-row kt-mobile-layout-row kt-row-valign-top\">\n<style>.kadence-column3335_ddcb24-bc > .kt-inside-inner-col{padding-top:var(--global-kb-spacing-xs, 1rem);}.kadence-column3335_ddcb24-bc > .kt-inside-inner-col,.kadence-column3335_ddcb24-bc > .kt-inside-inner-col:before{border-top-left-radius:0px;border-top-right-radius:0px;border-bottom-right-radius:0px;border-bottom-left-radius:0px;}.kadence-column3335_ddcb24-bc > .kt-inside-inner-col{column-gap:var(--global-kb-gap-sm, 1rem);}.kadence-column3335_ddcb24-bc > .kt-inside-inner-col{flex-direction:column;}.kadence-column3335_ddcb24-bc > .kt-inside-inner-col > .aligncenter{width:100%;}.kadence-column3335_ddcb24-bc > .kt-inside-inner-col:before{opacity:0.3;}.kadence-column3335_ddcb24-bc{position:relative;}@media all and (max-width: 1024px){.kadence-column3335_ddcb24-bc > .kt-inside-inner-col{flex-direction:column;justify-content:center;}}@media all and (max-width: 767px){.kadence-column3335_ddcb24-bc > .kt-inside-inner-col{flex-direction:column;justify-content:center;}}<\/style>\n<div class=\"wp-block-kadence-column kadence-column3335_ddcb24-bc\"><div class=\"kt-inside-inner-col\">\n<h1 class=\"wp-block-heading\">The Kava Society&#8217;nin (Yeni Zelanda) \u00f6d\u00fcll\u00fc kavas\u0131n\u0131n Avrupa&#8217;daki resmi distrib\u00fct\u00f6r\u00fcy\u00fcz.<\/h1>\n\n\n\n<p>Kava Europe&#8217;da biz i\u015fi basit tutuyoruz. S\u00f6z konusu kava oldu\u011funda, sadece en iyisini isteriz. <\/p>\n\n\n\n<p>Kava Europe basit bir vizyonla ortaya \u00e7\u0131kt\u0131: <strong>uzun mesafeli nakliye, g\u00fcmr\u00fck gecikmeleri veya \u00fcr\u00fcn kalitesiyle ilgili endi\u015feler olmadan d\u00fcnyan\u0131n en iyi kavas\u0131n\u0131 Avrupal\u0131 m\u00fc\u015fteriler i\u00e7in kolayca eri\u015filebilir hale getirmek.<\/strong> Kava Society (Yeni Zelanda) ve Vanuatu&#8217;daki i\u015fbirlik\u00e7ileri Root and Pestle ile \u00f6zel ortakl\u0131\u011f\u0131m\u0131z sayesinde, m\u00fckemmellik i\u00e7in k\u00fcresel standard\u0131 belirleyen asil kava sunuyoruz.<\/p>\n\n\n\n<p>Kavam\u0131z yaln\u0131zca Vanuatu&#8217;da organik olarak yeti\u015ftirilen, sertifikal\u0131 asil \u00e7e\u015fitlerden \u00fcretilmekte, HACCP sertifikal\u0131 tesislerde son teknoloji y\u00f6ntemler kullan\u0131larak do\u011frudan taze k\u00f6klerden i\u015flenmekte ve safl\u0131k ve \u00f6zg\u00fcnl\u00fc\u011f\u00fc do\u011frulamak i\u00e7in titiz laboratuvar testlerinden ge\u00e7mektedir. Her parti, belirli asil \u00e7e\u015fitler ve bunlar\u0131n yeti\u015ftirildi\u011fi b\u00f6lgeler i\u00e7in tamamen izlenebilirdir ve sadece tek bir bile\u015fen i\u00e7erir: her \u00e7e\u015fidi farkl\u0131 k\u0131lan do\u011fal aromatik ve pigment ta\u015f\u0131yan bile\u015fikleri korumak i\u00e7in kurutulmu\u015f ve \u00f6\u011f\u00fct\u00fclm\u00fc\u015f saf asil kava k\u00f6k\u00fc tozu. Kava Europe&#8217;u se\u00e7erek, Pasifik ve Yeni Zelanda&#8217;da \u00f6d\u00fcllendirilen ayn\u0131 birinci s\u0131n\u0131f malzemeyi elde edersiniz - \u015fimdi aromaterapi ve do\u011fal tekstil boyamas\u0131 i\u00e7in AB&#8217;de h\u0131zl\u0131 sevkiyat ve sorunsuz bir \u015fekilde mevcuttur.  <\/p>\n<\/div><\/div>\n\n\n<style>.kadence-column3335_647257-72 > .kt-inside-inner-col{display:flex;}.kadence-column3335_647257-72 > .kt-inside-inner-col,.kadence-column3335_647257-72 > .kt-inside-inner-col:before{border-top-left-radius:0px;border-top-right-radius:0px;border-bottom-right-radius:0px;border-bottom-left-radius:0px;}.kadence-column3335_647257-72 > .kt-inside-inner-col{column-gap:var(--global-kb-gap-sm, 1rem);}.kadence-column3335_647257-72 > .kt-inside-inner-col{flex-direction:column;align-items:flex-end;}.kadence-column3335_647257-72 > .kt-inside-inner-col > .kb-image-is-ratio-size{align-self:stretch;}.kadence-column3335_647257-72 > .kt-inside-inner-col > .wp-block-kadence-advancedgallery{align-self:stretch;}.kadence-column3335_647257-72 > .kt-inside-inner-col > .aligncenter{width:100%;}.kadence-column3335_647257-72 > .kt-inside-inner-col:before{opacity:0.3;}.kadence-column3335_647257-72{position:relative;}@media all and (max-width: 1024px){.kadence-column3335_647257-72 > .kt-inside-inner-col{flex-direction:column;justify-content:center;align-items:flex-end;}}@media all and (max-width: 767px){.kadence-column3335_647257-72 > .kt-inside-inner-col{flex-direction:column;justify-content:center;align-items:flex-end;}}.kadence-column3335_647257-72 img {  width: 100%;}<\/style>\n<div class=\"wp-block-kadence-column kadence-column3335_647257-72\"><div class=\"kt-inside-inner-col\">\n<figure class=\"wp-block-image size-full\"><a href=\"https:\/\/kavaeurope.eu\/wp-content\/uploads\/2026\/02\/ForneyKava-web-324-1.png\"><img decoding=\"async\" width=\"599\" height=\"546\" data-src=\"https:\/\/kavaeurope.eu\/wp-content\/uploads\/2026\/02\/ForneyKava-web-324-1.png\" alt=\"kava kalitemiz\" class=\"wp-image-68450 lazyload\" data-srcset=\"https:\/\/kavaeurope.eu\/wp-content\/uploads\/2026\/02\/ForneyKava-web-324-1.png 599w, https:\/\/kavaeurope.eu\/wp-content\/uploads\/2026\/02\/ForneyKava-web-324-1-300x273.png 300w, https:\/\/kavaeurope.eu\/wp-content\/uploads\/2026\/02\/ForneyKava-web-324-1-64x58.png 64w\" data-sizes=\"(max-width: 599px) 100vw, 599px\" src=\"data:image\/svg+xml;base64,PHN2ZyB3aWR0aD0iMSIgaGVpZ2h0PSIxIiB4bWxucz0iaHR0cDovL3d3dy53My5vcmcvMjAwMC9zdmciPjwvc3ZnPg==\" style=\"--smush-placeholder-width: 599px; --smush-placeholder-aspect-ratio: 599\/546;\" \/><\/a><\/figure>\n<\/div><\/div>\n\n<\/div><\/div><style>.kb-row-layout-wrap.wp-block-kadence-rowlayout.kb-row-layout-id3335_26301c-52{margin-top:var(--global-kb-spacing-sm, 1.5rem);margin-bottom:var(--global-kb-spacing-sm, 1.5rem);}.kb-row-layout-id3335_26301c-52 > .kt-row-column-wrap{align-content:start;}:where(.kb-row-layout-id3335_26301c-52 > .kt-row-column-wrap) > .wp-block-kadence-column{justify-content:start;}.kb-row-layout-id3335_26301c-52 > .kt-row-column-wrap{column-gap:var(--global-kb-gap-sm, 1rem);row-gap:var(--global-kb-gap-sm, 1rem);padding-right:0px;padding-bottom:var(--global-kb-spacing-sm, 1.5rem);min-height:400px;}.kb-row-layout-id3335_26301c-52 > .kt-row-column-wrap > div:not(.added-for-specificity){grid-column:initial;}.kb-row-layout-id3335_26301c-52 > .kt-row-column-wrap{grid-template-columns:repeat(3, minmax(0, 1fr));}.kb-row-layout-id3335_26301c-52{border-top-left-radius:20px;border-top-right-radius:20px;border-bottom-right-radius:20px;border-bottom-left-radius:20px;overflow:clip;isolation:isolate;}.kb-row-layout-id3335_26301c-52 > .kt-row-layout-overlay{border-top-left-radius:20px;border-top-right-radius:20px;border-bottom-right-radius:20px;border-bottom-left-radius:20px;}.kb-row-layout-id3335_26301c-52 > .kt-row-layout-overlay{opacity:0.30;}@media all and (max-width: 1024px){.kb-row-layout-id3335_26301c-52 > .kt-row-column-wrap{padding-right:var(--global-kb-spacing-xs, 1rem);grid-template-columns:repeat(3, minmax(0, 1fr));}}@media all and (max-width: 1024px){.kb-row-layout-id3335_26301c-52 > .kt-row-column-wrap > div:not(.added-for-specificity){grid-column:initial;}}@media all and (max-width: 767px){.kb-row-layout-id3335_26301c-52 > .kt-row-column-wrap{padding-right:0px;min-height:400px;grid-template-columns:minmax(0, 1fr);}.kb-row-layout-id3335_26301c-52 > .kt-row-column-wrap > div:not(.added-for-specificity){grid-column:initial;}}.kb-row-layout-id3335_26301c-52 {  max-width: 1900px;  margin-left: auto!important;  margin-right: auto!important;}<\/style><div class=\"kb-row-layout-wrap kb-row-layout-id3335_26301c-52 alignnone wp-block-kadence-rowlayout\"><div class=\"kt-row-column-wrap kt-has-3-columns kt-row-layout-equal kt-tab-layout-inherit kt-mobile-layout-row kt-row-valign-top kt-inner-column-height-full\">\n<style>.kadence-column3335_97f7a1-e0 > .kt-inside-inner-col{padding-top:var(--global-kb-spacing-sm, 1.5rem);padding-right:var(--global-kb-spacing-sm, 1.5rem);padding-bottom:var(--global-kb-spacing-sm, 1.5rem);padding-left:var(--global-kb-spacing-sm, 1.5rem);}.kadence-column3335_97f7a1-e0 > .kt-inside-inner-col,.kadence-column3335_97f7a1-e0 > .kt-inside-inner-col:before{border-top-left-radius:20px;border-top-right-radius:20px;border-bottom-right-radius:20px;border-bottom-left-radius:20px;}.kadence-column3335_97f7a1-e0 > .kt-inside-inner-col{column-gap:var(--global-kb-gap-sm, 1rem);}.kadence-column3335_97f7a1-e0 > .kt-inside-inner-col{flex-direction:column;}.kadence-column3335_97f7a1-e0 > .kt-inside-inner-col > .aligncenter{width:100%;}.kadence-column3335_97f7a1-e0 > .kt-inside-inner-col{background-color:#eeeae9;}.kadence-column3335_97f7a1-e0 > .kt-inside-inner-col:before{opacity:0.3;}.kadence-column3335_97f7a1-e0{position:relative;}.kadence-column3335_97f7a1-e0, .kt-inside-inner-col > .kadence-column3335_97f7a1-e0:not(.specificity){margin-top:0px;margin-right:0px;margin-bottom:0px;margin-left:0px;}@media all and (max-width: 1024px){.kadence-column3335_97f7a1-e0 > .kt-inside-inner-col{flex-direction:column;justify-content:center;}}@media all and (max-width: 767px){.kadence-column3335_97f7a1-e0 > .kt-inside-inner-col{flex-direction:column;justify-content:center;}}<\/style>\n<div class=\"wp-block-kadence-column kadence-column3335_97f7a1-e0\"><div class=\"kt-inside-inner-col\"><style>.wp-block-kadence-advancedheading.kt-adv-heading3335_d76fb1-40, .wp-block-kadence-advancedheading.kt-adv-heading3335_d76fb1-40[data-kb-block=\"kb-adv-heading3335_d76fb1-40\"]{margin-top:0px;margin-right:0px;margin-bottom:0px;margin-left:0px;font-size:var(--global-kb-font-size-xl, 3rem);line-height:1;font-style:normal;}.wp-block-kadence-advancedheading.kt-adv-heading3335_d76fb1-40 mark.kt-highlight, .wp-block-kadence-advancedheading.kt-adv-heading3335_d76fb1-40[data-kb-block=\"kb-adv-heading3335_d76fb1-40\"] mark.kt-highlight{font-style:normal;color:#f76a0c;-webkit-box-decoration-break:clone;box-decoration-break:clone;padding-top:0px;padding-right:0px;padding-bottom:0px;padding-left:0px;}.wp-block-kadence-advancedheading.kt-adv-heading3335_d76fb1-40 img.kb-inline-image, .wp-block-kadence-advancedheading.kt-adv-heading3335_d76fb1-40[data-kb-block=\"kb-adv-heading3335_d76fb1-40\"] img.kb-inline-image{width:150px;vertical-align:baseline;}<\/style>\n<h2 class=\"kt-adv-heading3335_d76fb1-40 wp-block-kadence-advancedheading\" data-kb-block=\"kb-adv-heading3335_d76fb1-40\">Taze K\u00f6k \u0130\u015fleme<\/h2>\n\n\n<style>.wp-block-kadence-spacer.kt-block-spacer-3335_563f9f-52 .kt-block-spacer{height:20px;}.wp-block-kadence-spacer.kt-block-spacer-3335_563f9f-52 .kt-divider{border-top-width:1px;height:1px;border-top-color:var(--global-palette1, #3182CE);width:40%;border-top-style:solid;}<\/style>\n<div class=\"wp-block-kadence-spacer aligncenter kt-block-spacer-3335_563f9f-52\"><div class=\"kt-block-spacer kt-block-spacer-halign-left\"><hr class=\"kt-divider\"\/><\/div><\/div>\n\n\n<style>.wp-block-kadence-advancedheading.kt-adv-heading3335_00d54b-9e, .wp-block-kadence-advancedheading.kt-adv-heading3335_00d54b-9e[data-kb-block=\"kb-adv-heading3335_00d54b-9e\"]{font-size:var(--global-kb-font-size-md, 1.25rem);font-style:normal;}.wp-block-kadence-advancedheading.kt-adv-heading3335_00d54b-9e mark.kt-highlight, .wp-block-kadence-advancedheading.kt-adv-heading3335_00d54b-9e[data-kb-block=\"kb-adv-heading3335_00d54b-9e\"] mark.kt-highlight{font-style:normal;color:#f76a0c;-webkit-box-decoration-break:clone;box-decoration-break:clone;padding-top:0px;padding-right:0px;padding-bottom:0px;padding-left:0px;}.wp-block-kadence-advancedheading.kt-adv-heading3335_00d54b-9e img.kb-inline-image, .wp-block-kadence-advancedheading.kt-adv-heading3335_00d54b-9e[data-kb-block=\"kb-adv-heading3335_00d54b-9e\"] img.kb-inline-image{width:150px;vertical-align:baseline;}<\/style>\n<p class=\"kt-adv-heading3335_00d54b-9e wp-block-kadence-advancedheading\" data-kb-block=\"kb-adv-heading3335_00d54b-9e\">Do\u011frudan taze k\u00f6klerden \u00fcretilmi\u015ftir. Son teknoloji y\u00f6ntemler kullan\u0131larak i\u015flenmi\u015ftir. <\/p>\n<\/div><\/div>\n\n\n<style>.kadence-column3335_19f87e-b2 > .kt-inside-inner-col{padding-top:var(--global-kb-spacing-sm, 1.5rem);padding-right:var(--global-kb-spacing-sm, 1.5rem);padding-bottom:var(--global-kb-spacing-sm, 1.5rem);padding-left:var(--global-kb-spacing-sm, 1.5rem);}.kadence-column3335_19f87e-b2 > .kt-inside-inner-col,.kadence-column3335_19f87e-b2 > .kt-inside-inner-col:before{border-top-left-radius:20px;border-top-right-radius:20px;border-bottom-right-radius:20px;border-bottom-left-radius:20px;}.kadence-column3335_19f87e-b2 > .kt-inside-inner-col{column-gap:var(--global-kb-gap-sm, 1rem);}.kadence-column3335_19f87e-b2 > .kt-inside-inner-col{flex-direction:column;}.kadence-column3335_19f87e-b2 > .kt-inside-inner-col > .aligncenter{width:100%;}.kadence-column3335_19f87e-b2 > .kt-inside-inner-col{background-color:#eeeae9;}.kadence-column3335_19f87e-b2 > .kt-inside-inner-col:before{opacity:0.3;}.kadence-column3335_19f87e-b2{position:relative;}@media all and (max-width: 1024px){.kadence-column3335_19f87e-b2 > .kt-inside-inner-col{flex-direction:column;justify-content:center;}}@media all and (max-width: 767px){.kadence-column3335_19f87e-b2 > .kt-inside-inner-col{flex-direction:column;justify-content:center;}}<\/style>\n<div class=\"wp-block-kadence-column kadence-column3335_19f87e-b2\"><div class=\"kt-inside-inner-col\"><style>.wp-block-kadence-advancedheading.kt-adv-heading3335_890af3-af, .wp-block-kadence-advancedheading.kt-adv-heading3335_890af3-af[data-kb-block=\"kb-adv-heading3335_890af3-af\"]{margin-top:0px;margin-right:0px;margin-bottom:0px;margin-left:0px;font-size:var(--global-kb-font-size-xl, 3rem);line-height:1;font-style:normal;}.wp-block-kadence-advancedheading.kt-adv-heading3335_890af3-af mark.kt-highlight, .wp-block-kadence-advancedheading.kt-adv-heading3335_890af3-af[data-kb-block=\"kb-adv-heading3335_890af3-af\"] mark.kt-highlight{font-style:normal;color:#f76a0c;-webkit-box-decoration-break:clone;box-decoration-break:clone;padding-top:0px;padding-right:0px;padding-bottom:0px;padding-left:0px;}.wp-block-kadence-advancedheading.kt-adv-heading3335_890af3-af img.kb-inline-image, .wp-block-kadence-advancedheading.kt-adv-heading3335_890af3-af[data-kb-block=\"kb-adv-heading3335_890af3-af\"] img.kb-inline-image{width:150px;vertical-align:baseline;}<\/style>\n<h2 class=\"kt-adv-heading3335_890af3-af wp-block-kadence-advancedheading\" data-kb-block=\"kb-adv-heading3335_890af3-af\">Laboratuvarda Test Edilmi\u015f Safl\u0131k<\/h2>\n\n\n<style>.wp-block-kadence-spacer.kt-block-spacer-3335_f1f0af-6f .kt-block-spacer{height:20px;}.wp-block-kadence-spacer.kt-block-spacer-3335_f1f0af-6f .kt-divider{border-top-width:1px;height:1px;border-top-color:var(--global-palette1, #3182CE);width:40%;border-top-style:solid;}<\/style>\n<div class=\"wp-block-kadence-spacer aligncenter kt-block-spacer-3335_f1f0af-6f\"><div class=\"kt-block-spacer kt-block-spacer-halign-left\"><hr class=\"kt-divider\"\/><\/div><\/div>\n\n\n<style>.wp-block-kadence-advancedheading.kt-adv-heading3335_c5038c-bb, .wp-block-kadence-advancedheading.kt-adv-heading3335_c5038c-bb[data-kb-block=\"kb-adv-heading3335_c5038c-bb\"]{font-size:var(--global-kb-font-size-md, 1.25rem);font-style:normal;}.wp-block-kadence-advancedheading.kt-adv-heading3335_c5038c-bb mark.kt-highlight, .wp-block-kadence-advancedheading.kt-adv-heading3335_c5038c-bb[data-kb-block=\"kb-adv-heading3335_c5038c-bb\"] mark.kt-highlight{font-style:normal;color:#f76a0c;-webkit-box-decoration-break:clone;box-decoration-break:clone;padding-top:0px;padding-right:0px;padding-bottom:0px;padding-left:0px;}.wp-block-kadence-advancedheading.kt-adv-heading3335_c5038c-bb img.kb-inline-image, .wp-block-kadence-advancedheading.kt-adv-heading3335_c5038c-bb[data-kb-block=\"kb-adv-heading3335_c5038c-bb\"] img.kb-inline-image{width:150px;vertical-align:baseline;}<\/style>\n<p class=\"kt-adv-heading3335_c5038c-bb wp-block-kadence-advancedheading\" data-kb-block=\"kb-adv-heading3335_c5038c-bb\">Safl\u0131k ve g\u00fcvenlik a\u00e7\u0131s\u0131ndan laboratuvarda test edilmi\u015ftir. Tamamen izlenebilir. <\/p>\n<\/div><\/div>\n\n\n<style>.kadence-column3335_085059-34 > .kt-inside-inner-col{padding-top:var(--global-kb-spacing-sm, 1.5rem);padding-right:var(--global-kb-spacing-sm, 1.5rem);padding-bottom:var(--global-kb-spacing-sm, 1.5rem);padding-left:var(--global-kb-spacing-sm, 1.5rem);}.kadence-column3335_085059-34 > .kt-inside-inner-col,.kadence-column3335_085059-34 > .kt-inside-inner-col:before{border-top-left-radius:20px;border-top-right-radius:20px;border-bottom-right-radius:20px;border-bottom-left-radius:20px;}.kadence-column3335_085059-34 > .kt-inside-inner-col{column-gap:var(--global-kb-gap-sm, 1rem);}.kadence-column3335_085059-34 > .kt-inside-inner-col{flex-direction:column;}.kadence-column3335_085059-34 > .kt-inside-inner-col > .aligncenter{width:100%;}.kadence-column3335_085059-34 > .kt-inside-inner-col{background-color:#eeeae9;}.kadence-column3335_085059-34 > .kt-inside-inner-col:before{opacity:0.3;}.kadence-column3335_085059-34{position:relative;}@media all and (max-width: 1024px){.kadence-column3335_085059-34 > .kt-inside-inner-col{flex-direction:column;justify-content:center;}}@media all and (max-width: 767px){.kadence-column3335_085059-34 > .kt-inside-inner-col{flex-direction:column;justify-content:center;}}<\/style>\n<div class=\"wp-block-kadence-column kadence-column3335_085059-34\"><div class=\"kt-inside-inner-col\"><style>.wp-block-kadence-advancedheading.kt-adv-heading3335_b63b0f-0c, .wp-block-kadence-advancedheading.kt-adv-heading3335_b63b0f-0c[data-kb-block=\"kb-adv-heading3335_b63b0f-0c\"]{margin-top:0px;margin-right:0px;margin-bottom:0px;margin-left:0px;font-size:var(--global-kb-font-size-xl, 3rem);line-height:1;font-style:normal;}.wp-block-kadence-advancedheading.kt-adv-heading3335_b63b0f-0c mark.kt-highlight, .wp-block-kadence-advancedheading.kt-adv-heading3335_b63b0f-0c[data-kb-block=\"kb-adv-heading3335_b63b0f-0c\"] mark.kt-highlight{font-style:normal;color:#f76a0c;-webkit-box-decoration-break:clone;box-decoration-break:clone;padding-top:0px;padding-right:0px;padding-bottom:0px;padding-left:0px;}.wp-block-kadence-advancedheading.kt-adv-heading3335_b63b0f-0c img.kb-inline-image, .wp-block-kadence-advancedheading.kt-adv-heading3335_b63b0f-0c[data-kb-block=\"kb-adv-heading3335_b63b0f-0c\"] img.kb-inline-image{width:150px;vertical-align:baseline;}<\/style>\n<h2 class=\"kt-adv-heading3335_b63b0f-0c wp-block-kadence-advancedheading\" data-kb-block=\"kb-adv-heading3335_b63b0f-0c\">Tek Bile\u015fen<\/h2>\n\n\n<style>.wp-block-kadence-spacer.kt-block-spacer-3335_03144b-7b .kt-block-spacer{height:20px;}.wp-block-kadence-spacer.kt-block-spacer-3335_03144b-7b .kt-divider{border-top-width:1px;height:1px;border-top-color:var(--global-palette1, #3182CE);width:40%;border-top-style:solid;}<\/style>\n<div class=\"wp-block-kadence-spacer aligncenter kt-block-spacer-3335_03144b-7b\"><div class=\"kt-block-spacer kt-block-spacer-halign-left\"><hr class=\"kt-divider\"\/><\/div><\/div>\n\n\n<style>.wp-block-kadence-advancedheading.kt-adv-heading3335_0938bb-bd, .wp-block-kadence-advancedheading.kt-adv-heading3335_0938bb-bd[data-kb-block=\"kb-adv-heading3335_0938bb-bd\"]{font-size:var(--global-kb-font-size-md, 1.25rem);font-style:normal;}.wp-block-kadence-advancedheading.kt-adv-heading3335_0938bb-bd mark.kt-highlight, .wp-block-kadence-advancedheading.kt-adv-heading3335_0938bb-bd[data-kb-block=\"kb-adv-heading3335_0938bb-bd\"] mark.kt-highlight{font-style:normal;color:#f76a0c;-webkit-box-decoration-break:clone;box-decoration-break:clone;padding-top:0px;padding-right:0px;padding-bottom:0px;padding-left:0px;}.wp-block-kadence-advancedheading.kt-adv-heading3335_0938bb-bd img.kb-inline-image, .wp-block-kadence-advancedheading.kt-adv-heading3335_0938bb-bd[data-kb-block=\"kb-adv-heading3335_0938bb-bd\"] img.kb-inline-image{width:150px;vertical-align:baseline;}<\/style>\n<p class=\"kt-adv-heading3335_0938bb-bd wp-block-kadence-advancedheading\" data-kb-block=\"kb-adv-heading3335_0938bb-bd\">Sadece tek bir bile\u015fen i\u00e7erir: saf asil kava k\u00f6k\u00fc tozu.<\/p>\n<\/div><\/div>\n\n<\/div><\/div>","protected":false},"excerpt":{"rendered":"<p>The Kava Society&#8217;nin (Yeni Zelanda) \u00f6d\u00fcll\u00fc kavas\u0131n\u0131n Avrupa&#8217;daki resmi distrib\u00fct\u00f6r\u00fcy\u00fcz. Kava Europe&#8217;da biz i\u015fi basit tutuyoruz. S\u00f6z konusu kava oldu\u011funda, sadece en iyisini isteriz. Kava Europe basit bir vizyonla ortaya \u00e7\u0131kt\u0131: uzun mesafeli nakliye, g\u00fcmr\u00fck gecikmeleri veya \u00fcr\u00fcn kalitesiyle ilgili endi\u015feler olmadan d\u00fcnyan\u0131n en iyi kavas\u0131n\u0131 Avrupal\u0131 m\u00fc\u015fteriler i\u00e7in kolayca eri\u015filebilir hale getirmek. Kava Society&#8230;<\/p>\n","protected":false},"author":1,"featured_media":0,"parent":0,"menu_order":0,"comment_status":"closed","ping_status":"closed","template":"","meta":{"_kad_blocks_custom_css":"","_kad_blocks_head_custom_js":"","_kad_blocks_body_custom_js":"","_kad_blocks_footer_custom_js":"","_kad_post_transparent":"","_kad_post_title":"hide","_kad_post_layout":"fullwidth","_kad_post_sidebar_id":"","_kad_post_content_style":"unboxed","_kad_post_vertical_padding":"hide","_kad_post_feature":"","_kad_post_feature_position":"","_kad_post_header":false,"_kad_post_footer":false,"_kad_post_classname":"","footnotes":""},"class_list":["post-47012","page","type-page","status-publish","hentry"],"aioseo_notices":[],"taxonomy_info":[],"featured_image_src_large":false,"author_info":{"display_name":"adminks","author_link":"https:\/\/kavaeurope.eu\/tr\/author\/adminks\/"},"comment_info":0,"_links":{"self":[{"href":"https:\/\/kavaeurope.eu\/tr\/wp-json\/wp\/v2\/pages\/47012","targetHints":{"allow":["GET"]}}],"collection":[{"href":"https:\/\/kavaeurope.eu\/tr\/wp-json\/wp\/v2\/pages"}],"about":[{"href":"https:\/\/kavaeurope.eu\/tr\/wp-json\/wp\/v2\/types\/page"}],"author":[{"embeddable":true,"href":"https:\/\/kavaeurope.eu\/tr\/wp-json\/wp\/v2\/users\/1"}],"replies":[{"embeddable":true,"href":"https:\/\/kavaeurope.eu\/tr\/wp-json\/wp\/v2\/comments?post=47012"}],"version-history":[{"count":2,"href":"https:\/\/kavaeurope.eu\/tr\/wp-json\/wp\/v2\/pages\/47012\/revisions"}],"predecessor-version":[{"id":74931,"href":"https:\/\/kavaeurope.eu\/tr\/wp-json\/wp\/v2\/pages\/47012\/revisions\/74931"}],"wp:attachment":[{"href":"https:\/\/kavaeurope.eu\/tr\/wp-json\/wp\/v2\/media?parent=47012"}],"curies":[{"name":"wp","href":"https:\/\/api.w.org\/{rel}","templated":true}]}}