{"id":47594,"date":"2020-01-30T16:45:11","date_gmt":"2020-01-30T15:45:11","guid":{"rendered":"https:\/\/temp.kavaeurope.eu\/kurallar-ve-duzenlemeler\/"},"modified":"2026-04-17T06:19:52","modified_gmt":"2026-04-17T04:19:52","slug":"kurallar-ve-duzenlemeler","status":"publish","type":"page","link":"https:\/\/kavaeurope.eu\/tr\/kurallar-ve-duzenlemeler\/","title":{"rendered":"\u015eartlar ve ko\u015fullar"},"content":{"rendered":"\n<section class=\"wp-block-uagb-section uagb-section__wrap uagb-section__background-image uagb-block-fa463ee7\"><div class=\"uagb-section__overlay\"><\/div><div class=\"uagb-section__inner-wrap\">\n<div class=\"wp-block-uagb-advanced-heading uagb-block-1728fe1a\"><h2 class=\"uagb-heading-text\">\u015eartlar ve ko\u015fullar<\/h2><\/div>\n<\/div><\/section>\n\n<section class=\"wp-block-uagb-section uagb-section__wrap uagb-section__background-none uagb-block-05d3adea\"><div class=\"uagb-section__overlay\"><\/div><div class=\"uagb-section__inner-wrap\">\n<p>https:\/\/www.kavaeurope.pl <a href=\"https:\/\/www.kavaeurope.eu\/\">ve<\/a> https:\/\/www.kavae <a href=\"https:\/\/www.kavaeurope.eu\/\">urope.eu<\/a> adreslerinde bulunan Kava Europe online ma\u011fazas\u0131, merkezi Var\u015fova&#8217;da bulunan ve Ulusal Mahkeme Sicili taraf\u0131ndan tutulan Giri\u015fimciler Siciline no. ile kay\u0131tl\u0131 Pacific Elixir sp. z o. o. limited \u015firketi taraf\u0131ndan y\u00f6netilen bir platformdur. 5213847616; Vergi M\u00fckellefi Kimli\u011fi: NIP (TIN): 5242928576; REGON (Ulusal \u0130\u015fletme Kay\u0131t Numaras\u0131) 381887539.<\/p>\n\n\n\n<p><strong>Teslimat ve Para \u0130adesi<\/strong><\/p>\n\n\n\n<p><strong>Sipari\u015f ger\u00e7ekle\u015ftirme<\/strong><\/p>\n\n\n\n<p><strong>Sipari\u015fler, \u00f6deme rezervasyonunun yap\u0131ld\u0131\u011f\u0131 andan itibaren 48 (k\u0131rk sekiz) saat i\u00e7inde, \u00e7al\u0131\u015fma g\u00fcnleri hari\u00e7 olmak \u00fczere ger\u00e7ekle\u015ftirilir.<\/strong><\/p>\n\n\n\n<p><strong>A\u015fa\u011f\u0131daki nakliye ta\u015f\u0131y\u0131c\u0131lar\u0131: InPost, Poczta Polska.<\/strong><\/p>\n\n\n\n<p><strong>M\u00fc\u015fteri, sipari\u015f formunda uygun se\u00e7ene\u011fi se\u00e7tikten sonra Sipari\u015fi \u015fahsen de teslim alabilir. \u00dcr\u00fcn, Sipari\u015fin verildi\u011fi ve \u00f6demenin yap\u0131ld\u0131\u011f\u0131 andan itibaren 7 (yedi) g\u00fcn i\u00e7inde a\u015fa\u011f\u0131daki adresten teslim al\u0131nabilir:  <\/strong><strong>Pasifik \u0130ksiri sp. z o. o<\/strong><strong>. ul. Czerniakowska 73\/79 Var\u015fova. <\/strong><\/p>\n\n\n\n<p><strong>Sipari\u015f Takibi<\/strong><\/p>\n\n\n\n<p>Kargo \u015firketi sipari\u015f numaras\u0131n\u0131 verirse, Sipari\u015fi takip bilgilerinde g\u00fcncelleyece\u011fiz. M\u00fc\u015fteri, Poczta Polska taraf\u0131ndan g\u00f6nderilen baz\u0131 sipari\u015flerin sipari\u015f takip sistemi ile sa\u011flanmad\u0131\u011f\u0131n\u0131 hat\u0131rlamal\u0131d\u0131r. <\/p>\n\n\n\n<p><strong>Teslimat maliyeti<\/strong><\/p>\n\n\n\n<p>Teslimat maliyeti, sipari\u015f edilen \u00fcr\u00fcnlerin a\u011f\u0131rl\u0131\u011f\u0131na ve teslimat adresine ba\u011fl\u0131d\u0131r. Sipari\u015fin ger\u00e7ekle\u015ftirilmesinden \u00f6nce, M\u00fc\u015fteriye teslimat ve \u00fcr\u00fcn\u00fcn fiyat\u0131 dahil olmak \u00fczere hizmetin toplam maliyeti hakk\u0131nda ayr\u0131nt\u0131l\u0131 bilgi verilir. Bu noktada m\u00fc\u015fteri, toplam maliyeti kabul etmezse, hizmetten istifa edebilir.  <\/p>\n\n\n\n<p><strong>Birden fazla \u00fcr\u00fcn sipari\u015f etme<\/strong><\/p>\n\n\n\n<p>M\u00fc\u015fteri belirtilen \u00fcr\u00fcnleri sat\u0131n al\u0131rsa ve bunlardan baz\u0131lar\u0131 \u015fu anda mevcut de\u011filse, mevcut \u00fcr\u00fcnler ilk etapta g\u00f6nderilecektir. Di\u011fer \u00fcr\u00fcnler tekrar kullan\u0131labilir hale geldi\u011finde, M\u00fc\u015fteri kalan \u00fcr\u00fcn\u00fc alacakt\u0131r. M\u00fc\u015fteri ba\u015fka bir nakliye masraf\u0131 \u00f6demeyecektir.  <\/p>\n\n\n\n<p><strong>Para \u0130adeleri ve De\u011fi\u015fimler<\/strong><\/p>\n\n\n\n<p>\u00dcr\u00fcn iadesi nas\u0131l yap\u0131l\u0131r<\/p>\n\n\n\n<p>M\u00fc\u015fteri, sipari\u015f edilen \u00fcr\u00fcn\u00fcn eline ge\u00e7ti\u011fi tarihten itibaren; nakliyeci veya M\u00fc\u015fteri taraf\u0131ndan belirtilen ki\u015fi d\u0131\u015f\u0131nda \u00fc\u00e7\u00fcnc\u00fc bir taraf\u0131n sipari\u015f edilen \u00fcr\u00fcn\u00fc eline ge\u00e7irdi\u011fi tarihten itibaren veya; son \u00fcr\u00fcn\u00fcn eline ge\u00e7ti\u011fi tarihten itibaren 14 g\u00fcn i\u00e7inde herhangi bir neden g\u00f6stermeksizin s\u00f6zle\u015fmeyi feshetme hakk\u0131na sahiptir.<\/p>\n\n\n\n<p>Para iadesi almak i\u00e7in, hasarl\u0131 paket \u00fcretim hatas\u0131 de\u011filse, \u00fcr\u00fcn\u00fcn kullan\u0131lmam\u0131\u015f ve a\u00e7\u0131lmam\u0131\u015f orijinal ambalaj\u0131nda iade edilmesi gerekir.<\/p>\n\n\n\n<p>Geri \u00f6deme iradesi, a\u015fa\u011f\u0131daki talimatlara uygun olarak e-posta veya posta yoluyla bildirilecektir. Para iadesinin kabul edilebilmesi i\u00e7in, sat\u0131n al\u0131nan \u00fcr\u00fcnlerin<strong> sat\u0131n alma tarihinden itibaren 14 (on d\u00f6rt) g\u00fcn<\/strong> i\u00e7inde iade edilmesi gerekmektedir. <\/p>\n\n\n\n<ol class=\"wp-block-list\">\n<li>A\u015fa\u011f\u0131daki form ile <strong><u>contact@kavaeurope.eu<\/u><\/strong> adresine bir e-posta g\u00f6nderin:<\/li>\n<\/ol>\n\n\n\n<ul class=\"wp-block-list\">\n<li>\u00fcr\u00fcnlerin iade edilme nedeni (iste\u011fe ba\u011fl\u0131 olarak)<\/li>\n\n\n\n<li>sipari\u015f numaras\u0131<\/li>\n\n\n\n<li>Al\u0131c\u0131 hakk\u0131nda bilgi ve geri \u00f6demenin g\u00f6nderilece\u011fi hesap numaras\u0131 (bilgi eksikli\u011fi durumunda geri \u00f6deme, sipari\u015f verirken kullan\u0131lan ayn\u0131 hesap numaras\u0131na g\u00f6nderilecektir).<\/li>\n<\/ul>\n\n\n\n<ol start=\"2\" class=\"wp-block-list\">\n<li>\u00dcr\u00fcn\u00fc a\u015fa\u011f\u0131daki adrese iade ediniz:<\/li>\n<\/ol>\n\n\n\n<p><strong>Pasifik \u0130ksiri sp. z o. o.<\/strong><\/p>\n\n\n\n<p><strong>Czerniakowska 73\/79<\/strong><\/p>\n\n\n\n<p><strong>00-718 Var\u015fova<\/strong><\/p>\n\n\n\n<ol start=\"3\" class=\"wp-block-list\">\n<li><strong>Pakete iade nedeni ile ilgili imzal\u0131 dosyay\u0131 (iste\u011fe ba\u011fl\u0131 olarak), orijinal makbuzu veya faturay\u0131 ekleyin.<\/strong><\/li>\n<\/ol>\n\n\n\n<p>Sat\u0131c\u0131, hangi olay\u0131n daha \u00f6nce ger\u00e7ekle\u015fece\u011fine ba\u011fl\u0131 olarak, \u00fcr\u00fcn\u00fc teslim alana veya M\u00fc\u015fteriden \u00fcr\u00fcn\u00fc g\u00f6nderme onay\u0131n\u0131 alana kadar bir \u00f6demenin iadesini bekletebilir.<\/p>\n\n\n\n<p>M\u00fc\u015fteri, Sat\u0131c\u0131ya s\u00f6zle\u015fmenin feshi hakk\u0131nda bilgi verildi\u011fi g\u00fcnden itibaren en ge\u00e7 14 (on d\u00f6rt) g\u00fcn i\u00e7inde \u00dcr\u00fcn\u00fc teredd\u00fct etmeden a\u015fa\u011f\u0131daki \u015eartlarda Sat\u0131c\u0131ya iade etmekle y\u00fck\u00fcml\u00fcd\u00fcr. M\u00fc\u015fterinin \u00dcr\u00fcn\u00fc 14 (on d\u00f6rt) g\u00fcnl\u00fck s\u00fcreden \u00f6nce g\u00f6ndermesi halinde tarih sakl\u0131 tutulacakt\u0131r. \u00dcr\u00fcn\u00fcn iade masraflar\u0131 M\u00fc\u015fteriye aittir.  <\/p>\n\n\n\n<p><strong>Para iadeleri - istisnalar<\/strong><\/p>\n\n\n\n<p>M\u00fc\u015fteri, s\u00f6z konusu \u00dcr\u00fcn\u00fcn m\u00fch\u00fcrl\u00fc, kurcalanmaya kar\u015f\u0131 korumal\u0131 bir paket i\u00e7inde g\u00f6nderildi\u011fi ve m\u00fch\u00fcr ele ge\u00e7irildikten sonra k\u0131r\u0131ld\u0131\u011f\u0131 bir i\u015flemde s\u00f6zle\u015fmeyi elektronik yollarla feshetme hakk\u0131na sahip de\u011fildir. \u00dcr\u00fcn, orijinal m\u00fch\u00fcr k\u0131r\u0131ld\u0131ktan sonra iade edilemez, \u00e7\u00fcnk\u00fc i\u00e7eri\u011fi, b\u00fct\u00fcnl\u00fc\u011f\u00fc a\u00e7\u0131lmam\u0131\u015f ambalaja ba\u011fl\u0131 olan bitki bazl\u0131 botanik bir \u00fcr\u00fcnd\u00fcr. <\/p>\n\n\n\n<p><strong>De\u011fi\u015fimler<\/strong><\/p>\n\n\n\n<p>\u00dcr\u00fcn orijinal a\u00e7\u0131lmam\u0131\u015f ambalaj\u0131nda kal\u0131rsa, ayn\u0131 veya daha d\u00fc\u015f\u00fck de\u011ferde farkl\u0131 bir \u00fcr\u00fcnle de\u011fi\u015ftirilebilir veya \u00c7evrimi\u00e7i Ma\u011fazada kont\u00f6r y\u00fcklenebilir.<\/p>\n\n\n\n<p><strong>Ma\u011faza \u0130\u015fletimi<\/strong><\/p>\n\n\n\n<p>Sat\u0131c\u0131, y\u00fcr\u00fcrl\u00fckteki yasalar\u0131n izin verdi\u011fi en geni\u015f \u00f6l\u00e7\u00fcde, m\u00fccbir sebepler, izin verilmeyen \u00fc\u00e7\u00fcnc\u00fc taraf faaliyetleri veya<strong> \u00e7evrimi\u00e7i ma\u011fazan\u0131n M\u00fc\u015fterinin teknik altyap\u0131s\u0131yla uyumsuzlu\u011fundan<\/strong> kaynaklanan Ma\u011fazan\u0131n i\u015fleyi\u015findeki aksakl\u0131klara ili\u015fkin t\u00fcm sorumlulu\u011fu reddeder.<\/p>\n\n\n\n<p><strong>Ma\u011fazan\u0131n \u00fcr\u00fcnlerine g\u00f6z atmak M\u00fc\u015fterinin Hesab\u0131n\u0131 olu\u015fturmas\u0131n\u0131 gerektirmez. M\u00fc\u015fteri taraf\u0131ndan sipari\u015f verilmesi, M\u00fc\u015fteri Hesab\u0131 olu\u015fturulduktan veya sipari\u015fin ger\u00e7ekle\u015ftirilmesi i\u00e7in gerekli ki\u015fisel veriler ve g\u00f6nderim adresi gibi gerekli bilgiler sa\u011fland\u0131ktan sonra m\u00fcmk\u00fcnd\u00fcr. <\/strong><\/p>\n\n\n\n<p><strong>\u00c7evrimi\u00e7i Ma\u011fazada sunulan fiyatlar <\/strong>Polonya zlotisi <strong>cinsinden ifade edilir <\/strong>ve br\u00fct fiyatlard\u0131r, yani Katma De\u011fer Vergisi dahildir.<\/p>\n\n\n\n<p><strong>M\u00fc\u015fterinin Hesap Kayd\u0131<\/strong><\/p>\n\n\n\n<ol class=\"wp-block-list\">\n<li><strong>M\u00fc\u015fterinin Hesab\u0131n\u0131 kaydetmek i\u00e7in, M\u00fc\u015fteri uygun kay\u0131t formunu doldurmal\u0131d\u0131r. A\u015fa\u011f\u0131daki verilerin sa\u011flanmas\u0131 gereklidir: ad, soyad ve teslimat adresi. <\/strong><\/li>\n\n\n\n<li><strong>M\u00fc\u015fteri Hesab\u0131n\u0131n kayd\u0131 \u00fccretsizdir.<\/strong><\/li>\n\n\n\n<li><strong>Hesapta oturum a\u00e7mak i\u00e7in kay\u0131t formunda belirlenmi\u015f bir kullan\u0131c\u0131 ad\u0131 ve parolan\u0131n sunulmas\u0131 gerekir.<\/strong><\/li>\n\n\n\n<li><strong>M\u00fc\u015fterinin Hesab\u0131 Hizmet Al\u0131c\u0131s\u0131 taraf\u0131ndan feshedilebilir. T <\/strong><strong>M\u00fc\u015fteri, herhangi bir zamanda, herhangi bir <\/strong><strong>Sat\u0131c\u0131ya e-posta adresine bir irade beyan\u0131 g\u00f6ndererek, gerek\u00e7elerini belirterek ve her t\u00fcrl\u00fc masraf\u0131 \u00fcstlenerek <\/strong><strong><a href=\"mailto:kontakt@kavaeurope.pl\">contact@kavaeurope.eu<\/a> <\/strong> <strong>adresine veya yaz\u0131l\u0131 olarak Pacific Elixir sp. z o. o. Merkezi Var\u015fova, Polonya, ul adresinde bulunmaktad\u0131r. Czerniakowska 73\/79, 00-718 Var\u015fova, Polonya. <\/strong><\/li>\n<\/ol>\n\n\n\n<p><strong>Sat\u0131\u015f S\u00f6zle\u015fmesinin Y\u00fcr\u00fcrl\u00fc\u011fe Girmesi<\/strong><\/p>\n\n\n\n<ol class=\"wp-block-list\">\n<li>M\u00fc\u015fteri ile Sat\u0131c\u0131 aras\u0131nda Sat\u0131\u015f S\u00f6zle\u015fmesinin imzalanmas\u0131, M\u00fc\u015fteri taraf\u0131ndan Online Ma\u011fazada bulunan Sipari\u015f Formu arac\u0131l\u0131\u011f\u0131yla Sipari\u015fin verilmesinden sonra ger\u00e7ekle\u015fir.<\/li>\n\n\n\n<li>Sipari\u015fin verilmesinden sonra Sat\u0131c\u0131, teredd\u00fct etmeden Sipari\u015fi onaylar ve uygulamaya koyar. Sipari\u015fin kabul\u00fc, M\u00fc\u015fterinin Sipari\u015fi verirken belirtti\u011fi e-postas\u0131na g\u00f6nderilir. Kabul mesaj\u0131, Sat\u0131c\u0131n\u0131n Sipari\u015fi ald\u0131\u011f\u0131n\u0131, uygulamaya koydu\u011funu ve Sat\u0131\u015f S\u00f6zle\u015fmesinin imzaland\u0131\u011f\u0131n\u0131 teyit etmesini sa\u011flar. Sat\u0131\u015f S\u00f6zle\u015fmesi, yukar\u0131da belirtilen e-posta mesaj\u0131n\u0131n al\u0131nd\u0131\u011f\u0131 anda M\u00fc\u015fteri ile Sat\u0131c\u0131 aras\u0131nda akdedilir.   <\/li>\n\n\n\n<li>M\u00fc\u015fteri taraf\u0131ndan se\u00e7ilmesi durumunda:\n<ul class=\"wp-block-list\">\n<li>Banka havalesi, elektronik \u00f6deme veya kredi kart\u0131 ile \u00f6deme, M\u00fc\u015fteri \u00f6demeyi Sat\u0131\u015f S\u00f6zle\u015fmesinin imzaland\u0131\u011f\u0131 andan itibaren 12 (on iki) saat i\u00e7inde yapacakt\u0131r, aksi takdirde Sipari\u015f \u00f6deme yap\u0131lmamas\u0131 nedeniyle otomatik olarak iptal edilir.<\/li>\n\n\n\n<li>sevkiyat\u0131n \u015fahsen teslim al\u0131nmas\u0131nda nakit \u00f6deme, M\u00fc\u015fteri sevkiyat\u0131n \u015fahsen teslim al\u0131nd\u0131\u011f\u0131 anda, sevkiyat\u0131n teslim al\u0131nmaya haz\u0131r oldu\u011funa dair mesaj\u0131 ald\u0131ktan sonra 7 (yedi) g\u00fcn i\u00e7inde \u00f6deme yapacakt\u0131r.<\/li>\n<\/ul>\n<\/li>\n<\/ol>\n\n\n\n<ol start=\"4\" class=\"wp-block-list\">\n<li>M\u00fc\u015fteri teslimat\u0131 \u015fahsi makbuzdan farkl\u0131 bir \u015fekilde se\u00e7mi\u015fse, \u00dcr\u00fcn, M\u00fc\u015fterinin Sipari\u015f verme s\u0131ras\u0131nda se\u00e7ti\u011fi se\u00e7ene\u011fe g\u00f6re, i\u015f g\u00fcn\u00fc olmayan g\u00fcnler hari\u00e7 olmak \u00fczere 48 (k\u0131rk sekiz) saat i\u00e7inde Sat\u0131c\u0131 taraf\u0131ndan g\u00f6nderilecektir.<\/li>\n\n\n\n<li>M\u00fc\u015fteri \u00dcr\u00fcnleri farkl\u0131 teslimat s\u00fcreleri ile sipari\u015f etmi\u015fse, son teslimat tarihi en son tarihtir.<\/li>\n<\/ol>\n\n\n\n<p><strong>\u015eikayetlerin incelenmesi ve taleplerin takibi i\u00e7in mahkeme d\u0131\u015f\u0131 olas\u0131 yollar<\/strong><\/p>\n\n\n\n<p>M\u00fc\u015fteri, \u015fikayetlerin incelenmesi, taleplerin takibi ve bu prosed\u00fcrlere eri\u015fim kurallar\u0131 i\u00e7in mahkeme d\u0131\u015f\u0131 yollar\u0131n olanaklar\u0131 hakk\u0131nda ayr\u0131nt\u0131l\u0131 bilgileri a\u015fa\u011f\u0131daki t\u00fczel ki\u015filiklerin ofislerinde veya web sitelerinde bulabilir:<\/p>\n\n\n\n<ol class=\"wp-block-list\">\n<li>a) B\u00f6lgesel ve Belediye T\u00fcketici Ombudsmanlar\u0131<\/li>\n\n\n\n<li>b) T\u00fcketici haklar\u0131na adanm\u0131\u015f sivil toplum kurulu\u015flar\u0131,<\/li>\n\n\n\n<li>c) Ticaret M\u00fcfetti\u015fli\u011fi,<\/li>\n\n\n\n<li>d) Rekabet ve T\u00fcketicinin Korunmas\u0131 Ofisi<\/li>\n<\/ol>\n\n\n\n<p><a href=\"http:\/\/www.uokik.gov.pl\/spory_konsumenckie.php\">http:\/\/www.uokik.gov.pl\/spory_konsumenckie.php;<\/a> <a href=\"http:\/\/www.uokik.gov.pl\/sprawy_indywidualne.php\">http:\/\/www.uokik.gov.pl\/sprawy_indywidualne.php<\/a><\/p>\n\n\n\n<p><a href=\"http:\/\/www.uokik.gov.pl\/wazne_adresy.php\">http:\/\/www.uokik.gov.pl\/wazne_adresy.php<\/a><\/p>\n\n\n\n<p id=\"personal-data\"><strong>Ki\u015fisel veriler<\/strong><\/p>\n\n\n\n<ol class=\"wp-block-list\">\n<li>M\u00fc\u015fterinin \u00c7evrimi\u00e7i Ma\u011faza arac\u0131l\u0131\u011f\u0131yla toplanan ki\u015fisel verilerinin Y\u00f6neticisi Sat\u0131c\u0131, Pacific Elixir sp. z o. o.<\/li>\n\n\n\n<li>Y\u00f6netici, \u00c7evrimi\u00e7i Ma\u011faza arac\u0131l\u0131\u011f\u0131yla toplanan ki\u015fisel verileri Sat\u0131\u015f S\u00f6zle\u015fmesini y\u00fcr\u00fctmek i\u00e7in ve M\u00fc\u015fterinin kabul etmesi halinde pazarlama amac\u0131yla da i\u015fler.<\/li>\n<\/ol>\n\n\n\n<ul class=\"wp-block-list\">\n<li>Sipari\u015fi sonu\u00e7land\u0131rmak i\u00e7in Y\u00f6netici, M\u00fc\u015fterinin ki\u015fisel verilerini \u00fc\u00e7\u00fcnc\u00fc taraflarla payla\u015f\u0131r. \u00c7evrimi\u00e7i Ma\u011fazada sunulan M\u00fc\u015fterinin ki\u015fisel verilerinin al\u0131c\u0131lar\u0131 \u015funlard\u0131r: <\/li>\n\n\n\n<li>M\u00fc\u015fterinin \u00c7evrimi\u00e7i Ma\u011faza \u00fczerinden sipari\u015f vermesi ve posta veya kurye hizmetini se\u00e7mesi durumunda \u00dcr\u00fcn\u00fc teslim eden teslimat \u015firketleri.<\/li>\n\n\n\n<li>M\u00fc\u015fterinin \u00c7evrimi\u00e7i Ma\u011faza \u00fczerinden sipari\u015f vermesi ve elektronik \u00f6deme se\u00e7ene\u011fini veya kredi kart\u0131n\u0131 se\u00e7mesi durumunda \u00f6deme i\u015fleme \u015firketleri.<\/li>\n\n\n\n<li>M\u00fc\u015fteri, ki\u015fisel verilerin i\u015flenmesine eri\u015fim, bunlar\u0131n d\u00fczeltilmesi, de\u011fi\u015ftirilmesi, silinmesi ve veri i\u015flemenin s\u0131n\u0131rland\u0131r\u0131lmas\u0131, bunlar\u0131n i\u015flenmesine kar\u015f\u0131 itiraz ve verilerin aktar\u0131lmas\u0131 hakk\u0131na sahiptir.<\/li>\n\n\n\n<li>M\u00fc\u015fteri verilerini g\u00f6n\u00fcll\u00fc olarak verir. Belirli durumlarda ki\u015fisel verilerin verilmesi gerekli olabilir ve bunlar\u0131n verilmemesi Sat\u0131\u015f S\u00f6zle\u015fmesinin akdedilememesine yol a\u00e7ar. <\/li>\n<\/ul>\n\n\n\n<p><strong>Nihai h\u00fck\u00fcmler<\/strong><\/p>\n\n\n\n<ol class=\"wp-block-list\">\n<li><strong>Sat\u0131c\u0131, \u015eartlar\u0131n\u0131 ve politikalar\u0131n\u0131 de\u011fi\u015ftirme hakk\u0131n\u0131 sakl\u0131 tutar. Sat\u0131c\u0131, M\u00fc\u015fteriyi her de\u011fi\u015fiklik hakk\u0131nda bilgilendirecektir M\u00fc\u015fteri, Sat\u0131c\u0131 taraf\u0131ndan her de\u011fi\u015fiklik hakk\u0131nda en az 7 (yedi) g\u00fcn \u00f6nceden bilgilendirilecektir. <\/strong><\/li>\n\n\n\n<li>Bu Sat\u0131\u015f \u015eartlar\u0131 ile \u00e7\u00f6z\u00fcme kavu\u015fturulmayan t\u00fcm konularda Polonya yasalar\u0131n\u0131n h\u00fck\u00fcmleri, \u00f6zellikle Polonya Medeni Kanunu, Elektronik Hizmetlerin Sunumu Yasas\u0131, T\u00fcketici Haklar\u0131 Yasas\u0131 ve Ki\u015fisel Verilerin Korunmas\u0131 Yasas\u0131 ge\u00e7erli olacakt\u0131r.<\/li>\n\n\n\n<li>M\u00fc\u015fteri, \u015fikayette bulunmak ve taleplerini takip etmek i\u00e7in mahkeme d\u0131\u015f\u0131 olas\u0131 yollar\u0131 kullanma hakk\u0131na sahiptir. Avrupa \u00c7evrimi\u00e7i Uyu\u015fmazl\u0131k \u00c7\u00f6z\u00fcm\u00fc (ODR) platformu<a href=\"https:\/\/ec.europa.eu\/consumers\/odr\">(https:\/\/ec.europa.eu\/consumers\/odr<\/a>) \u00fczerinden \u015fikayette bulunulabilir. <\/li>\n<\/ol>\n<\/div><\/section>\n","protected":false},"excerpt":{"rendered":"","protected":false},"author":1,"featured_media":0,"parent":0,"menu_order":0,"comment_status":"closed","ping_status":"closed","template":"","meta":{"_kad_blocks_custom_css":"","_kad_blocks_head_custom_js":"","_kad_blocks_body_custom_js":"","_kad_blocks_footer_custom_js":"","_kad_post_transparent":"","_kad_post_title":"","_kad_post_layout":"","_kad_post_sidebar_id":"","_kad_post_content_style":"","_kad_post_vertical_padding":"","_kad_post_feature":"","_kad_post_feature_position":"","_kad_post_header":false,"_kad_post_footer":false,"_kad_post_classname":"","footnotes":""},"class_list":["post-47594","page","type-page","status-publish","hentry"],"aioseo_notices":[],"taxonomy_info":[],"featured_image_src_large":false,"author_info":{"display_name":"adminks","author_link":"https:\/\/kavaeurope.eu\/tr\/author\/adminks\/"},"comment_info":0,"_links":{"self":[{"href":"https:\/\/kavaeurope.eu\/tr\/wp-json\/wp\/v2\/pages\/47594","targetHints":{"allow":["GET"]}}],"collection":[{"href":"https:\/\/kavaeurope.eu\/tr\/wp-json\/wp\/v2\/pages"}],"about":[{"href":"https:\/\/kavaeurope.eu\/tr\/wp-json\/wp\/v2\/types\/page"}],"author":[{"embeddable":true,"href":"https:\/\/kavaeurope.eu\/tr\/wp-json\/wp\/v2\/users\/1"}],"replies":[{"embeddable":true,"href":"https:\/\/kavaeurope.eu\/tr\/wp-json\/wp\/v2\/comments?post=47594"}],"version-history":[{"count":2,"href":"https:\/\/kavaeurope.eu\/tr\/wp-json\/wp\/v2\/pages\/47594\/revisions"}],"predecessor-version":[{"id":74950,"href":"https:\/\/kavaeurope.eu\/tr\/wp-json\/wp\/v2\/pages\/47594\/revisions\/74950"}],"wp:attachment":[{"href":"https:\/\/kavaeurope.eu\/tr\/wp-json\/wp\/v2\/media?parent=47594"}],"curies":[{"name":"wp","href":"https:\/\/api.w.org\/{rel}","templated":true}]}}