{"id":49352,"date":"2025-04-07T12:43:17","date_gmt":"2025-04-07T10:43:17","guid":{"rendered":"https:\/\/kavaeurope.eu\/kava-sertifikalari\/"},"modified":"2026-05-08T03:57:36","modified_gmt":"2026-05-08T01:57:36","slug":"kava-sertifikalari","status":"publish","type":"page","link":"https:\/\/kavaeurope.eu\/tr\/kava-sertifikalari\/","title":{"rendered":"Kava Sertifikalar\u0131"},"content":{"rendered":"<style>.wp-block-kadence-advancedheading.kt-adv-heading47668_4b7310-85, .wp-block-kadence-advancedheading.kt-adv-heading47668_4b7310-85[data-kb-block=\"kb-adv-heading47668_4b7310-85\"]{margin-top:var(--global-kb-spacing-sm, 1.5rem);text-align:center;font-style:normal;}.wp-block-kadence-advancedheading.kt-adv-heading47668_4b7310-85 mark.kt-highlight, .wp-block-kadence-advancedheading.kt-adv-heading47668_4b7310-85[data-kb-block=\"kb-adv-heading47668_4b7310-85\"] mark.kt-highlight{font-style:normal;color:#f76a0c;-webkit-box-decoration-break:clone;box-decoration-break:clone;padding-top:0px;padding-right:0px;padding-bottom:0px;padding-left:0px;}.wp-block-kadence-advancedheading.kt-adv-heading47668_4b7310-85 img.kb-inline-image, .wp-block-kadence-advancedheading.kt-adv-heading47668_4b7310-85[data-kb-block=\"kb-adv-heading47668_4b7310-85\"] img.kb-inline-image{width:150px;vertical-align:baseline;}<\/style>\n<h1 class=\"kt-adv-heading47668_4b7310-85 wp-block-kadence-advancedheading\" data-kb-block=\"kb-adv-heading47668_4b7310-85\">Kava Sertifikalar\u0131<\/h1>\n\n<div style=\"max-width: 800px;margin: 0 auto;padding: 20px;font-family: Arial, sans-serif\">\n  \n  <p>Kava \u00fcr\u00fcnlerimizi se\u00e7ti\u011finizde m\u00fcmk\u00fcn olan en y\u00fcksek kalite ve safl\u0131kta \u00fcr\u00fcnler ald\u0131\u011f\u0131n\u0131zdan emin olabilirsiniz. Bunun nedeni yaln\u0131zca en iyi \u015fekilde i\u015flenmi\u015f en iyi kavalar\u0131 tedarik etme konusundaki kararl\u0131l\u0131\u011f\u0131m\u0131z de\u011fil, ayn\u0131 zamanda ortaklar\u0131m\u0131z\u0131n \u00fcretim s\u00fcrecinin merkezinde yer alan son derece geli\u015fmi\u015f kalite kontrol s\u00fcrecidir. <\/p>\n\n  <p>Ortaklar\u0131m\u0131z (Yeni Zelanda&#8217;daki Kava Society ile Vanuatu&#8217;daki ortaklar\u0131 Root and Pestle) kava \u00fcr\u00fcnlerimizin her birinin sipari\u015f \u00fczerine taze hasat edilmi\u015f bitkilerden \u00fcretilmesini sa\u011flamaktad\u0131r. Her parti, \u00e7e\u015fitlerin do\u011fru morfolojik tan\u0131mlamas\u0131n\u0131 do\u011frulamak ve spesifik kimyasal bile\u015fimlerini kaydetmek i\u00e7in kurum i\u00e7i laboratuvarlar\u0131nda titiz bir analize tabi tutulur. <\/p>\n\n  <p>Haziran 2024 itibariyle, Mart 2024 ve sonras\u0131ndaki partilerin sonu\u00e7lar\u0131n\u0131 i\u00e7eren PDF&#8217;leri i\u00e7eren COA&#8217;lar\u0131m\u0131z\u0131n bir veritaban\u0131n\u0131 kullan\u0131ma sunuyoruz. Bu veri taban\u0131n\u0131 m\u00fcmk\u00fcn oldu\u011funca eksiksiz ve g\u00fcncel tutmaya \u00e7al\u0131\u015f\u0131yoruz, ancak baz\u0131 sonu\u00e7lar eksikse l\u00fctfen bizi affedin. Bilgiye ihtiyac\u0131n\u0131z varsa, bizimle ileti\u015fime ge\u00e7mekten \u00e7ekinmeyin. E\u011fer PDF format\u0131nda elimizde yoksa, yine de size ham verileri g\u00f6nderebiliriz.   <\/p>\n\n  <h3>Kava Kemotiplerini ve Analiz Sertifikalar\u0131n\u0131 (COA) Anlamak<\/h3>\n\n  <p>Kava, kavalaktonlar olarak bilinen \u00e7e\u015fitli kimyasal bile\u015fikler i\u00e7erir. Bu bile\u015fiklerin bile\u015fimi farkl\u0131 \u00e7e\u015fitler ve partiler aras\u0131nda \u00f6nemli \u00f6l\u00e7\u00fcde de\u011fi\u015febilir. Bu benzersiz kimyasal bile\u015fim kavan\u0131n &#8220;kemotipi\" olarak adland\u0131r\u0131l\u0131r.  <\/p>\n\n  <h4>Kemotip nedir?<\/h4>\n\n  <p>Kemotip, bir kava bitkisinin benzersiz kimyasal parmak izidir. Alt\u0131 ana kavalaktonun g\u00f6receli bollu\u011funu g\u00f6sterir: desmetoksiyangonin, dihidrokavain, yangonin, kavain, dihidrometistisin ve metistisin. Bunlar genellikle 1&#8217;den 6&#8217;ya kadar say\u0131sal olarak etiketlenir. \u00d6rne\u011fin, 243156 olarak listelenen bir kemotip, bu bile\u015fiklerin bu belirli s\u0131radaki g\u00f6receli bollu\u011funu g\u00f6sterir.<\/p>\n\n  <h4>Analiz Sertifikas\u0131 (COA) nedir?<\/h4>\n\n  <p>Analiz Sertifikas\u0131 (COA), belirli bir kava partisinin kimyasal ve mikrobiyolojik bile\u015fimi hakk\u0131nda ayr\u0131nt\u0131l\u0131 bilgi sa\u011flar. Kavalakton profilini belgeleyen kemotipi i\u00e7erir. Ayr\u0131ca, COA&#8217;lar tipik olarak \u00fcr\u00fcn kalite standartlar\u0131n\u0131 do\u011frulamak i\u00e7in mikrobiyolojik verileri de i\u00e7erir.  <\/p>\n\n  <h4>COA&#8217;lar\u0131m\u0131z\u0131 Yorumlama<\/h4>\n\n  <p>COA&#8217;lar\u0131m\u0131z her bir kava partisi hakk\u0131nda kapsaml\u0131 bilgi sa\u011flar. \u00d6rne\u011fin, Bir Kar Instant i\u00e7in COA a\u015fa\u011f\u0131daki \u00f6nemli ayr\u0131nt\u0131lar\u0131 i\u00e7erebilir: <\/p>\n\n  <ul>\n    <li><strong>Kemotip:<\/strong> 423165, alt\u0131 ana kavalaktonun g\u00f6receli bollu\u011funu g\u00f6sterir.<\/li>\n    <li><strong>Toplam Ekstrakte Edilen Ba\u015fl\u0131ca Kavalaktonlar:<\/strong> Kava k\u00fctlesinin %7,81&#8217;i.<\/li>\n    <li><strong>Mikrobiyolojik Analiz:<\/strong> Koliform, E. coli, maya, k\u00fcf ve Salmonella ve Listeria gibi organizmalar dahil olmak \u00fczere temel mikrobiyal parametreleri belgeler ve her parti i\u00e7in temiz, do\u011frulanabilir bir temel sa\u011flar.<\/li>\n  <\/ul>\n\n  <!-- Firebase Storage COA Search Tool -->\n  <div style=\"max-width: 500px;margin: 40px auto;padding: 20px;background-color: #eeeae9;border-radius: 8px\">\n    <h3 style=\"color: var(--global-palette1)\">Analiz Sertifikan\u0131z\u0131 (COA) Bulun<\/h3>\n    <p>\u0130lgili COA belgesini bulmak i\u00e7in \u00fcr\u00fcn bilgilerinizi ve paketinizdeki son kullanma tarihini girin.<\/p>\n    \n    <div style=\"margin-top: 20px\">\n      <label style=\"font-weight: bold;display: block;margin-bottom: 5px\">\u00c7e\u015fit se\u00e7iniz:<\/label>\n      \n Bir \u00e7e\u015fit se\u00e7in\n Bir Kar\n Borogoru\n Instant Green\n Kelai\n Melo Melo\n Mighty Roots\n Nakamal Nights\n Pacific Elixir\n Palarasul\n Puariki\n Silesse\n Tavukari\n      \n\n      <label style=\"font-weight: bold;display: block;margin-bottom: 5px\">Form:<\/label>\n      \n Bir form se\u00e7in\n Geleneksel\n An\u0131nda\n Cep Paketi\n      \n\n      <label style=\"font-weight: bold;display: block;margin-bottom: 5px\">Son Kullanma Tarihi:<\/label>\n      \n      \n      <button style=\"padding: 10px;background-color: var(--global-palette1);color: white;border: none;cursor: pointer;width: 100%;border-radius: 16px\">COA&#8217;y\u0131 Bulun<\/button>\n    <\/div>\n\n    <div id=\"result-message\" style=\"display: none;margin-top: 15px;padding: 15px;background-color: white;border-radius: 5px\"><\/div>\n    \n    <div id=\"loading\" style=\"display: none;text-align: center;margin-top: 20px\">\n      <div style=\"display: inline-block;width: 30px;height: 30px;border-radius: 50%;border-top-color: #4a6da7\"><\/div>\n      <p style=\"margin-top: 10px;color: #666\">COA&#8217;n\u0131 ar\u0131yorum&#8230;<\/p>\n    <\/div>\n  <\/div>\n\n<\/div>\n\n<style>\n  @keyframes spin {\n    to { transform: rotate(360deg); }\n  }\n<\/style>\n\n\n\n\n  const CULTIVAR_MAPPINGS = {\n &#8220;Bir Kar\": [&#8220;Bir Kar\"],\n &#8220;Borogoru\": [&#8220;Borogoru\"],\n &#8220;An\u0131nda Ye\u015fil\": [&#8220;An\u0131nda Ye\u015fil\", &#8220;Ye\u015fil\"],\n &#8220;Kelai\": [&#8220;Kelai\"],\n &#8220;Melo Melo\": [&#8220;Melo Melo\", &#8220;Melo\"],\n &#8220;Mighty Roots\": [&#8220;Mighty Roots\"],\n &#8220;Nakamal Nights\": [&#8220;Nakamal Nights\"],\n &#8220;Pacific Elixir\": [&#8220;Pacific Elixir\", &#8220;Five Star\", &#8220;Instant Green\", &#8220;Green\"],\n &#8220;Palarasul\": [&#8220;Palarasul\"],\n &#8220;Puariki\": [&#8220;Puariki\"],\n &#8220;Silesse\": [&#8220;Silesse\"],\n &#8220;Tavukari\": [&#8220;Tavukari\"]\n };\n\n  const FORM_MAPPINGS = {\n &#8220;Geleneksel\": [&#8220;Geleneksel\"],\n &#8220;An\u0131nda\": [&#8220;Instant\"],\n &#8220;Pocket Pack\": [&#8220;Cep Paketi\", &#8220;Cep Paketleri\"]\n };\n\n  const firebaseConfig = {\n apiKey: &#8220;AIzaSyDlGonS-NxxgLsiN7te7qSXlNAYTF-r18&#8243;,\n authDomain: &#8220;kava-society-coas.firebaseapp.com\",\n projectId: &#8220;kava-society-coas\",\n storageBucket: &#8220;kava-society-coas.firebasestorage.app\",\n messagingSenderId: &#8220;831789656273&#8243;,\n appId: &#8220;1:831789656273:web:432223becf4e2fd25a3df0&#8243;,\n measurementId: &#8220;G-18DR4BN650&#8243;\n };\n\n  firebase.initializeApp(firebaseConfig);\n const storage = firebase.storage();\n const storageRef = storage.ref();\n\n  function parseMDDate(dosyaad\u0131) {\n  const mdMatch = dosyaad\u0131.match(\/MD(d{2})(d{2})(d{4})bd\/);\n  if (mdMatch) {\n  const [_, g\u00fcn, ay, y\u0131l] = mdMatch;\n  return new Date(`${year}-${month}-${day}`);\n  }\n  const altMatch = dosyaad\u0131.match(\/^(d{6})\/);\n  if (altMatch) {\n  const g\u00fcn = altMatch[1].substring(0, 2);\n  const ay = altMatch[1].substring(2, 4);\n  const y\u0131l = &#8220;20&#8243; + altMatch[1].substring(4, 6);\n  return new Date(`${year}-${month}-${day}`);\n  }\n  null d\u00f6nd\u00fcr;\n  }\n\n  function computeBBDate(mdDate) {\n if (!mdDate) return null;\n const bbDate = new Date(mdDate);\n bbDate.setFullYear(bbDate.getFullYear() + 3);\n return bbDate;\n }\n\n  function filenameMatches(filename, cultivarVariations, formVariations, targetBBDate) {\n const cultivarMatches = cultivarVariations.some(cultivar => filename.includes(cultivar));\n\n  let formMatches = false;\n if (formVariations.includes(&#8220;Traditional\")) {\n const nonTraditional = [].concat(FORM_MAPPINGS[&#8220;Instant\"], FORM_MAPPINGS[&#8220;Pocket Pack\"]);\n formMatches = !nonTraditional.some(form => filename.includes(form));\n } else {\n formMatches = formVariations.some(form => filename.includes(form));\n }\n\n  if (!cultivarMatches || !formMatches) return { matches: false };\n\n  const mdDate = parseMDDate(filename);\n const bbDate = computeBBDate(mdDate);\n if (!mdDate || !bbDate) return { matches: true, dateMatches: false, dateDiff: Infinity };\n\n  const diffTime = Math.abs(bbDate - targetBBDate);\n const diffDays = Math.ceil(diffTime \/ (1000 * 60 * 60 * 24));\n return { matches: true, dateMatches: diffDays {\n const filename = item.name;\n const match = filenameMatches(filename, cultivarVariations, formVariations, targetBBDate);\n return match.matches ? { &#8230;match, filename, ref: item } : null;\n }).filter(Boolean).sort((a, b) => a.dateDiff - b.dateDiff); \n\n  loadingIndicator.style.display = &#8220;none\";\n\n  if (matches.length === 0) {\n  resultMessage.innerHTML = `<p>&#8220;${cultivar} ${form}\" i\u00e7in ${formatDate(targetBBDate)} yak\u0131n\u0131nda e\u015fle\u015fen bir COA bulunamad\u0131.<\/p><p style=\"margin-top: 10px;font-size: 14px\">L\u00fctfen \u00fcr\u00fcn bilgilerinizi kontrol edip tekrar deneyin veya yard\u0131m i\u00e7in bizimle ileti\u015fime ge\u00e7in.<\/p>`;\n  resultMessage.style.backgroundColor = &#8220;#ffe6e6&#8243;;\n  resultMessage.style.borderLeft = &#8220;4px solid #ff3333&#8243;;\n  resultMessage.style.display = &#8220;block\";\n  } else {\n  const en iyi = ma\u00e7lar[0];\n  const downloadUrl = await best.ref.getDownloadURL();\n  resultMessage.innerHTML = `\n          <p>Analiz Sertifikan\u0131z\u0131 buldum!<\/p>\n          <p>\u00dcr\u00fcn: $ <strong>{cultivar} <\/strong> $ <strong>{form}<\/strong><\/p>\n          <p>\u00d6nceki En \u0130yi Tarih: ${ <strong>formatDate(best.bbDate)}<\/strong><\/p>\n          <p style=\"text-align: center;margin-top: 20px\">\n            <a href=\"24%7BdownloadUrl%7D\" target=\"_blank\" style=\"display: inline-block;padding: 12px 20px;background-color: #4a6da7;color: white;text-decoration: none;border-radius: 4px;font-size: 16px\">COA&#8217;y\u0131 \u0130ndirin<\/a>\n          <\/p>\n  `;\n  resultMessage.style.backgroundColor = &#8220;#e6ffe6&#8243;;\n  resultMessage.style.borderLeft = &#8220;4px solid #33cc33&#8243;;\n  resultMessage.style.display = &#8220;block\";\n  }\n  } catch (hata) {\n  console.error(&#8220;COA Hatas\u0131:\", hata);\n  loadingIndicator.style.display = &#8220;none\";\n  resultMessage.innerHTML = `<p>COA veritaban\u0131na eri\u015fimde hata olu\u015ftu. L\u00fctfen tekrar deneyin veya yard\u0131m i\u00e7in bizimle ileti\u015fime ge\u00e7in. <\/p>`;\n resultMessage.style.backgroundColor = &#8220;#ffe6e6&#8243;;\n resultMessage.style.borderLeft = &#8220;4px solid #ff3333&#8243;;\n resultMessage.style.display = &#8220;block\";\n }\n }\n\n  function formatDate(date) {\n return date ? date.toLocaleDateString(&#8216;en-AU&#8217;) : &#8220;\";\n } \n\n\n<p><\/p>\n","protected":false},"excerpt":{"rendered":"<p>Kava Sertifikalar\u0131 Kava \u00fcr\u00fcnlerimizi se\u00e7ti\u011finizde m\u00fcmk\u00fcn olan en y\u00fcksek kalite ve safl\u0131kta \u00fcr\u00fcnler ald\u0131\u011f\u0131n\u0131zdan emin olabilirsiniz. Bunun nedeni yaln\u0131zca en iyi \u015fekilde i\u015flenmi\u015f en iyi kavalar\u0131 tedarik etme konusundaki kararl\u0131l\u0131\u011f\u0131m\u0131z de\u011fil, ayn\u0131 zamanda ortaklar\u0131m\u0131z\u0131n \u00fcretim s\u00fcrecinin merkezinde yer alan son derece geli\u015fmi\u015f kalite kontrol s\u00fcrecidir. Ortaklar\u0131m\u0131z (Yeni Zelanda&#8217;daki Kava Society ile Vanuatu&#8217;daki ortaklar\u0131 Root and&#8230;<\/p>\n","protected":false},"author":2,"featured_media":0,"parent":0,"menu_order":0,"comment_status":"closed","ping_status":"closed","template":"","meta":{"_kad_blocks_custom_css":"","_kad_blocks_head_custom_js":"","_kad_blocks_body_custom_js":"","_kad_blocks_footer_custom_js":"","_kad_post_transparent":"","_kad_post_title":"hide","_kad_post_layout":"","_kad_post_sidebar_id":"","_kad_post_content_style":"unboxed","_kad_post_vertical_padding":"hide","_kad_post_feature":"","_kad_post_feature_position":"","_kad_post_header":false,"_kad_post_footer":false,"_kad_post_classname":"","footnotes":""},"class_list":["post-49352","page","type-page","status-publish","hentry"],"aioseo_notices":[],"taxonomy_info":[],"featured_image_src_large":false,"author_info":{"display_name":"AdminMarcin","author_link":"https:\/\/kavaeurope.eu\/tr\/author\/adminmarcin\/"},"comment_info":0,"_links":{"self":[{"href":"https:\/\/kavaeurope.eu\/tr\/wp-json\/wp\/v2\/pages\/49352","targetHints":{"allow":["GET"]}}],"collection":[{"href":"https:\/\/kavaeurope.eu\/tr\/wp-json\/wp\/v2\/pages"}],"about":[{"href":"https:\/\/kavaeurope.eu\/tr\/wp-json\/wp\/v2\/types\/page"}],"author":[{"embeddable":true,"href":"https:\/\/kavaeurope.eu\/tr\/wp-json\/wp\/v2\/users\/2"}],"replies":[{"embeddable":true,"href":"https:\/\/kavaeurope.eu\/tr\/wp-json\/wp\/v2\/comments?post=49352"}],"version-history":[{"count":0,"href":"https:\/\/kavaeurope.eu\/tr\/wp-json\/wp\/v2\/pages\/49352\/revisions"}],"wp:attachment":[{"href":"https:\/\/kavaeurope.eu\/tr\/wp-json\/wp\/v2\/media?parent=49352"}],"curies":[{"name":"wp","href":"https:\/\/api.w.org\/{rel}","templated":true}]}}