{"id":47127,"date":"2021-02-08T14:03:23","date_gmt":"2021-02-08T13:03:23","guid":{"rendered":"https:\/\/temp.kavaeurope.eu\/shop\/seramik-tabak\/"},"modified":"2026-01-23T11:54:11","modified_gmt":"2026-01-23T10:54:11","slug":"seramik-tabak","status":"publish","type":"product","link":"https:\/\/kavaeurope.eu\/tr\/shop\/seramik-tabak\/","title":{"rendered":"Seramik tabak"},"content":{"rendered":"<p>\u00c7\u00f6mlek\u00e7i \u00e7ark\u0131nda kilden yap\u0131lm\u0131\u015f, 1250C&#8217;de pi\u015firilmi\u015f seramik tabak - stoneware olarak adland\u0131r\u0131l\u0131r. S\u0131r g\u0131da ile temas i\u00e7in onaylanm\u0131\u015ft\u0131r. Bula\u015f\u0131k makinesinde y\u0131kanabilir.  <\/p>\n","protected":false},"excerpt":{"rendered":"<p>\u00c7\u00f6mlek\u00e7i \u00e7ark\u0131nda kilden yap\u0131lm\u0131\u015f, 1250C&#8217;de pi\u015firilmi\u015f seramik tabak - stoneware olarak adland\u0131r\u0131l\u0131r. S\u0131r g\u0131da ile temas i\u00e7in onaylanm\u0131\u015ft\u0131r. Bula\u015f\u0131k makinesinde y\u0131kanabilir.<\/p>\n","protected":false},"featured_media":45812,"comment_status":"closed","ping_status":"closed","template":"","meta":{"_kad_blocks_custom_css":"","_kad_blocks_head_custom_js":"","_kad_blocks_body_custom_js":"","_kad_blocks_footer_custom_js":"","_kad_post_transparent":"","_kad_post_title":"","_kad_post_layout":"default","_kad_post_sidebar_id":"","_kad_post_content_style":"default","_kad_post_vertical_padding":"default","_kad_post_feature":"","_kad_post_feature_position":"","_kad_post_header":false,"_kad_post_footer":false,"_kad_post_classname":""},"product_brand":[],"product_cat":[408],"product_tag":[440,442,441],"class_list":{"0":"post-47127","1":"product","2":"type-product","3":"status-publish","4":"has-post-thumbnail","6":"product_cat-aksesuarlar","7":"product_tag-comlekcilik","8":"product_tag-seramik","9":"product_tag-seramik-tabak","11":"first","12":"outofstock","13":"taxable","14":"shipping-taxable","15":"purchasable","16":"product-type-simple","17":"entry","18":"content-bg","19":"loop-entry"},"aioseo_notices":[],"taxonomy_info":{"product_cat":[{"value":408,"label":"Aksesuarlar"}],"product_tag":[{"value":440,"label":"\u00e7\u00f6mlek\u00e7ilik"},{"value":442,"label":"Seramik"},{"value":441,"label":"seramik tabak"}]},"featured_image_src_large":["https:\/\/kavaeurope.eu\/wp-content\/uploads\/2025\/03\/IMG_20210117_120808-scaled-1.jpg",1024,768,false],"author_info":[],"comment_info":0,"_links":{"self":[{"href":"https:\/\/kavaeurope.eu\/tr\/wp-json\/wp\/v2\/product\/47127","targetHints":{"allow":["GET"]}}],"collection":[{"href":"https:\/\/kavaeurope.eu\/tr\/wp-json\/wp\/v2\/product"}],"about":[{"href":"https:\/\/kavaeurope.eu\/tr\/wp-json\/wp\/v2\/types\/product"}],"replies":[{"embeddable":true,"href":"https:\/\/kavaeurope.eu\/tr\/wp-json\/wp\/v2\/comments?post=47127"}],"wp:featuredmedia":[{"embeddable":true,"href":"https:\/\/kavaeurope.eu\/tr\/wp-json\/wp\/v2\/media\/45812"}],"wp:attachment":[{"href":"https:\/\/kavaeurope.eu\/tr\/wp-json\/wp\/v2\/media?parent=47127"}],"wp:term":[{"taxonomy":"product_brand","embeddable":true,"href":"https:\/\/kavaeurope.eu\/tr\/wp-json\/wp\/v2\/product_brand?post=47127"},{"taxonomy":"product_cat","embeddable":true,"href":"https:\/\/kavaeurope.eu\/tr\/wp-json\/wp\/v2\/product_cat?post=47127"},{"taxonomy":"product_tag","embeddable":true,"href":"https:\/\/kavaeurope.eu\/tr\/wp-json\/wp\/v2\/product_tag?post=47127"}],"curies":[{"name":"wp","href":"https:\/\/api.w.org\/{rel}","templated":true}]}}