{"id":47262,"date":"2022-07-28T16:06:16","date_gmt":"2022-07-28T14:06:16","guid":{"rendered":"https:\/\/temp.kavaeurope.eu\/shop\/bir-kar-2\/"},"modified":"2026-05-12T12:44:44","modified_gmt":"2026-05-12T10:44:44","slug":"bir-kar-2","status":"publish","type":"product","link":"https:\/\/kavaeurope.eu\/tr\/shop\/bir-kar-2\/","title":{"rendered":"Bir Kar"},"content":{"rendered":"<p class=\"whitespace-normal break-words\">Bir Kar, Espiritu Santo&#8217;nun \u00e7al\u0131l\u0131k i\u00e7 kesimlerine \u00f6zg\u00fc ve yerli bir t\u00fcrd\u00fcr.<\/p>\n<p class=\"whitespace-normal break-words\"><em>&#8220;Bir Kar, Santo \u00e7e\u015fitleri aras\u0131nda bile s\u0131ra d\u0131\u015f\u0131d\u0131r. Koyu k\u0131rm\u0131z\u0131 g\u00f6vdesi onu tarlada tan\u0131mlanmas\u0131 en kolay bitkilerden biri haline getiriyor.\"  <a href=\"https:\/\/kavasociety.nz\">Kava Toplulu\u011fu (Yeni Zelanda)<\/a><\/em><\/p>\n<p class=\"whitespace-normal break-words\">Ger\u00e7ek instant, taze kava k\u00f6klerinin \u0131slak olarak i\u015flenmesi ve s\u0131v\u0131n\u0131n kurutularak ince, homojen bir toz haline getirilmesiyle elde edilir. Bu i\u015flem kavalaktonlar\u0131 (kavan\u0131n pigmentinden b\u00fcy\u00fck \u00f6l\u00e7\u00fcde sorumludur) yo\u011funla\u015ft\u0131r\u0131r, bu nedenle gram ba\u015f\u0131na renk geleneksel \u00f6\u011f\u00fctmeye g\u00f6re daha yo\u011fundur. Daha hafif aromatik bile\u015fiklerin baz\u0131lar\u0131 kurutma s\u0131ras\u0131nda yumu\u015far, bu nedenle koku daha bast\u0131r\u0131lm\u0131\u015f olarak okunur. S\u00fczme gerektirmeden suda temiz bir \u015fekilde \u00e7\u00f6z\u00fcn\u00fcr.   <\/p>\n<p class=\"whitespace-normal break-words\">Sadece aromaterapi ve do\u011fal tekstil boyama uygulamalar\u0131 i\u00e7in AB y\u00f6netmeliklerine uygun olarak sat\u0131l\u0131r.<\/p>\n<ul class=\"[&amp;:not(:last-child)_ul]:pb-1 [&amp;:not(:last-child)_ol]:pb-1 list-disc space-y-2.5 pl-7\">\n<li class=\"whitespace-normal break-words\"><strong>Men\u015fe Adas\u0131:<\/strong> Espiritu Santo, Vanuatu<\/li>\n<li class=\"whitespace-normal break-words\"><strong>Yeti\u015ftirme Adas\u0131:<\/strong> Espiritu Santo, Vanuatu<\/li>\n<li class=\"whitespace-normal break-words\"><strong>Tipik Kemotip:<\/strong> 423156 veya benzeri<\/li>\n<li class=\"whitespace-normal break-words\"><strong>\u0130\u015fleme:<\/strong> An\u0131nda - tamamen y\u0131kanm\u0131\u015f ve soyulmu\u015f k\u00f6kler; aktif k\u00f6k fraksiyonu \u00e7\u00f6z\u00fcnmeyen liflerden ayr\u0131l\u0131r, ince, homojen bir toz haline getirilir<\/li>\n<li class=\"whitespace-normal break-words\"><strong>Pigment Rengi:<\/strong> S\u0131cak kehribar ile koyu maun aras\u0131, yo\u011fun<\/li>\n<li class=\"whitespace-normal break-words\"><strong>Aromatik Profil:<\/strong> Kavrulmu\u015f f\u0131st\u0131k ve bitter \u00e7ikolata, biberli s\u0131cakl\u0131k<\/li>\n<\/ul>\n<p class=\"whitespace-normal break-words\"><strong>Kava Society (Yeni Zelanda) taraf\u0131ndan Kalite Garantisi verilen Kava Europe<\/strong>, Kava Society&#8217;nin ola\u011fan\u00fcst\u00fc kavas\u0131n\u0131n Avrupa&#8217;daki tek distrib\u00fct\u00f6r\u00fc olmaktan gurur duymaktad\u0131r. Bu ger\u00e7ekten d\u00fcnyadaki en iyi kava. Piyasadaki \u00e7o\u011fu kavan\u0131n aksine - kayna\u011f\u0131 bilinmeyen k\u00f6t\u00fc kurutulmu\u015f ve temizlenmi\u015f k\u00f6kler - her Kava Society partisi, mutlak safl\u0131k sa\u011flarken maksimum tazeli\u011fi koruyan \u00f6nc\u00fc y\u00f6ntemler kullan\u0131larak taze hasat edilmi\u015f bitkilerden i\u015flenir. Her parti, analiz sertifikalar\u0131yla birlikte titiz laboratuvar testlerinden ge\u00e7irilir. Bu, Yeni Zelanda&#8217;da sat\u0131lan birinci s\u0131n\u0131f kavan\u0131n ayn\u0131s\u0131d\u0131r ve t\u00fcm Yeni Zelanda kalite ve g\u00fcvenlik d\u00fczenlemelerini kar\u015f\u0131lamaktad\u0131r. \u00dcr\u00fcnlerimizi se\u00e7ti\u011finizde, olmas\u0131 gerekti\u011fi gibi kava elde edersiniz - taze, saf ve do\u011fru \u015fekilde tan\u0131mlanm\u0131\u015f.<\/p>\n<p class=\"whitespace-normal break-words\">Ayr\u0131ca, <a href=\"https:\/\/kavaeurope.eu\/tr\/shop\/kava-europe-tisort-kahverengi-beyaz\/\">kava ti\u015f\u00f6rtlerimize<\/a> ve <a href=\"https:\/\/kavaeurope.eu\/tr\/urun-kategori\/aksesuarlar\/\">aksesuarlar\u0131m\u0131za<\/a> da g\u00f6z at\u0131n.<\/p>\n","protected":false},"excerpt":{"rendered":"<p>Espiritu Santo&#8217;nun da\u011fl\u0131k i\u00e7 kesimlerinden nadir k\u0131rm\u0131z\u0131 sapl\u0131 asil \u00e7e\u015fit. Ger\u00e7ek anl\u0131k. <\/p>\n","protected":false},"featured_media":45980,"comment_status":"closed","ping_status":"closed","template":"","meta":{"_kad_blocks_custom_css":"","_kad_blocks_head_custom_js":"","_kad_blocks_body_custom_js":"","_kad_blocks_footer_custom_js":"","_kad_post_transparent":"","_kad_post_title":"","_kad_post_layout":"default","_kad_post_sidebar_id":"","_kad_post_content_style":"default","_kad_post_vertical_padding":"default","_kad_post_feature":"","_kad_post_feature_position":"","_kad_post_header":false,"_kad_post_footer":false,"_kad_post_classname":""},"product_brand":[],"product_cat":[497],"product_tag":[500,498,499,537],"class_list":{"0":"post-47262","1":"product","2":"type-product","3":"status-publish","4":"has-post-thumbnail","6":"product_cat-kava-tr","7":"product_tag-bir-kar-tr","8":"product_tag-kava-tr","9":"product_tag-kava-avrupa","10":"product_tag-kava-hazir","11":"pa_kava-type-aninda","12":"pa_weight-100g","13":"pa_weight-200g","14":"pa_weight-500g","16":"first","17":"outofstock","18":"taxable","19":"shipping-taxable","20":"purchasable","21":"product-type-variable","22":"has-default-attributes","23":"entry","24":"content-bg","25":"loop-entry"},"aioseo_notices":[],"taxonomy_info":{"product_cat":[{"value":497,"label":"Kava"}],"product_tag":[{"value":500,"label":"bir kar"},{"value":498,"label":"KAVA"},{"value":499,"label":"kava avrupa"},{"value":537,"label":"kava haz\u0131r"}],"pa_kava-type":[{"value":536,"label":"An\u0131nda"}],"pa_weight":[{"value":302,"label":"100g"},{"value":303,"label":"200g"},{"value":304,"label":"500g"}]},"featured_image_src_large":["https:\/\/kavaeurope.eu\/wp-content\/uploads\/2025\/03\/Kava-Europe-Bir-Kar-200g-scaled-1.jpg",1024,768,false],"author_info":[],"comment_info":6,"_links":{"self":[{"href":"https:\/\/kavaeurope.eu\/tr\/wp-json\/wp\/v2\/product\/47262","targetHints":{"allow":["GET"]}}],"collection":[{"href":"https:\/\/kavaeurope.eu\/tr\/wp-json\/wp\/v2\/product"}],"about":[{"href":"https:\/\/kavaeurope.eu\/tr\/wp-json\/wp\/v2\/types\/product"}],"replies":[{"embeddable":true,"href":"https:\/\/kavaeurope.eu\/tr\/wp-json\/wp\/v2\/comments?post=47262"}],"wp:featuredmedia":[{"embeddable":true,"href":"https:\/\/kavaeurope.eu\/tr\/wp-json\/wp\/v2\/media\/45980"}],"wp:attachment":[{"href":"https:\/\/kavaeurope.eu\/tr\/wp-json\/wp\/v2\/media?parent=47262"}],"wp:term":[{"taxonomy":"product_brand","embeddable":true,"href":"https:\/\/kavaeurope.eu\/tr\/wp-json\/wp\/v2\/product_brand?post=47262"},{"taxonomy":"product_cat","embeddable":true,"href":"https:\/\/kavaeurope.eu\/tr\/wp-json\/wp\/v2\/product_cat?post=47262"},{"taxonomy":"product_tag","embeddable":true,"href":"https:\/\/kavaeurope.eu\/tr\/wp-json\/wp\/v2\/product_tag?post=47262"}],"curies":[{"name":"wp","href":"https:\/\/api.w.org\/{rel}","templated":true}]}}